{"id":592,"date":"2025-02-25T14:23:11","date_gmt":"2025-02-25T17:23:11","guid":{"rendered":"http:\/\/10.10.50.51\/?page_id=592"},"modified":"2025-02-27T12:31:53","modified_gmt":"2025-02-27T15:31:53","slug":"hospitalizacion","status":"publish","type":"page","link":"https:\/\/www.hms.cl\/index.php\/hospitalizacion\/","title":{"rendered":"HOSPITALIZACI\u00d3N"},"content":{"rendered":"\t\t<div data-elementor-type=\"wp-page\" data-elementor-id=\"592\" class=\"elementor elementor-592\" data-elementor-post-type=\"page\">\n\t\t\t\t<div class=\"elementor-element elementor-element-4bf2e795 e-con-full e-flex e-con e-parent\" data-id=\"4bf2e795\" data-element_type=\"container\">\n\t\t\t\t<div class=\"elementor-element elementor-element-5b8437f6 elementor-widget elementor-widget-heading\" data-id=\"5b8437f6\" data-element_type=\"widget\" data-widget_type=\"heading.default\">\n\t\t\t\t<div class=\"elementor-widget-container\">\n\t\t\t\t\t<h2 class=\"elementor-heading-title elementor-size-default\">HOSPITALIZACI\u00d3N<\/h2>\t\t\t\t<\/div>\n\t\t\t\t<\/div>\n\t\t\t\t<\/div>\n\t\t<div class=\"elementor-element elementor-element-4515906 e-flex e-con-boxed e-con e-parent\" data-id=\"4515906\" data-element_type=\"container\">\n\t\t\t\t\t<div class=\"e-con-inner\">\n\t\t\t\t<div class=\"elementor-element elementor-element-521cc49 elementor-widget elementor-widget-text-editor\" data-id=\"521cc49\" data-element_type=\"widget\" data-widget_type=\"text-editor.default\">\n\t\t\t\t<div class=\"elementor-widget-container\">\n\t\t\t\t\t\t\t\t\t<p>Porque pensamos en usted y queremos hacer que su estad\u00eda sea m\u00e1s grata, a continuaci\u00f3n le entregamos importante informaci\u00f3n del antes, durante y despu\u00e9s de su hospitalizaci\u00f3n.<\/p>\t\t\t\t\t\t\t\t<\/div>\n\t\t\t\t<\/div>\n\t\t\t\t\t<\/div>\n\t\t\t\t<\/div>\n\t\t<div class=\"elementor-element elementor-element-a50206d e-flex e-con-boxed e-con e-parent\" data-id=\"a50206d\" data-element_type=\"container\">\n\t\t\t\t\t<div class=\"e-con-inner\">\n\t\t<div class=\"elementor-element elementor-element-9ca1a5d e-con-full e-flex e-con e-child\" data-id=\"9ca1a5d\" data-element_type=\"container\">\n\t\t\t\t<div class=\"elementor-element elementor-element-86d6e60 elementor-widget elementor-widget-image\" data-id=\"86d6e60\" data-element_type=\"widget\" data-widget_type=\"image.default\">\n\t\t\t\t<div class=\"elementor-widget-container\">\n\t\t\t\t\t\t\t\t\t\t\t\t\t\t\t<img fetchpriority=\"high\" decoding=\"async\" width=\"750\" height=\"450\" src=\"https:\/\/www.hms.cl\/wp-content\/uploads\/2025\/02\/Hospitalizacion.jpg\" class=\"attachment-large size-large wp-image-597\" alt=\"\" srcset=\"https:\/\/www.hms.cl\/wp-content\/uploads\/2025\/02\/Hospitalizacion.jpg 750w, https:\/\/www.hms.cl\/wp-content\/uploads\/2025\/02\/Hospitalizacion-300x180.jpg 300w\" sizes=\"(max-width: 750px) 100vw, 750px\" \/>\t\t\t\t\t\t\t\t\t\t\t\t\t\t\t<\/div>\n\t\t\t\t<\/div>\n\t\t\t\t<\/div>\n\t\t<div class=\"elementor-element elementor-element-b2286f1 e-con-full e-flex e-con e-child\" data-id=\"b2286f1\" data-element_type=\"container\">\n\t\t\t\t<div class=\"elementor-element elementor-element-9540326 elementor-widget elementor-widget-heading\" data-id=\"9540326\" data-element_type=\"widget\" data-widget_type=\"heading.default\">\n\t\t\t\t<div class=\"elementor-widget-container\">\n\t\t\t\t\t<h2 class=\"elementor-heading-title elementor-size-default\">PASO 1<\/h2>\t\t\t\t<\/div>\n\t\t\t\t<\/div>\n\t\t\t\t<div class=\"elementor-element elementor-element-31c4a57 elementor-widget elementor-widget-button\" data-id=\"31c4a57\" data-element_type=\"widget\" data-widget_type=\"button.default\">\n\t\t\t\t<div class=\"elementor-widget-container\">\n\t\t\t\t\t\t\t\t\t<div class=\"elementor-button-wrapper\">\n\t\t\t\t\t<a class=\"elementor-button elementor-button-link elementor-size-sm\" href=\"https:\/\/www.hms.cl\/index.php\/presupuesto-hospitalizacion\/\">\n\t\t\t\t\t\t<span class=\"elementor-button-content-wrapper\">\n\t\t\t\t\t\t\t\t\t<span class=\"elementor-button-text\">PRESUPUESTO<\/span>\n\t\t\t\t\t<\/span>\n\t\t\t\t\t<\/a>\n\t\t\t\t<\/div>\n\t\t\t\t\t\t\t\t<\/div>\n\t\t\t\t<\/div>\n\t\t\t\t<\/div>\n\t\t<div class=\"elementor-element elementor-element-dfb504d e-con-full e-flex e-con e-child\" data-id=\"dfb504d\" data-element_type=\"container\">\n\t\t\t\t<div class=\"elementor-element elementor-element-087abec elementor-widget elementor-widget-heading\" data-id=\"087abec\" data-element_type=\"widget\" data-widget_type=\"heading.default\">\n\t\t\t\t<div class=\"elementor-widget-container\">\n\t\t\t\t\t<h2 class=\"elementor-heading-title elementor-size-default\">PASO 2<\/h2>\t\t\t\t<\/div>\n\t\t\t\t<\/div>\n\t\t\t\t<div class=\"elementor-element elementor-element-e1627e6 elementor-widget elementor-widget-button\" data-id=\"e1627e6\" data-element_type=\"widget\" data-widget_type=\"button.default\">\n\t\t\t\t<div class=\"elementor-widget-container\">\n\t\t\t\t\t\t\t\t\t<div class=\"elementor-button-wrapper\">\n\t\t\t\t\t<a class=\"elementor-button elementor-button-link elementor-size-sm\" href=\"https:\/\/www.hms.cl\/index.php\/ingreso-hospitalizacion\/\">\n\t\t\t\t\t\t<span class=\"elementor-button-content-wrapper\">\n\t\t\t\t\t\t\t\t\t<span class=\"elementor-button-text\">INGRESO<\/span>\n\t\t\t\t\t<\/span>\n\t\t\t\t\t<\/a>\n\t\t\t\t<\/div>\n\t\t\t\t\t\t\t\t<\/div>\n\t\t\t\t<\/div>\n\t\t\t\t<\/div>\n\t\t<div class=\"elementor-element elementor-element-4f5a328 e-con-full e-flex e-con e-child\" data-id=\"4f5a328\" data-element_type=\"container\">\n\t\t\t\t<div class=\"elementor-element elementor-element-c2fc4f0 elementor-widget elementor-widget-heading\" data-id=\"c2fc4f0\" data-element_type=\"widget\" data-widget_type=\"heading.default\">\n\t\t\t\t<div class=\"elementor-widget-container\">\n\t\t\t\t\t<h2 class=\"elementor-heading-title elementor-size-default\">PASO 3<\/h2>\t\t\t\t<\/div>\n\t\t\t\t<\/div>\n\t\t\t\t<div class=\"elementor-element elementor-element-908d503 elementor-widget elementor-widget-button\" data-id=\"908d503\" data-element_type=\"widget\" data-widget_type=\"button.default\">\n\t\t\t\t<div class=\"elementor-widget-container\">\n\t\t\t\t\t\t\t\t\t<div class=\"elementor-button-wrapper\">\n\t\t\t\t\t<a class=\"elementor-button elementor-button-link elementor-size-sm\" href=\"https:\/\/www.hms.cl\/index.php\/procedimientos-en-el-hms\/\">\n\t\t\t\t\t\t<span class=\"elementor-button-content-wrapper\">\n\t\t\t\t\t\t\t\t\t<span class=\"elementor-button-text\">PROCEDIMIENTOS<\/span>\n\t\t\t\t\t<\/span>\n\t\t\t\t\t<\/a>\n\t\t\t\t<\/div>\n\t\t\t\t\t\t\t\t<\/div>\n\t\t\t\t<\/div>\n\t\t\t\t<\/div>\n\t\t<div class=\"elementor-element elementor-element-5866c7a e-con-full e-flex e-con e-child\" data-id=\"5866c7a\" data-element_type=\"container\">\n\t\t\t\t<div class=\"elementor-element elementor-element-95e6994 elementor-widget elementor-widget-heading\" data-id=\"95e6994\" data-element_type=\"widget\" data-widget_type=\"heading.default\">\n\t\t\t\t<div class=\"elementor-widget-container\">\n\t\t\t\t\t<h2 class=\"elementor-heading-title elementor-size-default\">PASO 4<\/h2>\t\t\t\t<\/div>\n\t\t\t\t<\/div>\n\t\t\t\t<div class=\"elementor-element elementor-element-068c539 elementor-widget elementor-widget-button\" data-id=\"068c539\" data-element_type=\"widget\" data-widget_type=\"button.default\">\n\t\t\t\t<div class=\"elementor-widget-container\">\n\t\t\t\t\t\t\t\t\t<div class=\"elementor-button-wrapper\">\n\t\t\t\t\t<a class=\"elementor-button elementor-button-link elementor-size-sm\" href=\"https:\/\/www.hms.cl\/index.php\/altas-medicas\/\">\n\t\t\t\t\t\t<span class=\"elementor-button-content-wrapper\">\n\t\t\t\t\t\t\t\t\t<span class=\"elementor-button-text\">ALTAS MEDICAS<\/span>\n\t\t\t\t\t<\/span>\n\t\t\t\t\t<\/a>\n\t\t\t\t<\/div>\n\t\t\t\t\t\t\t\t<\/div>\n\t\t\t\t<\/div>\n\t\t\t\t<\/div>\n\t\t\t\t\t<\/div>\n\t\t\t\t<\/div>\n\t\t\t\t<\/div>\n\t\t","protected":false},"excerpt":{"rendered":"<p>Porque pensamos en usted y queremos hacer que su estad\u00eda sea m\u00e1s grata, a continuaci\u00f3n le entregamos importante informaci\u00f3n del antes, durante y despu\u00e9s de su hospitalizaci\u00f3n. PASO 1 PRESUPUESTO PASO 2 INGRESO PASO 3 PROCEDIMIENTOS PASO 4 ALTAS MEDICAS<\/p>\n","protected":false},"author":1,"featured_media":0,"parent":0,"menu_order":0,"comment_status":"closed","ping_status":"closed","template":"","meta":{"footnotes":""},"class_list":["post-592","page","type-page","status-publish","hentry"],"yoast_head":"<!-- This site is optimized with the Yoast SEO plugin v25.6 - https:\/\/yoast.com\/wordpress\/plugins\/seo\/ -->\n<title>HOSPITALIZACI\u00d3N - Hospital Militar de Santiago<\/title>\n<meta name=\"robots\" content=\"index, follow, max-snippet:-1, max-image-preview:large, max-video-preview:-1\" \/>\n<link rel=\"canonical\" href=\"https:\/\/www.hms.cl\/index.php\/hospitalizacion\/\" \/>\n<meta property=\"og:locale\" content=\"es_ES\" \/>\n<meta property=\"og:type\" content=\"article\" \/>\n<meta property=\"og:title\" content=\"HOSPITALIZACI\u00d3N - Hospital Militar de Santiago\" \/>\n<meta property=\"og:description\" content=\"Porque pensamos en usted y queremos hacer que su estad\u00eda sea m\u00e1s grata, a continuaci\u00f3n le entregamos importante informaci\u00f3n del antes, durante y despu\u00e9s de su hospitalizaci\u00f3n. PASO 1 PRESUPUESTO PASO 2 INGRESO PASO 3 PROCEDIMIENTOS PASO 4 ALTAS MEDICAS\" \/>\n<meta property=\"og:url\" content=\"https:\/\/www.hms.cl\/index.php\/hospitalizacion\/\" \/>\n<meta property=\"og:site_name\" content=\"Hospital Militar de Santiago\" \/>\n<meta property=\"article:publisher\" content=\"https:\/\/www.facebook.com\/hospitalmilitardesantiago\" \/>\n<meta property=\"article:modified_time\" content=\"2025-02-27T15:31:53+00:00\" \/>\n<meta property=\"og:image\" content=\"http:\/\/10.10.50.51\/wp-content\/uploads\/2025\/02\/Hospitalizacion.jpg\" \/>\n<meta name=\"twitter:card\" content=\"summary_large_image\" \/>\n<meta name=\"twitter:site\" content=\"@HosMilSantiago\" \/>\n<meta name=\"twitter:label1\" content=\"Tiempo estimado de lectura\" \/>\n\t<meta name=\"twitter:data1\" content=\"1 minuto\" \/>\n<script type=\"application\/ld+json\" class=\"yoast-schema-graph\">{\"@context\":\"https:\/\/schema.org\",\"@graph\":[{\"@type\":\"WebPage\",\"@id\":\"https:\/\/www.hms.cl\/index.php\/hospitalizacion\/\",\"url\":\"https:\/\/www.hms.cl\/index.php\/hospitalizacion\/\",\"name\":\"HOSPITALIZACI\u00d3N - Hospital Militar de Santiago\",\"isPartOf\":{\"@id\":\"https:\/\/www.hms.cl\/#website\"},\"primaryImageOfPage\":{\"@id\":\"https:\/\/www.hms.cl\/index.php\/hospitalizacion\/#primaryimage\"},\"image\":{\"@id\":\"https:\/\/www.hms.cl\/index.php\/hospitalizacion\/#primaryimage\"},\"thumbnailUrl\":\"http:\/\/10.10.50.51\/wp-content\/uploads\/2025\/02\/Hospitalizacion.jpg\",\"datePublished\":\"2025-02-25T17:23:11+00:00\",\"dateModified\":\"2025-02-27T15:31:53+00:00\",\"breadcrumb\":{\"@id\":\"https:\/\/www.hms.cl\/index.php\/hospitalizacion\/#breadcrumb\"},\"inLanguage\":\"es-CL\",\"potentialAction\":[{\"@type\":\"ReadAction\",\"target\":[\"https:\/\/www.hms.cl\/index.php\/hospitalizacion\/\"]}]},{\"@type\":\"ImageObject\",\"inLanguage\":\"es-CL\",\"@id\":\"https:\/\/www.hms.cl\/index.php\/hospitalizacion\/#primaryimage\",\"url\":\"http:\/\/10.10.50.51\/wp-content\/uploads\/2025\/02\/Hospitalizacion.jpg\",\"contentUrl\":\"http:\/\/10.10.50.51\/wp-content\/uploads\/2025\/02\/Hospitalizacion.jpg\"},{\"@type\":\"BreadcrumbList\",\"@id\":\"https:\/\/www.hms.cl\/index.php\/hospitalizacion\/#breadcrumb\",\"itemListElement\":[{\"@type\":\"ListItem\",\"position\":1,\"name\":\"Home\",\"item\":\"https:\/\/www.hms.cl\/\"},{\"@type\":\"ListItem\",\"position\":2,\"name\":\"HOSPITALIZACI\u00d3N\"}]},{\"@type\":\"WebSite\",\"@id\":\"https:\/\/www.hms.cl\/#website\",\"url\":\"https:\/\/www.hms.cl\/\",\"name\":\"Hospital Militar de Santiago\",\"description\":\"\",\"publisher\":{\"@id\":\"https:\/\/www.hms.cl\/#organization\"},\"potentialAction\":[{\"@type\":\"SearchAction\",\"target\":{\"@type\":\"EntryPoint\",\"urlTemplate\":\"https:\/\/www.hms.cl\/?s={search_term_string}\"},\"query-input\":{\"@type\":\"PropertyValueSpecification\",\"valueRequired\":true,\"valueName\":\"search_term_string\"}}],\"inLanguage\":\"es-CL\"},{\"@type\":\"Organization\",\"@id\":\"https:\/\/www.hms.cl\/#organization\",\"name\":\"Hospital Militar de Santiago\",\"url\":\"https:\/\/www.hms.cl\/\",\"logo\":{\"@type\":\"ImageObject\",\"inLanguage\":\"es-CL\",\"@id\":\"https:\/\/www.hms.cl\/#\/schema\/logo\/image\/\",\"url\":\"https:\/\/www.hms.cl\/wp-content\/uploads\/2025\/07\/Logo-Vertical-Mediano.png\",\"contentUrl\":\"https:\/\/www.hms.cl\/wp-content\/uploads\/2025\/07\/Logo-Vertical-Mediano.png\",\"width\":1280,\"height\":720,\"caption\":\"Hospital Militar de Santiago\"},\"image\":{\"@id\":\"https:\/\/www.hms.cl\/#\/schema\/logo\/image\/\"},\"sameAs\":[\"https:\/\/www.facebook.com\/hospitalmilitardesantiago\",\"https:\/\/x.com\/HosMilSantiago\",\"https:\/\/www.instagram.com\/hospitalmilitardesantiago\/\",\"https:\/\/www.linkedin.com\/company\/hospital-militar-de-santiago-hosmil\",\"https:\/\/www.youtube.com\/c\/HMSVIDEO\"]}]}<\/script>\n<!-- \/ Yoast SEO plugin. -->","yoast_head_json":{"title":"HOSPITALIZACI\u00d3N - Hospital Militar de Santiago","robots":{"index":"index","follow":"follow","max-snippet":"max-snippet:-1","max-image-preview":"max-image-preview:large","max-video-preview":"max-video-preview:-1"},"canonical":"https:\/\/www.hms.cl\/index.php\/hospitalizacion\/","og_locale":"es_ES","og_type":"article","og_title":"HOSPITALIZACI\u00d3N - Hospital Militar de Santiago","og_description":"Porque pensamos en usted y queremos hacer que su estad\u00eda sea m\u00e1s grata, a continuaci\u00f3n le entregamos importante informaci\u00f3n del antes, durante y despu\u00e9s de su hospitalizaci\u00f3n. PASO 1 PRESUPUESTO PASO 2 INGRESO PASO 3 PROCEDIMIENTOS PASO 4 ALTAS MEDICAS","og_url":"https:\/\/www.hms.cl\/index.php\/hospitalizacion\/","og_site_name":"Hospital Militar de Santiago","article_publisher":"https:\/\/www.facebook.com\/hospitalmilitardesantiago","article_modified_time":"2025-02-27T15:31:53+00:00","og_image":[{"url":"http:\/\/10.10.50.51\/wp-content\/uploads\/2025\/02\/Hospitalizacion.jpg","type":"","width":"","height":""}],"twitter_card":"summary_large_image","twitter_site":"@HosMilSantiago","twitter_misc":{"Tiempo estimado de lectura":"1 minuto"},"schema":{"@context":"https:\/\/schema.org","@graph":[{"@type":"WebPage","@id":"https:\/\/www.hms.cl\/index.php\/hospitalizacion\/","url":"https:\/\/www.hms.cl\/index.php\/hospitalizacion\/","name":"HOSPITALIZACI\u00d3N - Hospital Militar de Santiago","isPartOf":{"@id":"https:\/\/www.hms.cl\/#website"},"primaryImageOfPage":{"@id":"https:\/\/www.hms.cl\/index.php\/hospitalizacion\/#primaryimage"},"image":{"@id":"https:\/\/www.hms.cl\/index.php\/hospitalizacion\/#primaryimage"},"thumbnailUrl":"http:\/\/10.10.50.51\/wp-content\/uploads\/2025\/02\/Hospitalizacion.jpg","datePublished":"2025-02-25T17:23:11+00:00","dateModified":"2025-02-27T15:31:53+00:00","breadcrumb":{"@id":"https:\/\/www.hms.cl\/index.php\/hospitalizacion\/#breadcrumb"},"inLanguage":"es-CL","potentialAction":[{"@type":"ReadAction","target":["https:\/\/www.hms.cl\/index.php\/hospitalizacion\/"]}]},{"@type":"ImageObject","inLanguage":"es-CL","@id":"https:\/\/www.hms.cl\/index.php\/hospitalizacion\/#primaryimage","url":"http:\/\/10.10.50.51\/wp-content\/uploads\/2025\/02\/Hospitalizacion.jpg","contentUrl":"http:\/\/10.10.50.51\/wp-content\/uploads\/2025\/02\/Hospitalizacion.jpg"},{"@type":"BreadcrumbList","@id":"https:\/\/www.hms.cl\/index.php\/hospitalizacion\/#breadcrumb","itemListElement":[{"@type":"ListItem","position":1,"name":"Home","item":"https:\/\/www.hms.cl\/"},{"@type":"ListItem","position":2,"name":"HOSPITALIZACI\u00d3N"}]},{"@type":"WebSite","@id":"https:\/\/www.hms.cl\/#website","url":"https:\/\/www.hms.cl\/","name":"Hospital Militar de Santiago","description":"","publisher":{"@id":"https:\/\/www.hms.cl\/#organization"},"potentialAction":[{"@type":"SearchAction","target":{"@type":"EntryPoint","urlTemplate":"https:\/\/www.hms.cl\/?s={search_term_string}"},"query-input":{"@type":"PropertyValueSpecification","valueRequired":true,"valueName":"search_term_string"}}],"inLanguage":"es-CL"},{"@type":"Organization","@id":"https:\/\/www.hms.cl\/#organization","name":"Hospital Militar de Santiago","url":"https:\/\/www.hms.cl\/","logo":{"@type":"ImageObject","inLanguage":"es-CL","@id":"https:\/\/www.hms.cl\/#\/schema\/logo\/image\/","url":"https:\/\/www.hms.cl\/wp-content\/uploads\/2025\/07\/Logo-Vertical-Mediano.png","contentUrl":"https:\/\/www.hms.cl\/wp-content\/uploads\/2025\/07\/Logo-Vertical-Mediano.png","width":1280,"height":720,"caption":"Hospital Militar de Santiago"},"image":{"@id":"https:\/\/www.hms.cl\/#\/schema\/logo\/image\/"},"sameAs":["https:\/\/www.facebook.com\/hospitalmilitardesantiago","https:\/\/x.com\/HosMilSantiago","https:\/\/www.instagram.com\/hospitalmilitardesantiago\/","https:\/\/www.linkedin.com\/company\/hospital-militar-de-santiago-hosmil","https:\/\/www.youtube.com\/c\/HMSVIDEO"]}]}},"_links":{"self":[{"href":"https:\/\/www.hms.cl\/index.php\/wp-json\/wp\/v2\/pages\/592","targetHints":{"allow":["GET"]}}],"collection":[{"href":"https:\/\/www.hms.cl\/index.php\/wp-json\/wp\/v2\/pages"}],"about":[{"href":"https:\/\/www.hms.cl\/index.php\/wp-json\/wp\/v2\/types\/page"}],"author":[{"embeddable":true,"href":"https:\/\/www.hms.cl\/index.php\/wp-json\/wp\/v2\/users\/1"}],"replies":[{"embeddable":true,"href":"https:\/\/www.hms.cl\/index.php\/wp-json\/wp\/v2\/comments?post=592"}],"version-history":[{"count":10,"href":"https:\/\/www.hms.cl\/index.php\/wp-json\/wp\/v2\/pages\/592\/revisions"}],"predecessor-version":[{"id":646,"href":"https:\/\/www.hms.cl\/index.php\/wp-json\/wp\/v2\/pages\/592\/revisions\/646"}],"wp:attachment":[{"href":"https:\/\/www.hms.cl\/index.php\/wp-json\/wp\/v2\/media?parent=592"}],"curies":[{"name":"wp","href":"https:\/\/api.w.org\/{rel}","templated":true}]}}