{"id":5632,"date":"2025-09-02T15:36:07","date_gmt":"2025-09-02T19:36:07","guid":{"rendered":"https:\/\/www.hms.cl\/?page_id=5632"},"modified":"2025-09-02T15:46:47","modified_gmt":"2025-09-02T19:46:47","slug":"hms-te-cuida","status":"publish","type":"page","link":"https:\/\/www.hms.cl\/index.php\/hms-te-cuida\/","title":{"rendered":"HMS TE CUIDA"},"content":{"rendered":"\t\t<div data-elementor-type=\"wp-page\" data-elementor-id=\"5632\" class=\"elementor elementor-5632\" data-elementor-post-type=\"page\">\n\t\t\t\t<div class=\"elementor-element elementor-element-623d184 e-con-full e-flex e-con e-parent\" data-id=\"623d184\" data-element_type=\"container\">\n\t\t\t\t<div class=\"elementor-element elementor-element-b0e1d06 elementor-widget elementor-widget-heading\" data-id=\"b0e1d06\" data-element_type=\"widget\" data-widget_type=\"heading.default\">\n\t\t\t\t<div class=\"elementor-widget-container\">\n\t\t\t\t\t<h2 class=\"elementor-heading-title elementor-size-default\">HMS TE CUIDA<\/h2>\t\t\t\t<\/div>\n\t\t\t\t<\/div>\n\t\t\t\t<\/div>\n\t\t<div class=\"elementor-element elementor-element-a0c88f1 e-flex e-con-boxed e-con e-parent\" data-id=\"a0c88f1\" data-element_type=\"container\">\n\t\t\t\t\t<div class=\"e-con-inner\">\n\t\t<div class=\"elementor-element elementor-element-9c80ef9 e-con-full e-flex e-con e-child\" data-id=\"9c80ef9\" data-element_type=\"container\">\n\t\t\t\t<div class=\"elementor-element elementor-element-58ebf11 elementor-widget elementor-widget-text-editor\" data-id=\"58ebf11\" data-element_type=\"widget\" data-widget_type=\"text-editor.default\">\n\t\t\t\t<div class=\"elementor-widget-container\">\n\t\t\t\t\t\t\t\t\t<div data-id=\"837cc71\" data-element_type=\"widget\" data-widget_type=\"heading.default\"><div><h3 style=\"text-align: center;\">\u00bfQuieres saber c\u00f3mo est\u00e1 tu presi\u00f3n?<\/h3><\/div><\/div><div data-id=\"fd1afd0\" data-element_type=\"widget\" data-widget_type=\"text-editor.default\"><div><p style=\"text-align: center;\">Sab\u00edas que 1 de cada 4 chilenos sufre hipertensi\u00f3n.<\/p><\/div><\/div>\t\t\t\t\t\t\t\t<\/div>\n\t\t\t\t<\/div>\n\t\t\t\t<\/div>\n\t\t<div class=\"elementor-element elementor-element-09f3946 e-con-full e-flex e-con e-child\" data-id=\"09f3946\" data-element_type=\"container\">\n\t\t\t\t<div class=\"elementor-element elementor-element-efa8f75 elementor-widget elementor-widget-text-editor\" data-id=\"efa8f75\" data-element_type=\"widget\" data-widget_type=\"text-editor.default\">\n\t\t\t\t<div class=\"elementor-widget-container\">\n\t\t\t\t\t\t\t\t\t<div data-id=\"e5806b4\" data-element_type=\"widget\" data-widget_type=\"heading.default\"><div><h3>\u00bfQuieres saber en qu\u00e9 nivel est\u00e1 tu glicemia?<\/h3><\/div><\/div><div data-id=\"d2acf7f\" data-element_type=\"widget\" data-widget_type=\"text-editor.default\"><div><p>Sab\u00edas que 1 de cada 10 chilenos sufre de diabetes.<\/p><\/div><\/div>\t\t\t\t\t\t\t\t<\/div>\n\t\t\t\t<\/div>\n\t\t\t\t<\/div>\n\t\t\t\t\t<\/div>\n\t\t\t\t<\/div>\n\t\t<div class=\"elementor-element elementor-element-dac367f e-flex e-con-boxed e-con e-parent\" data-id=\"dac367f\" data-element_type=\"container\">\n\t\t\t\t\t<div class=\"e-con-inner\">\n\t\t\t\t<div class=\"elementor-element elementor-element-fccc0fc elementor-grid-3 elementor-grid-tablet-2 elementor-grid-mobile-1 elementor-posts--thumbnail-top elementor-card-shadow-yes elementor-posts__hover-gradient elementor-widget elementor-widget-posts\" data-id=\"fccc0fc\" data-element_type=\"widget\" data-settings=\"{&quot;pagination_type&quot;:&quot;numbers_and_prev_next&quot;,&quot;cards_columns&quot;:&quot;3&quot;,&quot;cards_columns_tablet&quot;:&quot;2&quot;,&quot;cards_columns_mobile&quot;:&quot;1&quot;,&quot;cards_row_gap&quot;:{&quot;unit&quot;:&quot;px&quot;,&quot;size&quot;:35,&quot;sizes&quot;:[]},&quot;cards_row_gap_tablet&quot;:{&quot;unit&quot;:&quot;px&quot;,&quot;size&quot;:&quot;&quot;,&quot;sizes&quot;:[]},&quot;cards_row_gap_mobile&quot;:{&quot;unit&quot;:&quot;px&quot;,&quot;size&quot;:&quot;&quot;,&quot;sizes&quot;:[]}}\" data-widget_type=\"posts.cards\">\n\t\t\t\t<div class=\"elementor-widget-container\">\n\t\t\t\t\t\t\t<div class=\"elementor-posts-container elementor-posts elementor-posts--skin-cards elementor-grid\" role=\"list\">\n\t\t\t\t<article class=\"elementor-post elementor-grid-item post-11297 post type-post status-publish format-standard has-post-thumbnail hentry category-hms-te-cuida category-noticias\" role=\"listitem\">\n\t\t\t<div class=\"elementor-post__card\">\n\t\t\t\t<a class=\"elementor-post__thumbnail__link\" href=\"https:\/\/www.hms.cl\/index.php\/2026\/04\/09\/centro-medico-militar-cordillera-se-suma-a-operativo-mensual-hmstecuida\/\" tabindex=\"-1\" ><div class=\"elementor-post__thumbnail\"><img fetchpriority=\"high\" decoding=\"async\" width=\"300\" height=\"257\" src=\"https:\/\/www.hms.cl\/wp-content\/uploads\/2026\/04\/Mesa-de-trabajo-1-300x257.png\" class=\"attachment-medium size-medium wp-image-11302\" alt=\"\" srcset=\"https:\/\/www.hms.cl\/wp-content\/uploads\/2026\/04\/Mesa-de-trabajo-1-300x257.png 300w, https:\/\/www.hms.cl\/wp-content\/uploads\/2026\/04\/Mesa-de-trabajo-1.png 519w\" sizes=\"(max-width: 300px) 100vw, 300px\" \/><\/div><\/a>\n\t\t\t\t<div class=\"elementor-post__badge\">HMS Te Cuida<\/div>\n\t\t\t\t<div class=\"elementor-post__text\">\n\t\t\t\t<h3 class=\"elementor-post__title\">\n\t\t\t<a href=\"https:\/\/www.hms.cl\/index.php\/2026\/04\/09\/centro-medico-militar-cordillera-se-suma-a-operativo-mensual-hmstecuida\/\" >\n\t\t\t\tCENTRO M\u00c9DICO MILITAR \u201cCORDILLERA\u201d SE SUMA A OPERATIVO MENSUAL #HMSTECUIDA\t\t\t<\/a>\n\t\t<\/h3>\n\t\t\t\t<div class=\"elementor-post__excerpt\">\n\t\t\t<p>El Hospital Militar de Santiago (HMS) contin\u00faa acercando la salud a la comunidad. En ese marco, el primer lunes de abril se realiz\u00f3 un nuevo\t\t<\/div>\n\t\t\t\t\t<div class=\"elementor-post__read-more-wrapper\">\n\t\t\n\t\t<a class=\"elementor-post__read-more\" href=\"https:\/\/www.hms.cl\/index.php\/2026\/04\/09\/centro-medico-militar-cordillera-se-suma-a-operativo-mensual-hmstecuida\/\" aria-label=\"Read more about CENTRO M\u00c9DICO MILITAR \u201cCORDILLERA\u201d SE SUMA A OPERATIVO MENSUAL #HMSTECUIDA\" tabindex=\"-1\" >\n\t\t\tLeer M\u00e1s\t\t<\/a>\n\n\t\t\t\t\t<\/div>\n\t\t\t\t<\/div>\n\t\t\t\t<div class=\"elementor-post__meta-data\">\n\t\t\t\t\t<span class=\"elementor-post-date\">\n\t\t\t9 de Abril de 2026\t\t<\/span>\n\t\t\t\t<\/div>\n\t\t\t\t\t<\/div>\n\t\t<\/article>\n\t\t\t\t<article class=\"elementor-post elementor-grid-item post-10811 post type-post status-publish format-standard has-post-thumbnail hentry category-hms-te-cuida category-noticias\" role=\"listitem\">\n\t\t\t<div class=\"elementor-post__card\">\n\t\t\t\t<a class=\"elementor-post__thumbnail__link\" href=\"https:\/\/www.hms.cl\/index.php\/2026\/03\/12\/nueva-temporada-2026-de-operativos-hmstecuida\/\" tabindex=\"-1\" ><div class=\"elementor-post__thumbnail\"><img decoding=\"async\" width=\"300\" height=\"257\" src=\"https:\/\/www.hms.cl\/wp-content\/uploads\/2026\/03\/HMSTECUIDA-2026-WEB-300x257.jpeg\" class=\"attachment-medium size-medium wp-image-10814\" alt=\"\" srcset=\"https:\/\/www.hms.cl\/wp-content\/uploads\/2026\/03\/HMSTECUIDA-2026-WEB-300x257.jpeg 300w, https:\/\/www.hms.cl\/wp-content\/uploads\/2026\/03\/HMSTECUIDA-2026-WEB.jpeg 519w\" sizes=\"(max-width: 300px) 100vw, 300px\" \/><\/div><\/a>\n\t\t\t\t<div class=\"elementor-post__badge\">HMS Te Cuida<\/div>\n\t\t\t\t<div class=\"elementor-post__text\">\n\t\t\t\t<h3 class=\"elementor-post__title\">\n\t\t\t<a href=\"https:\/\/www.hms.cl\/index.php\/2026\/03\/12\/nueva-temporada-2026-de-operativos-hmstecuida\/\" >\n\t\t\t\tNUEVA TEMPORADA 2026 DE OPERATIVOS \u201c#HMSTECUIDA\u201d\t\t\t<\/a>\n\t\t<\/h3>\n\t\t\t\t<div class=\"elementor-post__excerpt\">\n\t\t\t<p>El Hospital Militar de Santiago (HMS) dio inicio a la temporada 2026 de su programa preventivo \u201cHMS Te Cuida\u201d,<\/p>\t\t<\/div>\n\t\t\t\t\t<div class=\"elementor-post__read-more-wrapper\">\n\t\t\n\t\t<a class=\"elementor-post__read-more\" href=\"https:\/\/www.hms.cl\/index.php\/2026\/03\/12\/nueva-temporada-2026-de-operativos-hmstecuida\/\" aria-label=\"Read more about NUEVA TEMPORADA 2026 DE OPERATIVOS \u201c#HMSTECUIDA\u201d\" tabindex=\"-1\" >\n\t\t\tLeer M\u00e1s\t\t<\/a>\n\n\t\t\t\t\t<\/div>\n\t\t\t\t<\/div>\n\t\t\t\t<div class=\"elementor-post__meta-data\">\n\t\t\t\t\t<span class=\"elementor-post-date\">\n\t\t\t12 de Marzo de 2026\t\t<\/span>\n\t\t\t\t<\/div>\n\t\t\t\t\t<\/div>\n\t\t<\/article>\n\t\t\t\t<article class=\"elementor-post elementor-grid-item post-10374 post type-post status-publish format-standard has-post-thumbnail hentry category-hms-te-cuida category-noticias\" role=\"listitem\">\n\t\t\t<div class=\"elementor-post__card\">\n\t\t\t\t<a class=\"elementor-post__thumbnail__link\" href=\"https:\/\/www.hms.cl\/index.php\/2026\/02\/27\/hmstecuida2026-regresan-los-operativos-medicos-gratuitos\/\" tabindex=\"-1\" ><div class=\"elementor-post__thumbnail\"><img decoding=\"async\" width=\"300\" height=\"257\" src=\"https:\/\/www.hms.cl\/wp-content\/uploads\/2026\/02\/HMS-TE-CUIDA-2026-WEB-300x257.jpeg\" class=\"attachment-medium size-medium wp-image-10380\" alt=\"\" srcset=\"https:\/\/www.hms.cl\/wp-content\/uploads\/2026\/02\/HMS-TE-CUIDA-2026-WEB-300x257.jpeg 300w, https:\/\/www.hms.cl\/wp-content\/uploads\/2026\/02\/HMS-TE-CUIDA-2026-WEB.jpeg 519w\" sizes=\"(max-width: 300px) 100vw, 300px\" \/><\/div><\/a>\n\t\t\t\t<div class=\"elementor-post__badge\">HMS Te Cuida<\/div>\n\t\t\t\t<div class=\"elementor-post__text\">\n\t\t\t\t<h3 class=\"elementor-post__title\">\n\t\t\t<a href=\"https:\/\/www.hms.cl\/index.php\/2026\/02\/27\/hmstecuida2026-regresan-los-operativos-medicos-gratuitos\/\" >\n\t\t\t\t#HMSTECUIDA2026: REGRESAN LOS OPERATIVOS M\u00c9DICOS GRATUITOS\t\t\t<\/a>\n\t\t<\/h3>\n\t\t\t\t<div class=\"elementor-post__excerpt\">\n\t\t\t<p>Se acerca el primer #HMSTeCuida 2026, una jornada de salud preventiva donde podr\u00e1s controlar tu presi\u00f3n arterial y medir tu glicemia de forma f\u00e1cil y\t\t<\/div>\n\t\t\t\t\t<div class=\"elementor-post__read-more-wrapper\">\n\t\t\n\t\t<a class=\"elementor-post__read-more\" href=\"https:\/\/www.hms.cl\/index.php\/2026\/02\/27\/hmstecuida2026-regresan-los-operativos-medicos-gratuitos\/\" aria-label=\"Read more about #HMSTECUIDA2026: REGRESAN LOS OPERATIVOS M\u00c9DICOS GRATUITOS\" tabindex=\"-1\" >\n\t\t\tLeer M\u00e1s\t\t<\/a>\n\n\t\t\t\t\t<\/div>\n\t\t\t\t<\/div>\n\t\t\t\t<div class=\"elementor-post__meta-data\">\n\t\t\t\t\t<span class=\"elementor-post-date\">\n\t\t\t27 de Febrero de 2026\t\t<\/span>\n\t\t\t\t<\/div>\n\t\t\t\t\t<\/div>\n\t\t<\/article>\n\t\t\t\t<article class=\"elementor-post elementor-grid-item post-7088 post type-post status-publish format-standard has-post-thumbnail hentry category-hms-te-cuida category-noticias\" role=\"listitem\">\n\t\t\t<div class=\"elementor-post__card\">\n\t\t\t\t<a class=\"elementor-post__thumbnail__link\" href=\"https:\/\/www.hms.cl\/index.php\/2025\/12\/04\/hms-cierra-el-2025-con-13-operativos-gratuitos\/\" tabindex=\"-1\" ><div class=\"elementor-post__thumbnail\"><img loading=\"lazy\" decoding=\"async\" width=\"300\" height=\"257\" src=\"https:\/\/www.hms.cl\/wp-content\/uploads\/2025\/12\/web-300x257.png\" class=\"attachment-medium size-medium wp-image-7091\" alt=\"\" srcset=\"https:\/\/www.hms.cl\/wp-content\/uploads\/2025\/12\/web-300x257.png 300w, https:\/\/www.hms.cl\/wp-content\/uploads\/2025\/12\/web.png 519w\" sizes=\"(max-width: 300px) 100vw, 300px\" \/><\/div><\/a>\n\t\t\t\t<div class=\"elementor-post__badge\">HMS Te Cuida<\/div>\n\t\t\t\t<div class=\"elementor-post__text\">\n\t\t\t\t<h3 class=\"elementor-post__title\">\n\t\t\t<a href=\"https:\/\/www.hms.cl\/index.php\/2025\/12\/04\/hms-cierra-el-2025-con-13-operativos-gratuitos\/\" >\n\t\t\t\tHMS CIERRA EL 2025 CON 13 OPERATIVOS GRATUITOS\t\t\t<\/a>\n\t\t<\/h3>\n\t\t\t\t<div class=\"elementor-post__excerpt\">\n\t\t\t<p>El primer lunes de diciembre se llev\u00f3 a cabo en el hall central del Hospital Militar de Santiago (HMS), el \u00faltimo operativo gratuito #HMSTeCuida<\/p>\t\t<\/div>\n\t\t\t\t\t<div class=\"elementor-post__read-more-wrapper\">\n\t\t\n\t\t<a class=\"elementor-post__read-more\" href=\"https:\/\/www.hms.cl\/index.php\/2025\/12\/04\/hms-cierra-el-2025-con-13-operativos-gratuitos\/\" aria-label=\"Read more about HMS CIERRA EL 2025 CON 13 OPERATIVOS GRATUITOS\" tabindex=\"-1\" >\n\t\t\tLeer M\u00e1s\t\t<\/a>\n\n\t\t\t\t\t<\/div>\n\t\t\t\t<\/div>\n\t\t\t\t<div class=\"elementor-post__meta-data\">\n\t\t\t\t\t<span class=\"elementor-post-date\">\n\t\t\t4 de Diciembre de 2025\t\t<\/span>\n\t\t\t\t<\/div>\n\t\t\t\t\t<\/div>\n\t\t<\/article>\n\t\t\t\t<article class=\"elementor-post elementor-grid-item post-6523 post type-post status-publish format-standard has-post-thumbnail hentry category-hms-te-cuida category-noticias\" role=\"listitem\">\n\t\t\t<div class=\"elementor-post__card\">\n\t\t\t\t<a class=\"elementor-post__thumbnail__link\" href=\"https:\/\/www.hms.cl\/index.php\/2025\/11\/10\/centro-medico-militar-san-bernardo-apoyo-operativo-hmstecuida\/\" tabindex=\"-1\" ><div class=\"elementor-post__thumbnail\"><img loading=\"lazy\" decoding=\"async\" width=\"300\" height=\"257\" src=\"https:\/\/www.hms.cl\/wp-content\/uploads\/2025\/11\/HMS-Te-Cuida-Nov_Web-300x257.jpeg\" class=\"attachment-medium size-medium wp-image-6525\" alt=\"\" srcset=\"https:\/\/www.hms.cl\/wp-content\/uploads\/2025\/11\/HMS-Te-Cuida-Nov_Web-300x257.jpeg 300w, https:\/\/www.hms.cl\/wp-content\/uploads\/2025\/11\/HMS-Te-Cuida-Nov_Web.jpeg 519w\" sizes=\"(max-width: 300px) 100vw, 300px\" \/><\/div><\/a>\n\t\t\t\t<div class=\"elementor-post__badge\">HMS Te Cuida<\/div>\n\t\t\t\t<div class=\"elementor-post__text\">\n\t\t\t\t<h3 class=\"elementor-post__title\">\n\t\t\t<a href=\"https:\/\/www.hms.cl\/index.php\/2025\/11\/10\/centro-medico-militar-san-bernardo-apoyo-operativo-hmstecuida\/\" >\n\t\t\t\tCENTRO M\u00c9DICO MILITAR \u201cSAN BERNARDO\u201d APOY\u00d3 OPERATIVO #HMSTECUIDA\t\t\t<\/a>\n\t\t<\/h3>\n\t\t\t\t<div class=\"elementor-post__excerpt\">\n\t\t\t<p>En el hall central del Hospital Militar de Santiago (HMS) se llev\u00f3 a cabo una nueva jornada del operativo m\u00e9dico gratuito \u201cHMS Te Cuida\u201d, iniciativa\t\t<\/div>\n\t\t\t\t\t<div class=\"elementor-post__read-more-wrapper\">\n\t\t\n\t\t<a class=\"elementor-post__read-more\" href=\"https:\/\/www.hms.cl\/index.php\/2025\/11\/10\/centro-medico-militar-san-bernardo-apoyo-operativo-hmstecuida\/\" aria-label=\"Read more about CENTRO M\u00c9DICO MILITAR \u201cSAN BERNARDO\u201d APOY\u00d3 OPERATIVO #HMSTECUIDA\" tabindex=\"-1\" >\n\t\t\tLeer M\u00e1s\t\t<\/a>\n\n\t\t\t\t\t<\/div>\n\t\t\t\t<\/div>\n\t\t\t\t<div class=\"elementor-post__meta-data\">\n\t\t\t\t\t<span class=\"elementor-post-date\">\n\t\t\t10 de Noviembre de 2025\t\t<\/span>\n\t\t\t\t<\/div>\n\t\t\t\t\t<\/div>\n\t\t<\/article>\n\t\t\t\t<article class=\"elementor-post elementor-grid-item post-6155 post type-post status-publish format-standard has-post-thumbnail hentry category-hms-te-cuida category-noticias\" role=\"listitem\">\n\t\t\t<div class=\"elementor-post__card\">\n\t\t\t\t<a class=\"elementor-post__thumbnail__link\" href=\"https:\/\/www.hms.cl\/index.php\/2025\/10\/08\/subcentro-medico-militar-edificio-ejercito-bicentenario-se-sumo-al-hmstecuida\/\" tabindex=\"-1\" ><div class=\"elementor-post__thumbnail\"><img loading=\"lazy\" decoding=\"async\" width=\"300\" height=\"257\" src=\"https:\/\/www.hms.cl\/wp-content\/uploads\/2025\/10\/HMS-Te-Cuida_Octubre_Web-300x257.jpeg\" class=\"attachment-medium size-medium wp-image-6163\" alt=\"\" srcset=\"https:\/\/www.hms.cl\/wp-content\/uploads\/2025\/10\/HMS-Te-Cuida_Octubre_Web-300x257.jpeg 300w, https:\/\/www.hms.cl\/wp-content\/uploads\/2025\/10\/HMS-Te-Cuida_Octubre_Web.jpeg 519w\" sizes=\"(max-width: 300px) 100vw, 300px\" \/><\/div><\/a>\n\t\t\t\t<div class=\"elementor-post__badge\">HMS Te Cuida<\/div>\n\t\t\t\t<div class=\"elementor-post__text\">\n\t\t\t\t<h3 class=\"elementor-post__title\">\n\t\t\t<a href=\"https:\/\/www.hms.cl\/index.php\/2025\/10\/08\/subcentro-medico-militar-edificio-ejercito-bicentenario-se-sumo-al-hmstecuida\/\" >\n\t\t\t\tSUBCENTRO M\u00c9DICO MILITAR \u201cEDIFICIO EJ\u00c9RCITO BICENTENARIO&#8221; SE SUM\u00d3 AL #HMSTECUIDA\t\t\t<\/a>\n\t\t<\/h3>\n\t\t\t\t<div class=\"elementor-post__excerpt\">\n\t\t\t<p>Con el prop\u00f3sito de seguir promoviendo la prevenci\u00f3n y detecci\u00f3n temprana de enfermedades asociadas a la presi\u00f3n arterial y los niveles de glicemia, el Hospital\t\t<\/div>\n\t\t\t\t\t<div class=\"elementor-post__read-more-wrapper\">\n\t\t\n\t\t<a class=\"elementor-post__read-more\" href=\"https:\/\/www.hms.cl\/index.php\/2025\/10\/08\/subcentro-medico-militar-edificio-ejercito-bicentenario-se-sumo-al-hmstecuida\/\" aria-label=\"Read more about SUBCENTRO M\u00c9DICO MILITAR \u201cEDIFICIO EJ\u00c9RCITO BICENTENARIO&#8221; SE SUM\u00d3 AL #HMSTECUIDA\" tabindex=\"-1\" >\n\t\t\tLeer M\u00e1s\t\t<\/a>\n\n\t\t\t\t\t<\/div>\n\t\t\t\t<\/div>\n\t\t\t\t<div class=\"elementor-post__meta-data\">\n\t\t\t\t\t<span class=\"elementor-post-date\">\n\t\t\t8 de Octubre de 2025\t\t<\/span>\n\t\t\t\t<\/div>\n\t\t\t\t\t<\/div>\n\t\t<\/article>\n\t\t\t\t<\/div>\n\t\t\n\t\t\t\t<div class=\"e-load-more-anchor\" data-page=\"1\" data-max-page=\"3\" data-next-page=\"https:\/\/www.hms.cl\/index.php\/wp-json\/wp\/v2\/pages\/5632\/page\/2\/\"><\/div>\n\t\t\t\t<nav class=\"elementor-pagination\" aria-label=\"Pagination\">\n\t\t\t<span class=\"page-numbers prev\">&laquo; Atras<\/span>\n<span aria-current=\"page\" class=\"page-numbers current\"><span class=\"elementor-screen-only\">Page<\/span>1<\/span>\n<a class=\"page-numbers\" href=\"https:\/\/www.hms.cl\/index.php\/wp-json\/wp\/v2\/pages\/5632\/page\/2\/\"><span class=\"elementor-screen-only\">Page<\/span>2<\/a>\n<a class=\"page-numbers\" href=\"https:\/\/www.hms.cl\/index.php\/wp-json\/wp\/v2\/pages\/5632\/page\/3\/\"><span class=\"elementor-screen-only\">Page<\/span>3<\/a>\n<a class=\"page-numbers next\" href=\"https:\/\/www.hms.cl\/index.php\/wp-json\/wp\/v2\/pages\/5632\/page\/2\/\">Siguiente &raquo;<\/a>\t\t<\/nav>\n\t\t\t\t\t\t<\/div>\n\t\t\t\t<\/div>\n\t\t\t\t\t<\/div>\n\t\t\t\t<\/div>\n\t\t\t\t<\/div>\n\t\t","protected":false},"excerpt":{"rendered":"<p>\u00bfQuieres saber c\u00f3mo est\u00e1 tu presi\u00f3n? Sab\u00edas que 1 de cada 4 chilenos sufre hipertensi\u00f3n. \u00bfQuieres saber en qu\u00e9 nivel est\u00e1 tu glicemia? Sab\u00edas que 1 de cada 10 chilenos sufre de diabetes.<\/p>\n","protected":false},"author":1,"featured_media":0,"parent":0,"menu_order":0,"comment_status":"closed","ping_status":"closed","template":"","meta":{"footnotes":""},"class_list":["post-5632","page","type-page","status-publish","hentry"],"yoast_head":"<!-- This site is optimized with the Yoast SEO plugin v25.6 - https:\/\/yoast.com\/wordpress\/plugins\/seo\/ -->\n<title>HMS TE CUIDA - Hospital Militar de Santiago<\/title>\n<meta name=\"robots\" content=\"index, follow, max-snippet:-1, max-image-preview:large, max-video-preview:-1\" \/>\n<link rel=\"canonical\" href=\"https:\/\/www.hms.cl\/index.php\/hms-te-cuida\/\" \/>\n<meta property=\"og:locale\" content=\"es_ES\" \/>\n<meta property=\"og:type\" content=\"article\" \/>\n<meta property=\"og:title\" content=\"HMS TE CUIDA - Hospital Militar de Santiago\" \/>\n<meta property=\"og:description\" content=\"\u00bfQuieres saber c\u00f3mo est\u00e1 tu presi\u00f3n? Sab\u00edas que 1 de cada 4 chilenos sufre hipertensi\u00f3n. \u00bfQuieres saber en qu\u00e9 nivel est\u00e1 tu glicemia? Sab\u00edas que 1 de cada 10 chilenos sufre de diabetes.\" \/>\n<meta property=\"og:url\" content=\"https:\/\/www.hms.cl\/index.php\/hms-te-cuida\/\" \/>\n<meta property=\"og:site_name\" content=\"Hospital Militar de Santiago\" \/>\n<meta property=\"article:publisher\" content=\"https:\/\/www.facebook.com\/hospitalmilitardesantiago\" \/>\n<meta property=\"article:modified_time\" content=\"2025-09-02T19:46:47+00:00\" \/>\n<meta name=\"twitter:card\" content=\"summary_large_image\" \/>\n<meta name=\"twitter:site\" content=\"@HosMilSantiago\" \/>\n<meta name=\"twitter:label1\" content=\"Tiempo estimado de lectura\" \/>\n\t<meta name=\"twitter:data1\" content=\"3 minutos\" \/>\n<script type=\"application\/ld+json\" class=\"yoast-schema-graph\">{\"@context\":\"https:\/\/schema.org\",\"@graph\":[{\"@type\":\"WebPage\",\"@id\":\"https:\/\/www.hms.cl\/index.php\/hms-te-cuida\/\",\"url\":\"https:\/\/www.hms.cl\/index.php\/hms-te-cuida\/\",\"name\":\"HMS TE CUIDA - Hospital Militar de Santiago\",\"isPartOf\":{\"@id\":\"https:\/\/www.hms.cl\/#website\"},\"datePublished\":\"2025-09-02T19:36:07+00:00\",\"dateModified\":\"2025-09-02T19:46:47+00:00\",\"breadcrumb\":{\"@id\":\"https:\/\/www.hms.cl\/index.php\/hms-te-cuida\/#breadcrumb\"},\"inLanguage\":\"es-CL\",\"potentialAction\":[{\"@type\":\"ReadAction\",\"target\":[\"https:\/\/www.hms.cl\/index.php\/hms-te-cuida\/\"]}]},{\"@type\":\"BreadcrumbList\",\"@id\":\"https:\/\/www.hms.cl\/index.php\/hms-te-cuida\/#breadcrumb\",\"itemListElement\":[{\"@type\":\"ListItem\",\"position\":1,\"name\":\"Home\",\"item\":\"https:\/\/www.hms.cl\/\"},{\"@type\":\"ListItem\",\"position\":2,\"name\":\"HMS TE CUIDA\"}]},{\"@type\":\"WebSite\",\"@id\":\"https:\/\/www.hms.cl\/#website\",\"url\":\"https:\/\/www.hms.cl\/\",\"name\":\"Hospital Militar de Santiago\",\"description\":\"\",\"publisher\":{\"@id\":\"https:\/\/www.hms.cl\/#organization\"},\"potentialAction\":[{\"@type\":\"SearchAction\",\"target\":{\"@type\":\"EntryPoint\",\"urlTemplate\":\"https:\/\/www.hms.cl\/?s={search_term_string}\"},\"query-input\":{\"@type\":\"PropertyValueSpecification\",\"valueRequired\":true,\"valueName\":\"search_term_string\"}}],\"inLanguage\":\"es-CL\"},{\"@type\":\"Organization\",\"@id\":\"https:\/\/www.hms.cl\/#organization\",\"name\":\"Hospital Militar de Santiago\",\"url\":\"https:\/\/www.hms.cl\/\",\"logo\":{\"@type\":\"ImageObject\",\"inLanguage\":\"es-CL\",\"@id\":\"https:\/\/www.hms.cl\/#\/schema\/logo\/image\/\",\"url\":\"https:\/\/www.hms.cl\/wp-content\/uploads\/2025\/07\/Logo-Vertical-Mediano.png\",\"contentUrl\":\"https:\/\/www.hms.cl\/wp-content\/uploads\/2025\/07\/Logo-Vertical-Mediano.png\",\"width\":1280,\"height\":720,\"caption\":\"Hospital Militar de Santiago\"},\"image\":{\"@id\":\"https:\/\/www.hms.cl\/#\/schema\/logo\/image\/\"},\"sameAs\":[\"https:\/\/www.facebook.com\/hospitalmilitardesantiago\",\"https:\/\/x.com\/HosMilSantiago\",\"https:\/\/www.instagram.com\/hospitalmilitardesantiago\/\",\"https:\/\/www.linkedin.com\/company\/hospital-militar-de-santiago-hosmil\",\"https:\/\/www.youtube.com\/c\/HMSVIDEO\"]}]}<\/script>\n<!-- \/ Yoast SEO plugin. -->","yoast_head_json":{"title":"HMS TE CUIDA - Hospital Militar de Santiago","robots":{"index":"index","follow":"follow","max-snippet":"max-snippet:-1","max-image-preview":"max-image-preview:large","max-video-preview":"max-video-preview:-1"},"canonical":"https:\/\/www.hms.cl\/index.php\/hms-te-cuida\/","og_locale":"es_ES","og_type":"article","og_title":"HMS TE CUIDA - Hospital Militar de Santiago","og_description":"\u00bfQuieres saber c\u00f3mo est\u00e1 tu presi\u00f3n? Sab\u00edas que 1 de cada 4 chilenos sufre hipertensi\u00f3n. \u00bfQuieres saber en qu\u00e9 nivel est\u00e1 tu glicemia? Sab\u00edas que 1 de cada 10 chilenos sufre de diabetes.","og_url":"https:\/\/www.hms.cl\/index.php\/hms-te-cuida\/","og_site_name":"Hospital Militar de Santiago","article_publisher":"https:\/\/www.facebook.com\/hospitalmilitardesantiago","article_modified_time":"2025-09-02T19:46:47+00:00","twitter_card":"summary_large_image","twitter_site":"@HosMilSantiago","twitter_misc":{"Tiempo estimado de lectura":"3 minutos"},"schema":{"@context":"https:\/\/schema.org","@graph":[{"@type":"WebPage","@id":"https:\/\/www.hms.cl\/index.php\/hms-te-cuida\/","url":"https:\/\/www.hms.cl\/index.php\/hms-te-cuida\/","name":"HMS TE CUIDA - Hospital Militar de Santiago","isPartOf":{"@id":"https:\/\/www.hms.cl\/#website"},"datePublished":"2025-09-02T19:36:07+00:00","dateModified":"2025-09-02T19:46:47+00:00","breadcrumb":{"@id":"https:\/\/www.hms.cl\/index.php\/hms-te-cuida\/#breadcrumb"},"inLanguage":"es-CL","potentialAction":[{"@type":"ReadAction","target":["https:\/\/www.hms.cl\/index.php\/hms-te-cuida\/"]}]},{"@type":"BreadcrumbList","@id":"https:\/\/www.hms.cl\/index.php\/hms-te-cuida\/#breadcrumb","itemListElement":[{"@type":"ListItem","position":1,"name":"Home","item":"https:\/\/www.hms.cl\/"},{"@type":"ListItem","position":2,"name":"HMS TE CUIDA"}]},{"@type":"WebSite","@id":"https:\/\/www.hms.cl\/#website","url":"https:\/\/www.hms.cl\/","name":"Hospital Militar de Santiago","description":"","publisher":{"@id":"https:\/\/www.hms.cl\/#organization"},"potentialAction":[{"@type":"SearchAction","target":{"@type":"EntryPoint","urlTemplate":"https:\/\/www.hms.cl\/?s={search_term_string}"},"query-input":{"@type":"PropertyValueSpecification","valueRequired":true,"valueName":"search_term_string"}}],"inLanguage":"es-CL"},{"@type":"Organization","@id":"https:\/\/www.hms.cl\/#organization","name":"Hospital Militar de Santiago","url":"https:\/\/www.hms.cl\/","logo":{"@type":"ImageObject","inLanguage":"es-CL","@id":"https:\/\/www.hms.cl\/#\/schema\/logo\/image\/","url":"https:\/\/www.hms.cl\/wp-content\/uploads\/2025\/07\/Logo-Vertical-Mediano.png","contentUrl":"https:\/\/www.hms.cl\/wp-content\/uploads\/2025\/07\/Logo-Vertical-Mediano.png","width":1280,"height":720,"caption":"Hospital Militar de Santiago"},"image":{"@id":"https:\/\/www.hms.cl\/#\/schema\/logo\/image\/"},"sameAs":["https:\/\/www.facebook.com\/hospitalmilitardesantiago","https:\/\/x.com\/HosMilSantiago","https:\/\/www.instagram.com\/hospitalmilitardesantiago\/","https:\/\/www.linkedin.com\/company\/hospital-militar-de-santiago-hosmil","https:\/\/www.youtube.com\/c\/HMSVIDEO"]}]}},"_links":{"self":[{"href":"https:\/\/www.hms.cl\/index.php\/wp-json\/wp\/v2\/pages\/5632","targetHints":{"allow":["GET"]}}],"collection":[{"href":"https:\/\/www.hms.cl\/index.php\/wp-json\/wp\/v2\/pages"}],"about":[{"href":"https:\/\/www.hms.cl\/index.php\/wp-json\/wp\/v2\/types\/page"}],"author":[{"embeddable":true,"href":"https:\/\/www.hms.cl\/index.php\/wp-json\/wp\/v2\/users\/1"}],"replies":[{"embeddable":true,"href":"https:\/\/www.hms.cl\/index.php\/wp-json\/wp\/v2\/comments?post=5632"}],"version-history":[{"count":6,"href":"https:\/\/www.hms.cl\/index.php\/wp-json\/wp\/v2\/pages\/5632\/revisions"}],"predecessor-version":[{"id":5642,"href":"https:\/\/www.hms.cl\/index.php\/wp-json\/wp\/v2\/pages\/5632\/revisions\/5642"}],"wp:attachment":[{"href":"https:\/\/www.hms.cl\/index.php\/wp-json\/wp\/v2\/media?parent=5632"}],"curies":[{"name":"wp","href":"https:\/\/api.w.org\/{rel}","templated":true}]}}