{"id":557,"date":"2025-02-25T12:53:18","date_gmt":"2025-02-25T15:53:18","guid":{"rendered":"http:\/\/10.10.50.51\/?page_id=557"},"modified":"2026-03-17T11:09:30","modified_gmt":"2026-03-17T15:09:30","slug":"vacunatorio","status":"publish","type":"page","link":"https:\/\/www.hms.cl\/index.php\/vacunatorio\/","title":{"rendered":"VACUNATORIO"},"content":{"rendered":"\t\t<div data-elementor-type=\"wp-page\" data-elementor-id=\"557\" class=\"elementor elementor-557\" data-elementor-post-type=\"page\">\n\t\t\t\t<div class=\"elementor-element elementor-element-5a193906 e-con-full e-flex e-con e-parent\" data-id=\"5a193906\" data-element_type=\"container\">\n\t\t\t\t<div class=\"elementor-element elementor-element-69c9784a elementor-widget elementor-widget-heading\" data-id=\"69c9784a\" data-element_type=\"widget\" data-widget_type=\"heading.default\">\n\t\t\t\t<div class=\"elementor-widget-container\">\n\t\t\t\t\t<h2 class=\"elementor-heading-title elementor-size-default\">VACUNATORIO<\/h2>\t\t\t\t<\/div>\n\t\t\t\t<\/div>\n\t\t\t\t<\/div>\n\t\t<div class=\"elementor-element elementor-element-34eba7a e-flex e-con-boxed e-con e-parent\" data-id=\"34eba7a\" data-element_type=\"container\">\n\t\t\t\t\t<div class=\"e-con-inner\">\n\t\t\t\t<div class=\"elementor-element elementor-element-aefd473 elementor-widget elementor-widget-text-editor\" data-id=\"aefd473\" data-element_type=\"widget\" data-widget_type=\"text-editor.default\">\n\t\t\t\t<div class=\"elementor-widget-container\">\n\t\t\t\t\t\t\t\t\t<p>El Vacunatorio del Hospital Militar de Santiago est\u00e1 abierto a la comunidad e implementado para quienes acuden a recibir vacunas, ya sea del Programa Nacional de Inmunizaciones (PNI) y vacunas complementarias.<\/p>\t\t\t\t\t\t\t\t<\/div>\n\t\t\t\t<\/div>\n\t\t\t\t\t<\/div>\n\t\t\t\t<\/div>\n\t\t<div class=\"elementor-element elementor-element-9ee2fc9 e-flex e-con-boxed e-con e-parent\" data-id=\"9ee2fc9\" data-element_type=\"container\">\n\t\t\t\t\t<div class=\"e-con-inner\">\n\t\t\t\t<div class=\"elementor-element elementor-element-959c99c elementor-tabs-view-vertical elementor-widget elementor-widget-tabs\" data-id=\"959c99c\" data-element_type=\"widget\" data-widget_type=\"tabs.default\">\n\t\t\t\t<div class=\"elementor-widget-container\">\n\t\t\t\t\t\t\t<div class=\"elementor-tabs\">\n\t\t\t<div class=\"elementor-tabs-wrapper\" role=\"tablist\" >\n\t\t\t\t\t\t\t\t\t<div id=\"elementor-tab-title-1561\" class=\"elementor-tab-title elementor-tab-desktop-title\" aria-selected=\"true\" data-tab=\"1\" role=\"tab\" tabindex=\"0\" aria-controls=\"elementor-tab-content-1561\" aria-expanded=\"false\">VACUNATORIO<\/div>\n\t\t\t\t\t\t\t\t\t<div id=\"elementor-tab-title-1562\" class=\"elementor-tab-title elementor-tab-desktop-title\" aria-selected=\"false\" data-tab=\"2\" role=\"tab\" tabindex=\"-1\" aria-controls=\"elementor-tab-content-1562\" aria-expanded=\"false\">VACUNATORIO INTERNACIONAL<\/div>\n\t\t\t\t\t\t\t\t\t<div id=\"elementor-tab-title-1563\" class=\"elementor-tab-title elementor-tab-desktop-title\" aria-selected=\"false\" data-tab=\"3\" role=\"tab\" tabindex=\"-1\" aria-controls=\"elementor-tab-content-1563\" aria-expanded=\"false\">PASO A PASO<\/div>\n\t\t\t\t\t\t\t\t\t<div id=\"elementor-tab-title-1564\" class=\"elementor-tab-title elementor-tab-desktop-title\" aria-selected=\"false\" data-tab=\"4\" role=\"tab\" tabindex=\"-1\" aria-controls=\"elementor-tab-content-1564\" aria-expanded=\"false\">VACUNAS MINISTERIALES<\/div>\n\t\t\t\t\t\t\t\t\t<div id=\"elementor-tab-title-1565\" class=\"elementor-tab-title elementor-tab-desktop-title\" aria-selected=\"false\" data-tab=\"5\" role=\"tab\" tabindex=\"-1\" aria-controls=\"elementor-tab-content-1565\" aria-expanded=\"false\">VACUNAS PARTICULARES O COMPLEMENTARIAS<\/div>\n\t\t\t\t\t\t\t\t\t<div id=\"elementor-tab-title-1566\" class=\"elementor-tab-title elementor-tab-desktop-title\" aria-selected=\"false\" data-tab=\"6\" role=\"tab\" tabindex=\"-1\" aria-controls=\"elementor-tab-content-1566\" aria-expanded=\"false\">VACUNAS COVID-19<\/div>\n\t\t\t\t\t\t\t<\/div>\n\t\t\t<div class=\"elementor-tabs-content-wrapper\" role=\"tablist\" aria-orientation=\"vertical\">\n\t\t\t\t\t\t\t\t\t<div class=\"elementor-tab-title elementor-tab-mobile-title\" aria-selected=\"true\" data-tab=\"1\" role=\"tab\" tabindex=\"0\" aria-controls=\"elementor-tab-content-1561\" aria-expanded=\"false\">VACUNATORIO<\/div>\n\t\t\t\t\t<div id=\"elementor-tab-content-1561\" class=\"elementor-tab-content elementor-clearfix\" data-tab=\"1\" role=\"tabpanel\" aria-labelledby=\"elementor-tab-title-1561\" tabindex=\"0\" hidden=\"false\"><p>Este servicio lo integra personal especializado para brindar la mejor atenci\u00f3n, compuesto de una Directora t\u00e9cnica (Pediatra infect\u00f3loga), Enfermera y TENS.<\/p><p>Para aplicar las vacunas\u00a0<strong>COMPLEMENTARIAS<\/strong>\u00a0se requiere de orden m\u00e9dica, donde se indica el tipo de vacuna y la dosis.<\/p><p><strong>Horarios de atenci\u00f3n:<\/strong><\/p><ul><li>Vacunas PNI y ventas: lunes a jueves: 8:30-16:00 horas.\u00a0 Viernes: 8:30-15:00 horas.<\/li><li>Vacunas Campa\u00f1a Influenza: lunes a viernes: 8:30 -15:00 horas.<\/li><li>Vacunas Campa\u00f1a Coronavirus: lunes a viernes: 8:30 -15:00 horas.<\/li><\/ul><p><strong>\u00a0<\/strong><\/p><p><strong>Tel\u00e9fono: (+56) 22331 6482<\/strong><\/p><\/div>\n\t\t\t\t\t\t\t\t\t<div class=\"elementor-tab-title elementor-tab-mobile-title\" aria-selected=\"false\" data-tab=\"2\" role=\"tab\" tabindex=\"-1\" aria-controls=\"elementor-tab-content-1562\" aria-expanded=\"false\">VACUNATORIO INTERNACIONAL<\/div>\n\t\t\t\t\t<div id=\"elementor-tab-content-1562\" class=\"elementor-tab-content elementor-clearfix\" data-tab=\"2\" role=\"tabpanel\" aria-labelledby=\"elementor-tab-title-1562\" tabindex=\"0\" hidden=\"hidden\"><ul><li>El Vacunatorio Internacional es parte del Vacunatorio del HMS.<\/li><li>Est\u00e1 ubicado en el 3\u00b0 Piso del Edificio A.<\/li><li>Su horario de atenci\u00f3n es desde 08:30 horas hasta las 16:00 horas.<\/li><li>Cuenta con vacunas del Programa Nacional de Inmunizaciones (PNI) y un amplio stock de inmunizaciones requeridas para viajar al extranjero.<\/li><li>Para acceder a las vacunas, todo paciente debe presentar una orden m\u00e9dica.<\/li><li>Las vacunas tienen un valor particular a pagar por el paciente.<\/li><li>Un Certificado de Vacunaci\u00f3n Internacional se le entregar\u00e1 al usuario tras la inmunizaci\u00f3n.<\/li><li>Contamos con T\u00e9cnicos en enfermer\u00eda, enfermeros y una doctora infect\u00f3loga pediatra para atenderte.<\/li><\/ul><\/div>\n\t\t\t\t\t\t\t\t\t<div class=\"elementor-tab-title elementor-tab-mobile-title\" aria-selected=\"false\" data-tab=\"3\" role=\"tab\" tabindex=\"-1\" aria-controls=\"elementor-tab-content-1563\" aria-expanded=\"false\">PASO A PASO<\/div>\n\t\t\t\t\t<div id=\"elementor-tab-content-1563\" class=\"elementor-tab-content elementor-clearfix\" data-tab=\"3\" role=\"tabpanel\" aria-labelledby=\"elementor-tab-title-1563\" tabindex=\"0\" hidden=\"hidden\"><ol><li>Ingrese por la entrada principal del hospital.<\/li><li>Se debe dirigir a la sala de espera exterior del Vacunatorio, ubicada al lado de la cafeter\u00eda.<\/li><li>Se debe identificar para su registro, usando su C\u00e9dula de Identidad.<\/li><li>En ese lugar recibir\u00e1 un n\u00famero de atenci\u00f3n, con el cual ser\u00e1 llamado para su atenci\u00f3n.<\/li><li>Desde el Vacunatorio ser\u00e1 llamado para inocularse, mediante el n\u00famero entregado previamente.<\/li><li>Ingrese al Vacunatorio para recibir vacuna al ser llamado.<\/li><li>Post inmunizaci\u00f3n (15 min) ser\u00e1 observado por los especialistas en las alas laterales aleda\u00f1as al Vacunatorio.<\/li><\/ol><\/div>\n\t\t\t\t\t\t\t\t\t<div class=\"elementor-tab-title elementor-tab-mobile-title\" aria-selected=\"false\" data-tab=\"4\" role=\"tab\" tabindex=\"-1\" aria-controls=\"elementor-tab-content-1564\" aria-expanded=\"false\">VACUNAS MINISTERIALES<\/div>\n\t\t\t\t\t<div id=\"elementor-tab-content-1564\" class=\"elementor-tab-content elementor-clearfix\" data-tab=\"4\" role=\"tabpanel\" aria-labelledby=\"elementor-tab-title-1564\" tabindex=\"0\" hidden=\"hidden\"><p>Desde 1978 Chile mantiene un Programa Nacional de Inmunizaciones. El que ha permitido la disminuci\u00f3n de la morbilidad y mortalidad de las enfermedades inmunoprevenibles contribuyendo a la disminuci\u00f3n de la mortalidad en ni\u00f1os.<\/p><p>Este programa posee una mirada integral, el cual tiene como objetivo prevenir morbilidad, discapacidad y muertes secundarias a enfermedades inmunoprevenibles, a lo largo de las vidas de las personas.<\/p><p><img fetchpriority=\"high\" decoding=\"async\" class=\"aligncenter wp-image-8457 size-full\" src=\"https:\/\/www.hms.cl\/wp-content\/uploads\/2026\/01\/CALENDARIO-INMUNIZACION-2026.png\" alt=\"\" width=\"1325\" height=\"947\" srcset=\"https:\/\/www.hms.cl\/wp-content\/uploads\/2026\/01\/CALENDARIO-INMUNIZACION-2026.png 1325w, https:\/\/www.hms.cl\/wp-content\/uploads\/2026\/01\/CALENDARIO-INMUNIZACION-2026-300x214.png 300w, https:\/\/www.hms.cl\/wp-content\/uploads\/2026\/01\/CALENDARIO-INMUNIZACION-2026-1024x732.png 1024w, https:\/\/www.hms.cl\/wp-content\/uploads\/2026\/01\/CALENDARIO-INMUNIZACION-2026-768x549.png 768w\" sizes=\"(max-width: 1325px) 100vw, 1325px\" \/><\/p><p><span style=\"color: #3366ff;\"><a style=\"color: #3366ff;\" role=\"link\" href=\"https:\/\/www.hms.cl\/wp-content\/uploads\/2026\/01\/CALENDARIO-INMUNIZACIONES-2026.pdf\" target=\"_blank\" rel=\"noopener\"><strong>Descarga Aqu\u00ed Calendario de Inmunizaci\u00f3n.<\/strong><\/a><\/span><\/p><\/div>\n\t\t\t\t\t\t\t\t\t<div class=\"elementor-tab-title elementor-tab-mobile-title\" aria-selected=\"false\" data-tab=\"5\" role=\"tab\" tabindex=\"-1\" aria-controls=\"elementor-tab-content-1565\" aria-expanded=\"false\">VACUNAS PARTICULARES O COMPLEMENTARIAS<\/div>\n\t\t\t\t\t<div id=\"elementor-tab-content-1565\" class=\"elementor-tab-content elementor-clearfix\" data-tab=\"5\" role=\"tabpanel\" aria-labelledby=\"elementor-tab-title-1565\" tabindex=\"0\" hidden=\"hidden\"><p>Nuestro hospital tambi\u00e9n cuenta con vacunas complementarias, las cuales para ser efectuadas necesitan de \u00f3rdenes m\u00e9dicas, debido a que no se encuentran incluidas en el programa ministerial.<\/p>\n<p>Para una atenci\u00f3n m\u00e1s eficiente se solicita al paciente acudir con la c\u00e9dula de identidad y\/o carnet de vacunas o cuaderno donde est\u00e9n registradas las inmunizaciones previamente recibidas.<\/p>\n<p>En el caso de los ni\u00f1os, se requiere el RUT, libreta de vacunas o cuaderno donde est\u00e9n registradas las inmunizaciones recibidas.<\/p>\n<p><strong>Tenemos la siguiente existencia:<\/strong><\/p>\n<ul>\n<li>Vacunas Rotavirus:\n<ul>\n<li>Rotarix\u00ae<\/li>\n<li>Rotateq\u00ae.<\/li>\n<\/ul>\n<\/li>\n<li>Vacunas Meningococo tetravalente (ACWY):\n<ul>\n<li>Menveo\u00ae.<\/li>\n<\/ul>\n<\/li>\n<li>Vacuna Meningococo B:\n<ul>\n<li>Bexsero\u00ae.<\/li>\n<\/ul>\n<\/li>\n<li>Vacuna Neumoc\u00f3cica conjugada 13 valente:\n<ul>\n<li>Prevenar 13\u00ae.<\/li>\n<\/ul>\n<\/li>\n<li>Vacuna Neumoc\u00f3cica polisac\u00e1rida:\n<ul>\n<li>Pneumovax 23.<\/li>\n<\/ul>\n<\/li>\n<li>Vacuna DTP acelular:\n<ul>\n<li>Boostrix\u00ae.<\/li>\n<\/ul>\n<\/li>\n<li>Vacuna Hepatitis AB.<\/li>\n<li>Vacuna Hepatitis A pedi\u00e1trica y adulto.<\/li>\n<li>Vacuna Hepatitis B adulto.<\/li>\n<li>Vacuna Gardasil tetravalente\u00ae.<\/li>\n<li>Vacuna Gardasil nonavalente\u00ae.<\/li>\n<li>Vacuna Varicela:\n<ul>\n<li>Varivax\u00ae<\/li>\n<\/ul>\n<\/li>\n<li>Vacuna Influvac Tetravalente, contra la Influenza, para quienes no son parte del grupo ministerial, a la venta por $11.826.<\/li>\n<\/ul><\/div>\n\t\t\t\t\t\t\t\t\t<div class=\"elementor-tab-title elementor-tab-mobile-title\" aria-selected=\"false\" data-tab=\"6\" role=\"tab\" tabindex=\"-1\" aria-controls=\"elementor-tab-content-1566\" aria-expanded=\"false\">VACUNAS COVID-19<\/div>\n\t\t\t\t\t<div id=\"elementor-tab-content-1566\" class=\"elementor-tab-content elementor-clearfix\" data-tab=\"6\" role=\"tabpanel\" aria-labelledby=\"elementor-tab-title-1566\" tabindex=\"0\" hidden=\"hidden\"><p>La cantidad de n\u00fameros de atenci\u00f3n para vacunaci\u00f3n COVID-19 depender\u00e1 del stock de vacunas disponibles.<\/p><p>Actualmente, no contamos con dosis pedi\u00e1tricas para vacuna anti-SARS-CoV-2 Pfizer. Pero, se encuentran disponibles, seg\u00fan stock dependiente de la entrega del Ministerio de Salud (MINSAL).<\/p><ul><li>Coronavac\u00ae<\/li><li>Vacuna bivalente:<ul><li>Pfizer\u00ae.<\/li><li>Moderna\u00ae.<\/li><\/ul><\/li><\/ul><p>Importante: el horario de atenci\u00f3n para las vacunas Covid-19 es de 08:30 a 15:00 horas.<\/p><\/div>\n\t\t\t\t\t\t\t<\/div>\n\t\t<\/div>\n\t\t\t\t\t\t<\/div>\n\t\t\t\t<\/div>\n\t\t\t\t\t<\/div>\n\t\t\t\t<\/div>\n\t\t\t\t<\/div>\n\t\t","protected":false},"excerpt":{"rendered":"<p>El Vacunatorio del Hospital Militar de Santiago est\u00e1 abierto a la comunidad e implementado para quienes acuden a recibir vacunas, ya sea del Programa Nacional de Inmunizaciones (PNI) y vacunas complementarias. VACUNATORIO VACUNATORIO INTERNACIONAL PASO A PASO VACUNAS MINISTERIALES VACUNAS PARTICULARES O COMPLEMENTARIAS VACUNAS COVID-19 VACUNATORIO Este servicio lo integra personal especializado para brindar la [&hellip;]<\/p>\n","protected":false},"author":1,"featured_media":0,"parent":0,"menu_order":0,"comment_status":"closed","ping_status":"closed","template":"","meta":{"footnotes":""},"class_list":["post-557","page","type-page","status-publish","hentry"],"yoast_head":"<!-- This site is optimized with the Yoast SEO plugin v25.6 - https:\/\/yoast.com\/wordpress\/plugins\/seo\/ -->\n<title>VACUNATORIO - Hospital Militar de Santiago<\/title>\n<meta name=\"robots\" content=\"index, follow, max-snippet:-1, max-image-preview:large, max-video-preview:-1\" \/>\n<link rel=\"canonical\" href=\"https:\/\/www.hms.cl\/index.php\/vacunatorio\/\" \/>\n<meta property=\"og:locale\" content=\"es_ES\" \/>\n<meta property=\"og:type\" content=\"article\" \/>\n<meta property=\"og:title\" content=\"VACUNATORIO - Hospital Militar de Santiago\" \/>\n<meta property=\"og:description\" content=\"El Vacunatorio del Hospital Militar de Santiago est\u00e1 abierto a la comunidad e implementado para quienes acuden a recibir vacunas, ya sea del Programa Nacional de Inmunizaciones (PNI) y vacunas complementarias. VACUNATORIO VACUNATORIO INTERNACIONAL PASO A PASO VACUNAS MINISTERIALES VACUNAS PARTICULARES O COMPLEMENTARIAS VACUNAS COVID-19 VACUNATORIO Este servicio lo integra personal especializado para brindar la [&hellip;]\" \/>\n<meta property=\"og:url\" content=\"https:\/\/www.hms.cl\/index.php\/vacunatorio\/\" \/>\n<meta property=\"og:site_name\" content=\"Hospital Militar de Santiago\" \/>\n<meta property=\"article:publisher\" content=\"https:\/\/www.facebook.com\/hospitalmilitardesantiago\" \/>\n<meta property=\"article:modified_time\" content=\"2026-03-17T15:09:30+00:00\" \/>\n<meta property=\"og:image\" content=\"https:\/\/www.hms.cl\/wp-content\/uploads\/2026\/01\/CALENDARIO-INMUNIZACION-2026.png\" \/>\n\t<meta property=\"og:image:width\" content=\"1325\" \/>\n\t<meta property=\"og:image:height\" content=\"947\" \/>\n\t<meta property=\"og:image:type\" content=\"image\/png\" \/>\n<meta name=\"twitter:card\" content=\"summary_large_image\" \/>\n<meta name=\"twitter:site\" content=\"@HosMilSantiago\" \/>\n<meta name=\"twitter:label1\" content=\"Tiempo estimado de lectura\" \/>\n\t<meta name=\"twitter:data1\" content=\"3 minutos\" \/>\n<script type=\"application\/ld+json\" class=\"yoast-schema-graph\">{\"@context\":\"https:\/\/schema.org\",\"@graph\":[{\"@type\":\"WebPage\",\"@id\":\"https:\/\/www.hms.cl\/index.php\/vacunatorio\/\",\"url\":\"https:\/\/www.hms.cl\/index.php\/vacunatorio\/\",\"name\":\"VACUNATORIO - Hospital Militar de Santiago\",\"isPartOf\":{\"@id\":\"https:\/\/www.hms.cl\/#website\"},\"primaryImageOfPage\":{\"@id\":\"https:\/\/www.hms.cl\/index.php\/vacunatorio\/#primaryimage\"},\"image\":{\"@id\":\"https:\/\/www.hms.cl\/index.php\/vacunatorio\/#primaryimage\"},\"thumbnailUrl\":\"https:\/\/www.hms.cl\/wp-content\/uploads\/2026\/01\/CALENDARIO-INMUNIZACION-2026.png\",\"datePublished\":\"2025-02-25T15:53:18+00:00\",\"dateModified\":\"2026-03-17T15:09:30+00:00\",\"breadcrumb\":{\"@id\":\"https:\/\/www.hms.cl\/index.php\/vacunatorio\/#breadcrumb\"},\"inLanguage\":\"es-CL\",\"potentialAction\":[{\"@type\":\"ReadAction\",\"target\":[\"https:\/\/www.hms.cl\/index.php\/vacunatorio\/\"]}]},{\"@type\":\"ImageObject\",\"inLanguage\":\"es-CL\",\"@id\":\"https:\/\/www.hms.cl\/index.php\/vacunatorio\/#primaryimage\",\"url\":\"https:\/\/www.hms.cl\/wp-content\/uploads\/2026\/01\/CALENDARIO-INMUNIZACION-2026.png\",\"contentUrl\":\"https:\/\/www.hms.cl\/wp-content\/uploads\/2026\/01\/CALENDARIO-INMUNIZACION-2026.png\",\"width\":1325,\"height\":947},{\"@type\":\"BreadcrumbList\",\"@id\":\"https:\/\/www.hms.cl\/index.php\/vacunatorio\/#breadcrumb\",\"itemListElement\":[{\"@type\":\"ListItem\",\"position\":1,\"name\":\"Home\",\"item\":\"https:\/\/www.hms.cl\/\"},{\"@type\":\"ListItem\",\"position\":2,\"name\":\"VACUNATORIO\"}]},{\"@type\":\"WebSite\",\"@id\":\"https:\/\/www.hms.cl\/#website\",\"url\":\"https:\/\/www.hms.cl\/\",\"name\":\"Hospital Militar de Santiago\",\"description\":\"\",\"publisher\":{\"@id\":\"https:\/\/www.hms.cl\/#organization\"},\"potentialAction\":[{\"@type\":\"SearchAction\",\"target\":{\"@type\":\"EntryPoint\",\"urlTemplate\":\"https:\/\/www.hms.cl\/?s={search_term_string}\"},\"query-input\":{\"@type\":\"PropertyValueSpecification\",\"valueRequired\":true,\"valueName\":\"search_term_string\"}}],\"inLanguage\":\"es-CL\"},{\"@type\":\"Organization\",\"@id\":\"https:\/\/www.hms.cl\/#organization\",\"name\":\"Hospital Militar de Santiago\",\"url\":\"https:\/\/www.hms.cl\/\",\"logo\":{\"@type\":\"ImageObject\",\"inLanguage\":\"es-CL\",\"@id\":\"https:\/\/www.hms.cl\/#\/schema\/logo\/image\/\",\"url\":\"https:\/\/www.hms.cl\/wp-content\/uploads\/2025\/07\/Logo-Vertical-Mediano.png\",\"contentUrl\":\"https:\/\/www.hms.cl\/wp-content\/uploads\/2025\/07\/Logo-Vertical-Mediano.png\",\"width\":1280,\"height\":720,\"caption\":\"Hospital Militar de Santiago\"},\"image\":{\"@id\":\"https:\/\/www.hms.cl\/#\/schema\/logo\/image\/\"},\"sameAs\":[\"https:\/\/www.facebook.com\/hospitalmilitardesantiago\",\"https:\/\/x.com\/HosMilSantiago\",\"https:\/\/www.instagram.com\/hospitalmilitardesantiago\/\",\"https:\/\/www.linkedin.com\/company\/hospital-militar-de-santiago-hosmil\",\"https:\/\/www.youtube.com\/c\/HMSVIDEO\"]}]}<\/script>\n<!-- \/ Yoast SEO plugin. -->","yoast_head_json":{"title":"VACUNATORIO - Hospital Militar de Santiago","robots":{"index":"index","follow":"follow","max-snippet":"max-snippet:-1","max-image-preview":"max-image-preview:large","max-video-preview":"max-video-preview:-1"},"canonical":"https:\/\/www.hms.cl\/index.php\/vacunatorio\/","og_locale":"es_ES","og_type":"article","og_title":"VACUNATORIO - Hospital Militar de Santiago","og_description":"El Vacunatorio del Hospital Militar de Santiago est\u00e1 abierto a la comunidad e implementado para quienes acuden a recibir vacunas, ya sea del Programa Nacional de Inmunizaciones (PNI) y vacunas complementarias. VACUNATORIO VACUNATORIO INTERNACIONAL PASO A PASO VACUNAS MINISTERIALES VACUNAS PARTICULARES O COMPLEMENTARIAS VACUNAS COVID-19 VACUNATORIO Este servicio lo integra personal especializado para brindar la [&hellip;]","og_url":"https:\/\/www.hms.cl\/index.php\/vacunatorio\/","og_site_name":"Hospital Militar de Santiago","article_publisher":"https:\/\/www.facebook.com\/hospitalmilitardesantiago","article_modified_time":"2026-03-17T15:09:30+00:00","og_image":[{"width":1325,"height":947,"url":"https:\/\/www.hms.cl\/wp-content\/uploads\/2026\/01\/CALENDARIO-INMUNIZACION-2026.png","type":"image\/png"}],"twitter_card":"summary_large_image","twitter_site":"@HosMilSantiago","twitter_misc":{"Tiempo estimado de lectura":"3 minutos"},"schema":{"@context":"https:\/\/schema.org","@graph":[{"@type":"WebPage","@id":"https:\/\/www.hms.cl\/index.php\/vacunatorio\/","url":"https:\/\/www.hms.cl\/index.php\/vacunatorio\/","name":"VACUNATORIO - Hospital Militar de Santiago","isPartOf":{"@id":"https:\/\/www.hms.cl\/#website"},"primaryImageOfPage":{"@id":"https:\/\/www.hms.cl\/index.php\/vacunatorio\/#primaryimage"},"image":{"@id":"https:\/\/www.hms.cl\/index.php\/vacunatorio\/#primaryimage"},"thumbnailUrl":"https:\/\/www.hms.cl\/wp-content\/uploads\/2026\/01\/CALENDARIO-INMUNIZACION-2026.png","datePublished":"2025-02-25T15:53:18+00:00","dateModified":"2026-03-17T15:09:30+00:00","breadcrumb":{"@id":"https:\/\/www.hms.cl\/index.php\/vacunatorio\/#breadcrumb"},"inLanguage":"es-CL","potentialAction":[{"@type":"ReadAction","target":["https:\/\/www.hms.cl\/index.php\/vacunatorio\/"]}]},{"@type":"ImageObject","inLanguage":"es-CL","@id":"https:\/\/www.hms.cl\/index.php\/vacunatorio\/#primaryimage","url":"https:\/\/www.hms.cl\/wp-content\/uploads\/2026\/01\/CALENDARIO-INMUNIZACION-2026.png","contentUrl":"https:\/\/www.hms.cl\/wp-content\/uploads\/2026\/01\/CALENDARIO-INMUNIZACION-2026.png","width":1325,"height":947},{"@type":"BreadcrumbList","@id":"https:\/\/www.hms.cl\/index.php\/vacunatorio\/#breadcrumb","itemListElement":[{"@type":"ListItem","position":1,"name":"Home","item":"https:\/\/www.hms.cl\/"},{"@type":"ListItem","position":2,"name":"VACUNATORIO"}]},{"@type":"WebSite","@id":"https:\/\/www.hms.cl\/#website","url":"https:\/\/www.hms.cl\/","name":"Hospital Militar de Santiago","description":"","publisher":{"@id":"https:\/\/www.hms.cl\/#organization"},"potentialAction":[{"@type":"SearchAction","target":{"@type":"EntryPoint","urlTemplate":"https:\/\/www.hms.cl\/?s={search_term_string}"},"query-input":{"@type":"PropertyValueSpecification","valueRequired":true,"valueName":"search_term_string"}}],"inLanguage":"es-CL"},{"@type":"Organization","@id":"https:\/\/www.hms.cl\/#organization","name":"Hospital Militar de Santiago","url":"https:\/\/www.hms.cl\/","logo":{"@type":"ImageObject","inLanguage":"es-CL","@id":"https:\/\/www.hms.cl\/#\/schema\/logo\/image\/","url":"https:\/\/www.hms.cl\/wp-content\/uploads\/2025\/07\/Logo-Vertical-Mediano.png","contentUrl":"https:\/\/www.hms.cl\/wp-content\/uploads\/2025\/07\/Logo-Vertical-Mediano.png","width":1280,"height":720,"caption":"Hospital Militar de Santiago"},"image":{"@id":"https:\/\/www.hms.cl\/#\/schema\/logo\/image\/"},"sameAs":["https:\/\/www.facebook.com\/hospitalmilitardesantiago","https:\/\/x.com\/HosMilSantiago","https:\/\/www.instagram.com\/hospitalmilitardesantiago\/","https:\/\/www.linkedin.com\/company\/hospital-militar-de-santiago-hosmil","https:\/\/www.youtube.com\/c\/HMSVIDEO"]}]}},"_links":{"self":[{"href":"https:\/\/www.hms.cl\/index.php\/wp-json\/wp\/v2\/pages\/557","targetHints":{"allow":["GET"]}}],"collection":[{"href":"https:\/\/www.hms.cl\/index.php\/wp-json\/wp\/v2\/pages"}],"about":[{"href":"https:\/\/www.hms.cl\/index.php\/wp-json\/wp\/v2\/types\/page"}],"author":[{"embeddable":true,"href":"https:\/\/www.hms.cl\/index.php\/wp-json\/wp\/v2\/users\/1"}],"replies":[{"embeddable":true,"href":"https:\/\/www.hms.cl\/index.php\/wp-json\/wp\/v2\/comments?post=557"}],"version-history":[{"count":31,"href":"https:\/\/www.hms.cl\/index.php\/wp-json\/wp\/v2\/pages\/557\/revisions"}],"predecessor-version":[{"id":10879,"href":"https:\/\/www.hms.cl\/index.php\/wp-json\/wp\/v2\/pages\/557\/revisions\/10879"}],"wp:attachment":[{"href":"https:\/\/www.hms.cl\/index.php\/wp-json\/wp\/v2\/media?parent=557"}],"curies":[{"name":"wp","href":"https:\/\/api.w.org\/{rel}","templated":true}]}}