{"id":4800,"date":"2025-07-23T15:54:28","date_gmt":"2025-07-23T19:54:28","guid":{"rendered":"http:\/\/10.10.50.51\/?page_id=4800"},"modified":"2025-09-17T08:50:32","modified_gmt":"2025-09-17T12:50:32","slug":"convenio-dipreca","status":"publish","type":"page","link":"https:\/\/www.hms.cl\/index.php\/convenio-dipreca\/","title":{"rendered":"CONVENIO DIPRECA"},"content":{"rendered":"\t\t<div data-elementor-type=\"wp-page\" data-elementor-id=\"4800\" class=\"elementor elementor-4800\" data-elementor-post-type=\"page\">\n\t\t\t\t<div class=\"elementor-element elementor-element-7105e23 e-flex e-con-boxed e-con e-parent\" data-id=\"7105e23\" data-element_type=\"container\">\n\t\t\t\t\t<div class=\"e-con-inner\">\n\t\t\t\t<div class=\"elementor-element elementor-element-d4c2e80 elementor-widget elementor-widget-heading\" data-id=\"d4c2e80\" data-element_type=\"widget\" data-widget_type=\"heading.default\">\n\t\t\t\t<div class=\"elementor-widget-container\">\n\t\t\t\t\t<h2 class=\"elementor-heading-title elementor-size-default\">CONVENIO DIPRECA<\/h2>\t\t\t\t<\/div>\n\t\t\t\t<\/div>\n\t\t\t\t\t<\/div>\n\t\t\t\t<\/div>\n\t\t<div class=\"elementor-element elementor-element-4799a75 e-flex e-con-boxed e-con e-parent\" data-id=\"4799a75\" data-element_type=\"container\">\n\t\t\t\t\t<div class=\"e-con-inner\">\n\t\t\t\t<div class=\"elementor-element elementor-element-51702a9 elementor-widget elementor-widget-heading\" data-id=\"51702a9\" data-element_type=\"widget\" data-widget_type=\"heading.default\">\n\t\t\t\t<div class=\"elementor-widget-container\">\n\t\t\t\t\t<h2 class=\"elementor-heading-title elementor-size-default\">Direcci\u00f3n de Previsi\u00f3n de Carabineros de Chile<\/h2>\t\t\t\t<\/div>\n\t\t\t\t<\/div>\n\t\t\t\t\t<\/div>\n\t\t\t\t<\/div>\n\t\t<div class=\"elementor-element elementor-element-ab048f8 e-flex e-con-boxed e-con e-parent\" data-id=\"ab048f8\" data-element_type=\"container\">\n\t\t\t\t\t<div class=\"e-con-inner\">\n\t\t\t\t<div class=\"elementor-element elementor-element-0d060bf elementor-widget elementor-widget-image\" data-id=\"0d060bf\" data-element_type=\"widget\" data-widget_type=\"image.default\">\n\t\t\t\t<div class=\"elementor-widget-container\">\n\t\t\t\t\t\t\t\t\t\t\t\t\t\t\t<img fetchpriority=\"high\" decoding=\"async\" width=\"236\" height=\"214\" src=\"https:\/\/www.hms.cl\/wp-content\/uploads\/2025\/02\/Dipreca.png\" class=\"attachment-large size-large wp-image-299\" alt=\"\" \/>\t\t\t\t\t\t\t\t\t\t\t\t\t\t\t<\/div>\n\t\t\t\t<\/div>\n\t\t\t\t\t<\/div>\n\t\t\t\t<\/div>\n\t\t<div class=\"elementor-element elementor-element-42b5315 e-flex e-con-boxed e-con e-parent\" data-id=\"42b5315\" data-element_type=\"container\">\n\t\t\t\t\t<div class=\"e-con-inner\">\n\t\t\t\t<div class=\"elementor-element elementor-element-347306b elementor-widget elementor-widget-text-editor\" data-id=\"347306b\" data-element_type=\"widget\" data-widget_type=\"text-editor.default\">\n\t\t\t\t<div class=\"elementor-widget-container\">\n\t\t\t\t\t\t\t\t\t<p>En el Hospital Militar de Santiago (HMS) los beneficiarios de DIPRECA pueden acceder a las atenciones m\u00e9dicas Ambulatorias, Hospitalarias y de Urgencia, mediante la emisi\u00f3n de bono electr\u00f3nico en el HMS o directamente en la Plataforma de Atenci\u00f3n al Beneficiario de las oficinas de DIPRECA a lo largo del pa\u00eds.<\/p><p>La oficina en Santiago se ubica en calle 21 de Mayo #592. El horario de atenci\u00f3n presencial es de Lunes a Viernes de 09:00 hasta 14:00 horas.<\/p><h4><strong>1 \u2013 Atenci\u00f3n Hospitalaria<\/strong><\/h4><p>\u2022 Consultas M\u00e9dicas de diferentes especialidades.<br \/>\u2022 Ex\u00e1menes de Laboratorio e Im\u00e1genes.<br \/>\u2022 Procedimientos<\/p><p>Para acceder a estas atenciones, primero debes agendar una hora contact\u00e1ndote al Contact Center\u00a022 331 6000 \u2013 22 331 7000\u00a0o a trav\u00e9s de nuestro Portal Paciente usando tu Clave \u00danica<\/p>\t\t\t\t\t\t\t\t<\/div>\n\t\t\t\t<\/div>\n\t\t\t\t\t<\/div>\n\t\t\t\t<\/div>\n\t\t<div class=\"elementor-element elementor-element-bdd8051 e-flex e-con-boxed e-con e-parent\" data-id=\"bdd8051\" data-element_type=\"container\">\n\t\t\t\t\t<div class=\"e-con-inner\">\n\t\t\t\t<div class=\"elementor-element elementor-element-08ccdf8 elementor-align-center elementor-widget elementor-widget-button\" data-id=\"08ccdf8\" data-element_type=\"widget\" data-widget_type=\"button.default\">\n\t\t\t\t<div class=\"elementor-widget-container\">\n\t\t\t\t\t\t\t\t\t<div class=\"elementor-button-wrapper\">\n\t\t\t\t\t<a class=\"elementor-button elementor-button-link elementor-size-sm\" href=\"https:\/\/portalpaciente.hms.cl\/pcomlive\/public\/index.html#\/unauth\/signIn\" target=\"_blank\">\n\t\t\t\t\t\t<span class=\"elementor-button-content-wrapper\">\n\t\t\t\t\t\t\t\t\t<span class=\"elementor-button-text\">PORTAL PACIENTE<\/span>\n\t\t\t\t\t<\/span>\n\t\t\t\t\t<\/a>\n\t\t\t\t<\/div>\n\t\t\t\t\t\t\t\t<\/div>\n\t\t\t\t<\/div>\n\t\t\t\t\t<\/div>\n\t\t\t\t<\/div>\n\t\t<div class=\"elementor-element elementor-element-d28fe4b e-flex e-con-boxed e-con e-parent\" data-id=\"d28fe4b\" data-element_type=\"container\">\n\t\t\t\t\t<div class=\"e-con-inner\">\n\t\t\t\t<div class=\"elementor-element elementor-element-002f1e3 elementor-widget elementor-widget-text-editor\" data-id=\"002f1e3\" data-element_type=\"widget\" data-widget_type=\"text-editor.default\">\n\t\t\t\t<div class=\"elementor-widget-container\">\n\t\t\t\t\t\t\t\t\t<p>Las formas de pago son:<\/p><p>\u2022 En la recepci\u00f3n del policl\u00ednico, mediante el bono web en l\u00ednea.<br \/>\u2022 Previamente en la plataforma de DIPRECA.<br \/>\u2022 Prestaciones ambulatorias que est\u00e9n asociadas a Sala de Procedimiento y no est\u00e9n en convenio, deben ser pagadas y reembolsadas en Isapre Fundaci\u00f3n.<\/p><h4><strong>2 \u2013 Atenci\u00f3n Hospitalaria<\/strong><\/h4><p>\u2022 Cirug\u00edas de diferentes especialidades del HMS.\u00a0<a role=\"link\" href=\"https:\/\/www.hms.cl\/index.php\/especialidades-y-servicios\/\" target=\"_blank\" rel=\"noopener\"><span style=\"color: #3366ff;\">VER AQU\u00cd.<\/span><\/a><br \/>\u2022 Hospitalizaci\u00f3n Pedi\u00e1trica, Medicina, Cirug\u00eda, Oncolog\u00eda, Psiqui\u00e1trica.<br \/>\u2022 Hospitalizaci\u00f3n en Unidades Cr\u00edticas: Adulto y Pedi\u00e1trico.<\/p><p><strong>3 \u2013 Atenci\u00f3n de Urgencia Adulto y Pedi\u00e1trica.<\/strong><\/p><p>\u2022 Disponible 24 horas del d\u00eda.<\/p><p>Accede al listado de Prestaciones en Convenio con DIPRECA en los siguientes links:<\/p>\t\t\t\t\t\t\t\t<\/div>\n\t\t\t\t<\/div>\n\t\t\t\t\t<\/div>\n\t\t\t\t<\/div>\n\t\t<div class=\"elementor-element elementor-element-b58ea0c e-flex e-con-boxed e-con e-parent\" data-id=\"b58ea0c\" data-element_type=\"container\">\n\t\t\t\t\t<div class=\"e-con-inner\">\n\t\t\t\t<div class=\"elementor-element elementor-element-23a117f elementor-align-center elementor-widget elementor-widget-button\" data-id=\"23a117f\" data-element_type=\"widget\" data-widget_type=\"button.default\">\n\t\t\t\t<div class=\"elementor-widget-container\">\n\t\t\t\t\t\t\t\t\t<div class=\"elementor-button-wrapper\">\n\t\t\t\t\t<a class=\"elementor-button elementor-button-link elementor-size-sm\" href=\"https:\/\/www.hms.cl\/wp-content\/uploads\/2025\/07\/Prestaciones-en-convenio_DIPRECA-2025_web.pdf\" target=\"_blank\">\n\t\t\t\t\t\t<span class=\"elementor-button-content-wrapper\">\n\t\t\t\t\t\t\t\t\t<span class=\"elementor-button-text\">FORMATO PDF<\/span>\n\t\t\t\t\t<\/span>\n\t\t\t\t\t<\/a>\n\t\t\t\t<\/div>\n\t\t\t\t\t\t\t\t<\/div>\n\t\t\t\t<\/div>\n\t\t\t\t\t<\/div>\n\t\t\t\t<\/div>\n\t\t\t\t<\/div>\n\t\t","protected":false},"excerpt":{"rendered":"<p>Direcci\u00f3n de Previsi\u00f3n de Carabineros de Chile En el Hospital Militar de Santiago (HMS) los beneficiarios de DIPRECA pueden acceder a las atenciones m\u00e9dicas Ambulatorias, Hospitalarias y de Urgencia, mediante la emisi\u00f3n de bono electr\u00f3nico en el HMS o directamente en la Plataforma de Atenci\u00f3n al Beneficiario de las oficinas de DIPRECA a lo largo [&hellip;]<\/p>\n","protected":false},"author":1,"featured_media":0,"parent":0,"menu_order":0,"comment_status":"closed","ping_status":"closed","template":"","meta":{"footnotes":""},"class_list":["post-4800","page","type-page","status-publish","hentry"],"yoast_head":"<!-- This site is optimized with the Yoast SEO plugin v25.6 - https:\/\/yoast.com\/wordpress\/plugins\/seo\/ -->\n<title>CONVENIO DIPRECA - Hospital Militar de Santiago<\/title>\n<meta name=\"robots\" content=\"index, follow, max-snippet:-1, max-image-preview:large, max-video-preview:-1\" \/>\n<link rel=\"canonical\" href=\"https:\/\/www.hms.cl\/index.php\/convenio-dipreca\/\" \/>\n<meta property=\"og:locale\" content=\"es_ES\" \/>\n<meta property=\"og:type\" content=\"article\" \/>\n<meta property=\"og:title\" content=\"CONVENIO DIPRECA - Hospital Militar de Santiago\" \/>\n<meta property=\"og:description\" content=\"Direcci\u00f3n de Previsi\u00f3n de Carabineros de Chile En el Hospital Militar de Santiago (HMS) los beneficiarios de DIPRECA pueden acceder a las atenciones m\u00e9dicas Ambulatorias, Hospitalarias y de Urgencia, mediante la emisi\u00f3n de bono electr\u00f3nico en el HMS o directamente en la Plataforma de Atenci\u00f3n al Beneficiario de las oficinas de DIPRECA a lo largo [&hellip;]\" \/>\n<meta property=\"og:url\" content=\"https:\/\/www.hms.cl\/index.php\/convenio-dipreca\/\" \/>\n<meta property=\"og:site_name\" content=\"Hospital Militar de Santiago\" \/>\n<meta property=\"article:publisher\" content=\"https:\/\/www.facebook.com\/hospitalmilitardesantiago\" \/>\n<meta property=\"article:modified_time\" content=\"2025-09-17T12:50:32+00:00\" \/>\n<meta property=\"og:image\" content=\"https:\/\/www.hms.cl\/wp-content\/uploads\/2025\/02\/Dipreca.png\" \/>\n\t<meta property=\"og:image:width\" content=\"236\" \/>\n\t<meta property=\"og:image:height\" content=\"214\" \/>\n\t<meta property=\"og:image:type\" content=\"image\/png\" \/>\n<meta name=\"twitter:card\" content=\"summary_large_image\" \/>\n<meta name=\"twitter:site\" content=\"@HosMilSantiago\" \/>\n<meta name=\"twitter:label1\" content=\"Tiempo estimado de lectura\" \/>\n\t<meta name=\"twitter:data1\" content=\"2 minutos\" \/>\n<script type=\"application\/ld+json\" class=\"yoast-schema-graph\">{\"@context\":\"https:\/\/schema.org\",\"@graph\":[{\"@type\":\"WebPage\",\"@id\":\"https:\/\/www.hms.cl\/index.php\/convenio-dipreca\/\",\"url\":\"https:\/\/www.hms.cl\/index.php\/convenio-dipreca\/\",\"name\":\"CONVENIO DIPRECA - Hospital Militar de Santiago\",\"isPartOf\":{\"@id\":\"https:\/\/www.hms.cl\/#website\"},\"primaryImageOfPage\":{\"@id\":\"https:\/\/www.hms.cl\/index.php\/convenio-dipreca\/#primaryimage\"},\"image\":{\"@id\":\"https:\/\/www.hms.cl\/index.php\/convenio-dipreca\/#primaryimage\"},\"thumbnailUrl\":\"https:\/\/www.hms.cl\/wp-content\/uploads\/2025\/02\/Dipreca.png\",\"datePublished\":\"2025-07-23T19:54:28+00:00\",\"dateModified\":\"2025-09-17T12:50:32+00:00\",\"breadcrumb\":{\"@id\":\"https:\/\/www.hms.cl\/index.php\/convenio-dipreca\/#breadcrumb\"},\"inLanguage\":\"es-CL\",\"potentialAction\":[{\"@type\":\"ReadAction\",\"target\":[\"https:\/\/www.hms.cl\/index.php\/convenio-dipreca\/\"]}]},{\"@type\":\"ImageObject\",\"inLanguage\":\"es-CL\",\"@id\":\"https:\/\/www.hms.cl\/index.php\/convenio-dipreca\/#primaryimage\",\"url\":\"https:\/\/www.hms.cl\/wp-content\/uploads\/2025\/02\/Dipreca.png\",\"contentUrl\":\"https:\/\/www.hms.cl\/wp-content\/uploads\/2025\/02\/Dipreca.png\",\"width\":236,\"height\":214},{\"@type\":\"BreadcrumbList\",\"@id\":\"https:\/\/www.hms.cl\/index.php\/convenio-dipreca\/#breadcrumb\",\"itemListElement\":[{\"@type\":\"ListItem\",\"position\":1,\"name\":\"Home\",\"item\":\"https:\/\/www.hms.cl\/\"},{\"@type\":\"ListItem\",\"position\":2,\"name\":\"CONVENIO DIPRECA\"}]},{\"@type\":\"WebSite\",\"@id\":\"https:\/\/www.hms.cl\/#website\",\"url\":\"https:\/\/www.hms.cl\/\",\"name\":\"Hospital Militar de Santiago\",\"description\":\"\",\"publisher\":{\"@id\":\"https:\/\/www.hms.cl\/#organization\"},\"potentialAction\":[{\"@type\":\"SearchAction\",\"target\":{\"@type\":\"EntryPoint\",\"urlTemplate\":\"https:\/\/www.hms.cl\/?s={search_term_string}\"},\"query-input\":{\"@type\":\"PropertyValueSpecification\",\"valueRequired\":true,\"valueName\":\"search_term_string\"}}],\"inLanguage\":\"es-CL\"},{\"@type\":\"Organization\",\"@id\":\"https:\/\/www.hms.cl\/#organization\",\"name\":\"Hospital Militar de Santiago\",\"url\":\"https:\/\/www.hms.cl\/\",\"logo\":{\"@type\":\"ImageObject\",\"inLanguage\":\"es-CL\",\"@id\":\"https:\/\/www.hms.cl\/#\/schema\/logo\/image\/\",\"url\":\"https:\/\/www.hms.cl\/wp-content\/uploads\/2025\/07\/Logo-Vertical-Mediano.png\",\"contentUrl\":\"https:\/\/www.hms.cl\/wp-content\/uploads\/2025\/07\/Logo-Vertical-Mediano.png\",\"width\":1280,\"height\":720,\"caption\":\"Hospital Militar de Santiago\"},\"image\":{\"@id\":\"https:\/\/www.hms.cl\/#\/schema\/logo\/image\/\"},\"sameAs\":[\"https:\/\/www.facebook.com\/hospitalmilitardesantiago\",\"https:\/\/x.com\/HosMilSantiago\",\"https:\/\/www.instagram.com\/hospitalmilitardesantiago\/\",\"https:\/\/www.linkedin.com\/company\/hospital-militar-de-santiago-hosmil\",\"https:\/\/www.youtube.com\/c\/HMSVIDEO\"]}]}<\/script>\n<!-- \/ Yoast SEO plugin. -->","yoast_head_json":{"title":"CONVENIO DIPRECA - Hospital Militar de Santiago","robots":{"index":"index","follow":"follow","max-snippet":"max-snippet:-1","max-image-preview":"max-image-preview:large","max-video-preview":"max-video-preview:-1"},"canonical":"https:\/\/www.hms.cl\/index.php\/convenio-dipreca\/","og_locale":"es_ES","og_type":"article","og_title":"CONVENIO DIPRECA - Hospital Militar de Santiago","og_description":"Direcci\u00f3n de Previsi\u00f3n de Carabineros de Chile En el Hospital Militar de Santiago (HMS) los beneficiarios de DIPRECA pueden acceder a las atenciones m\u00e9dicas Ambulatorias, Hospitalarias y de Urgencia, mediante la emisi\u00f3n de bono electr\u00f3nico en el HMS o directamente en la Plataforma de Atenci\u00f3n al Beneficiario de las oficinas de DIPRECA a lo largo [&hellip;]","og_url":"https:\/\/www.hms.cl\/index.php\/convenio-dipreca\/","og_site_name":"Hospital Militar de Santiago","article_publisher":"https:\/\/www.facebook.com\/hospitalmilitardesantiago","article_modified_time":"2025-09-17T12:50:32+00:00","og_image":[{"width":236,"height":214,"url":"https:\/\/www.hms.cl\/wp-content\/uploads\/2025\/02\/Dipreca.png","type":"image\/png"}],"twitter_card":"summary_large_image","twitter_site":"@HosMilSantiago","twitter_misc":{"Tiempo estimado de lectura":"2 minutos"},"schema":{"@context":"https:\/\/schema.org","@graph":[{"@type":"WebPage","@id":"https:\/\/www.hms.cl\/index.php\/convenio-dipreca\/","url":"https:\/\/www.hms.cl\/index.php\/convenio-dipreca\/","name":"CONVENIO DIPRECA - Hospital Militar de Santiago","isPartOf":{"@id":"https:\/\/www.hms.cl\/#website"},"primaryImageOfPage":{"@id":"https:\/\/www.hms.cl\/index.php\/convenio-dipreca\/#primaryimage"},"image":{"@id":"https:\/\/www.hms.cl\/index.php\/convenio-dipreca\/#primaryimage"},"thumbnailUrl":"https:\/\/www.hms.cl\/wp-content\/uploads\/2025\/02\/Dipreca.png","datePublished":"2025-07-23T19:54:28+00:00","dateModified":"2025-09-17T12:50:32+00:00","breadcrumb":{"@id":"https:\/\/www.hms.cl\/index.php\/convenio-dipreca\/#breadcrumb"},"inLanguage":"es-CL","potentialAction":[{"@type":"ReadAction","target":["https:\/\/www.hms.cl\/index.php\/convenio-dipreca\/"]}]},{"@type":"ImageObject","inLanguage":"es-CL","@id":"https:\/\/www.hms.cl\/index.php\/convenio-dipreca\/#primaryimage","url":"https:\/\/www.hms.cl\/wp-content\/uploads\/2025\/02\/Dipreca.png","contentUrl":"https:\/\/www.hms.cl\/wp-content\/uploads\/2025\/02\/Dipreca.png","width":236,"height":214},{"@type":"BreadcrumbList","@id":"https:\/\/www.hms.cl\/index.php\/convenio-dipreca\/#breadcrumb","itemListElement":[{"@type":"ListItem","position":1,"name":"Home","item":"https:\/\/www.hms.cl\/"},{"@type":"ListItem","position":2,"name":"CONVENIO DIPRECA"}]},{"@type":"WebSite","@id":"https:\/\/www.hms.cl\/#website","url":"https:\/\/www.hms.cl\/","name":"Hospital Militar de Santiago","description":"","publisher":{"@id":"https:\/\/www.hms.cl\/#organization"},"potentialAction":[{"@type":"SearchAction","target":{"@type":"EntryPoint","urlTemplate":"https:\/\/www.hms.cl\/?s={search_term_string}"},"query-input":{"@type":"PropertyValueSpecification","valueRequired":true,"valueName":"search_term_string"}}],"inLanguage":"es-CL"},{"@type":"Organization","@id":"https:\/\/www.hms.cl\/#organization","name":"Hospital Militar de Santiago","url":"https:\/\/www.hms.cl\/","logo":{"@type":"ImageObject","inLanguage":"es-CL","@id":"https:\/\/www.hms.cl\/#\/schema\/logo\/image\/","url":"https:\/\/www.hms.cl\/wp-content\/uploads\/2025\/07\/Logo-Vertical-Mediano.png","contentUrl":"https:\/\/www.hms.cl\/wp-content\/uploads\/2025\/07\/Logo-Vertical-Mediano.png","width":1280,"height":720,"caption":"Hospital Militar de Santiago"},"image":{"@id":"https:\/\/www.hms.cl\/#\/schema\/logo\/image\/"},"sameAs":["https:\/\/www.facebook.com\/hospitalmilitardesantiago","https:\/\/x.com\/HosMilSantiago","https:\/\/www.instagram.com\/hospitalmilitardesantiago\/","https:\/\/www.linkedin.com\/company\/hospital-militar-de-santiago-hosmil","https:\/\/www.youtube.com\/c\/HMSVIDEO"]}]}},"_links":{"self":[{"href":"https:\/\/www.hms.cl\/index.php\/wp-json\/wp\/v2\/pages\/4800","targetHints":{"allow":["GET"]}}],"collection":[{"href":"https:\/\/www.hms.cl\/index.php\/wp-json\/wp\/v2\/pages"}],"about":[{"href":"https:\/\/www.hms.cl\/index.php\/wp-json\/wp\/v2\/types\/page"}],"author":[{"embeddable":true,"href":"https:\/\/www.hms.cl\/index.php\/wp-json\/wp\/v2\/users\/1"}],"replies":[{"embeddable":true,"href":"https:\/\/www.hms.cl\/index.php\/wp-json\/wp\/v2\/comments?post=4800"}],"version-history":[{"count":9,"href":"https:\/\/www.hms.cl\/index.php\/wp-json\/wp\/v2\/pages\/4800\/revisions"}],"predecessor-version":[{"id":5916,"href":"https:\/\/www.hms.cl\/index.php\/wp-json\/wp\/v2\/pages\/4800\/revisions\/5916"}],"wp:attachment":[{"href":"https:\/\/www.hms.cl\/index.php\/wp-json\/wp\/v2\/media?parent=4800"}],"curies":[{"name":"wp","href":"https:\/\/api.w.org\/{rel}","templated":true}]}}