{"id":4157,"date":"2025-07-04T11:35:23","date_gmt":"2025-07-04T14:35:23","guid":{"rendered":"http:\/\/10.10.50.51\/?page_id=4157"},"modified":"2025-07-04T11:38:01","modified_gmt":"2025-07-04T14:38:01","slug":"servicio-de-anestesiologia","status":"publish","type":"page","link":"https:\/\/www.hms.cl\/index.php\/servicio-de-anestesiologia\/","title":{"rendered":"SERVICIO DE ANESTESIOLOG\u00cdA"},"content":{"rendered":"\t\t<div data-elementor-type=\"wp-page\" data-elementor-id=\"4157\" class=\"elementor elementor-4157\" data-elementor-post-type=\"page\">\n\t\t\t\t<div class=\"elementor-element elementor-element-13a4a3d e-flex e-con-boxed e-con e-parent\" data-id=\"13a4a3d\" data-element_type=\"container\">\n\t\t\t\t\t<div class=\"e-con-inner\">\n\t\t\t\t<div class=\"elementor-element elementor-element-54292fe elementor-tabs-view-vertical elementor-widget elementor-widget-tabs\" data-id=\"54292fe\" data-element_type=\"widget\" data-widget_type=\"tabs.default\">\n\t\t\t\t<div class=\"elementor-widget-container\">\n\t\t\t\t\t\t\t<div class=\"elementor-tabs\">\n\t\t\t<div class=\"elementor-tabs-wrapper\" role=\"tablist\" >\n\t\t\t\t\t\t\t\t\t<div id=\"elementor-tab-title-8821\" class=\"elementor-tab-title elementor-tab-desktop-title\" aria-selected=\"true\" data-tab=\"1\" role=\"tab\" tabindex=\"0\" aria-controls=\"elementor-tab-content-8821\" aria-expanded=\"false\">SERVICIO DE ANESTESIOLOG\u00cdA<\/div>\n\t\t\t\t\t\t\t<\/div>\n\t\t\t<div class=\"elementor-tabs-content-wrapper\" role=\"tablist\" aria-orientation=\"vertical\">\n\t\t\t\t\t\t\t\t\t<div class=\"elementor-tab-title elementor-tab-mobile-title\" aria-selected=\"true\" data-tab=\"1\" role=\"tab\" tabindex=\"0\" aria-controls=\"elementor-tab-content-8821\" aria-expanded=\"false\">SERVICIO DE ANESTESIOLOG\u00cdA<\/div>\n\t\t\t\t\t<div id=\"elementor-tab-content-8821\" class=\"elementor-tab-content elementor-clearfix\" data-tab=\"1\" role=\"tabpanel\" aria-labelledby=\"elementor-tab-title-8821\" tabindex=\"0\" hidden=\"false\"><p>Nuestros anestesi\u00f3logos se dedican a la atenci\u00f3n y cuidado de los pacientes durante cirug\u00edas y procedimientos, que pueden resultar molestos o dolorosos: biopsias bajo radiolog\u00eda intervencional, endoscopias, procedimientos dentales, toma de im\u00e1genes en pacientes pedi\u00e1tricos o claustrof\u00f3bicos, entre otros. Sean estos electivos o de urgencia, siempre dispuestos a ejercer un rol facilitador y colaborativo con las distintas \u00e1reas y especialidades del Hospital.<\/p><p>Su labor es ejercida durante todo el periodo operatorio (pre, intra y postoperatorio). Esto mediante la evaluaci\u00f3n pre anest\u00e9sica donde se eval\u00faa el riesgo, se optimizan comorbilidades y se entregan indicaciones previas a la cirug\u00eda. En el intraoperatorio brinda sedaci\u00f3n y anestesia propiamente tal, adem\u00e1s de mantener las funciones vitales en el rango normal. Y por \u00faltimo, en el postoperatorio manejando el dolor, previniendo complicaciones como n\u00e1useas,\u00a0 v\u00f3mitos, entre otros s\u00edntomas.<\/p><p>Todas estas acciones tienen por finalidad disminuir el riesgo de complicaciones y mejorar el bienestar del paciente sometido a cirug\u00edas.<\/p><p>Nuestro servicio cuenta con profesionales acreditados y con experiencia, las 24 horas del d\u00eda. Se puede acceder a estos profesionales en Pabell\u00f3n Quir\u00fargico ubicado en 5\u00ba piso y Policl\u00ednico de especialidades.<\/p><p>Tambi\u00e9n, se realizan labores docentes al participar activamente en la formaci\u00f3n de nuevos m\u00e9dicos de la Universidad de los Andes, siendo parte del programa de Cirug\u00eda General<\/p><\/div>\n\t\t\t\t\t\t\t<\/div>\n\t\t<\/div>\n\t\t\t\t\t\t<\/div>\n\t\t\t\t<\/div>\n\t\t\t\t\t<\/div>\n\t\t\t\t<\/div>\n\t\t\t\t<\/div>\n\t\t","protected":false},"excerpt":{"rendered":"<p>Nuestros anestesi\u00f3logos se dedican a la atenci\u00f3n y cuidado de los pacientes durante cirug\u00edas y procedimientos, que pueden resultar molestos o dolorosos<\/p>\n","protected":false},"author":1,"featured_media":0,"parent":0,"menu_order":0,"comment_status":"closed","ping_status":"closed","template":"","meta":{"footnotes":""},"class_list":["post-4157","page","type-page","status-publish","hentry"],"yoast_head":"<!-- This site is optimized with the Yoast SEO plugin v25.6 - https:\/\/yoast.com\/wordpress\/plugins\/seo\/ -->\n<title>SERVICIO DE ANESTESIOLOG\u00cdA - Hospital Militar de Santiago<\/title>\n<meta name=\"robots\" content=\"index, follow, max-snippet:-1, max-image-preview:large, max-video-preview:-1\" \/>\n<link rel=\"canonical\" href=\"https:\/\/www.hms.cl\/index.php\/servicio-de-anestesiologia\/\" \/>\n<meta property=\"og:locale\" content=\"es_ES\" \/>\n<meta property=\"og:type\" content=\"article\" \/>\n<meta property=\"og:title\" content=\"SERVICIO DE ANESTESIOLOG\u00cdA - Hospital Militar de Santiago\" \/>\n<meta property=\"og:description\" content=\"Nuestros anestesi\u00f3logos se dedican a la atenci\u00f3n y cuidado de los pacientes durante cirug\u00edas y procedimientos, que pueden resultar molestos o dolorosos\" \/>\n<meta property=\"og:url\" content=\"https:\/\/www.hms.cl\/index.php\/servicio-de-anestesiologia\/\" \/>\n<meta property=\"og:site_name\" content=\"Hospital Militar de Santiago\" \/>\n<meta property=\"article:publisher\" content=\"https:\/\/www.facebook.com\/hospitalmilitardesantiago\" \/>\n<meta property=\"article:modified_time\" content=\"2025-07-04T14:38:01+00:00\" \/>\n<meta name=\"twitter:card\" content=\"summary_large_image\" \/>\n<meta name=\"twitter:site\" content=\"@HosMilSantiago\" \/>\n<meta name=\"twitter:label1\" content=\"Tiempo estimado de lectura\" \/>\n\t<meta name=\"twitter:data1\" content=\"1 minuto\" \/>\n<script type=\"application\/ld+json\" class=\"yoast-schema-graph\">{\"@context\":\"https:\/\/schema.org\",\"@graph\":[{\"@type\":\"WebPage\",\"@id\":\"https:\/\/www.hms.cl\/index.php\/servicio-de-anestesiologia\/\",\"url\":\"https:\/\/www.hms.cl\/index.php\/servicio-de-anestesiologia\/\",\"name\":\"SERVICIO DE ANESTESIOLOG\u00cdA - Hospital Militar de Santiago\",\"isPartOf\":{\"@id\":\"https:\/\/www.hms.cl\/#website\"},\"datePublished\":\"2025-07-04T14:35:23+00:00\",\"dateModified\":\"2025-07-04T14:38:01+00:00\",\"breadcrumb\":{\"@id\":\"https:\/\/www.hms.cl\/index.php\/servicio-de-anestesiologia\/#breadcrumb\"},\"inLanguage\":\"es-CL\",\"potentialAction\":[{\"@type\":\"ReadAction\",\"target\":[\"https:\/\/www.hms.cl\/index.php\/servicio-de-anestesiologia\/\"]}]},{\"@type\":\"BreadcrumbList\",\"@id\":\"https:\/\/www.hms.cl\/index.php\/servicio-de-anestesiologia\/#breadcrumb\",\"itemListElement\":[{\"@type\":\"ListItem\",\"position\":1,\"name\":\"Home\",\"item\":\"https:\/\/www.hms.cl\/\"},{\"@type\":\"ListItem\",\"position\":2,\"name\":\"SERVICIO DE ANESTESIOLOG\u00cdA\"}]},{\"@type\":\"WebSite\",\"@id\":\"https:\/\/www.hms.cl\/#website\",\"url\":\"https:\/\/www.hms.cl\/\",\"name\":\"Hospital Militar de Santiago\",\"description\":\"\",\"publisher\":{\"@id\":\"https:\/\/www.hms.cl\/#organization\"},\"potentialAction\":[{\"@type\":\"SearchAction\",\"target\":{\"@type\":\"EntryPoint\",\"urlTemplate\":\"https:\/\/www.hms.cl\/?s={search_term_string}\"},\"query-input\":{\"@type\":\"PropertyValueSpecification\",\"valueRequired\":true,\"valueName\":\"search_term_string\"}}],\"inLanguage\":\"es-CL\"},{\"@type\":\"Organization\",\"@id\":\"https:\/\/www.hms.cl\/#organization\",\"name\":\"Hospital Militar de Santiago\",\"url\":\"https:\/\/www.hms.cl\/\",\"logo\":{\"@type\":\"ImageObject\",\"inLanguage\":\"es-CL\",\"@id\":\"https:\/\/www.hms.cl\/#\/schema\/logo\/image\/\",\"url\":\"https:\/\/www.hms.cl\/wp-content\/uploads\/2025\/07\/Logo-Vertical-Mediano.png\",\"contentUrl\":\"https:\/\/www.hms.cl\/wp-content\/uploads\/2025\/07\/Logo-Vertical-Mediano.png\",\"width\":1280,\"height\":720,\"caption\":\"Hospital Militar de Santiago\"},\"image\":{\"@id\":\"https:\/\/www.hms.cl\/#\/schema\/logo\/image\/\"},\"sameAs\":[\"https:\/\/www.facebook.com\/hospitalmilitardesantiago\",\"https:\/\/x.com\/HosMilSantiago\",\"https:\/\/www.instagram.com\/hospitalmilitardesantiago\/\",\"https:\/\/www.linkedin.com\/company\/hospital-militar-de-santiago-hosmil\",\"https:\/\/www.youtube.com\/c\/HMSVIDEO\"]}]}<\/script>\n<!-- \/ Yoast SEO plugin. -->","yoast_head_json":{"title":"SERVICIO DE ANESTESIOLOG\u00cdA - Hospital Militar de Santiago","robots":{"index":"index","follow":"follow","max-snippet":"max-snippet:-1","max-image-preview":"max-image-preview:large","max-video-preview":"max-video-preview:-1"},"canonical":"https:\/\/www.hms.cl\/index.php\/servicio-de-anestesiologia\/","og_locale":"es_ES","og_type":"article","og_title":"SERVICIO DE ANESTESIOLOG\u00cdA - Hospital Militar de Santiago","og_description":"Nuestros anestesi\u00f3logos se dedican a la atenci\u00f3n y cuidado de los pacientes durante cirug\u00edas y procedimientos, que pueden resultar molestos o dolorosos","og_url":"https:\/\/www.hms.cl\/index.php\/servicio-de-anestesiologia\/","og_site_name":"Hospital Militar de Santiago","article_publisher":"https:\/\/www.facebook.com\/hospitalmilitardesantiago","article_modified_time":"2025-07-04T14:38:01+00:00","twitter_card":"summary_large_image","twitter_site":"@HosMilSantiago","twitter_misc":{"Tiempo estimado de lectura":"1 minuto"},"schema":{"@context":"https:\/\/schema.org","@graph":[{"@type":"WebPage","@id":"https:\/\/www.hms.cl\/index.php\/servicio-de-anestesiologia\/","url":"https:\/\/www.hms.cl\/index.php\/servicio-de-anestesiologia\/","name":"SERVICIO DE ANESTESIOLOG\u00cdA - Hospital Militar de Santiago","isPartOf":{"@id":"https:\/\/www.hms.cl\/#website"},"datePublished":"2025-07-04T14:35:23+00:00","dateModified":"2025-07-04T14:38:01+00:00","breadcrumb":{"@id":"https:\/\/www.hms.cl\/index.php\/servicio-de-anestesiologia\/#breadcrumb"},"inLanguage":"es-CL","potentialAction":[{"@type":"ReadAction","target":["https:\/\/www.hms.cl\/index.php\/servicio-de-anestesiologia\/"]}]},{"@type":"BreadcrumbList","@id":"https:\/\/www.hms.cl\/index.php\/servicio-de-anestesiologia\/#breadcrumb","itemListElement":[{"@type":"ListItem","position":1,"name":"Home","item":"https:\/\/www.hms.cl\/"},{"@type":"ListItem","position":2,"name":"SERVICIO DE ANESTESIOLOG\u00cdA"}]},{"@type":"WebSite","@id":"https:\/\/www.hms.cl\/#website","url":"https:\/\/www.hms.cl\/","name":"Hospital Militar de Santiago","description":"","publisher":{"@id":"https:\/\/www.hms.cl\/#organization"},"potentialAction":[{"@type":"SearchAction","target":{"@type":"EntryPoint","urlTemplate":"https:\/\/www.hms.cl\/?s={search_term_string}"},"query-input":{"@type":"PropertyValueSpecification","valueRequired":true,"valueName":"search_term_string"}}],"inLanguage":"es-CL"},{"@type":"Organization","@id":"https:\/\/www.hms.cl\/#organization","name":"Hospital Militar de Santiago","url":"https:\/\/www.hms.cl\/","logo":{"@type":"ImageObject","inLanguage":"es-CL","@id":"https:\/\/www.hms.cl\/#\/schema\/logo\/image\/","url":"https:\/\/www.hms.cl\/wp-content\/uploads\/2025\/07\/Logo-Vertical-Mediano.png","contentUrl":"https:\/\/www.hms.cl\/wp-content\/uploads\/2025\/07\/Logo-Vertical-Mediano.png","width":1280,"height":720,"caption":"Hospital Militar de Santiago"},"image":{"@id":"https:\/\/www.hms.cl\/#\/schema\/logo\/image\/"},"sameAs":["https:\/\/www.facebook.com\/hospitalmilitardesantiago","https:\/\/x.com\/HosMilSantiago","https:\/\/www.instagram.com\/hospitalmilitardesantiago\/","https:\/\/www.linkedin.com\/company\/hospital-militar-de-santiago-hosmil","https:\/\/www.youtube.com\/c\/HMSVIDEO"]}]}},"_links":{"self":[{"href":"https:\/\/www.hms.cl\/index.php\/wp-json\/wp\/v2\/pages\/4157","targetHints":{"allow":["GET"]}}],"collection":[{"href":"https:\/\/www.hms.cl\/index.php\/wp-json\/wp\/v2\/pages"}],"about":[{"href":"https:\/\/www.hms.cl\/index.php\/wp-json\/wp\/v2\/types\/page"}],"author":[{"embeddable":true,"href":"https:\/\/www.hms.cl\/index.php\/wp-json\/wp\/v2\/users\/1"}],"replies":[{"embeddable":true,"href":"https:\/\/www.hms.cl\/index.php\/wp-json\/wp\/v2\/comments?post=4157"}],"version-history":[{"count":6,"href":"https:\/\/www.hms.cl\/index.php\/wp-json\/wp\/v2\/pages\/4157\/revisions"}],"predecessor-version":[{"id":4175,"href":"https:\/\/www.hms.cl\/index.php\/wp-json\/wp\/v2\/pages\/4157\/revisions\/4175"}],"wp:attachment":[{"href":"https:\/\/www.hms.cl\/index.php\/wp-json\/wp\/v2\/media?parent=4157"}],"curies":[{"name":"wp","href":"https:\/\/api.w.org\/{rel}","templated":true}]}}