{"id":4021,"date":"2025-07-03T17:08:59","date_gmt":"2025-07-03T20:08:59","guid":{"rendered":"http:\/\/10.10.50.51\/?page_id=4021"},"modified":"2026-01-13T11:32:33","modified_gmt":"2026-01-13T15:32:33","slug":"terapia-ocupacional","status":"publish","type":"page","link":"https:\/\/www.hms.cl\/index.php\/terapia-ocupacional\/","title":{"rendered":"TERAPIA OCUPACIONAL"},"content":{"rendered":"\t\t<div data-elementor-type=\"wp-page\" data-elementor-id=\"4021\" class=\"elementor elementor-4021\" data-elementor-post-type=\"page\">\n\t\t\t\t<div class=\"elementor-element elementor-element-bcf89c9 e-flex e-con-boxed e-con e-parent\" data-id=\"bcf89c9\" data-element_type=\"container\">\n\t\t\t\t\t<div class=\"e-con-inner\">\n\t\t\t\t\t<\/div>\n\t\t\t\t<\/div>\n\t\t<div class=\"elementor-element elementor-element-4681c54 e-flex e-con-boxed e-con e-parent\" data-id=\"4681c54\" data-element_type=\"container\">\n\t\t\t\t\t<div class=\"e-con-inner\">\n\t\t\t\t<div class=\"elementor-element elementor-element-f582478 elementor-tabs-view-vertical elementor-widget elementor-widget-tabs\" data-id=\"f582478\" data-element_type=\"widget\" data-widget_type=\"tabs.default\">\n\t\t\t\t<div class=\"elementor-widget-container\">\n\t\t\t\t\t\t\t<div class=\"elementor-tabs\">\n\t\t\t<div class=\"elementor-tabs-wrapper\" role=\"tablist\" >\n\t\t\t\t\t\t\t\t\t<div id=\"elementor-tab-title-2571\" class=\"elementor-tab-title elementor-tab-desktop-title\" aria-selected=\"true\" data-tab=\"1\" role=\"tab\" tabindex=\"0\" aria-controls=\"elementor-tab-content-2571\" aria-expanded=\"false\">\u00bfQU\u00c9 ES LA TERAPIA OCUPACIONAL?<\/div>\n\t\t\t\t\t\t\t\t\t<div id=\"elementor-tab-title-2572\" class=\"elementor-tab-title elementor-tab-desktop-title\" aria-selected=\"false\" data-tab=\"2\" role=\"tab\" tabindex=\"-1\" aria-controls=\"elementor-tab-content-2572\" aria-expanded=\"false\">\u00bfCU\u00c1NDO DEBO ACUDIR?<\/div>\n\t\t\t\t\t\t\t\t\t<div id=\"elementor-tab-title-2573\" class=\"elementor-tab-title elementor-tab-desktop-title\" aria-selected=\"false\" data-tab=\"3\" role=\"tab\" tabindex=\"-1\" aria-controls=\"elementor-tab-content-2573\" aria-expanded=\"false\">ENFERMEDADES QUE TRATA<\/div>\n\t\t\t\t\t\t\t\t\t<div id=\"elementor-tab-title-2574\" class=\"elementor-tab-title elementor-tab-desktop-title\" aria-selected=\"false\" data-tab=\"4\" role=\"tab\" tabindex=\"-1\" aria-controls=\"elementor-tab-content-2574\" aria-expanded=\"false\">EQUIPOS M\u00c9DICOS<\/div>\n\t\t\t\t\t\t\t<\/div>\n\t\t\t<div class=\"elementor-tabs-content-wrapper\" role=\"tablist\" aria-orientation=\"vertical\">\n\t\t\t\t\t\t\t\t\t<div class=\"elementor-tab-title elementor-tab-mobile-title\" aria-selected=\"true\" data-tab=\"1\" role=\"tab\" tabindex=\"0\" aria-controls=\"elementor-tab-content-2571\" aria-expanded=\"false\">\u00bfQU\u00c9 ES LA TERAPIA OCUPACIONAL?<\/div>\n\t\t\t\t\t<div id=\"elementor-tab-content-2571\" class=\"elementor-tab-content elementor-clearfix\" data-tab=\"1\" role=\"tabpanel\" aria-labelledby=\"elementor-tab-title-2571\" tabindex=\"0\" hidden=\"false\"><p>La\u00a0 terapia ocupacional utiliza las actividades de cuidado, trabajo y juego para incrementar la independencia funcional, aumentar el desarrollo y prevenir la incapacidad. Asimismo, el servicio del HMS busca la adaptaci\u00f3n del paciente en su entorno y en las tareas habituales, para as\u00ed,\u00a0 alcanzar la m\u00e1xima independencia y aumentar la calidad de vida de la persona.<\/p><p>De este modo, nuestros terapeutas se encargan de la valoraci\u00f3n de las discapacidades y problemas f\u00edsicos, sensoriales y sociales de la persona. El cual pretende con un adecuado tratamiento alcanzar el mayor nivel de independencia en su d\u00eda a d\u00eda, facilitando la adaptaci\u00f3n de su discapacidad, por esa raz\u00f3n se ve ligada a los campos de rehabilitaci\u00f3n y readaptaci\u00f3n.<\/p><\/div>\n\t\t\t\t\t\t\t\t\t<div class=\"elementor-tab-title elementor-tab-mobile-title\" aria-selected=\"false\" data-tab=\"2\" role=\"tab\" tabindex=\"-1\" aria-controls=\"elementor-tab-content-2572\" aria-expanded=\"false\">\u00bfCU\u00c1NDO DEBO ACUDIR?<\/div>\n\t\t\t\t\t<div id=\"elementor-tab-content-2572\" class=\"elementor-tab-content elementor-clearfix\" data-tab=\"2\" role=\"tabpanel\" aria-labelledby=\"elementor-tab-title-2572\" tabindex=\"0\" hidden=\"hidden\"><p>En ni\u00f1os es recomendable consultar con un especialista, cuando se presentan alteraciones en el desarrollo psicomotor, dificultades escolares o sociales y en presencia de trastornos como el d\u00e9ficit de atenci\u00f3n,\u00a0 hiperactividad, autismo, discapacidad f\u00edsica, mental o sensorial.<\/p><p>En los adultos cuando se necesita una nueva metodolog\u00eda en sus rutinas diarias, para reducir la presencia de enfermedades o discapacidad.<\/p><p>En los adultos mayores para mejorar la calidad de vida cuando se presentan enfermedades como Parkinson, demencias como el Alzheimer, enfermedades reum\u00e1ticas y secuelas de un accidente cerebrovascular<\/p><\/div>\n\t\t\t\t\t\t\t\t\t<div class=\"elementor-tab-title elementor-tab-mobile-title\" aria-selected=\"false\" data-tab=\"3\" role=\"tab\" tabindex=\"-1\" aria-controls=\"elementor-tab-content-2573\" aria-expanded=\"false\">ENFERMEDADES QUE TRATA<\/div>\n\t\t\t\t\t<div id=\"elementor-tab-content-2573\" class=\"elementor-tab-content elementor-clearfix\" data-tab=\"3\" role=\"tabpanel\" aria-labelledby=\"elementor-tab-title-2573\" tabindex=\"0\" hidden=\"hidden\"><p>La terapia ocupacional puede ayudar en afecciones como:<\/p><ul><li>Lesiones de nacimiento y anomal\u00edas cong\u00e9nitas.<\/li><li>Trastornos en el procesamiento sensorial.<\/li><li>Lesiones traum\u00e1ticas del cerebro o de la m\u00e9dula espinal.<\/li><li>Problemas de aprendizaje.<\/li><li>Autismo.<\/li><li>Artritis reumatoide juvenil.<\/li><li>Problemas de conducta o de salud mental<\/li><li>Fracturas de huesos u otras lesiones traumatol\u00f3gica.<\/li><li>Retrasos del desarrollo.<\/li><li>Afecciones pos-quir\u00fargicas.<\/li><li>Quemaduras.<\/li><li>Eespina b\u00edfida.<\/li><li>Amputaciones traum\u00e1ticas.<\/li><li>C\u00e1ncer.<\/li><li>Lesiones graves en la mano.<\/li><li>Esclerosis m\u00faltiple, par\u00e1lisis cerebral y otras enfermedades cr\u00f3nicas<\/li><\/ul><\/div>\n\t\t\t\t\t\t\t\t\t<div class=\"elementor-tab-title elementor-tab-mobile-title\" aria-selected=\"false\" data-tab=\"4\" role=\"tab\" tabindex=\"-1\" aria-controls=\"elementor-tab-content-2574\" aria-expanded=\"false\">EQUIPOS M\u00c9DICOS<\/div>\n\t\t\t\t\t<div id=\"elementor-tab-content-2574\" class=\"elementor-tab-content elementor-clearfix\" data-tab=\"4\" role=\"tabpanel\" aria-labelledby=\"elementor-tab-title-2574\" tabindex=\"0\" hidden=\"hidden\"><table width=\"142\" cellspacing=\"3\" cellpadding=\"3\"><tbody><tr><td><p><img fetchpriority=\"high\" decoding=\"async\" class=\"size-medium wp-image-8195 aligncenter\" src=\"https:\/\/www.hms.cl\/wp-content\/uploads\/2026\/01\/Terapeuta-Ocupacional-Jose-Palominos-B-169x300.png\" alt=\"\" width=\"169\" height=\"300\" srcset=\"https:\/\/www.hms.cl\/wp-content\/uploads\/2026\/01\/Terapeuta-Ocupacional-Jose-Palominos-B-169x300.png 169w, https:\/\/www.hms.cl\/wp-content\/uploads\/2026\/01\/Terapeuta-Ocupacional-Jose-Palominos-B.png 281w\" sizes=\"(max-width: 169px) 100vw, 169px\" \/><\/p><p style=\"text-align: center;\">Jos\u00e9 Palominos B.<\/p><\/td><td><p><img decoding=\"async\" class=\"size-medium wp-image-8196 aligncenter\" src=\"https:\/\/www.hms.cl\/wp-content\/uploads\/2026\/01\/Terapeuta-Ocupacional-Rene-Palavecino-B-169x300.png\" alt=\"\" width=\"169\" height=\"300\" srcset=\"https:\/\/www.hms.cl\/wp-content\/uploads\/2026\/01\/Terapeuta-Ocupacional-Rene-Palavecino-B-169x300.png 169w, https:\/\/www.hms.cl\/wp-content\/uploads\/2026\/01\/Terapeuta-Ocupacional-Rene-Palavecino-B.png 281w\" sizes=\"(max-width: 169px) 100vw, 169px\" \/><\/p><p style=\"text-align: center;\">Rene Palavecino B.<\/p><\/td><\/tr><\/tbody><\/table><\/div>\n\t\t\t\t\t\t\t<\/div>\n\t\t<\/div>\n\t\t\t\t\t\t<\/div>\n\t\t\t\t<\/div>\n\t\t\t\t\t<\/div>\n\t\t\t\t<\/div>\n\t\t\t\t<\/div>\n\t\t","protected":false},"excerpt":{"rendered":"<p>La\u00a0 terapia ocupacional utiliza las actividades de cuidado, trabajo y juego para incrementar la independencia funcional, aumentar el desarrollo y prevenir la incapacidad<\/p>\n","protected":false},"author":1,"featured_media":0,"parent":0,"menu_order":0,"comment_status":"closed","ping_status":"closed","template":"","meta":{"footnotes":""},"class_list":["post-4021","page","type-page","status-publish","hentry"],"yoast_head":"<!-- This site is optimized with the Yoast SEO plugin v25.6 - https:\/\/yoast.com\/wordpress\/plugins\/seo\/ -->\n<title>TERAPIA OCUPACIONAL - Hospital Militar de Santiago<\/title>\n<meta name=\"robots\" content=\"index, follow, max-snippet:-1, max-image-preview:large, max-video-preview:-1\" \/>\n<link rel=\"canonical\" href=\"https:\/\/www.hms.cl\/index.php\/terapia-ocupacional\/\" \/>\n<meta property=\"og:locale\" content=\"es_ES\" \/>\n<meta property=\"og:type\" content=\"article\" \/>\n<meta property=\"og:title\" content=\"TERAPIA OCUPACIONAL - Hospital Militar de Santiago\" \/>\n<meta property=\"og:description\" content=\"La\u00a0 terapia ocupacional utiliza las actividades de cuidado, trabajo y juego para incrementar la independencia funcional, aumentar el desarrollo y prevenir la incapacidad\" \/>\n<meta property=\"og:url\" content=\"https:\/\/www.hms.cl\/index.php\/terapia-ocupacional\/\" \/>\n<meta property=\"og:site_name\" content=\"Hospital Militar de Santiago\" \/>\n<meta property=\"article:publisher\" content=\"https:\/\/www.facebook.com\/hospitalmilitardesantiago\" \/>\n<meta property=\"article:modified_time\" content=\"2026-01-13T15:32:33+00:00\" \/>\n<meta property=\"og:image\" content=\"https:\/\/www.hms.cl\/wp-content\/uploads\/2026\/01\/Terapeuta-Ocupacional-Jose-Palominos-B.png\" \/>\n\t<meta property=\"og:image:width\" content=\"281\" \/>\n\t<meta property=\"og:image:height\" content=\"500\" \/>\n\t<meta property=\"og:image:type\" content=\"image\/png\" \/>\n<meta name=\"twitter:card\" content=\"summary_large_image\" \/>\n<meta name=\"twitter:site\" content=\"@HosMilSantiago\" \/>\n<meta name=\"twitter:label1\" content=\"Tiempo estimado de lectura\" \/>\n\t<meta name=\"twitter:data1\" content=\"2 minutos\" \/>\n<script type=\"application\/ld+json\" class=\"yoast-schema-graph\">{\"@context\":\"https:\/\/schema.org\",\"@graph\":[{\"@type\":\"WebPage\",\"@id\":\"https:\/\/www.hms.cl\/index.php\/terapia-ocupacional\/\",\"url\":\"https:\/\/www.hms.cl\/index.php\/terapia-ocupacional\/\",\"name\":\"TERAPIA OCUPACIONAL - Hospital Militar de Santiago\",\"isPartOf\":{\"@id\":\"https:\/\/www.hms.cl\/#website\"},\"primaryImageOfPage\":{\"@id\":\"https:\/\/www.hms.cl\/index.php\/terapia-ocupacional\/#primaryimage\"},\"image\":{\"@id\":\"https:\/\/www.hms.cl\/index.php\/terapia-ocupacional\/#primaryimage\"},\"thumbnailUrl\":\"https:\/\/www.hms.cl\/wp-content\/uploads\/2026\/01\/Terapeuta-Ocupacional-Jose-Palominos-B-169x300.png\",\"datePublished\":\"2025-07-03T20:08:59+00:00\",\"dateModified\":\"2026-01-13T15:32:33+00:00\",\"breadcrumb\":{\"@id\":\"https:\/\/www.hms.cl\/index.php\/terapia-ocupacional\/#breadcrumb\"},\"inLanguage\":\"es-CL\",\"potentialAction\":[{\"@type\":\"ReadAction\",\"target\":[\"https:\/\/www.hms.cl\/index.php\/terapia-ocupacional\/\"]}]},{\"@type\":\"ImageObject\",\"inLanguage\":\"es-CL\",\"@id\":\"https:\/\/www.hms.cl\/index.php\/terapia-ocupacional\/#primaryimage\",\"url\":\"https:\/\/www.hms.cl\/wp-content\/uploads\/2026\/01\/Terapeuta-Ocupacional-Jose-Palominos-B.png\",\"contentUrl\":\"https:\/\/www.hms.cl\/wp-content\/uploads\/2026\/01\/Terapeuta-Ocupacional-Jose-Palominos-B.png\",\"width\":281,\"height\":500},{\"@type\":\"BreadcrumbList\",\"@id\":\"https:\/\/www.hms.cl\/index.php\/terapia-ocupacional\/#breadcrumb\",\"itemListElement\":[{\"@type\":\"ListItem\",\"position\":1,\"name\":\"Home\",\"item\":\"https:\/\/www.hms.cl\/\"},{\"@type\":\"ListItem\",\"position\":2,\"name\":\"TERAPIA OCUPACIONAL\"}]},{\"@type\":\"WebSite\",\"@id\":\"https:\/\/www.hms.cl\/#website\",\"url\":\"https:\/\/www.hms.cl\/\",\"name\":\"Hospital Militar de Santiago\",\"description\":\"\",\"publisher\":{\"@id\":\"https:\/\/www.hms.cl\/#organization\"},\"potentialAction\":[{\"@type\":\"SearchAction\",\"target\":{\"@type\":\"EntryPoint\",\"urlTemplate\":\"https:\/\/www.hms.cl\/?s={search_term_string}\"},\"query-input\":{\"@type\":\"PropertyValueSpecification\",\"valueRequired\":true,\"valueName\":\"search_term_string\"}}],\"inLanguage\":\"es-CL\"},{\"@type\":\"Organization\",\"@id\":\"https:\/\/www.hms.cl\/#organization\",\"name\":\"Hospital Militar de Santiago\",\"url\":\"https:\/\/www.hms.cl\/\",\"logo\":{\"@type\":\"ImageObject\",\"inLanguage\":\"es-CL\",\"@id\":\"https:\/\/www.hms.cl\/#\/schema\/logo\/image\/\",\"url\":\"https:\/\/www.hms.cl\/wp-content\/uploads\/2025\/07\/Logo-Vertical-Mediano.png\",\"contentUrl\":\"https:\/\/www.hms.cl\/wp-content\/uploads\/2025\/07\/Logo-Vertical-Mediano.png\",\"width\":1280,\"height\":720,\"caption\":\"Hospital Militar de Santiago\"},\"image\":{\"@id\":\"https:\/\/www.hms.cl\/#\/schema\/logo\/image\/\"},\"sameAs\":[\"https:\/\/www.facebook.com\/hospitalmilitardesantiago\",\"https:\/\/x.com\/HosMilSantiago\",\"https:\/\/www.instagram.com\/hospitalmilitardesantiago\/\",\"https:\/\/www.linkedin.com\/company\/hospital-militar-de-santiago-hosmil\",\"https:\/\/www.youtube.com\/c\/HMSVIDEO\"]}]}<\/script>\n<!-- \/ Yoast SEO plugin. -->","yoast_head_json":{"title":"TERAPIA OCUPACIONAL - Hospital Militar de Santiago","robots":{"index":"index","follow":"follow","max-snippet":"max-snippet:-1","max-image-preview":"max-image-preview:large","max-video-preview":"max-video-preview:-1"},"canonical":"https:\/\/www.hms.cl\/index.php\/terapia-ocupacional\/","og_locale":"es_ES","og_type":"article","og_title":"TERAPIA OCUPACIONAL - Hospital Militar de Santiago","og_description":"La\u00a0 terapia ocupacional utiliza las actividades de cuidado, trabajo y juego para incrementar la independencia funcional, aumentar el desarrollo y prevenir la incapacidad","og_url":"https:\/\/www.hms.cl\/index.php\/terapia-ocupacional\/","og_site_name":"Hospital Militar de Santiago","article_publisher":"https:\/\/www.facebook.com\/hospitalmilitardesantiago","article_modified_time":"2026-01-13T15:32:33+00:00","og_image":[{"width":281,"height":500,"url":"https:\/\/www.hms.cl\/wp-content\/uploads\/2026\/01\/Terapeuta-Ocupacional-Jose-Palominos-B.png","type":"image\/png"}],"twitter_card":"summary_large_image","twitter_site":"@HosMilSantiago","twitter_misc":{"Tiempo estimado de lectura":"2 minutos"},"schema":{"@context":"https:\/\/schema.org","@graph":[{"@type":"WebPage","@id":"https:\/\/www.hms.cl\/index.php\/terapia-ocupacional\/","url":"https:\/\/www.hms.cl\/index.php\/terapia-ocupacional\/","name":"TERAPIA OCUPACIONAL - Hospital Militar de Santiago","isPartOf":{"@id":"https:\/\/www.hms.cl\/#website"},"primaryImageOfPage":{"@id":"https:\/\/www.hms.cl\/index.php\/terapia-ocupacional\/#primaryimage"},"image":{"@id":"https:\/\/www.hms.cl\/index.php\/terapia-ocupacional\/#primaryimage"},"thumbnailUrl":"https:\/\/www.hms.cl\/wp-content\/uploads\/2026\/01\/Terapeuta-Ocupacional-Jose-Palominos-B-169x300.png","datePublished":"2025-07-03T20:08:59+00:00","dateModified":"2026-01-13T15:32:33+00:00","breadcrumb":{"@id":"https:\/\/www.hms.cl\/index.php\/terapia-ocupacional\/#breadcrumb"},"inLanguage":"es-CL","potentialAction":[{"@type":"ReadAction","target":["https:\/\/www.hms.cl\/index.php\/terapia-ocupacional\/"]}]},{"@type":"ImageObject","inLanguage":"es-CL","@id":"https:\/\/www.hms.cl\/index.php\/terapia-ocupacional\/#primaryimage","url":"https:\/\/www.hms.cl\/wp-content\/uploads\/2026\/01\/Terapeuta-Ocupacional-Jose-Palominos-B.png","contentUrl":"https:\/\/www.hms.cl\/wp-content\/uploads\/2026\/01\/Terapeuta-Ocupacional-Jose-Palominos-B.png","width":281,"height":500},{"@type":"BreadcrumbList","@id":"https:\/\/www.hms.cl\/index.php\/terapia-ocupacional\/#breadcrumb","itemListElement":[{"@type":"ListItem","position":1,"name":"Home","item":"https:\/\/www.hms.cl\/"},{"@type":"ListItem","position":2,"name":"TERAPIA OCUPACIONAL"}]},{"@type":"WebSite","@id":"https:\/\/www.hms.cl\/#website","url":"https:\/\/www.hms.cl\/","name":"Hospital Militar de Santiago","description":"","publisher":{"@id":"https:\/\/www.hms.cl\/#organization"},"potentialAction":[{"@type":"SearchAction","target":{"@type":"EntryPoint","urlTemplate":"https:\/\/www.hms.cl\/?s={search_term_string}"},"query-input":{"@type":"PropertyValueSpecification","valueRequired":true,"valueName":"search_term_string"}}],"inLanguage":"es-CL"},{"@type":"Organization","@id":"https:\/\/www.hms.cl\/#organization","name":"Hospital Militar de Santiago","url":"https:\/\/www.hms.cl\/","logo":{"@type":"ImageObject","inLanguage":"es-CL","@id":"https:\/\/www.hms.cl\/#\/schema\/logo\/image\/","url":"https:\/\/www.hms.cl\/wp-content\/uploads\/2025\/07\/Logo-Vertical-Mediano.png","contentUrl":"https:\/\/www.hms.cl\/wp-content\/uploads\/2025\/07\/Logo-Vertical-Mediano.png","width":1280,"height":720,"caption":"Hospital Militar de Santiago"},"image":{"@id":"https:\/\/www.hms.cl\/#\/schema\/logo\/image\/"},"sameAs":["https:\/\/www.facebook.com\/hospitalmilitardesantiago","https:\/\/x.com\/HosMilSantiago","https:\/\/www.instagram.com\/hospitalmilitardesantiago\/","https:\/\/www.linkedin.com\/company\/hospital-militar-de-santiago-hosmil","https:\/\/www.youtube.com\/c\/HMSVIDEO"]}]}},"_links":{"self":[{"href":"https:\/\/www.hms.cl\/index.php\/wp-json\/wp\/v2\/pages\/4021","targetHints":{"allow":["GET"]}}],"collection":[{"href":"https:\/\/www.hms.cl\/index.php\/wp-json\/wp\/v2\/pages"}],"about":[{"href":"https:\/\/www.hms.cl\/index.php\/wp-json\/wp\/v2\/types\/page"}],"author":[{"embeddable":true,"href":"https:\/\/www.hms.cl\/index.php\/wp-json\/wp\/v2\/users\/1"}],"replies":[{"embeddable":true,"href":"https:\/\/www.hms.cl\/index.php\/wp-json\/wp\/v2\/comments?post=4021"}],"version-history":[{"count":9,"href":"https:\/\/www.hms.cl\/index.php\/wp-json\/wp\/v2\/pages\/4021\/revisions"}],"predecessor-version":[{"id":8199,"href":"https:\/\/www.hms.cl\/index.php\/wp-json\/wp\/v2\/pages\/4021\/revisions\/8199"}],"wp:attachment":[{"href":"https:\/\/www.hms.cl\/index.php\/wp-json\/wp\/v2\/media?parent=4021"}],"curies":[{"name":"wp","href":"https:\/\/api.w.org\/{rel}","templated":true}]}}