{"id":4019,"date":"2025-07-03T17:08:45","date_gmt":"2025-07-03T20:08:45","guid":{"rendered":"http:\/\/10.10.50.51\/?page_id=4019"},"modified":"2026-01-13T11:29:52","modified_gmt":"2026-01-13T15:29:52","slug":"reumatologia","status":"publish","type":"page","link":"https:\/\/www.hms.cl\/index.php\/reumatologia\/","title":{"rendered":"REUMATOLOG\u00cdA"},"content":{"rendered":"\t\t<div data-elementor-type=\"wp-page\" data-elementor-id=\"4019\" class=\"elementor elementor-4019\" data-elementor-post-type=\"page\">\n\t\t\t\t<div class=\"elementor-element elementor-element-3072bef e-flex e-con-boxed e-con e-parent\" data-id=\"3072bef\" data-element_type=\"container\">\n\t\t\t\t\t<div class=\"e-con-inner\">\n\t\t\t\t\t<\/div>\n\t\t\t\t<\/div>\n\t\t<div class=\"elementor-element elementor-element-a40d14a e-flex e-con-boxed e-con e-parent\" data-id=\"a40d14a\" data-element_type=\"container\">\n\t\t\t\t\t<div class=\"e-con-inner\">\n\t\t\t\t<div class=\"elementor-element elementor-element-86f0a61 elementor-tabs-view-vertical elementor-widget elementor-widget-tabs\" data-id=\"86f0a61\" data-element_type=\"widget\" data-widget_type=\"tabs.default\">\n\t\t\t\t<div class=\"elementor-widget-container\">\n\t\t\t\t\t\t\t<div class=\"elementor-tabs\">\n\t\t\t<div class=\"elementor-tabs-wrapper\" role=\"tablist\" >\n\t\t\t\t\t\t\t\t\t<div id=\"elementor-tab-title-1411\" class=\"elementor-tab-title elementor-tab-desktop-title\" aria-selected=\"true\" data-tab=\"1\" role=\"tab\" tabindex=\"0\" aria-controls=\"elementor-tab-content-1411\" aria-expanded=\"false\">\u00bfQU\u00c9 ES LA REUMATOLOG\u00cdA?<\/div>\n\t\t\t\t\t\t\t\t\t<div id=\"elementor-tab-title-1412\" class=\"elementor-tab-title elementor-tab-desktop-title\" aria-selected=\"false\" data-tab=\"2\" role=\"tab\" tabindex=\"-1\" aria-controls=\"elementor-tab-content-1412\" aria-expanded=\"false\">\u00bfCU\u00c1NDO DEBO ACUDIR?<\/div>\n\t\t\t\t\t\t\t\t\t<div id=\"elementor-tab-title-1413\" class=\"elementor-tab-title elementor-tab-desktop-title\" aria-selected=\"false\" data-tab=\"3\" role=\"tab\" tabindex=\"-1\" aria-controls=\"elementor-tab-content-1413\" aria-expanded=\"false\">ENFERMEDADES QUE TRATA<\/div>\n\t\t\t\t\t\t\t\t\t<div id=\"elementor-tab-title-1414\" class=\"elementor-tab-title elementor-tab-desktop-title\" aria-selected=\"false\" data-tab=\"4\" role=\"tab\" tabindex=\"-1\" aria-controls=\"elementor-tab-content-1414\" aria-expanded=\"false\">EQUIPOS M\u00c9DICOS<\/div>\n\t\t\t\t\t\t\t<\/div>\n\t\t\t<div class=\"elementor-tabs-content-wrapper\" role=\"tablist\" aria-orientation=\"vertical\">\n\t\t\t\t\t\t\t\t\t<div class=\"elementor-tab-title elementor-tab-mobile-title\" aria-selected=\"true\" data-tab=\"1\" role=\"tab\" tabindex=\"0\" aria-controls=\"elementor-tab-content-1411\" aria-expanded=\"false\">\u00bfQU\u00c9 ES LA REUMATOLOG\u00cdA?<\/div>\n\t\t\t\t\t<div id=\"elementor-tab-content-1411\" class=\"elementor-tab-content elementor-clearfix\" data-tab=\"1\" role=\"tabpanel\" aria-labelledby=\"elementor-tab-title-1411\" tabindex=\"0\" hidden=\"false\"><p>La especialidad de Reumatolog\u00eda en el HMS est\u00e1 dirigida al diagn\u00f3stico y tratamiento de enfermedades que afectan a las articulaciones, los m\u00fasculos, tendones y huesos. Estas enfermedades pueden ser diversas y, generalmente, se expresan por dolor persistente e inflamaci\u00f3n.<\/p><p>El equipo de Reumatolog\u00eda es un Equipo Multidisciplinario que atiende desde una mirada integral, la cual est\u00e1 en constantes interacciones con otras especialidades para darles una mejor atenci\u00f3n a nuestros pacientes<\/p><\/div>\n\t\t\t\t\t\t\t\t\t<div class=\"elementor-tab-title elementor-tab-mobile-title\" aria-selected=\"false\" data-tab=\"2\" role=\"tab\" tabindex=\"-1\" aria-controls=\"elementor-tab-content-1412\" aria-expanded=\"false\">\u00bfCU\u00c1NDO DEBO ACUDIR?<\/div>\n\t\t\t\t\t<div id=\"elementor-tab-content-1412\" class=\"elementor-tab-content elementor-clearfix\" data-tab=\"2\" role=\"tabpanel\" aria-labelledby=\"elementor-tab-title-1412\" tabindex=\"0\" hidden=\"hidden\"><p>En ocasiones las enfermedades reumatol\u00f3gicas tienen s\u00edntomas vagos o pocos definidos, por lo que se requiere de un m\u00e9dico entrenado para llegar al diagn\u00f3stico. Pero, dentro de estas afecciones se encuentran las enfermedades de origen inflamatorio, con dolores fuertes en intensidad y persistentes en el tiempo.<\/p><p>Realizar un diagn\u00f3stico correcto y oportuno es vital para mejorar la calidad de vida del paciente. Por el contrario, pueden progresar enfermedades cr\u00f3nicas y a veces invalidantes.<\/p><p>En el Hospital Militar de Santiago contamos con los medios de apoyo necesarios para el estudio y tratamiento de estas afecciones<\/p><\/div>\n\t\t\t\t\t\t\t\t\t<div class=\"elementor-tab-title elementor-tab-mobile-title\" aria-selected=\"false\" data-tab=\"3\" role=\"tab\" tabindex=\"-1\" aria-controls=\"elementor-tab-content-1413\" aria-expanded=\"false\">ENFERMEDADES QUE TRATA<\/div>\n\t\t\t\t\t<div id=\"elementor-tab-content-1413\" class=\"elementor-tab-content elementor-clearfix\" data-tab=\"3\" role=\"tabpanel\" aria-labelledby=\"elementor-tab-title-1413\" tabindex=\"0\" hidden=\"hidden\"><p>Dentro de estas afecciones se encuentran las enfermedades de origen inflamatorio como:<\/p><p>Las artritis en sus diferentes etiolog\u00edas:<\/p><ul><li>artritis reumatoide.<\/li><li>Psori\u00e1tica, s\u00e9ptica.<\/li><li>gota.<\/li><li>condrocalcinosis y otras.<\/li><\/ul><p>As\u00ed mismo, las enfermedades autoinmunes como:<\/p><ul><li>Lupus eritematoso sist\u00e9mico.<\/li><li>esclerodermia, polimiositis y s\u00edndrome de Sj\u00f6gren.<\/li><\/ul><p>Tambi\u00e9n, enfermedades \u00f3seas metab\u00f3licas como:<\/p><ul><li>osteoporosis.<\/li><li>osteomalacia y otras enfermedades de tejidos blandos como:<ul><li>tendinitis.<\/li><li>bursitis.<\/li><li>afecciones de la columna como lumbagos. lumboci\u00e1tica, cervicalgia<\/li><\/ul><\/li><\/ul><\/div>\n\t\t\t\t\t\t\t\t\t<div class=\"elementor-tab-title elementor-tab-mobile-title\" aria-selected=\"false\" data-tab=\"4\" role=\"tab\" tabindex=\"-1\" aria-controls=\"elementor-tab-content-1414\" aria-expanded=\"false\">EQUIPOS M\u00c9DICOS<\/div>\n\t\t\t\t\t<div id=\"elementor-tab-content-1414\" class=\"elementor-tab-content elementor-clearfix\" data-tab=\"4\" role=\"tabpanel\" aria-labelledby=\"elementor-tab-title-1414\" tabindex=\"0\" hidden=\"hidden\"><table width=\"142\" cellspacing=\"3\" cellpadding=\"3\"><tbody><tr><td><p><img fetchpriority=\"high\" decoding=\"async\" class=\"size-medium wp-image-8188 aligncenter\" src=\"https:\/\/www.hms.cl\/wp-content\/uploads\/2026\/01\/Dra.-Karin-Kalbhenn-T.-Reumatologa-169x300.png\" alt=\"\" width=\"169\" height=\"300\" srcset=\"https:\/\/www.hms.cl\/wp-content\/uploads\/2026\/01\/Dra.-Karin-Kalbhenn-T.-Reumatologa-169x300.png 169w, https:\/\/www.hms.cl\/wp-content\/uploads\/2026\/01\/Dra.-Karin-Kalbhenn-T.-Reumatologa.png 281w\" sizes=\"(max-width: 169px) 100vw, 169px\" \/><\/p><p style=\"text-align: center;\">Dra. Karin Kalbhenn T.<\/p><\/td><td><p><img decoding=\"async\" class=\"size-medium wp-image-8187 aligncenter\" src=\"https:\/\/www.hms.cl\/wp-content\/uploads\/2026\/01\/Dra.-Carola-Martinez-P.-Reumatologia-169x300.png\" alt=\"\" width=\"169\" height=\"300\" srcset=\"https:\/\/www.hms.cl\/wp-content\/uploads\/2026\/01\/Dra.-Carola-Martinez-P.-Reumatologia-169x300.png 169w, https:\/\/www.hms.cl\/wp-content\/uploads\/2026\/01\/Dra.-Carola-Martinez-P.-Reumatologia.png 281w\" sizes=\"(max-width: 169px) 100vw, 169px\" \/><\/p><p style=\"text-align: center;\">Dra. Carola Mart\u00ednez P.<\/p><\/td><\/tr><\/tbody><\/table><\/div>\n\t\t\t\t\t\t\t<\/div>\n\t\t<\/div>\n\t\t\t\t\t\t<\/div>\n\t\t\t\t<\/div>\n\t\t\t\t\t<\/div>\n\t\t\t\t<\/div>\n\t\t\t\t<\/div>\n\t\t","protected":false},"excerpt":{"rendered":"<p>La especialidad de Reumatolog\u00eda en el HMS est\u00e1 dirigida al diagn\u00f3stico y tratamiento de enfermedades que afectan a las articulaciones<\/p>\n","protected":false},"author":1,"featured_media":0,"parent":0,"menu_order":0,"comment_status":"closed","ping_status":"closed","template":"","meta":{"footnotes":""},"class_list":["post-4019","page","type-page","status-publish","hentry"],"yoast_head":"<!-- This site is optimized with the Yoast SEO plugin v25.6 - https:\/\/yoast.com\/wordpress\/plugins\/seo\/ -->\n<title>REUMATOLOG\u00cdA - Hospital Militar de Santiago<\/title>\n<meta name=\"robots\" content=\"index, follow, max-snippet:-1, max-image-preview:large, max-video-preview:-1\" \/>\n<link rel=\"canonical\" href=\"https:\/\/www.hms.cl\/index.php\/reumatologia\/\" \/>\n<meta property=\"og:locale\" content=\"es_ES\" \/>\n<meta property=\"og:type\" content=\"article\" \/>\n<meta property=\"og:title\" content=\"REUMATOLOG\u00cdA - Hospital Militar de Santiago\" \/>\n<meta property=\"og:description\" content=\"La especialidad de Reumatolog\u00eda en el HMS est\u00e1 dirigida al diagn\u00f3stico y tratamiento de enfermedades que afectan a las articulaciones\" \/>\n<meta property=\"og:url\" content=\"https:\/\/www.hms.cl\/index.php\/reumatologia\/\" \/>\n<meta property=\"og:site_name\" content=\"Hospital Militar de Santiago\" \/>\n<meta property=\"article:publisher\" content=\"https:\/\/www.facebook.com\/hospitalmilitardesantiago\" \/>\n<meta property=\"article:modified_time\" content=\"2026-01-13T15:29:52+00:00\" \/>\n<meta property=\"og:image\" content=\"https:\/\/www.hms.cl\/wp-content\/uploads\/2026\/01\/Dra.-Karin-Kalbhenn-T.-Reumatologa.png\" \/>\n\t<meta property=\"og:image:width\" content=\"281\" \/>\n\t<meta property=\"og:image:height\" content=\"500\" \/>\n\t<meta property=\"og:image:type\" content=\"image\/png\" \/>\n<meta name=\"twitter:card\" content=\"summary_large_image\" \/>\n<meta name=\"twitter:site\" content=\"@HosMilSantiago\" \/>\n<meta name=\"twitter:label1\" content=\"Tiempo estimado de lectura\" \/>\n\t<meta name=\"twitter:data1\" content=\"2 minutos\" \/>\n<script type=\"application\/ld+json\" class=\"yoast-schema-graph\">{\"@context\":\"https:\/\/schema.org\",\"@graph\":[{\"@type\":\"WebPage\",\"@id\":\"https:\/\/www.hms.cl\/index.php\/reumatologia\/\",\"url\":\"https:\/\/www.hms.cl\/index.php\/reumatologia\/\",\"name\":\"REUMATOLOG\u00cdA - Hospital Militar de Santiago\",\"isPartOf\":{\"@id\":\"https:\/\/www.hms.cl\/#website\"},\"primaryImageOfPage\":{\"@id\":\"https:\/\/www.hms.cl\/index.php\/reumatologia\/#primaryimage\"},\"image\":{\"@id\":\"https:\/\/www.hms.cl\/index.php\/reumatologia\/#primaryimage\"},\"thumbnailUrl\":\"https:\/\/www.hms.cl\/wp-content\/uploads\/2026\/01\/Dra.-Karin-Kalbhenn-T.-Reumatologa-169x300.png\",\"datePublished\":\"2025-07-03T20:08:45+00:00\",\"dateModified\":\"2026-01-13T15:29:52+00:00\",\"breadcrumb\":{\"@id\":\"https:\/\/www.hms.cl\/index.php\/reumatologia\/#breadcrumb\"},\"inLanguage\":\"es-CL\",\"potentialAction\":[{\"@type\":\"ReadAction\",\"target\":[\"https:\/\/www.hms.cl\/index.php\/reumatologia\/\"]}]},{\"@type\":\"ImageObject\",\"inLanguage\":\"es-CL\",\"@id\":\"https:\/\/www.hms.cl\/index.php\/reumatologia\/#primaryimage\",\"url\":\"https:\/\/www.hms.cl\/wp-content\/uploads\/2026\/01\/Dra.-Karin-Kalbhenn-T.-Reumatologa.png\",\"contentUrl\":\"https:\/\/www.hms.cl\/wp-content\/uploads\/2026\/01\/Dra.-Karin-Kalbhenn-T.-Reumatologa.png\",\"width\":281,\"height\":500},{\"@type\":\"BreadcrumbList\",\"@id\":\"https:\/\/www.hms.cl\/index.php\/reumatologia\/#breadcrumb\",\"itemListElement\":[{\"@type\":\"ListItem\",\"position\":1,\"name\":\"Home\",\"item\":\"https:\/\/www.hms.cl\/\"},{\"@type\":\"ListItem\",\"position\":2,\"name\":\"REUMATOLOG\u00cdA\"}]},{\"@type\":\"WebSite\",\"@id\":\"https:\/\/www.hms.cl\/#website\",\"url\":\"https:\/\/www.hms.cl\/\",\"name\":\"Hospital Militar de Santiago\",\"description\":\"\",\"publisher\":{\"@id\":\"https:\/\/www.hms.cl\/#organization\"},\"potentialAction\":[{\"@type\":\"SearchAction\",\"target\":{\"@type\":\"EntryPoint\",\"urlTemplate\":\"https:\/\/www.hms.cl\/?s={search_term_string}\"},\"query-input\":{\"@type\":\"PropertyValueSpecification\",\"valueRequired\":true,\"valueName\":\"search_term_string\"}}],\"inLanguage\":\"es-CL\"},{\"@type\":\"Organization\",\"@id\":\"https:\/\/www.hms.cl\/#organization\",\"name\":\"Hospital Militar de Santiago\",\"url\":\"https:\/\/www.hms.cl\/\",\"logo\":{\"@type\":\"ImageObject\",\"inLanguage\":\"es-CL\",\"@id\":\"https:\/\/www.hms.cl\/#\/schema\/logo\/image\/\",\"url\":\"https:\/\/www.hms.cl\/wp-content\/uploads\/2025\/07\/Logo-Vertical-Mediano.png\",\"contentUrl\":\"https:\/\/www.hms.cl\/wp-content\/uploads\/2025\/07\/Logo-Vertical-Mediano.png\",\"width\":1280,\"height\":720,\"caption\":\"Hospital Militar de Santiago\"},\"image\":{\"@id\":\"https:\/\/www.hms.cl\/#\/schema\/logo\/image\/\"},\"sameAs\":[\"https:\/\/www.facebook.com\/hospitalmilitardesantiago\",\"https:\/\/x.com\/HosMilSantiago\",\"https:\/\/www.instagram.com\/hospitalmilitardesantiago\/\",\"https:\/\/www.linkedin.com\/company\/hospital-militar-de-santiago-hosmil\",\"https:\/\/www.youtube.com\/c\/HMSVIDEO\"]}]}<\/script>\n<!-- \/ Yoast SEO plugin. -->","yoast_head_json":{"title":"REUMATOLOG\u00cdA - Hospital Militar de Santiago","robots":{"index":"index","follow":"follow","max-snippet":"max-snippet:-1","max-image-preview":"max-image-preview:large","max-video-preview":"max-video-preview:-1"},"canonical":"https:\/\/www.hms.cl\/index.php\/reumatologia\/","og_locale":"es_ES","og_type":"article","og_title":"REUMATOLOG\u00cdA - Hospital Militar de Santiago","og_description":"La especialidad de Reumatolog\u00eda en el HMS est\u00e1 dirigida al diagn\u00f3stico y tratamiento de enfermedades que afectan a las articulaciones","og_url":"https:\/\/www.hms.cl\/index.php\/reumatologia\/","og_site_name":"Hospital Militar de Santiago","article_publisher":"https:\/\/www.facebook.com\/hospitalmilitardesantiago","article_modified_time":"2026-01-13T15:29:52+00:00","og_image":[{"width":281,"height":500,"url":"https:\/\/www.hms.cl\/wp-content\/uploads\/2026\/01\/Dra.-Karin-Kalbhenn-T.-Reumatologa.png","type":"image\/png"}],"twitter_card":"summary_large_image","twitter_site":"@HosMilSantiago","twitter_misc":{"Tiempo estimado de lectura":"2 minutos"},"schema":{"@context":"https:\/\/schema.org","@graph":[{"@type":"WebPage","@id":"https:\/\/www.hms.cl\/index.php\/reumatologia\/","url":"https:\/\/www.hms.cl\/index.php\/reumatologia\/","name":"REUMATOLOG\u00cdA - Hospital Militar de Santiago","isPartOf":{"@id":"https:\/\/www.hms.cl\/#website"},"primaryImageOfPage":{"@id":"https:\/\/www.hms.cl\/index.php\/reumatologia\/#primaryimage"},"image":{"@id":"https:\/\/www.hms.cl\/index.php\/reumatologia\/#primaryimage"},"thumbnailUrl":"https:\/\/www.hms.cl\/wp-content\/uploads\/2026\/01\/Dra.-Karin-Kalbhenn-T.-Reumatologa-169x300.png","datePublished":"2025-07-03T20:08:45+00:00","dateModified":"2026-01-13T15:29:52+00:00","breadcrumb":{"@id":"https:\/\/www.hms.cl\/index.php\/reumatologia\/#breadcrumb"},"inLanguage":"es-CL","potentialAction":[{"@type":"ReadAction","target":["https:\/\/www.hms.cl\/index.php\/reumatologia\/"]}]},{"@type":"ImageObject","inLanguage":"es-CL","@id":"https:\/\/www.hms.cl\/index.php\/reumatologia\/#primaryimage","url":"https:\/\/www.hms.cl\/wp-content\/uploads\/2026\/01\/Dra.-Karin-Kalbhenn-T.-Reumatologa.png","contentUrl":"https:\/\/www.hms.cl\/wp-content\/uploads\/2026\/01\/Dra.-Karin-Kalbhenn-T.-Reumatologa.png","width":281,"height":500},{"@type":"BreadcrumbList","@id":"https:\/\/www.hms.cl\/index.php\/reumatologia\/#breadcrumb","itemListElement":[{"@type":"ListItem","position":1,"name":"Home","item":"https:\/\/www.hms.cl\/"},{"@type":"ListItem","position":2,"name":"REUMATOLOG\u00cdA"}]},{"@type":"WebSite","@id":"https:\/\/www.hms.cl\/#website","url":"https:\/\/www.hms.cl\/","name":"Hospital Militar de Santiago","description":"","publisher":{"@id":"https:\/\/www.hms.cl\/#organization"},"potentialAction":[{"@type":"SearchAction","target":{"@type":"EntryPoint","urlTemplate":"https:\/\/www.hms.cl\/?s={search_term_string}"},"query-input":{"@type":"PropertyValueSpecification","valueRequired":true,"valueName":"search_term_string"}}],"inLanguage":"es-CL"},{"@type":"Organization","@id":"https:\/\/www.hms.cl\/#organization","name":"Hospital Militar de Santiago","url":"https:\/\/www.hms.cl\/","logo":{"@type":"ImageObject","inLanguage":"es-CL","@id":"https:\/\/www.hms.cl\/#\/schema\/logo\/image\/","url":"https:\/\/www.hms.cl\/wp-content\/uploads\/2025\/07\/Logo-Vertical-Mediano.png","contentUrl":"https:\/\/www.hms.cl\/wp-content\/uploads\/2025\/07\/Logo-Vertical-Mediano.png","width":1280,"height":720,"caption":"Hospital Militar de Santiago"},"image":{"@id":"https:\/\/www.hms.cl\/#\/schema\/logo\/image\/"},"sameAs":["https:\/\/www.facebook.com\/hospitalmilitardesantiago","https:\/\/x.com\/HosMilSantiago","https:\/\/www.instagram.com\/hospitalmilitardesantiago\/","https:\/\/www.linkedin.com\/company\/hospital-militar-de-santiago-hosmil","https:\/\/www.youtube.com\/c\/HMSVIDEO"]}]}},"_links":{"self":[{"href":"https:\/\/www.hms.cl\/index.php\/wp-json\/wp\/v2\/pages\/4019","targetHints":{"allow":["GET"]}}],"collection":[{"href":"https:\/\/www.hms.cl\/index.php\/wp-json\/wp\/v2\/pages"}],"about":[{"href":"https:\/\/www.hms.cl\/index.php\/wp-json\/wp\/v2\/types\/page"}],"author":[{"embeddable":true,"href":"https:\/\/www.hms.cl\/index.php\/wp-json\/wp\/v2\/users\/1"}],"replies":[{"embeddable":true,"href":"https:\/\/www.hms.cl\/index.php\/wp-json\/wp\/v2\/comments?post=4019"}],"version-history":[{"count":12,"href":"https:\/\/www.hms.cl\/index.php\/wp-json\/wp\/v2\/pages\/4019\/revisions"}],"predecessor-version":[{"id":8194,"href":"https:\/\/www.hms.cl\/index.php\/wp-json\/wp\/v2\/pages\/4019\/revisions\/8194"}],"wp:attachment":[{"href":"https:\/\/www.hms.cl\/index.php\/wp-json\/wp\/v2\/media?parent=4019"}],"curies":[{"name":"wp","href":"https:\/\/api.w.org\/{rel}","templated":true}]}}