{"id":3985,"date":"2025-07-03T16:52:05","date_gmt":"2025-07-03T19:52:05","guid":{"rendered":"http:\/\/10.10.50.51\/?page_id=3985"},"modified":"2025-12-30T08:19:22","modified_gmt":"2025-12-30T12:19:22","slug":"otorrinolaringologia","status":"publish","type":"page","link":"https:\/\/www.hms.cl\/index.php\/otorrinolaringologia\/","title":{"rendered":"OTORRINOLARINGOLOG\u00cdA"},"content":{"rendered":"\t\t<div data-elementor-type=\"wp-page\" data-elementor-id=\"3985\" class=\"elementor elementor-3985\" data-elementor-post-type=\"page\">\n\t\t\t\t<div class=\"elementor-element elementor-element-6b797a3 e-flex e-con-boxed e-con e-parent\" data-id=\"6b797a3\" data-element_type=\"container\">\n\t\t\t\t\t<div class=\"e-con-inner\">\n\t\t\t\t\t<\/div>\n\t\t\t\t<\/div>\n\t\t<div class=\"elementor-element elementor-element-610bd3d e-flex e-con-boxed e-con e-parent\" data-id=\"610bd3d\" data-element_type=\"container\">\n\t\t\t\t\t<div class=\"e-con-inner\">\n\t\t\t\t<div class=\"elementor-element elementor-element-33a1d41 elementor-tabs-view-vertical elementor-widget elementor-widget-tabs\" data-id=\"33a1d41\" data-element_type=\"widget\" data-widget_type=\"tabs.default\">\n\t\t\t\t<div class=\"elementor-widget-container\">\n\t\t\t\t\t\t\t<div class=\"elementor-tabs\">\n\t\t\t<div class=\"elementor-tabs-wrapper\" role=\"tablist\" >\n\t\t\t\t\t\t\t\t\t<div id=\"elementor-tab-title-5411\" class=\"elementor-tab-title elementor-tab-desktop-title\" aria-selected=\"true\" data-tab=\"1\" role=\"tab\" tabindex=\"0\" aria-controls=\"elementor-tab-content-5411\" aria-expanded=\"false\">\u00bfQU\u00c9 ES LA OTORRINOLARINGOLOG\u00cdA?<\/div>\n\t\t\t\t\t\t\t\t\t<div id=\"elementor-tab-title-5412\" class=\"elementor-tab-title elementor-tab-desktop-title\" aria-selected=\"false\" data-tab=\"2\" role=\"tab\" tabindex=\"-1\" aria-controls=\"elementor-tab-content-5412\" aria-expanded=\"false\">\u00bfCU\u00c1NDO DEBO ACUDIR?<\/div>\n\t\t\t\t\t\t\t\t\t<div id=\"elementor-tab-title-5413\" class=\"elementor-tab-title elementor-tab-desktop-title\" aria-selected=\"false\" data-tab=\"3\" role=\"tab\" tabindex=\"-1\" aria-controls=\"elementor-tab-content-5413\" aria-expanded=\"false\">ENFERMEDADES QUE TRATA<\/div>\n\t\t\t\t\t\t\t\t\t<div id=\"elementor-tab-title-5414\" class=\"elementor-tab-title elementor-tab-desktop-title\" aria-selected=\"false\" data-tab=\"4\" role=\"tab\" tabindex=\"-1\" aria-controls=\"elementor-tab-content-5414\" aria-expanded=\"false\">EQUIPOS M\u00c9DICOS<\/div>\n\t\t\t\t\t\t\t<\/div>\n\t\t\t<div class=\"elementor-tabs-content-wrapper\" role=\"tablist\" aria-orientation=\"vertical\">\n\t\t\t\t\t\t\t\t\t<div class=\"elementor-tab-title elementor-tab-mobile-title\" aria-selected=\"true\" data-tab=\"1\" role=\"tab\" tabindex=\"0\" aria-controls=\"elementor-tab-content-5411\" aria-expanded=\"false\">\u00bfQU\u00c9 ES LA OTORRINOLARINGOLOG\u00cdA?<\/div>\n\t\t\t\t\t<div id=\"elementor-tab-content-5411\" class=\"elementor-tab-content elementor-clearfix\" data-tab=\"1\" role=\"tabpanel\" aria-labelledby=\"elementor-tab-title-5411\" tabindex=\"0\" hidden=\"false\"><p>La unidad de Otorrinolaringolog\u00eda del HMS estudia y trata las patolog\u00edas m\u00e9dicas y quir\u00fargicas en la estructura interna de los o\u00eddos, garganta, boca, cuello o cara. Los especialistas manejan des\u00f3rdenes espec\u00edficos del \u00e1rea, tanto en ni\u00f1os como en adultos.<\/p><p>Este equipo multidisciplinario y altamente capacitado, interact\u00faa con las distintas \u00e1reas de la medicina, ya que trabajan m\u00e9dicos especialistas, tecn\u00f3logos y fonoaudi\u00f3logos.<\/p><p>El Servicio de Otorrinolaringolog\u00eda posee microscopio, nasofibrolaringoscopio, endoscop\u00eda r\u00edgida, audi\u00f3metro, impedanci\u00f3metro, rinoman\u00f3metro y todo el instrumental necesario para dar una atenci\u00f3n de excelencia.<\/p><\/div>\n\t\t\t\t\t\t\t\t\t<div class=\"elementor-tab-title elementor-tab-mobile-title\" aria-selected=\"false\" data-tab=\"2\" role=\"tab\" tabindex=\"-1\" aria-controls=\"elementor-tab-content-5412\" aria-expanded=\"false\">\u00bfCU\u00c1NDO DEBO ACUDIR?<\/div>\n\t\t\t\t\t<div id=\"elementor-tab-content-5412\" class=\"elementor-tab-content elementor-clearfix\" data-tab=\"2\" role=\"tabpanel\" aria-labelledby=\"elementor-tab-title-5412\" tabindex=\"0\" hidden=\"hidden\"><p>La recomendaci\u00f3n es consultar con un otorrinolaring\u00f3logo cuando existe dificultad para escuchar, problemas de equilibrio o ronquidos, tanto en ni\u00f1os como en adultos.<\/p><p>Asimismo, tambi\u00e9n se sugiere visitar a un otorrino cuando aparecen s\u00edntomas de rinitis\/sinusitis como picaz\u00f3n nasal, estornudos, moco persistente, congesti\u00f3n nasal, o alteraciones de la voz como disfon\u00eda o problema para tragar (degluci\u00f3n). Otro motivo de consulta es el desarrollo de infecciones en o\u00eddo, nariz y garganta (otitis, sinusitis, amigdalitis).<\/p><p>\u00a0En ciertos casos, la visita al otorrino es derivaci\u00f3n del pediatra u otro especialista.<\/p><\/div>\n\t\t\t\t\t\t\t\t\t<div class=\"elementor-tab-title elementor-tab-mobile-title\" aria-selected=\"false\" data-tab=\"3\" role=\"tab\" tabindex=\"-1\" aria-controls=\"elementor-tab-content-5413\" aria-expanded=\"false\">ENFERMEDADES QUE TRATA<\/div>\n\t\t\t\t\t<div id=\"elementor-tab-content-5413\" class=\"elementor-tab-content elementor-clearfix\" data-tab=\"3\" role=\"tabpanel\" aria-labelledby=\"elementor-tab-title-5413\" tabindex=\"0\" hidden=\"hidden\"><ul><li>Otolog\u00eda.<\/li><li>Des\u00f3rdenes del o\u00eddo externo.<\/li><li>Cirug\u00eda de Cabeza y Cuello.<\/li><li>Tratamiento de los tumores benignos y malignos de cabeza y cuello, quistes, masas en cuello, c\u00e1ncer lar\u00edngeo, tumores faciales, tumores de base de cr\u00e1neo.<\/li><li>Cirug\u00eda pl\u00e1stica nasal y reconstructora.<\/li><li>Est\u00e9tica nasal o reconstructiva relacionada a accidentes o tumores nasales, fracturas nasales, correcci\u00f3n de malformaciones de orejas.<\/li><li>Otorrinolaringolog\u00eda Pedi\u00e1trica.<\/li><li>Condiciones y des\u00f3rdenes que afectan a pacientes v\u00eda a\u00e9rea, tumores, respiradores bucales, am\u00edgdalas, adenoides, grandes malformaciones cong\u00e9nitas, problemas auditivos, otitis media, retraso del lenguaje.<\/li><li>Des\u00f3rdenes del sue\u00f1o por obstrucci\u00f3n.<\/li><\/ul><\/div>\n\t\t\t\t\t\t\t\t\t<div class=\"elementor-tab-title elementor-tab-mobile-title\" aria-selected=\"false\" data-tab=\"4\" role=\"tab\" tabindex=\"-1\" aria-controls=\"elementor-tab-content-5414\" aria-expanded=\"false\">EQUIPOS M\u00c9DICOS<\/div>\n\t\t\t\t\t<div id=\"elementor-tab-content-5414\" class=\"elementor-tab-content elementor-clearfix\" data-tab=\"4\" role=\"tabpanel\" aria-labelledby=\"elementor-tab-title-5414\" tabindex=\"0\" hidden=\"hidden\"><table width=\"142\" cellspacing=\"3\" cellpadding=\"3\"><tbody><tr><td><p><img fetchpriority=\"high\" decoding=\"async\" class=\"alignnone size-medium wp-image-7475 aligncenter\" src=\"https:\/\/www.hms.cl\/wp-content\/uploads\/2025\/12\/Dr.-Aldo-Rimassa-L-169x300.png\" alt=\"\" width=\"169\" height=\"300\" srcset=\"https:\/\/www.hms.cl\/wp-content\/uploads\/2025\/12\/Dr.-Aldo-Rimassa-L-169x300.png 169w, https:\/\/www.hms.cl\/wp-content\/uploads\/2025\/12\/Dr.-Aldo-Rimassa-L.png 281w\" sizes=\"(max-width: 169px) 100vw, 169px\" \/><\/p><p style=\"text-align: center;\">Dr. Aldo Rimassa L.<\/p><\/td><td><p><img decoding=\"async\" class=\"alignnone size-medium wp-image-7476 aligncenter\" src=\"https:\/\/www.hms.cl\/wp-content\/uploads\/2025\/12\/Dr.-Andraca-Zarraonandia-I-169x300.png\" alt=\"\" width=\"169\" height=\"300\" srcset=\"https:\/\/www.hms.cl\/wp-content\/uploads\/2025\/12\/Dr.-Andraca-Zarraonandia-I-169x300.png 169w, https:\/\/www.hms.cl\/wp-content\/uploads\/2025\/12\/Dr.-Andraca-Zarraonandia-I.png 281w\" sizes=\"(max-width: 169px) 100vw, 169px\" \/><\/p><p style=\"text-align: center;\">Dr. Andraca Zarraonandia I<\/p><\/td><td><p><img decoding=\"async\" class=\"alignnone size-medium wp-image-7477 aligncenter\" src=\"https:\/\/www.hms.cl\/wp-content\/uploads\/2025\/12\/Dr.-Jaime-Castillo-P-169x300.png\" alt=\"\" width=\"169\" height=\"300\" srcset=\"https:\/\/www.hms.cl\/wp-content\/uploads\/2025\/12\/Dr.-Jaime-Castillo-P-169x300.png 169w, https:\/\/www.hms.cl\/wp-content\/uploads\/2025\/12\/Dr.-Jaime-Castillo-P.png 281w\" sizes=\"(max-width: 169px) 100vw, 169px\" \/><\/p><p style=\"text-align: center;\">Dr. Jaime Castillo P.<\/p><\/td><\/tr><\/tbody><\/table><\/div>\n\t\t\t\t\t\t\t<\/div>\n\t\t<\/div>\n\t\t\t\t\t\t<\/div>\n\t\t\t\t<\/div>\n\t\t\t\t\t<\/div>\n\t\t\t\t<\/div>\n\t\t\t\t<\/div>\n\t\t","protected":false},"excerpt":{"rendered":"<p>La unidad de Otorrinolaringolog\u00eda del HMS estudia y trata las patolog\u00edas m\u00e9dicas y quir\u00fargicas en la estructura interna de los o\u00eddos, garganta, boca, cuello o cara<\/p>\n","protected":false},"author":1,"featured_media":0,"parent":0,"menu_order":0,"comment_status":"closed","ping_status":"closed","template":"","meta":{"footnotes":""},"class_list":["post-3985","page","type-page","status-publish","hentry"],"yoast_head":"<!-- This site is optimized with the Yoast SEO plugin v25.6 - https:\/\/yoast.com\/wordpress\/plugins\/seo\/ -->\n<title>OTORRINOLARINGOLOG\u00cdA - Hospital Militar de Santiago<\/title>\n<meta name=\"robots\" content=\"index, follow, max-snippet:-1, max-image-preview:large, max-video-preview:-1\" \/>\n<link rel=\"canonical\" href=\"https:\/\/www.hms.cl\/index.php\/otorrinolaringologia\/\" \/>\n<meta property=\"og:locale\" content=\"es_ES\" \/>\n<meta property=\"og:type\" content=\"article\" \/>\n<meta property=\"og:title\" content=\"OTORRINOLARINGOLOG\u00cdA - Hospital Militar de Santiago\" \/>\n<meta property=\"og:description\" content=\"La unidad de Otorrinolaringolog\u00eda del HMS estudia y trata las patolog\u00edas m\u00e9dicas y quir\u00fargicas en la estructura interna de los o\u00eddos, garganta, boca, cuello o cara\" \/>\n<meta property=\"og:url\" content=\"https:\/\/www.hms.cl\/index.php\/otorrinolaringologia\/\" \/>\n<meta property=\"og:site_name\" content=\"Hospital Militar de Santiago\" \/>\n<meta property=\"article:publisher\" content=\"https:\/\/www.facebook.com\/hospitalmilitardesantiago\" \/>\n<meta property=\"article:modified_time\" content=\"2025-12-30T12:19:22+00:00\" \/>\n<meta property=\"og:image\" content=\"https:\/\/www.hms.cl\/wp-content\/uploads\/2025\/12\/Dr.-Aldo-Rimassa-L-169x300.png\" \/>\n<meta name=\"twitter:card\" content=\"summary_large_image\" \/>\n<meta name=\"twitter:site\" content=\"@HosMilSantiago\" \/>\n<meta name=\"twitter:label1\" content=\"Tiempo estimado de lectura\" \/>\n\t<meta name=\"twitter:data1\" content=\"2 minutos\" \/>\n<script type=\"application\/ld+json\" class=\"yoast-schema-graph\">{\"@context\":\"https:\/\/schema.org\",\"@graph\":[{\"@type\":\"WebPage\",\"@id\":\"https:\/\/www.hms.cl\/index.php\/otorrinolaringologia\/\",\"url\":\"https:\/\/www.hms.cl\/index.php\/otorrinolaringologia\/\",\"name\":\"OTORRINOLARINGOLOG\u00cdA - Hospital Militar de Santiago\",\"isPartOf\":{\"@id\":\"https:\/\/www.hms.cl\/#website\"},\"primaryImageOfPage\":{\"@id\":\"https:\/\/www.hms.cl\/index.php\/otorrinolaringologia\/#primaryimage\"},\"image\":{\"@id\":\"https:\/\/www.hms.cl\/index.php\/otorrinolaringologia\/#primaryimage\"},\"thumbnailUrl\":\"https:\/\/www.hms.cl\/wp-content\/uploads\/2025\/12\/Dr.-Aldo-Rimassa-L-169x300.png\",\"datePublished\":\"2025-07-03T19:52:05+00:00\",\"dateModified\":\"2025-12-30T12:19:22+00:00\",\"breadcrumb\":{\"@id\":\"https:\/\/www.hms.cl\/index.php\/otorrinolaringologia\/#breadcrumb\"},\"inLanguage\":\"es-CL\",\"potentialAction\":[{\"@type\":\"ReadAction\",\"target\":[\"https:\/\/www.hms.cl\/index.php\/otorrinolaringologia\/\"]}]},{\"@type\":\"ImageObject\",\"inLanguage\":\"es-CL\",\"@id\":\"https:\/\/www.hms.cl\/index.php\/otorrinolaringologia\/#primaryimage\",\"url\":\"https:\/\/www.hms.cl\/wp-content\/uploads\/2025\/12\/Dr.-Aldo-Rimassa-L.png\",\"contentUrl\":\"https:\/\/www.hms.cl\/wp-content\/uploads\/2025\/12\/Dr.-Aldo-Rimassa-L.png\",\"width\":281,\"height\":500},{\"@type\":\"BreadcrumbList\",\"@id\":\"https:\/\/www.hms.cl\/index.php\/otorrinolaringologia\/#breadcrumb\",\"itemListElement\":[{\"@type\":\"ListItem\",\"position\":1,\"name\":\"Home\",\"item\":\"https:\/\/www.hms.cl\/\"},{\"@type\":\"ListItem\",\"position\":2,\"name\":\"OTORRINOLARINGOLOG\u00cdA\"}]},{\"@type\":\"WebSite\",\"@id\":\"https:\/\/www.hms.cl\/#website\",\"url\":\"https:\/\/www.hms.cl\/\",\"name\":\"Hospital Militar de Santiago\",\"description\":\"\",\"publisher\":{\"@id\":\"https:\/\/www.hms.cl\/#organization\"},\"potentialAction\":[{\"@type\":\"SearchAction\",\"target\":{\"@type\":\"EntryPoint\",\"urlTemplate\":\"https:\/\/www.hms.cl\/?s={search_term_string}\"},\"query-input\":{\"@type\":\"PropertyValueSpecification\",\"valueRequired\":true,\"valueName\":\"search_term_string\"}}],\"inLanguage\":\"es-CL\"},{\"@type\":\"Organization\",\"@id\":\"https:\/\/www.hms.cl\/#organization\",\"name\":\"Hospital Militar de Santiago\",\"url\":\"https:\/\/www.hms.cl\/\",\"logo\":{\"@type\":\"ImageObject\",\"inLanguage\":\"es-CL\",\"@id\":\"https:\/\/www.hms.cl\/#\/schema\/logo\/image\/\",\"url\":\"https:\/\/www.hms.cl\/wp-content\/uploads\/2025\/07\/Logo-Vertical-Mediano.png\",\"contentUrl\":\"https:\/\/www.hms.cl\/wp-content\/uploads\/2025\/07\/Logo-Vertical-Mediano.png\",\"width\":1280,\"height\":720,\"caption\":\"Hospital Militar de Santiago\"},\"image\":{\"@id\":\"https:\/\/www.hms.cl\/#\/schema\/logo\/image\/\"},\"sameAs\":[\"https:\/\/www.facebook.com\/hospitalmilitardesantiago\",\"https:\/\/x.com\/HosMilSantiago\",\"https:\/\/www.instagram.com\/hospitalmilitardesantiago\/\",\"https:\/\/www.linkedin.com\/company\/hospital-militar-de-santiago-hosmil\",\"https:\/\/www.youtube.com\/c\/HMSVIDEO\"]}]}<\/script>\n<!-- \/ Yoast SEO plugin. -->","yoast_head_json":{"title":"OTORRINOLARINGOLOG\u00cdA - Hospital Militar de Santiago","robots":{"index":"index","follow":"follow","max-snippet":"max-snippet:-1","max-image-preview":"max-image-preview:large","max-video-preview":"max-video-preview:-1"},"canonical":"https:\/\/www.hms.cl\/index.php\/otorrinolaringologia\/","og_locale":"es_ES","og_type":"article","og_title":"OTORRINOLARINGOLOG\u00cdA - Hospital Militar de Santiago","og_description":"La unidad de Otorrinolaringolog\u00eda del HMS estudia y trata las patolog\u00edas m\u00e9dicas y quir\u00fargicas en la estructura interna de los o\u00eddos, garganta, boca, cuello o cara","og_url":"https:\/\/www.hms.cl\/index.php\/otorrinolaringologia\/","og_site_name":"Hospital Militar de Santiago","article_publisher":"https:\/\/www.facebook.com\/hospitalmilitardesantiago","article_modified_time":"2025-12-30T12:19:22+00:00","og_image":[{"url":"https:\/\/www.hms.cl\/wp-content\/uploads\/2025\/12\/Dr.-Aldo-Rimassa-L-169x300.png","type":"","width":"","height":""}],"twitter_card":"summary_large_image","twitter_site":"@HosMilSantiago","twitter_misc":{"Tiempo estimado de lectura":"2 minutos"},"schema":{"@context":"https:\/\/schema.org","@graph":[{"@type":"WebPage","@id":"https:\/\/www.hms.cl\/index.php\/otorrinolaringologia\/","url":"https:\/\/www.hms.cl\/index.php\/otorrinolaringologia\/","name":"OTORRINOLARINGOLOG\u00cdA - Hospital Militar de Santiago","isPartOf":{"@id":"https:\/\/www.hms.cl\/#website"},"primaryImageOfPage":{"@id":"https:\/\/www.hms.cl\/index.php\/otorrinolaringologia\/#primaryimage"},"image":{"@id":"https:\/\/www.hms.cl\/index.php\/otorrinolaringologia\/#primaryimage"},"thumbnailUrl":"https:\/\/www.hms.cl\/wp-content\/uploads\/2025\/12\/Dr.-Aldo-Rimassa-L-169x300.png","datePublished":"2025-07-03T19:52:05+00:00","dateModified":"2025-12-30T12:19:22+00:00","breadcrumb":{"@id":"https:\/\/www.hms.cl\/index.php\/otorrinolaringologia\/#breadcrumb"},"inLanguage":"es-CL","potentialAction":[{"@type":"ReadAction","target":["https:\/\/www.hms.cl\/index.php\/otorrinolaringologia\/"]}]},{"@type":"ImageObject","inLanguage":"es-CL","@id":"https:\/\/www.hms.cl\/index.php\/otorrinolaringologia\/#primaryimage","url":"https:\/\/www.hms.cl\/wp-content\/uploads\/2025\/12\/Dr.-Aldo-Rimassa-L.png","contentUrl":"https:\/\/www.hms.cl\/wp-content\/uploads\/2025\/12\/Dr.-Aldo-Rimassa-L.png","width":281,"height":500},{"@type":"BreadcrumbList","@id":"https:\/\/www.hms.cl\/index.php\/otorrinolaringologia\/#breadcrumb","itemListElement":[{"@type":"ListItem","position":1,"name":"Home","item":"https:\/\/www.hms.cl\/"},{"@type":"ListItem","position":2,"name":"OTORRINOLARINGOLOG\u00cdA"}]},{"@type":"WebSite","@id":"https:\/\/www.hms.cl\/#website","url":"https:\/\/www.hms.cl\/","name":"Hospital Militar de Santiago","description":"","publisher":{"@id":"https:\/\/www.hms.cl\/#organization"},"potentialAction":[{"@type":"SearchAction","target":{"@type":"EntryPoint","urlTemplate":"https:\/\/www.hms.cl\/?s={search_term_string}"},"query-input":{"@type":"PropertyValueSpecification","valueRequired":true,"valueName":"search_term_string"}}],"inLanguage":"es-CL"},{"@type":"Organization","@id":"https:\/\/www.hms.cl\/#organization","name":"Hospital Militar de Santiago","url":"https:\/\/www.hms.cl\/","logo":{"@type":"ImageObject","inLanguage":"es-CL","@id":"https:\/\/www.hms.cl\/#\/schema\/logo\/image\/","url":"https:\/\/www.hms.cl\/wp-content\/uploads\/2025\/07\/Logo-Vertical-Mediano.png","contentUrl":"https:\/\/www.hms.cl\/wp-content\/uploads\/2025\/07\/Logo-Vertical-Mediano.png","width":1280,"height":720,"caption":"Hospital Militar de Santiago"},"image":{"@id":"https:\/\/www.hms.cl\/#\/schema\/logo\/image\/"},"sameAs":["https:\/\/www.facebook.com\/hospitalmilitardesantiago","https:\/\/x.com\/HosMilSantiago","https:\/\/www.instagram.com\/hospitalmilitardesantiago\/","https:\/\/www.linkedin.com\/company\/hospital-militar-de-santiago-hosmil","https:\/\/www.youtube.com\/c\/HMSVIDEO"]}]}},"_links":{"self":[{"href":"https:\/\/www.hms.cl\/index.php\/wp-json\/wp\/v2\/pages\/3985","targetHints":{"allow":["GET"]}}],"collection":[{"href":"https:\/\/www.hms.cl\/index.php\/wp-json\/wp\/v2\/pages"}],"about":[{"href":"https:\/\/www.hms.cl\/index.php\/wp-json\/wp\/v2\/types\/page"}],"author":[{"embeddable":true,"href":"https:\/\/www.hms.cl\/index.php\/wp-json\/wp\/v2\/users\/1"}],"replies":[{"embeddable":true,"href":"https:\/\/www.hms.cl\/index.php\/wp-json\/wp\/v2\/comments?post=3985"}],"version-history":[{"count":12,"href":"https:\/\/www.hms.cl\/index.php\/wp-json\/wp\/v2\/pages\/3985\/revisions"}],"predecessor-version":[{"id":7480,"href":"https:\/\/www.hms.cl\/index.php\/wp-json\/wp\/v2\/pages\/3985\/revisions\/7480"}],"wp:attachment":[{"href":"https:\/\/www.hms.cl\/index.php\/wp-json\/wp\/v2\/media?parent=3985"}],"curies":[{"name":"wp","href":"https:\/\/api.w.org\/{rel}","templated":true}]}}