{"id":3983,"date":"2025-07-03T16:51:46","date_gmt":"2025-07-03T19:51:46","guid":{"rendered":"http:\/\/10.10.50.51\/?page_id=3983"},"modified":"2026-01-08T10:46:25","modified_gmt":"2026-01-08T14:46:25","slug":"oftalmologia","status":"publish","type":"page","link":"https:\/\/www.hms.cl\/index.php\/oftalmologia\/","title":{"rendered":"OFTALMOLOG\u00cdA"},"content":{"rendered":"\t\t<div data-elementor-type=\"wp-page\" data-elementor-id=\"3983\" class=\"elementor elementor-3983\" data-elementor-post-type=\"page\">\n\t\t\t\t<div class=\"elementor-element elementor-element-dc7f830 e-flex e-con-boxed e-con e-parent\" data-id=\"dc7f830\" data-element_type=\"container\">\n\t\t\t\t\t<div class=\"e-con-inner\">\n\t\t\t\t\t<\/div>\n\t\t\t\t<\/div>\n\t\t<div class=\"elementor-element elementor-element-03ba5ee e-flex e-con-boxed e-con e-parent\" data-id=\"03ba5ee\" data-element_type=\"container\">\n\t\t\t\t\t<div class=\"e-con-inner\">\n\t\t\t\t<div class=\"elementor-element elementor-element-32a38c2 elementor-tabs-view-vertical elementor-widget elementor-widget-tabs\" data-id=\"32a38c2\" data-element_type=\"widget\" data-widget_type=\"tabs.default\">\n\t\t\t\t<div class=\"elementor-widget-container\">\n\t\t\t\t\t\t\t<div class=\"elementor-tabs\">\n\t\t\t<div class=\"elementor-tabs-wrapper\" role=\"tablist\" >\n\t\t\t\t\t\t\t\t\t<div id=\"elementor-tab-title-5301\" class=\"elementor-tab-title elementor-tab-desktop-title\" aria-selected=\"true\" data-tab=\"1\" role=\"tab\" tabindex=\"0\" aria-controls=\"elementor-tab-content-5301\" aria-expanded=\"false\">\u00bfQU\u00c9 ES LA OFTALMOLOG\u00cdA?<\/div>\n\t\t\t\t\t\t\t\t\t<div id=\"elementor-tab-title-5302\" class=\"elementor-tab-title elementor-tab-desktop-title\" aria-selected=\"false\" data-tab=\"2\" role=\"tab\" tabindex=\"-1\" aria-controls=\"elementor-tab-content-5302\" aria-expanded=\"false\">\u00bfCU\u00c1NDO DEBO ACUDIR?<\/div>\n\t\t\t\t\t\t\t\t\t<div id=\"elementor-tab-title-5303\" class=\"elementor-tab-title elementor-tab-desktop-title\" aria-selected=\"false\" data-tab=\"3\" role=\"tab\" tabindex=\"-1\" aria-controls=\"elementor-tab-content-5303\" aria-expanded=\"false\">ENFERMEDADES QUE TRATA<\/div>\n\t\t\t\t\t\t\t\t\t<div id=\"elementor-tab-title-5304\" class=\"elementor-tab-title elementor-tab-desktop-title\" aria-selected=\"false\" data-tab=\"4\" role=\"tab\" tabindex=\"-1\" aria-controls=\"elementor-tab-content-5304\" aria-expanded=\"false\">EQUIPOS M\u00c9DICOS<\/div>\n\t\t\t\t\t\t\t<\/div>\n\t\t\t<div class=\"elementor-tabs-content-wrapper\" role=\"tablist\" aria-orientation=\"vertical\">\n\t\t\t\t\t\t\t\t\t<div class=\"elementor-tab-title elementor-tab-mobile-title\" aria-selected=\"true\" data-tab=\"1\" role=\"tab\" tabindex=\"0\" aria-controls=\"elementor-tab-content-5301\" aria-expanded=\"false\">\u00bfQU\u00c9 ES LA OFTALMOLOG\u00cdA?<\/div>\n\t\t\t\t\t<div id=\"elementor-tab-content-5301\" class=\"elementor-tab-content elementor-clearfix\" data-tab=\"1\" role=\"tabpanel\" aria-labelledby=\"elementor-tab-title-5301\" tabindex=\"0\" hidden=\"false\"><p>Nuestros especialistas de Oftalmolog\u00eda diagnostican y tratan las enfermedades oculares. De ser necesario, realizan cirug\u00eda ocular, prescriben gafas y lentes de contacto para corregir problemas de visi\u00f3n.<\/p><p>El departamento de Oftalmolog\u00eda busca dar una atenci\u00f3n integral a todos los pacientes, abarcando la mayor\u00eda de las sub especialidades de esta \u00e1rea. Contamos con equipos de \u00faltima generaci\u00f3n que permiten entregar un diagn\u00f3stico preciso y calidad en el tratamiento de todas las afecciones oculares.<\/p><p>Nuestro equipo m\u00e9dico se constituye de 17 oftalm\u00f3logos capacitados y acreditados para hacer oftalmolog\u00eda general y las siguientes sub especialidades: Cornea, cataratas, Glaucoma, Retina, Neuro-oftalmolog\u00eda.<\/p><p>El servicio tiene la capacidad para resolver problemas quir\u00fargicos habituales (cirug\u00eda menor, cataratas, glaucoma, pterigi\u00f3n) y se han implementado procedimientos de alta complejidad.<\/p><\/div>\n\t\t\t\t\t\t\t\t\t<div class=\"elementor-tab-title elementor-tab-mobile-title\" aria-selected=\"false\" data-tab=\"2\" role=\"tab\" tabindex=\"-1\" aria-controls=\"elementor-tab-content-5302\" aria-expanded=\"false\">\u00bfCU\u00c1NDO DEBO ACUDIR?<\/div>\n\t\t\t\t\t<div id=\"elementor-tab-content-5302\" class=\"elementor-tab-content elementor-clearfix\" data-tab=\"2\" role=\"tabpanel\" aria-labelledby=\"elementor-tab-title-5302\" tabindex=\"0\" hidden=\"hidden\"><p>Se recomienda asistir al oftalm\u00f3logo si\u00a0<span id=\"ext-gen1916\">presentas visi\u00f3n borrosa o cambios en la visi\u00f3n, destellos de luces en la visi\u00f3n, dolor ocular, visi\u00f3n doble, p\u00e9rdida s\u00fabita de la visi\u00f3n, trauma ocular y cualquier molestia que presentes en los ojos.<\/span><\/p><p class=\"mcntMsoNormal\">Adem\u00e1s, si eres diab\u00e9tico o tienes m\u00e1s de 40 a\u00f1os, se recomienda al menos un control anual con el oftalm\u00f3logo<\/p><\/div>\n\t\t\t\t\t\t\t\t\t<div class=\"elementor-tab-title elementor-tab-mobile-title\" aria-selected=\"false\" data-tab=\"3\" role=\"tab\" tabindex=\"-1\" aria-controls=\"elementor-tab-content-5303\" aria-expanded=\"false\">ENFERMEDADES QUE TRATA<\/div>\n\t\t\t\t\t<div id=\"elementor-tab-content-5303\" class=\"elementor-tab-content elementor-clearfix\" data-tab=\"3\" role=\"tabpanel\" aria-labelledby=\"elementor-tab-title-5303\" tabindex=\"0\" hidden=\"hidden\"><p>Los especialistas de Oftalmolog\u00eda del HMS tratan todas las patolog\u00edas que afectan a los ojos y la capacidad visual del paciente. Las enfermedades visuales m\u00e1s comunes en son:<\/p><ul><li>Miop\u00eda \u2013 Hipermetrop\u00eda.<\/li><li>Astigmatismo.<\/li><li>Desprendimiento de Retina.<\/li><li>Cataratas.<\/li><li>Estrabismo.<\/li><li>Glaucoma.<\/li><li>Presbicia o vista cansada.<\/li><li>Degeneraci\u00f3n Macular asociada a la edad, entre otras.<\/li><\/ul><\/div>\n\t\t\t\t\t\t\t\t\t<div class=\"elementor-tab-title elementor-tab-mobile-title\" aria-selected=\"false\" data-tab=\"4\" role=\"tab\" tabindex=\"-1\" aria-controls=\"elementor-tab-content-5304\" aria-expanded=\"false\">EQUIPOS M\u00c9DICOS<\/div>\n\t\t\t\t\t<div id=\"elementor-tab-content-5304\" class=\"elementor-tab-content elementor-clearfix\" data-tab=\"4\" role=\"tabpanel\" aria-labelledby=\"elementor-tab-title-5304\" tabindex=\"0\" hidden=\"hidden\"><table width=\"142\" cellspacing=\"3\" cellpadding=\"3\"><tbody><tr><td><p><img decoding=\"async\" class=\"aligncenter wp-image-5284 size-full\" src=\"https:\/\/www.hms.cl\/wp-content\/uploads\/2025\/08\/Dr.-Andres-Vergara-e1755621021155.png\" alt=\"\" width=\"107\" height=\"190\" \/><\/p><p style=\"text-align: center;\">Dr. Andr\u00e9s Vergara<\/p><\/td><td><p style=\"text-align: center;\"><img decoding=\"async\" class=\"aligncenter wp-image-5285 size-full\" src=\"https:\/\/www.hms.cl\/wp-content\/uploads\/2025\/08\/Dr.-Luis-Sotelo-e1755621032570.png\" alt=\"\" width=\"107\" height=\"190\" \/><\/p><p style=\"text-align: center;\">Dr. Luis Sotelo<\/p><\/td><td><p><img decoding=\"async\" class=\"aligncenter wp-image-5286 size-full\" src=\"https:\/\/www.hms.cl\/wp-content\/uploads\/2025\/08\/Dr.-Miguel-Pacheco-e1755621040155.png\" alt=\"\" width=\"107\" height=\"190\" \/><\/p><p style=\"text-align: center;\">Dr. Miguel Pacheco<\/p><\/td><\/tr><\/tbody><\/table><table width=\"142\" cellspacing=\"3\" cellpadding=\"3\"><tbody><tr><td><p><img loading=\"lazy\" decoding=\"async\" class=\"aligncenter wp-image-5287 size-full\" src=\"https:\/\/www.hms.cl\/wp-content\/uploads\/2025\/08\/Dr.-Pablo-Montecinos-R-e1755621049446.jpg\" alt=\"\" width=\"107\" height=\"190\" \/><\/p><p style=\"text-align: center;\">Dr. Pablo Montecinos R.<\/p><\/td><td><p><img loading=\"lazy\" decoding=\"async\" class=\"aligncenter wp-image-5288 size-full\" src=\"https:\/\/www.hms.cl\/wp-content\/uploads\/2025\/08\/Dra.-Gabriela-Urrutia-e1755621057295.png\" alt=\"\" width=\"107\" height=\"190\" \/><\/p><p style=\"text-align: center;\">Dra. Gabriela Urrutia.<\/p><\/td><td><p><img loading=\"lazy\" decoding=\"async\" class=\"aligncenter wp-image-5289 size-full\" src=\"https:\/\/www.hms.cl\/wp-content\/uploads\/2025\/08\/Dra.-Monica-Rojas-e1755621066371.png\" alt=\"\" width=\"107\" height=\"190\" \/><\/p><p style=\"text-align: center;\">Dra. M\u00f3nica Rojas.<\/p><\/td><\/tr><\/tbody><\/table><table width=\"142\" cellspacing=\"3\" cellpadding=\"3\"><tbody><tr><td><p><img loading=\"lazy\" decoding=\"async\" class=\"aligncenter wp-image-5290 size-full\" src=\"https:\/\/www.hms.cl\/wp-content\/uploads\/2025\/08\/Dra.-Valeria-Oliva-B-e1755621076159.png\" alt=\"\" width=\"107\" height=\"190\" \/><\/p><p style=\"text-align: center;\">Dra. Valeria Oliva B.<\/p><\/td><td><p style=\"text-align: center;\"><img loading=\"lazy\" decoding=\"async\" class=\"wp-image-5314 size-full aligncenter\" src=\"https:\/\/www.hms.cl\/wp-content\/uploads\/2025\/08\/Dra.-Iris-Lever-e1755628458588.png\" alt=\"\" width=\"139\" height=\"190\" \/><\/p><p style=\"text-align: center;\">Dra. Iris Lever<\/p><\/td><\/tr><\/tbody><\/table><\/div>\n\t\t\t\t\t\t\t<\/div>\n\t\t<\/div>\n\t\t\t\t\t\t<\/div>\n\t\t\t\t<\/div>\n\t\t\t\t\t<\/div>\n\t\t\t\t<\/div>\n\t\t\t\t<\/div>\n\t\t","protected":false},"excerpt":{"rendered":"<p>Nuestros especialistas de Oftalmolog\u00eda diagnostican y tratan las enfermedades oculares<\/p>\n","protected":false},"author":1,"featured_media":0,"parent":0,"menu_order":0,"comment_status":"closed","ping_status":"closed","template":"","meta":{"footnotes":""},"class_list":["post-3983","page","type-page","status-publish","hentry"],"yoast_head":"<!-- This site is optimized with the Yoast SEO plugin v25.6 - https:\/\/yoast.com\/wordpress\/plugins\/seo\/ -->\n<title>OFTALMOLOG\u00cdA - Hospital Militar de Santiago<\/title>\n<meta name=\"robots\" content=\"index, follow, max-snippet:-1, max-image-preview:large, max-video-preview:-1\" \/>\n<link rel=\"canonical\" href=\"https:\/\/www.hms.cl\/index.php\/oftalmologia\/\" \/>\n<meta property=\"og:locale\" content=\"es_ES\" \/>\n<meta property=\"og:type\" content=\"article\" \/>\n<meta property=\"og:title\" content=\"OFTALMOLOG\u00cdA - Hospital Militar de Santiago\" \/>\n<meta property=\"og:description\" content=\"Nuestros especialistas de Oftalmolog\u00eda diagnostican y tratan las enfermedades oculares\" \/>\n<meta property=\"og:url\" content=\"https:\/\/www.hms.cl\/index.php\/oftalmologia\/\" \/>\n<meta property=\"og:site_name\" content=\"Hospital Militar de Santiago\" \/>\n<meta property=\"article:publisher\" content=\"https:\/\/www.facebook.com\/hospitalmilitardesantiago\" \/>\n<meta property=\"article:modified_time\" content=\"2026-01-08T14:46:25+00:00\" \/>\n<meta property=\"og:image\" content=\"https:\/\/www.hms.cl\/wp-content\/uploads\/2025\/08\/Dr.-Andres-Vergara-e1755621021155.png\" \/>\n\t<meta property=\"og:image:width\" content=\"107\" \/>\n\t<meta property=\"og:image:height\" content=\"190\" \/>\n\t<meta property=\"og:image:type\" content=\"image\/png\" \/>\n<meta name=\"twitter:card\" content=\"summary_large_image\" \/>\n<meta name=\"twitter:site\" content=\"@HosMilSantiago\" \/>\n<meta name=\"twitter:label1\" content=\"Tiempo estimado de lectura\" \/>\n\t<meta name=\"twitter:data1\" content=\"3 minutos\" \/>\n<script type=\"application\/ld+json\" class=\"yoast-schema-graph\">{\"@context\":\"https:\/\/schema.org\",\"@graph\":[{\"@type\":\"WebPage\",\"@id\":\"https:\/\/www.hms.cl\/index.php\/oftalmologia\/\",\"url\":\"https:\/\/www.hms.cl\/index.php\/oftalmologia\/\",\"name\":\"OFTALMOLOG\u00cdA - Hospital Militar de Santiago\",\"isPartOf\":{\"@id\":\"https:\/\/www.hms.cl\/#website\"},\"primaryImageOfPage\":{\"@id\":\"https:\/\/www.hms.cl\/index.php\/oftalmologia\/#primaryimage\"},\"image\":{\"@id\":\"https:\/\/www.hms.cl\/index.php\/oftalmologia\/#primaryimage\"},\"thumbnailUrl\":\"https:\/\/www.hms.cl\/wp-content\/uploads\/2025\/08\/Dr.-Andres-Vergara-e1755621021155.png\",\"datePublished\":\"2025-07-03T19:51:46+00:00\",\"dateModified\":\"2026-01-08T14:46:25+00:00\",\"breadcrumb\":{\"@id\":\"https:\/\/www.hms.cl\/index.php\/oftalmologia\/#breadcrumb\"},\"inLanguage\":\"es-CL\",\"potentialAction\":[{\"@type\":\"ReadAction\",\"target\":[\"https:\/\/www.hms.cl\/index.php\/oftalmologia\/\"]}]},{\"@type\":\"ImageObject\",\"inLanguage\":\"es-CL\",\"@id\":\"https:\/\/www.hms.cl\/index.php\/oftalmologia\/#primaryimage\",\"url\":\"https:\/\/www.hms.cl\/wp-content\/uploads\/2025\/08\/Dr.-Andres-Vergara-e1755621021155.png\",\"contentUrl\":\"https:\/\/www.hms.cl\/wp-content\/uploads\/2025\/08\/Dr.-Andres-Vergara-e1755621021155.png\",\"width\":107,\"height\":190},{\"@type\":\"BreadcrumbList\",\"@id\":\"https:\/\/www.hms.cl\/index.php\/oftalmologia\/#breadcrumb\",\"itemListElement\":[{\"@type\":\"ListItem\",\"position\":1,\"name\":\"Home\",\"item\":\"https:\/\/www.hms.cl\/\"},{\"@type\":\"ListItem\",\"position\":2,\"name\":\"OFTALMOLOG\u00cdA\"}]},{\"@type\":\"WebSite\",\"@id\":\"https:\/\/www.hms.cl\/#website\",\"url\":\"https:\/\/www.hms.cl\/\",\"name\":\"Hospital Militar de Santiago\",\"description\":\"\",\"publisher\":{\"@id\":\"https:\/\/www.hms.cl\/#organization\"},\"potentialAction\":[{\"@type\":\"SearchAction\",\"target\":{\"@type\":\"EntryPoint\",\"urlTemplate\":\"https:\/\/www.hms.cl\/?s={search_term_string}\"},\"query-input\":{\"@type\":\"PropertyValueSpecification\",\"valueRequired\":true,\"valueName\":\"search_term_string\"}}],\"inLanguage\":\"es-CL\"},{\"@type\":\"Organization\",\"@id\":\"https:\/\/www.hms.cl\/#organization\",\"name\":\"Hospital Militar de Santiago\",\"url\":\"https:\/\/www.hms.cl\/\",\"logo\":{\"@type\":\"ImageObject\",\"inLanguage\":\"es-CL\",\"@id\":\"https:\/\/www.hms.cl\/#\/schema\/logo\/image\/\",\"url\":\"https:\/\/www.hms.cl\/wp-content\/uploads\/2025\/07\/Logo-Vertical-Mediano.png\",\"contentUrl\":\"https:\/\/www.hms.cl\/wp-content\/uploads\/2025\/07\/Logo-Vertical-Mediano.png\",\"width\":1280,\"height\":720,\"caption\":\"Hospital Militar de Santiago\"},\"image\":{\"@id\":\"https:\/\/www.hms.cl\/#\/schema\/logo\/image\/\"},\"sameAs\":[\"https:\/\/www.facebook.com\/hospitalmilitardesantiago\",\"https:\/\/x.com\/HosMilSantiago\",\"https:\/\/www.instagram.com\/hospitalmilitardesantiago\/\",\"https:\/\/www.linkedin.com\/company\/hospital-militar-de-santiago-hosmil\",\"https:\/\/www.youtube.com\/c\/HMSVIDEO\"]}]}<\/script>\n<!-- \/ Yoast SEO plugin. -->","yoast_head_json":{"title":"OFTALMOLOG\u00cdA - Hospital Militar de Santiago","robots":{"index":"index","follow":"follow","max-snippet":"max-snippet:-1","max-image-preview":"max-image-preview:large","max-video-preview":"max-video-preview:-1"},"canonical":"https:\/\/www.hms.cl\/index.php\/oftalmologia\/","og_locale":"es_ES","og_type":"article","og_title":"OFTALMOLOG\u00cdA - Hospital Militar de Santiago","og_description":"Nuestros especialistas de Oftalmolog\u00eda diagnostican y tratan las enfermedades oculares","og_url":"https:\/\/www.hms.cl\/index.php\/oftalmologia\/","og_site_name":"Hospital Militar de Santiago","article_publisher":"https:\/\/www.facebook.com\/hospitalmilitardesantiago","article_modified_time":"2026-01-08T14:46:25+00:00","og_image":[{"width":107,"height":190,"url":"https:\/\/www.hms.cl\/wp-content\/uploads\/2025\/08\/Dr.-Andres-Vergara-e1755621021155.png","type":"image\/png"}],"twitter_card":"summary_large_image","twitter_site":"@HosMilSantiago","twitter_misc":{"Tiempo estimado de lectura":"3 minutos"},"schema":{"@context":"https:\/\/schema.org","@graph":[{"@type":"WebPage","@id":"https:\/\/www.hms.cl\/index.php\/oftalmologia\/","url":"https:\/\/www.hms.cl\/index.php\/oftalmologia\/","name":"OFTALMOLOG\u00cdA - Hospital Militar de Santiago","isPartOf":{"@id":"https:\/\/www.hms.cl\/#website"},"primaryImageOfPage":{"@id":"https:\/\/www.hms.cl\/index.php\/oftalmologia\/#primaryimage"},"image":{"@id":"https:\/\/www.hms.cl\/index.php\/oftalmologia\/#primaryimage"},"thumbnailUrl":"https:\/\/www.hms.cl\/wp-content\/uploads\/2025\/08\/Dr.-Andres-Vergara-e1755621021155.png","datePublished":"2025-07-03T19:51:46+00:00","dateModified":"2026-01-08T14:46:25+00:00","breadcrumb":{"@id":"https:\/\/www.hms.cl\/index.php\/oftalmologia\/#breadcrumb"},"inLanguage":"es-CL","potentialAction":[{"@type":"ReadAction","target":["https:\/\/www.hms.cl\/index.php\/oftalmologia\/"]}]},{"@type":"ImageObject","inLanguage":"es-CL","@id":"https:\/\/www.hms.cl\/index.php\/oftalmologia\/#primaryimage","url":"https:\/\/www.hms.cl\/wp-content\/uploads\/2025\/08\/Dr.-Andres-Vergara-e1755621021155.png","contentUrl":"https:\/\/www.hms.cl\/wp-content\/uploads\/2025\/08\/Dr.-Andres-Vergara-e1755621021155.png","width":107,"height":190},{"@type":"BreadcrumbList","@id":"https:\/\/www.hms.cl\/index.php\/oftalmologia\/#breadcrumb","itemListElement":[{"@type":"ListItem","position":1,"name":"Home","item":"https:\/\/www.hms.cl\/"},{"@type":"ListItem","position":2,"name":"OFTALMOLOG\u00cdA"}]},{"@type":"WebSite","@id":"https:\/\/www.hms.cl\/#website","url":"https:\/\/www.hms.cl\/","name":"Hospital Militar de Santiago","description":"","publisher":{"@id":"https:\/\/www.hms.cl\/#organization"},"potentialAction":[{"@type":"SearchAction","target":{"@type":"EntryPoint","urlTemplate":"https:\/\/www.hms.cl\/?s={search_term_string}"},"query-input":{"@type":"PropertyValueSpecification","valueRequired":true,"valueName":"search_term_string"}}],"inLanguage":"es-CL"},{"@type":"Organization","@id":"https:\/\/www.hms.cl\/#organization","name":"Hospital Militar de Santiago","url":"https:\/\/www.hms.cl\/","logo":{"@type":"ImageObject","inLanguage":"es-CL","@id":"https:\/\/www.hms.cl\/#\/schema\/logo\/image\/","url":"https:\/\/www.hms.cl\/wp-content\/uploads\/2025\/07\/Logo-Vertical-Mediano.png","contentUrl":"https:\/\/www.hms.cl\/wp-content\/uploads\/2025\/07\/Logo-Vertical-Mediano.png","width":1280,"height":720,"caption":"Hospital Militar de Santiago"},"image":{"@id":"https:\/\/www.hms.cl\/#\/schema\/logo\/image\/"},"sameAs":["https:\/\/www.facebook.com\/hospitalmilitardesantiago","https:\/\/x.com\/HosMilSantiago","https:\/\/www.instagram.com\/hospitalmilitardesantiago\/","https:\/\/www.linkedin.com\/company\/hospital-militar-de-santiago-hosmil","https:\/\/www.youtube.com\/c\/HMSVIDEO"]}]}},"_links":{"self":[{"href":"https:\/\/www.hms.cl\/index.php\/wp-json\/wp\/v2\/pages\/3983","targetHints":{"allow":["GET"]}}],"collection":[{"href":"https:\/\/www.hms.cl\/index.php\/wp-json\/wp\/v2\/pages"}],"about":[{"href":"https:\/\/www.hms.cl\/index.php\/wp-json\/wp\/v2\/types\/page"}],"author":[{"embeddable":true,"href":"https:\/\/www.hms.cl\/index.php\/wp-json\/wp\/v2\/users\/1"}],"replies":[{"embeddable":true,"href":"https:\/\/www.hms.cl\/index.php\/wp-json\/wp\/v2\/comments?post=3983"}],"version-history":[{"count":12,"href":"https:\/\/www.hms.cl\/index.php\/wp-json\/wp\/v2\/pages\/3983\/revisions"}],"predecessor-version":[{"id":7654,"href":"https:\/\/www.hms.cl\/index.php\/wp-json\/wp\/v2\/pages\/3983\/revisions\/7654"}],"wp:attachment":[{"href":"https:\/\/www.hms.cl\/index.php\/wp-json\/wp\/v2\/media?parent=3983"}],"curies":[{"name":"wp","href":"https:\/\/api.w.org\/{rel}","templated":true}]}}