{"id":3948,"date":"2025-07-03T16:22:17","date_gmt":"2025-07-03T19:22:17","guid":{"rendered":"http:\/\/10.10.50.51\/?page_id=3948"},"modified":"2026-03-02T15:02:14","modified_gmt":"2026-03-02T19:02:14","slug":"medicina-fisica-y-rehabilitacion","status":"publish","type":"page","link":"https:\/\/www.hms.cl\/index.php\/medicina-fisica-y-rehabilitacion\/","title":{"rendered":"MEDICINA F\u00cdSICA Y REHABILITACI\u00d3N"},"content":{"rendered":"\t\t<div data-elementor-type=\"wp-page\" data-elementor-id=\"3948\" class=\"elementor elementor-3948\" data-elementor-post-type=\"page\">\n\t\t\t\t<div class=\"elementor-element elementor-element-56079b6 e-flex e-con-boxed e-con e-parent\" data-id=\"56079b6\" data-element_type=\"container\">\n\t\t\t\t\t<div class=\"e-con-inner\">\n\t\t\t\t\t<\/div>\n\t\t\t\t<\/div>\n\t\t<div class=\"elementor-element elementor-element-e4723de e-flex e-con-boxed e-con e-parent\" data-id=\"e4723de\" data-element_type=\"container\">\n\t\t\t\t\t<div class=\"e-con-inner\">\n\t\t\t\t<div class=\"elementor-element elementor-element-94e735e elementor-tabs-view-vertical elementor-widget elementor-widget-tabs\" data-id=\"94e735e\" data-element_type=\"widget\" data-widget_type=\"tabs.default\">\n\t\t\t\t<div class=\"elementor-widget-container\">\n\t\t\t\t\t\t\t<div class=\"elementor-tabs\">\n\t\t\t<div class=\"elementor-tabs-wrapper\" role=\"tablist\" >\n\t\t\t\t\t\t\t\t\t<div id=\"elementor-tab-title-1561\" class=\"elementor-tab-title elementor-tab-desktop-title\" aria-selected=\"true\" data-tab=\"1\" role=\"tab\" tabindex=\"0\" aria-controls=\"elementor-tab-content-1561\" aria-expanded=\"false\">MEDICINA F\u00cdSICA Y REHABILITACI\u00d3N<\/div>\n\t\t\t\t\t\t\t\t\t<div id=\"elementor-tab-title-1562\" class=\"elementor-tab-title elementor-tab-desktop-title\" aria-selected=\"false\" data-tab=\"2\" role=\"tab\" tabindex=\"-1\" aria-controls=\"elementor-tab-content-1562\" aria-expanded=\"false\">EQUIPOS M\u00c9DICOS<\/div>\n\t\t\t\t\t\t\t<\/div>\n\t\t\t<div class=\"elementor-tabs-content-wrapper\" role=\"tablist\" aria-orientation=\"vertical\">\n\t\t\t\t\t\t\t\t\t<div class=\"elementor-tab-title elementor-tab-mobile-title\" aria-selected=\"true\" data-tab=\"1\" role=\"tab\" tabindex=\"0\" aria-controls=\"elementor-tab-content-1561\" aria-expanded=\"false\">MEDICINA F\u00cdSICA Y REHABILITACI\u00d3N<\/div>\n\t\t\t\t\t<div id=\"elementor-tab-content-1561\" class=\"elementor-tab-content elementor-clearfix\" data-tab=\"1\" role=\"tabpanel\" aria-labelledby=\"elementor-tab-title-1561\" tabindex=\"0\" hidden=\"false\"><p>El Servicio de Medicina F\u00edsica y Rehabilitaci\u00f3n tiene como finalidad entregar una atenci\u00f3n integral a los pacientes para lograr su rehabilitaci\u00f3n alcanzando su mayor independencia.<\/p><p>Nuestro equipo est\u00e1 conformado por m\u00e9dicos fisiatras, kinesi\u00f3logos, terapeutas ocupacionales y fonoaudi\u00f3logos, quienes diagn\u00f3stica y tratan los diferentes problemas de salud, brindando una\u00a0 rehabilitaci\u00f3n integral, acorde a las necesidades de cada paciente y su entorno. De tal manera, alcanzar el mayor nivel de autonom\u00eda.<\/p><p>En Hospital Militar de Santiago, contamos con moderna infraestructura en Servicio de Rehabilitaci\u00f3n, que nos permite atender de forma eficaz y coordinada entre las diferentes disciplinas. En ese sentido, existen distintos programas orientados a satisfacer las\u00a0 necesidades de rehabilitaci\u00f3n de usuarios del Ej\u00e9rcito, dentro de los cuales destacan el programa de rehabilitaci\u00f3n precoz de Accidente Cerebro vascular.<\/p><\/div>\n\t\t\t\t\t\t\t\t\t<div class=\"elementor-tab-title elementor-tab-mobile-title\" aria-selected=\"false\" data-tab=\"2\" role=\"tab\" tabindex=\"-1\" aria-controls=\"elementor-tab-content-1562\" aria-expanded=\"false\">EQUIPOS M\u00c9DICOS<\/div>\n\t\t\t\t\t<div id=\"elementor-tab-content-1562\" class=\"elementor-tab-content elementor-clearfix\" data-tab=\"2\" role=\"tabpanel\" aria-labelledby=\"elementor-tab-title-1562\" tabindex=\"0\" hidden=\"hidden\"><table width=\"142\" cellspacing=\"3\" cellpadding=\"3\"><tbody><tr><td><p><img fetchpriority=\"high\" decoding=\"async\" class=\"size-medium wp-image-8213 aligncenter\" src=\"https:\/\/www.hms.cl\/wp-content\/uploads\/2026\/01\/kinesiologa-Claudia-Lucero-R-169x300.png\" alt=\"\" width=\"169\" height=\"300\" srcset=\"https:\/\/www.hms.cl\/wp-content\/uploads\/2026\/01\/kinesiologa-Claudia-Lucero-R-169x300.png 169w, https:\/\/www.hms.cl\/wp-content\/uploads\/2026\/01\/kinesiologa-Claudia-Lucero-R.png 281w\" sizes=\"(max-width: 169px) 100vw, 169px\" \/><\/p><p style=\"text-align: center;\">kinesi\u00f3loga Claudia Lucero R.<\/p><\/td><td><p><img decoding=\"async\" class=\"size-medium wp-image-8214 aligncenter\" src=\"https:\/\/www.hms.cl\/wp-content\/uploads\/2026\/01\/kinesiologa-Consuelo-Gonzalez-D-169x300.png\" alt=\"\" width=\"169\" height=\"300\" srcset=\"https:\/\/www.hms.cl\/wp-content\/uploads\/2026\/01\/kinesiologa-Consuelo-Gonzalez-D-169x300.png 169w, https:\/\/www.hms.cl\/wp-content\/uploads\/2026\/01\/kinesiologa-Consuelo-Gonzalez-D.png 281w\" sizes=\"(max-width: 169px) 100vw, 169px\" \/><\/p><p style=\"text-align: center;\">kinesi\u00f3loga Consuelo Gonz\u00e1lez D.<\/p><\/td><td><p><img decoding=\"async\" class=\"size-medium wp-image-8215 aligncenter\" src=\"https:\/\/www.hms.cl\/wp-content\/uploads\/2026\/01\/Kinesiologa-Gloria-Rojas-R-169x300.png\" alt=\"\" width=\"169\" height=\"300\" srcset=\"https:\/\/www.hms.cl\/wp-content\/uploads\/2026\/01\/Kinesiologa-Gloria-Rojas-R-169x300.png 169w, https:\/\/www.hms.cl\/wp-content\/uploads\/2026\/01\/Kinesiologa-Gloria-Rojas-R.png 281w\" sizes=\"(max-width: 169px) 100vw, 169px\" \/><\/p><p style=\"text-align: center;\">Kinesi\u00f3loga Gloria Rojas R.<\/p><\/td><\/tr><\/tbody><\/table><table width=\"142\" cellspacing=\"3\" cellpadding=\"3\"><tbody><tr><td><p><img loading=\"lazy\" decoding=\"async\" class=\"size-medium wp-image-8216 aligncenter\" src=\"https:\/\/www.hms.cl\/wp-content\/uploads\/2026\/01\/Kinesiologa-Javiera-Figueroa-B-169x300.png\" alt=\"\" width=\"169\" height=\"300\" srcset=\"https:\/\/www.hms.cl\/wp-content\/uploads\/2026\/01\/Kinesiologa-Javiera-Figueroa-B-169x300.png 169w, https:\/\/www.hms.cl\/wp-content\/uploads\/2026\/01\/Kinesiologa-Javiera-Figueroa-B.png 281w\" sizes=\"(max-width: 169px) 100vw, 169px\" \/><\/p><p style=\"text-align: center;\">Kinesi\u00f3loga Javiera Figueroa B.<\/p><\/td><td><p><img loading=\"lazy\" decoding=\"async\" class=\"size-medium wp-image-8217 aligncenter\" src=\"https:\/\/www.hms.cl\/wp-content\/uploads\/2026\/01\/kinesiologa-Karen-Caviedes-H-169x300.png\" alt=\"\" width=\"169\" height=\"300\" srcset=\"https:\/\/www.hms.cl\/wp-content\/uploads\/2026\/01\/kinesiologa-Karen-Caviedes-H-169x300.png 169w, https:\/\/www.hms.cl\/wp-content\/uploads\/2026\/01\/kinesiologa-Karen-Caviedes-H.png 281w\" sizes=\"(max-width: 169px) 100vw, 169px\" \/><\/p><p style=\"text-align: center;\">kinesi\u00f3loga Karen Caviedes H.<\/p><\/td><td><p><img loading=\"lazy\" decoding=\"async\" class=\"size-medium wp-image-8218 aligncenter\" src=\"https:\/\/www.hms.cl\/wp-content\/uploads\/2026\/01\/kinesiologa-Marcela-Varas-S-169x300.png\" alt=\"\" width=\"169\" height=\"300\" srcset=\"https:\/\/www.hms.cl\/wp-content\/uploads\/2026\/01\/kinesiologa-Marcela-Varas-S-169x300.png 169w, https:\/\/www.hms.cl\/wp-content\/uploads\/2026\/01\/kinesiologa-Marcela-Varas-S.png 281w\" sizes=\"(max-width: 169px) 100vw, 169px\" \/><\/p><p style=\"text-align: center;\">kinesi\u00f3loga Marcela Varas S.<\/p><\/td><\/tr><\/tbody><\/table><table width=\"142\" cellspacing=\"3\" cellpadding=\"3\"><tbody><tr><td><p><img loading=\"lazy\" decoding=\"async\" class=\"size-medium wp-image-8219 aligncenter\" src=\"https:\/\/www.hms.cl\/wp-content\/uploads\/2026\/01\/kinesiologa-Paola-Tapia-H-169x300.png\" alt=\"\" width=\"169\" height=\"300\" srcset=\"https:\/\/www.hms.cl\/wp-content\/uploads\/2026\/01\/kinesiologa-Paola-Tapia-H-169x300.png 169w, https:\/\/www.hms.cl\/wp-content\/uploads\/2026\/01\/kinesiologa-Paola-Tapia-H.png 281w\" sizes=\"(max-width: 169px) 100vw, 169px\" \/><\/p><p style=\"text-align: center;\">kinesi\u00f3loga Paola Tapia H.<\/p><\/td><td><p><img loading=\"lazy\" decoding=\"async\" class=\"size-medium wp-image-8220 aligncenter\" src=\"https:\/\/www.hms.cl\/wp-content\/uploads\/2026\/01\/kinesiologa-Rocio-Fullola-A-169x300.png\" alt=\"\" width=\"169\" height=\"300\" srcset=\"https:\/\/www.hms.cl\/wp-content\/uploads\/2026\/01\/kinesiologa-Rocio-Fullola-A-169x300.png 169w, https:\/\/www.hms.cl\/wp-content\/uploads\/2026\/01\/kinesiologa-Rocio-Fullola-A.png 281w\" sizes=\"(max-width: 169px) 100vw, 169px\" \/><\/p><p style=\"text-align: center;\">kinesi\u00f3loga Roci\u00f3 Fullola A<\/p><\/td><td><p><img loading=\"lazy\" decoding=\"async\" class=\"size-medium wp-image-8221 aligncenter\" src=\"https:\/\/www.hms.cl\/wp-content\/uploads\/2026\/01\/Kinesiologo-Christian-Warnier-A-169x300.png\" alt=\"\" width=\"169\" height=\"300\" srcset=\"https:\/\/www.hms.cl\/wp-content\/uploads\/2026\/01\/Kinesiologo-Christian-Warnier-A-169x300.png 169w, https:\/\/www.hms.cl\/wp-content\/uploads\/2026\/01\/Kinesiologo-Christian-Warnier-A.png 281w\" sizes=\"(max-width: 169px) 100vw, 169px\" \/><\/p><p style=\"text-align: center;\">Kinesi\u00f3logo Christian Warnier A.<\/p><\/td><\/tr><\/tbody><\/table><table width=\"142\" cellspacing=\"3\" cellpadding=\"3\"><tbody><tr><td><p><img loading=\"lazy\" decoding=\"async\" class=\"size-medium wp-image-8222 aligncenter\" src=\"https:\/\/www.hms.cl\/wp-content\/uploads\/2026\/01\/Kinesiologo-Eduardo-Moya-R-169x300.png\" alt=\"\" width=\"169\" height=\"300\" srcset=\"https:\/\/www.hms.cl\/wp-content\/uploads\/2026\/01\/Kinesiologo-Eduardo-Moya-R-169x300.png 169w, https:\/\/www.hms.cl\/wp-content\/uploads\/2026\/01\/Kinesiologo-Eduardo-Moya-R.png 281w\" sizes=\"(max-width: 169px) 100vw, 169px\" \/><\/p><p style=\"text-align: center;\">Kinesi\u00f3logo Eduardo Moya R.<\/p><\/td><td><p><img loading=\"lazy\" decoding=\"async\" class=\"size-medium wp-image-8223 aligncenter\" src=\"https:\/\/www.hms.cl\/wp-content\/uploads\/2026\/01\/kinesiologo-Eduardo-Pezoa-M-169x300.png\" alt=\"\" width=\"169\" height=\"300\" srcset=\"https:\/\/www.hms.cl\/wp-content\/uploads\/2026\/01\/kinesiologo-Eduardo-Pezoa-M-169x300.png 169w, https:\/\/www.hms.cl\/wp-content\/uploads\/2026\/01\/kinesiologo-Eduardo-Pezoa-M.png 281w\" sizes=\"(max-width: 169px) 100vw, 169px\" \/><\/p><p style=\"text-align: center;\">kinesi\u00f3logo Eduardo Pezoa M.<\/p><\/td><td><p><img loading=\"lazy\" decoding=\"async\" class=\"size-medium wp-image-8224 aligncenter\" src=\"https:\/\/www.hms.cl\/wp-content\/uploads\/2026\/01\/Kinesiologo-Jaime-Figueroa-C-169x300.png\" alt=\"\" width=\"169\" height=\"300\" srcset=\"https:\/\/www.hms.cl\/wp-content\/uploads\/2026\/01\/Kinesiologo-Jaime-Figueroa-C-169x300.png 169w, https:\/\/www.hms.cl\/wp-content\/uploads\/2026\/01\/Kinesiologo-Jaime-Figueroa-C.png 281w\" sizes=\"(max-width: 169px) 100vw, 169px\" \/><\/p><p style=\"text-align: center;\">Kinesi\u00f3logo Jaime Figueroa C.<\/p><\/td><\/tr><\/tbody><\/table><table width=\"142\" cellspacing=\"3\" cellpadding=\"3\"><tbody><tr><td><p><img loading=\"lazy\" decoding=\"async\" class=\"size-medium wp-image-8225 aligncenter\" src=\"https:\/\/www.hms.cl\/wp-content\/uploads\/2026\/01\/kinesiologo-Rodrigo-Mateluna-S-169x300.png\" alt=\"\" width=\"169\" height=\"300\" srcset=\"https:\/\/www.hms.cl\/wp-content\/uploads\/2026\/01\/kinesiologo-Rodrigo-Mateluna-S-169x300.png 169w, https:\/\/www.hms.cl\/wp-content\/uploads\/2026\/01\/kinesiologo-Rodrigo-Mateluna-S.png 281w\" sizes=\"(max-width: 169px) 100vw, 169px\" \/><\/p><p style=\"text-align: center;\">kinesi\u00f3logo Rodrigo Mateluna S.<\/p><\/td><\/tr><\/tbody><\/table><\/div>\n\t\t\t\t\t\t\t<\/div>\n\t\t<\/div>\n\t\t\t\t\t\t<\/div>\n\t\t\t\t<\/div>\n\t\t\t\t\t<\/div>\n\t\t\t\t<\/div>\n\t\t<div class=\"elementor-element elementor-element-ebfd30f e-flex e-con-boxed e-con e-parent\" data-id=\"ebfd30f\" data-element_type=\"container\">\n\t\t\t\t\t<div class=\"e-con-inner\">\n\t\t<div class=\"elementor-element elementor-element-180d55c e-con-full e-flex e-con e-child\" data-id=\"180d55c\" data-element_type=\"container\">\n\t\t\t\t<div class=\"elementor-element elementor-element-8bd8124 elementor-tabs-view-vertical elementor-widget elementor-widget-tabs\" data-id=\"8bd8124\" data-element_type=\"widget\" data-widget_type=\"tabs.default\">\n\t\t\t\t<div class=\"elementor-widget-container\">\n\t\t\t\t\t\t\t<div class=\"elementor-tabs\">\n\t\t\t<div class=\"elementor-tabs-wrapper\" role=\"tablist\" >\n\t\t\t\t\t\t\t\t\t<div id=\"elementor-tab-title-1461\" class=\"elementor-tab-title elementor-tab-desktop-title\" aria-selected=\"true\" data-tab=\"1\" role=\"tab\" tabindex=\"0\" aria-controls=\"elementor-tab-content-1461\" aria-expanded=\"false\">\u00bfQU\u00c9 ES LA KINESIOLOG\u00cdA Y REHABILITACI\u00d3N?<\/div>\n\t\t\t\t\t\t\t\t\t<div id=\"elementor-tab-title-1462\" class=\"elementor-tab-title elementor-tab-desktop-title\" aria-selected=\"false\" data-tab=\"2\" role=\"tab\" tabindex=\"-1\" aria-controls=\"elementor-tab-content-1462\" aria-expanded=\"false\">\u00bfCU\u00c1NDO DEBO ACUDIR?<\/div>\n\t\t\t\t\t\t\t\t\t<div id=\"elementor-tab-title-1463\" class=\"elementor-tab-title elementor-tab-desktop-title\" aria-selected=\"false\" data-tab=\"3\" role=\"tab\" tabindex=\"-1\" aria-controls=\"elementor-tab-content-1463\" aria-expanded=\"false\">ENFERMEDADES QUE TRATA<\/div>\n\t\t\t\t\t\t\t<\/div>\n\t\t\t<div class=\"elementor-tabs-content-wrapper\" role=\"tablist\" aria-orientation=\"vertical\">\n\t\t\t\t\t\t\t\t\t<div class=\"elementor-tab-title elementor-tab-mobile-title\" aria-selected=\"true\" data-tab=\"1\" role=\"tab\" tabindex=\"0\" aria-controls=\"elementor-tab-content-1461\" aria-expanded=\"false\">\u00bfQU\u00c9 ES LA KINESIOLOG\u00cdA Y REHABILITACI\u00d3N?<\/div>\n\t\t\t\t\t<div id=\"elementor-tab-content-1461\" class=\"elementor-tab-content elementor-clearfix\" data-tab=\"1\" role=\"tabpanel\" aria-labelledby=\"elementor-tab-title-1461\" tabindex=\"0\" hidden=\"false\"><p>La unidad de Kinesiolog\u00eda y Rehabilitaci\u00f3n del HMS se dedica a rehabilitar pacientes con problemas motrices o de movimiento.<\/p><p>El servicio est\u00e1 conformada por Equipos de Kinesi\u00f3logos de primer nivel, altamente capacitados, que re\u00fanen las diversas habilidades que se requieren para resolver problemas complejos y as\u00ed estar plenamente integrada a los diferentes Equipos Multidisciplinarios de nuestro Hospital, dedicados al estudio, tratamiento y rehabilitaci\u00f3n de pacientes afectados por diversas patolog\u00edas.<\/p><p>Es as\u00ed como asiste a todas las necesidades de apoyo kin\u00e9sico a pacientes ambulatorios (con un horario de 08:00 a 20:00 horas) y a pacientes hospitalizados, con cobertura las 24 horas. del d\u00eda. Adem\u00e1s cuenta con una moderna y amplia infraestructura f\u00edsica y con moderna tecnolog\u00eda<\/p><\/div>\n\t\t\t\t\t\t\t\t\t<div class=\"elementor-tab-title elementor-tab-mobile-title\" aria-selected=\"false\" data-tab=\"2\" role=\"tab\" tabindex=\"-1\" aria-controls=\"elementor-tab-content-1462\" aria-expanded=\"false\">\u00bfCU\u00c1NDO DEBO ACUDIR?<\/div>\n\t\t\t\t\t<div id=\"elementor-tab-content-1462\" class=\"elementor-tab-content elementor-clearfix\" data-tab=\"2\" role=\"tabpanel\" aria-labelledby=\"elementor-tab-title-1462\" tabindex=\"0\" hidden=\"hidden\"><p>Son derivados de diversas especialidades m\u00e9dicas y el motivo de una consulta puede ser un dolor relacionado con un traumatismo reciente, agudo e insoportable en intensidad. Un dolor que no cede al uso de analg\u00e9sicos, incluso luego de dos semanas. Asimismo, la p\u00e9rdida de fuerza o de sensibilidad en las extremidades inferiores.<\/p><p>Tambi\u00e9n, puede ser la p\u00e9rdida del control del esf\u00ednter y dolor en ni\u00f1os o personas mayores de 50 a\u00f1os.<\/p><\/div>\n\t\t\t\t\t\t\t\t\t<div class=\"elementor-tab-title elementor-tab-mobile-title\" aria-selected=\"false\" data-tab=\"3\" role=\"tab\" tabindex=\"-1\" aria-controls=\"elementor-tab-content-1463\" aria-expanded=\"false\">ENFERMEDADES QUE TRATA<\/div>\n\t\t\t\t\t<div id=\"elementor-tab-content-1463\" class=\"elementor-tab-content elementor-clearfix\" data-tab=\"3\" role=\"tabpanel\" aria-labelledby=\"elementor-tab-title-1463\" tabindex=\"0\" hidden=\"hidden\"><p>Esta especialidad se encarga de los tratamientos de patolog\u00edas del Sistema M\u00fasculo Esquel\u00e9tico, tales como:<\/p><ul><li>Lesiones musculares (desgarros, contracturas, contusiones, etc.)<\/li><li>Tendineas (Tendinosis, Tendinitis, roturas, etc.)<\/li><\/ul><\/div>\n\t\t\t\t\t\t\t<\/div>\n\t\t<\/div>\n\t\t\t\t\t\t<\/div>\n\t\t\t\t<\/div>\n\t\t\t\t<\/div>\n\t\t\t\t\t<\/div>\n\t\t\t\t<\/div>\n\t\t\t\t<\/div>\n\t\t","protected":false},"excerpt":{"rendered":"<p>El Servicio de Medicina F\u00edsica y Rehabilitaci\u00f3n tiene como finalidad entregar una atenci\u00f3n integral a los pacientes para lograr su rehabilitaci\u00f3n alcanzando su mayor independencia<\/p>\n","protected":false},"author":1,"featured_media":0,"parent":0,"menu_order":0,"comment_status":"closed","ping_status":"closed","template":"","meta":{"footnotes":""},"class_list":["post-3948","page","type-page","status-publish","hentry"],"yoast_head":"<!-- This site is optimized with the Yoast SEO plugin v25.6 - https:\/\/yoast.com\/wordpress\/plugins\/seo\/ -->\n<title>MEDICINA F\u00cdSICA Y REHABILITACI\u00d3N - Hospital Militar de Santiago<\/title>\n<meta name=\"robots\" content=\"index, follow, max-snippet:-1, max-image-preview:large, max-video-preview:-1\" \/>\n<link rel=\"canonical\" href=\"https:\/\/www.hms.cl\/index.php\/medicina-fisica-y-rehabilitacion\/\" \/>\n<meta property=\"og:locale\" content=\"es_ES\" \/>\n<meta property=\"og:type\" content=\"article\" \/>\n<meta property=\"og:title\" content=\"MEDICINA F\u00cdSICA Y REHABILITACI\u00d3N - Hospital Militar de Santiago\" \/>\n<meta property=\"og:description\" content=\"El Servicio de Medicina F\u00edsica y Rehabilitaci\u00f3n tiene como finalidad entregar una atenci\u00f3n integral a los pacientes para lograr su rehabilitaci\u00f3n alcanzando su mayor independencia\" \/>\n<meta property=\"og:url\" content=\"https:\/\/www.hms.cl\/index.php\/medicina-fisica-y-rehabilitacion\/\" \/>\n<meta property=\"og:site_name\" content=\"Hospital Militar de Santiago\" \/>\n<meta property=\"article:publisher\" content=\"https:\/\/www.facebook.com\/hospitalmilitardesantiago\" \/>\n<meta property=\"article:modified_time\" content=\"2026-03-02T19:02:14+00:00\" \/>\n<meta property=\"og:image\" content=\"https:\/\/www.hms.cl\/wp-content\/uploads\/2026\/01\/kinesiologa-Claudia-Lucero-R.png\" \/>\n\t<meta property=\"og:image:width\" content=\"281\" \/>\n\t<meta property=\"og:image:height\" content=\"500\" \/>\n\t<meta property=\"og:image:type\" content=\"image\/png\" \/>\n<meta name=\"twitter:card\" content=\"summary_large_image\" \/>\n<meta name=\"twitter:site\" content=\"@HosMilSantiago\" \/>\n<meta name=\"twitter:label1\" content=\"Tiempo estimado de lectura\" \/>\n\t<meta name=\"twitter:data1\" content=\"5 minutos\" \/>\n<script type=\"application\/ld+json\" class=\"yoast-schema-graph\">{\"@context\":\"https:\/\/schema.org\",\"@graph\":[{\"@type\":\"WebPage\",\"@id\":\"https:\/\/www.hms.cl\/index.php\/medicina-fisica-y-rehabilitacion\/\",\"url\":\"https:\/\/www.hms.cl\/index.php\/medicina-fisica-y-rehabilitacion\/\",\"name\":\"MEDICINA F\u00cdSICA Y REHABILITACI\u00d3N - Hospital Militar de Santiago\",\"isPartOf\":{\"@id\":\"https:\/\/www.hms.cl\/#website\"},\"primaryImageOfPage\":{\"@id\":\"https:\/\/www.hms.cl\/index.php\/medicina-fisica-y-rehabilitacion\/#primaryimage\"},\"image\":{\"@id\":\"https:\/\/www.hms.cl\/index.php\/medicina-fisica-y-rehabilitacion\/#primaryimage\"},\"thumbnailUrl\":\"https:\/\/www.hms.cl\/wp-content\/uploads\/2026\/01\/kinesiologa-Claudia-Lucero-R-169x300.png\",\"datePublished\":\"2025-07-03T19:22:17+00:00\",\"dateModified\":\"2026-03-02T19:02:14+00:00\",\"breadcrumb\":{\"@id\":\"https:\/\/www.hms.cl\/index.php\/medicina-fisica-y-rehabilitacion\/#breadcrumb\"},\"inLanguage\":\"es-CL\",\"potentialAction\":[{\"@type\":\"ReadAction\",\"target\":[\"https:\/\/www.hms.cl\/index.php\/medicina-fisica-y-rehabilitacion\/\"]}]},{\"@type\":\"ImageObject\",\"inLanguage\":\"es-CL\",\"@id\":\"https:\/\/www.hms.cl\/index.php\/medicina-fisica-y-rehabilitacion\/#primaryimage\",\"url\":\"https:\/\/www.hms.cl\/wp-content\/uploads\/2026\/01\/kinesiologa-Claudia-Lucero-R.png\",\"contentUrl\":\"https:\/\/www.hms.cl\/wp-content\/uploads\/2026\/01\/kinesiologa-Claudia-Lucero-R.png\",\"width\":281,\"height\":500},{\"@type\":\"BreadcrumbList\",\"@id\":\"https:\/\/www.hms.cl\/index.php\/medicina-fisica-y-rehabilitacion\/#breadcrumb\",\"itemListElement\":[{\"@type\":\"ListItem\",\"position\":1,\"name\":\"Home\",\"item\":\"https:\/\/www.hms.cl\/\"},{\"@type\":\"ListItem\",\"position\":2,\"name\":\"MEDICINA F\u00cdSICA Y REHABILITACI\u00d3N\"}]},{\"@type\":\"WebSite\",\"@id\":\"https:\/\/www.hms.cl\/#website\",\"url\":\"https:\/\/www.hms.cl\/\",\"name\":\"Hospital Militar de Santiago\",\"description\":\"\",\"publisher\":{\"@id\":\"https:\/\/www.hms.cl\/#organization\"},\"potentialAction\":[{\"@type\":\"SearchAction\",\"target\":{\"@type\":\"EntryPoint\",\"urlTemplate\":\"https:\/\/www.hms.cl\/?s={search_term_string}\"},\"query-input\":{\"@type\":\"PropertyValueSpecification\",\"valueRequired\":true,\"valueName\":\"search_term_string\"}}],\"inLanguage\":\"es-CL\"},{\"@type\":\"Organization\",\"@id\":\"https:\/\/www.hms.cl\/#organization\",\"name\":\"Hospital Militar de Santiago\",\"url\":\"https:\/\/www.hms.cl\/\",\"logo\":{\"@type\":\"ImageObject\",\"inLanguage\":\"es-CL\",\"@id\":\"https:\/\/www.hms.cl\/#\/schema\/logo\/image\/\",\"url\":\"https:\/\/www.hms.cl\/wp-content\/uploads\/2025\/07\/Logo-Vertical-Mediano.png\",\"contentUrl\":\"https:\/\/www.hms.cl\/wp-content\/uploads\/2025\/07\/Logo-Vertical-Mediano.png\",\"width\":1280,\"height\":720,\"caption\":\"Hospital Militar de Santiago\"},\"image\":{\"@id\":\"https:\/\/www.hms.cl\/#\/schema\/logo\/image\/\"},\"sameAs\":[\"https:\/\/www.facebook.com\/hospitalmilitardesantiago\",\"https:\/\/x.com\/HosMilSantiago\",\"https:\/\/www.instagram.com\/hospitalmilitardesantiago\/\",\"https:\/\/www.linkedin.com\/company\/hospital-militar-de-santiago-hosmil\",\"https:\/\/www.youtube.com\/c\/HMSVIDEO\"]}]}<\/script>\n<!-- \/ Yoast SEO plugin. -->","yoast_head_json":{"title":"MEDICINA F\u00cdSICA Y REHABILITACI\u00d3N - Hospital Militar de Santiago","robots":{"index":"index","follow":"follow","max-snippet":"max-snippet:-1","max-image-preview":"max-image-preview:large","max-video-preview":"max-video-preview:-1"},"canonical":"https:\/\/www.hms.cl\/index.php\/medicina-fisica-y-rehabilitacion\/","og_locale":"es_ES","og_type":"article","og_title":"MEDICINA F\u00cdSICA Y REHABILITACI\u00d3N - Hospital Militar de Santiago","og_description":"El Servicio de Medicina F\u00edsica y Rehabilitaci\u00f3n tiene como finalidad entregar una atenci\u00f3n integral a los pacientes para lograr su rehabilitaci\u00f3n alcanzando su mayor independencia","og_url":"https:\/\/www.hms.cl\/index.php\/medicina-fisica-y-rehabilitacion\/","og_site_name":"Hospital Militar de Santiago","article_publisher":"https:\/\/www.facebook.com\/hospitalmilitardesantiago","article_modified_time":"2026-03-02T19:02:14+00:00","og_image":[{"width":281,"height":500,"url":"https:\/\/www.hms.cl\/wp-content\/uploads\/2026\/01\/kinesiologa-Claudia-Lucero-R.png","type":"image\/png"}],"twitter_card":"summary_large_image","twitter_site":"@HosMilSantiago","twitter_misc":{"Tiempo estimado de lectura":"5 minutos"},"schema":{"@context":"https:\/\/schema.org","@graph":[{"@type":"WebPage","@id":"https:\/\/www.hms.cl\/index.php\/medicina-fisica-y-rehabilitacion\/","url":"https:\/\/www.hms.cl\/index.php\/medicina-fisica-y-rehabilitacion\/","name":"MEDICINA F\u00cdSICA Y REHABILITACI\u00d3N - Hospital Militar de Santiago","isPartOf":{"@id":"https:\/\/www.hms.cl\/#website"},"primaryImageOfPage":{"@id":"https:\/\/www.hms.cl\/index.php\/medicina-fisica-y-rehabilitacion\/#primaryimage"},"image":{"@id":"https:\/\/www.hms.cl\/index.php\/medicina-fisica-y-rehabilitacion\/#primaryimage"},"thumbnailUrl":"https:\/\/www.hms.cl\/wp-content\/uploads\/2026\/01\/kinesiologa-Claudia-Lucero-R-169x300.png","datePublished":"2025-07-03T19:22:17+00:00","dateModified":"2026-03-02T19:02:14+00:00","breadcrumb":{"@id":"https:\/\/www.hms.cl\/index.php\/medicina-fisica-y-rehabilitacion\/#breadcrumb"},"inLanguage":"es-CL","potentialAction":[{"@type":"ReadAction","target":["https:\/\/www.hms.cl\/index.php\/medicina-fisica-y-rehabilitacion\/"]}]},{"@type":"ImageObject","inLanguage":"es-CL","@id":"https:\/\/www.hms.cl\/index.php\/medicina-fisica-y-rehabilitacion\/#primaryimage","url":"https:\/\/www.hms.cl\/wp-content\/uploads\/2026\/01\/kinesiologa-Claudia-Lucero-R.png","contentUrl":"https:\/\/www.hms.cl\/wp-content\/uploads\/2026\/01\/kinesiologa-Claudia-Lucero-R.png","width":281,"height":500},{"@type":"BreadcrumbList","@id":"https:\/\/www.hms.cl\/index.php\/medicina-fisica-y-rehabilitacion\/#breadcrumb","itemListElement":[{"@type":"ListItem","position":1,"name":"Home","item":"https:\/\/www.hms.cl\/"},{"@type":"ListItem","position":2,"name":"MEDICINA F\u00cdSICA Y REHABILITACI\u00d3N"}]},{"@type":"WebSite","@id":"https:\/\/www.hms.cl\/#website","url":"https:\/\/www.hms.cl\/","name":"Hospital Militar de Santiago","description":"","publisher":{"@id":"https:\/\/www.hms.cl\/#organization"},"potentialAction":[{"@type":"SearchAction","target":{"@type":"EntryPoint","urlTemplate":"https:\/\/www.hms.cl\/?s={search_term_string}"},"query-input":{"@type":"PropertyValueSpecification","valueRequired":true,"valueName":"search_term_string"}}],"inLanguage":"es-CL"},{"@type":"Organization","@id":"https:\/\/www.hms.cl\/#organization","name":"Hospital Militar de Santiago","url":"https:\/\/www.hms.cl\/","logo":{"@type":"ImageObject","inLanguage":"es-CL","@id":"https:\/\/www.hms.cl\/#\/schema\/logo\/image\/","url":"https:\/\/www.hms.cl\/wp-content\/uploads\/2025\/07\/Logo-Vertical-Mediano.png","contentUrl":"https:\/\/www.hms.cl\/wp-content\/uploads\/2025\/07\/Logo-Vertical-Mediano.png","width":1280,"height":720,"caption":"Hospital Militar de Santiago"},"image":{"@id":"https:\/\/www.hms.cl\/#\/schema\/logo\/image\/"},"sameAs":["https:\/\/www.facebook.com\/hospitalmilitardesantiago","https:\/\/x.com\/HosMilSantiago","https:\/\/www.instagram.com\/hospitalmilitardesantiago\/","https:\/\/www.linkedin.com\/company\/hospital-militar-de-santiago-hosmil","https:\/\/www.youtube.com\/c\/HMSVIDEO"]}]}},"_links":{"self":[{"href":"https:\/\/www.hms.cl\/index.php\/wp-json\/wp\/v2\/pages\/3948","targetHints":{"allow":["GET"]}}],"collection":[{"href":"https:\/\/www.hms.cl\/index.php\/wp-json\/wp\/v2\/pages"}],"about":[{"href":"https:\/\/www.hms.cl\/index.php\/wp-json\/wp\/v2\/types\/page"}],"author":[{"embeddable":true,"href":"https:\/\/www.hms.cl\/index.php\/wp-json\/wp\/v2\/users\/1"}],"replies":[{"embeddable":true,"href":"https:\/\/www.hms.cl\/index.php\/wp-json\/wp\/v2\/comments?post=3948"}],"version-history":[{"count":12,"href":"https:\/\/www.hms.cl\/index.php\/wp-json\/wp\/v2\/pages\/3948\/revisions"}],"predecessor-version":[{"id":10452,"href":"https:\/\/www.hms.cl\/index.php\/wp-json\/wp\/v2\/pages\/3948\/revisions\/10452"}],"wp:attachment":[{"href":"https:\/\/www.hms.cl\/index.php\/wp-json\/wp\/v2\/media?parent=3948"}],"curies":[{"name":"wp","href":"https:\/\/api.w.org\/{rel}","templated":true}]}}