{"id":3946,"date":"2025-07-03T16:28:51","date_gmt":"2025-07-03T19:28:51","guid":{"rendered":"http:\/\/10.10.50.51\/?page_id=3946"},"modified":"2025-07-03T16:38:57","modified_gmt":"2025-07-03T19:38:57","slug":"nefrologia","status":"publish","type":"page","link":"https:\/\/www.hms.cl\/index.php\/nefrologia\/","title":{"rendered":"NEFROLOG\u00cdA"},"content":{"rendered":"\t\t<div data-elementor-type=\"wp-page\" data-elementor-id=\"3946\" class=\"elementor elementor-3946\" data-elementor-post-type=\"page\">\n\t\t\t\t<div class=\"elementor-element elementor-element-1f91169 e-flex e-con-boxed e-con e-parent\" data-id=\"1f91169\" data-element_type=\"container\">\n\t\t\t\t\t<div class=\"e-con-inner\">\n\t\t\t\t\t<\/div>\n\t\t\t\t<\/div>\n\t\t<div class=\"elementor-element elementor-element-0b51c6f e-flex e-con-boxed e-con e-parent\" data-id=\"0b51c6f\" data-element_type=\"container\">\n\t\t\t\t\t<div class=\"e-con-inner\">\n\t\t\t\t<div class=\"elementor-element elementor-element-3b784b6 elementor-tabs-view-vertical elementor-widget elementor-widget-tabs\" data-id=\"3b784b6\" data-element_type=\"widget\" data-widget_type=\"tabs.default\">\n\t\t\t\t<div class=\"elementor-widget-container\">\n\t\t\t\t\t\t\t<div class=\"elementor-tabs\">\n\t\t\t<div class=\"elementor-tabs-wrapper\" role=\"tablist\" >\n\t\t\t\t\t\t\t\t\t<div id=\"elementor-tab-title-6231\" class=\"elementor-tab-title elementor-tab-desktop-title\" aria-selected=\"true\" data-tab=\"1\" role=\"tab\" tabindex=\"0\" aria-controls=\"elementor-tab-content-6231\" aria-expanded=\"false\">\u00bfQU\u00c9 ES LA NEFROLOG\u00cdA?<\/div>\n\t\t\t\t\t\t\t\t\t<div id=\"elementor-tab-title-6232\" class=\"elementor-tab-title elementor-tab-desktop-title\" aria-selected=\"false\" data-tab=\"2\" role=\"tab\" tabindex=\"-1\" aria-controls=\"elementor-tab-content-6232\" aria-expanded=\"false\">\u00bfCU\u00c1NDO DEBO ACUDIR?<\/div>\n\t\t\t\t\t\t\t\t\t<div id=\"elementor-tab-title-6233\" class=\"elementor-tab-title elementor-tab-desktop-title\" aria-selected=\"false\" data-tab=\"3\" role=\"tab\" tabindex=\"-1\" aria-controls=\"elementor-tab-content-6233\" aria-expanded=\"false\">ENFERMEDADES QUE TRATA<\/div>\n\t\t\t\t\t\t\t\t\t<div id=\"elementor-tab-title-6234\" class=\"elementor-tab-title elementor-tab-desktop-title\" aria-selected=\"false\" data-tab=\"4\" role=\"tab\" tabindex=\"-1\" aria-controls=\"elementor-tab-content-6234\" aria-expanded=\"false\">EQUIPOS M\u00c9DICOS<\/div>\n\t\t\t\t\t\t\t<\/div>\n\t\t\t<div class=\"elementor-tabs-content-wrapper\" role=\"tablist\" aria-orientation=\"vertical\">\n\t\t\t\t\t\t\t\t\t<div class=\"elementor-tab-title elementor-tab-mobile-title\" aria-selected=\"true\" data-tab=\"1\" role=\"tab\" tabindex=\"0\" aria-controls=\"elementor-tab-content-6231\" aria-expanded=\"false\">\u00bfQU\u00c9 ES LA NEFROLOG\u00cdA?<\/div>\n\t\t\t\t\t<div id=\"elementor-tab-content-6231\" class=\"elementor-tab-content elementor-clearfix\" data-tab=\"1\" role=\"tabpanel\" aria-labelledby=\"elementor-tab-title-6231\" tabindex=\"0\" hidden=\"false\"><p>El servicio de Nefrolog\u00eda de nuestro hospital se encarga de la anatom\u00eda de los ri\u00f1ones y sus funciones. Ofrece una mirada integral, el cual tiene como objetivo la prevenci\u00f3n, el diagn\u00f3stico y el tratamiento de las enfermedades del ri\u00f1\u00f3n y sus consecuencias.<\/p><p>A diferencia de la Urolog\u00eda, la Nefrolog\u00eda es una especialidad m\u00e9dica no quir\u00fargica, y seg\u00fan la edad del paciente, se debe consultar a un nefr\u00f3logo adulto o nefr\u00f3logo infantil.<\/p><p>La unidad atiende de manera ambulatoria o hospitalaria.<\/p><p>En nuestro hospital se realiza\u00a0 un programa de Di\u00e1lisis Peritoneal Ambulatoria. Esta modalidad de di\u00e1lisis cr\u00f3nica permite independencia al paciente porque se la realiza \u00e9l mismo en su propia casa, durante la noche.<\/p><p>El programa de Prevenci\u00f3n Renal,\u00a0 significa la posibilidad de detectar e intervenir precozmente al paciente renal, con el objeto de preservar la funci\u00f3n de sus ri\u00f1ones y evitar que llegue a di\u00e1lisis o trasplante. Este programa preventivo implicar\u00e1 crear fuertes v\u00ednculos con el nivel de Atenci\u00f3n Primaria de nuestro sistema de salud, ya que es en ese nivel donde el paciente debe ser pesquisado. Las principales enfermedades que requieren intervenci\u00f3n preventiva son la diabetes y la hipertensi\u00f3n arterial, ya que ellas son las principales causas de da\u00f1o renal en los pacientes que las padecen.<\/p><\/div>\n\t\t\t\t\t\t\t\t\t<div class=\"elementor-tab-title elementor-tab-mobile-title\" aria-selected=\"false\" data-tab=\"2\" role=\"tab\" tabindex=\"-1\" aria-controls=\"elementor-tab-content-6232\" aria-expanded=\"false\">\u00bfCU\u00c1NDO DEBO ACUDIR?<\/div>\n\t\t\t\t\t<div id=\"elementor-tab-content-6232\" class=\"elementor-tab-content elementor-clearfix\" data-tab=\"2\" role=\"tabpanel\" aria-labelledby=\"elementor-tab-title-6232\" tabindex=\"0\" hidden=\"hidden\"><p>Los principales motivos para consultar a un nefr\u00f3logo son: sangre en la orina, dolor o ardor al orinar y frecuentes infecciones urinarias. Tambi\u00e9n, es fundamental el control con el especialista frente a diagn\u00f3sticos de insuficiencia renal, c\u00e1lculos renales y di\u00e1lisis<\/p><\/div>\n\t\t\t\t\t\t\t\t\t<div class=\"elementor-tab-title elementor-tab-mobile-title\" aria-selected=\"false\" data-tab=\"3\" role=\"tab\" tabindex=\"-1\" aria-controls=\"elementor-tab-content-6233\" aria-expanded=\"false\">ENFERMEDADES QUE TRATA<\/div>\n\t\t\t\t\t<div id=\"elementor-tab-content-6233\" class=\"elementor-tab-content elementor-clearfix\" data-tab=\"3\" role=\"tabpanel\" aria-labelledby=\"elementor-tab-title-6233\" tabindex=\"0\" hidden=\"hidden\"><p>Entre las afecciones podemos encontrar\u00a0 la hipertensi\u00f3n arterial (presi\u00f3n arterial elevada), la nefropat\u00eda diab\u00e9tica, las enfermedades glomerulares y hereditarias en sus diferentes tipos, infecciones del tracto urinario, c\u00e1lculos urinarios, insuficiencia renal aguda y cr\u00f3nica, y las denominadas terapias de sustituci\u00f3n renal, di\u00e1lisis y trasplante renal.<\/p><ul><li>HTA y da\u00f1o vascular.<\/li><li>Hematuria (sangre en la orina).<\/li><li>Proteinuria (prote\u00ednas en la orina).<\/li><li>Infecciones de orina.<\/li><li>Enfermedades que producen c\u00e1lculos en el ri\u00f1\u00f3n.<\/li><li>Enfermedades que producen inflamaci\u00f3n en el ri\u00f1\u00f3n (Nefritis).<\/li><li>Seguimiento de la Insuficiencia Renal Cr\u00f3nica en consulta (ERCA).<\/li><li>Tratamiento de di\u00e1lisis: Hemodi\u00e1lisis y Di\u00e1lisis peritoneal.<\/li><li>Atenci\u00f3n previa, inmediata y posterior del Trasplante renal.<\/li><li>Nutrici\u00f3n de la Insuficiencia renal en todas sus fases.<\/li><li>Biopsia Renal para el diagn\u00f3stico de las enfermedades renales.<\/li><li>Realizaci\u00f3n de accesos en venas para realizar hemodi\u00e1lisis (cat\u00e9teres).<\/li><li>T\u00e9cnicas especiales de depuraci\u00f3n de la sangre:<ul><li>plasmaf\u00e9resis.<\/li><li>granuloaf\u00e9resis.<\/li><li>leucocitaf\u00e9resis.<\/li><li>LDL af\u00e9resis<\/li><\/ul><\/li><\/ul><\/div>\n\t\t\t\t\t\t\t\t\t<div class=\"elementor-tab-title elementor-tab-mobile-title\" aria-selected=\"false\" data-tab=\"4\" role=\"tab\" tabindex=\"-1\" aria-controls=\"elementor-tab-content-6234\" aria-expanded=\"false\">EQUIPOS M\u00c9DICOS<\/div>\n\t\t\t\t\t<div id=\"elementor-tab-content-6234\" class=\"elementor-tab-content elementor-clearfix\" data-tab=\"4\" role=\"tabpanel\" aria-labelledby=\"elementor-tab-title-6234\" tabindex=\"0\" hidden=\"hidden\"><table width=\"142\" cellspacing=\"3\" cellpadding=\"3\"><tbody><tr><td>\u00a0<\/td><td>\u00a0<\/td><td>\u00a0<\/td><\/tr><\/tbody><\/table><\/div>\n\t\t\t\t\t\t\t<\/div>\n\t\t<\/div>\n\t\t\t\t\t\t<\/div>\n\t\t\t\t<\/div>\n\t\t\t\t\t<\/div>\n\t\t\t\t<\/div>\n\t\t\t\t<\/div>\n\t\t","protected":false},"excerpt":{"rendered":"<p>El servicio de Nefrolog\u00eda de nuestro hospital se encarga de la anatom\u00eda de los ri\u00f1ones y sus funciones<\/p>\n","protected":false},"author":1,"featured_media":0,"parent":0,"menu_order":0,"comment_status":"closed","ping_status":"closed","template":"","meta":{"footnotes":""},"class_list":["post-3946","page","type-page","status-publish","hentry"],"yoast_head":"<!-- This site is optimized with the Yoast SEO plugin v25.6 - https:\/\/yoast.com\/wordpress\/plugins\/seo\/ -->\n<title>NEFROLOG\u00cdA - Hospital Militar de Santiago<\/title>\n<meta name=\"robots\" content=\"index, follow, max-snippet:-1, max-image-preview:large, max-video-preview:-1\" \/>\n<link rel=\"canonical\" href=\"https:\/\/www.hms.cl\/index.php\/nefrologia\/\" \/>\n<meta property=\"og:locale\" content=\"es_ES\" \/>\n<meta property=\"og:type\" content=\"article\" \/>\n<meta property=\"og:title\" content=\"NEFROLOG\u00cdA - Hospital Militar de Santiago\" \/>\n<meta property=\"og:description\" content=\"El servicio de Nefrolog\u00eda de nuestro hospital se encarga de la anatom\u00eda de los ri\u00f1ones y sus funciones\" \/>\n<meta property=\"og:url\" content=\"https:\/\/www.hms.cl\/index.php\/nefrologia\/\" \/>\n<meta property=\"og:site_name\" content=\"Hospital Militar de Santiago\" \/>\n<meta property=\"article:publisher\" content=\"https:\/\/www.facebook.com\/hospitalmilitardesantiago\" \/>\n<meta property=\"article:modified_time\" content=\"2025-07-03T19:38:57+00:00\" \/>\n<meta name=\"twitter:card\" content=\"summary_large_image\" \/>\n<meta name=\"twitter:site\" content=\"@HosMilSantiago\" \/>\n<meta name=\"twitter:label1\" content=\"Tiempo estimado de lectura\" \/>\n\t<meta name=\"twitter:data1\" content=\"2 minutos\" \/>\n<script type=\"application\/ld+json\" class=\"yoast-schema-graph\">{\"@context\":\"https:\/\/schema.org\",\"@graph\":[{\"@type\":\"WebPage\",\"@id\":\"https:\/\/www.hms.cl\/index.php\/nefrologia\/\",\"url\":\"https:\/\/www.hms.cl\/index.php\/nefrologia\/\",\"name\":\"NEFROLOG\u00cdA - Hospital Militar de Santiago\",\"isPartOf\":{\"@id\":\"https:\/\/www.hms.cl\/#website\"},\"datePublished\":\"2025-07-03T19:28:51+00:00\",\"dateModified\":\"2025-07-03T19:38:57+00:00\",\"breadcrumb\":{\"@id\":\"https:\/\/www.hms.cl\/index.php\/nefrologia\/#breadcrumb\"},\"inLanguage\":\"es-CL\",\"potentialAction\":[{\"@type\":\"ReadAction\",\"target\":[\"https:\/\/www.hms.cl\/index.php\/nefrologia\/\"]}]},{\"@type\":\"BreadcrumbList\",\"@id\":\"https:\/\/www.hms.cl\/index.php\/nefrologia\/#breadcrumb\",\"itemListElement\":[{\"@type\":\"ListItem\",\"position\":1,\"name\":\"Home\",\"item\":\"https:\/\/www.hms.cl\/\"},{\"@type\":\"ListItem\",\"position\":2,\"name\":\"NEFROLOG\u00cdA\"}]},{\"@type\":\"WebSite\",\"@id\":\"https:\/\/www.hms.cl\/#website\",\"url\":\"https:\/\/www.hms.cl\/\",\"name\":\"Hospital Militar de Santiago\",\"description\":\"\",\"publisher\":{\"@id\":\"https:\/\/www.hms.cl\/#organization\"},\"potentialAction\":[{\"@type\":\"SearchAction\",\"target\":{\"@type\":\"EntryPoint\",\"urlTemplate\":\"https:\/\/www.hms.cl\/?s={search_term_string}\"},\"query-input\":{\"@type\":\"PropertyValueSpecification\",\"valueRequired\":true,\"valueName\":\"search_term_string\"}}],\"inLanguage\":\"es-CL\"},{\"@type\":\"Organization\",\"@id\":\"https:\/\/www.hms.cl\/#organization\",\"name\":\"Hospital Militar de Santiago\",\"url\":\"https:\/\/www.hms.cl\/\",\"logo\":{\"@type\":\"ImageObject\",\"inLanguage\":\"es-CL\",\"@id\":\"https:\/\/www.hms.cl\/#\/schema\/logo\/image\/\",\"url\":\"https:\/\/www.hms.cl\/wp-content\/uploads\/2025\/07\/Logo-Vertical-Mediano.png\",\"contentUrl\":\"https:\/\/www.hms.cl\/wp-content\/uploads\/2025\/07\/Logo-Vertical-Mediano.png\",\"width\":1280,\"height\":720,\"caption\":\"Hospital Militar de Santiago\"},\"image\":{\"@id\":\"https:\/\/www.hms.cl\/#\/schema\/logo\/image\/\"},\"sameAs\":[\"https:\/\/www.facebook.com\/hospitalmilitardesantiago\",\"https:\/\/x.com\/HosMilSantiago\",\"https:\/\/www.instagram.com\/hospitalmilitardesantiago\/\",\"https:\/\/www.linkedin.com\/company\/hospital-militar-de-santiago-hosmil\",\"https:\/\/www.youtube.com\/c\/HMSVIDEO\"]}]}<\/script>\n<!-- \/ Yoast SEO plugin. -->","yoast_head_json":{"title":"NEFROLOG\u00cdA - Hospital Militar de Santiago","robots":{"index":"index","follow":"follow","max-snippet":"max-snippet:-1","max-image-preview":"max-image-preview:large","max-video-preview":"max-video-preview:-1"},"canonical":"https:\/\/www.hms.cl\/index.php\/nefrologia\/","og_locale":"es_ES","og_type":"article","og_title":"NEFROLOG\u00cdA - Hospital Militar de Santiago","og_description":"El servicio de Nefrolog\u00eda de nuestro hospital se encarga de la anatom\u00eda de los ri\u00f1ones y sus funciones","og_url":"https:\/\/www.hms.cl\/index.php\/nefrologia\/","og_site_name":"Hospital Militar de Santiago","article_publisher":"https:\/\/www.facebook.com\/hospitalmilitardesantiago","article_modified_time":"2025-07-03T19:38:57+00:00","twitter_card":"summary_large_image","twitter_site":"@HosMilSantiago","twitter_misc":{"Tiempo estimado de lectura":"2 minutos"},"schema":{"@context":"https:\/\/schema.org","@graph":[{"@type":"WebPage","@id":"https:\/\/www.hms.cl\/index.php\/nefrologia\/","url":"https:\/\/www.hms.cl\/index.php\/nefrologia\/","name":"NEFROLOG\u00cdA - Hospital Militar de Santiago","isPartOf":{"@id":"https:\/\/www.hms.cl\/#website"},"datePublished":"2025-07-03T19:28:51+00:00","dateModified":"2025-07-03T19:38:57+00:00","breadcrumb":{"@id":"https:\/\/www.hms.cl\/index.php\/nefrologia\/#breadcrumb"},"inLanguage":"es-CL","potentialAction":[{"@type":"ReadAction","target":["https:\/\/www.hms.cl\/index.php\/nefrologia\/"]}]},{"@type":"BreadcrumbList","@id":"https:\/\/www.hms.cl\/index.php\/nefrologia\/#breadcrumb","itemListElement":[{"@type":"ListItem","position":1,"name":"Home","item":"https:\/\/www.hms.cl\/"},{"@type":"ListItem","position":2,"name":"NEFROLOG\u00cdA"}]},{"@type":"WebSite","@id":"https:\/\/www.hms.cl\/#website","url":"https:\/\/www.hms.cl\/","name":"Hospital Militar de Santiago","description":"","publisher":{"@id":"https:\/\/www.hms.cl\/#organization"},"potentialAction":[{"@type":"SearchAction","target":{"@type":"EntryPoint","urlTemplate":"https:\/\/www.hms.cl\/?s={search_term_string}"},"query-input":{"@type":"PropertyValueSpecification","valueRequired":true,"valueName":"search_term_string"}}],"inLanguage":"es-CL"},{"@type":"Organization","@id":"https:\/\/www.hms.cl\/#organization","name":"Hospital Militar de Santiago","url":"https:\/\/www.hms.cl\/","logo":{"@type":"ImageObject","inLanguage":"es-CL","@id":"https:\/\/www.hms.cl\/#\/schema\/logo\/image\/","url":"https:\/\/www.hms.cl\/wp-content\/uploads\/2025\/07\/Logo-Vertical-Mediano.png","contentUrl":"https:\/\/www.hms.cl\/wp-content\/uploads\/2025\/07\/Logo-Vertical-Mediano.png","width":1280,"height":720,"caption":"Hospital Militar de Santiago"},"image":{"@id":"https:\/\/www.hms.cl\/#\/schema\/logo\/image\/"},"sameAs":["https:\/\/www.facebook.com\/hospitalmilitardesantiago","https:\/\/x.com\/HosMilSantiago","https:\/\/www.instagram.com\/hospitalmilitardesantiago\/","https:\/\/www.linkedin.com\/company\/hospital-militar-de-santiago-hosmil","https:\/\/www.youtube.com\/c\/HMSVIDEO"]}]}},"_links":{"self":[{"href":"https:\/\/www.hms.cl\/index.php\/wp-json\/wp\/v2\/pages\/3946","targetHints":{"allow":["GET"]}}],"collection":[{"href":"https:\/\/www.hms.cl\/index.php\/wp-json\/wp\/v2\/pages"}],"about":[{"href":"https:\/\/www.hms.cl\/index.php\/wp-json\/wp\/v2\/types\/page"}],"author":[{"embeddable":true,"href":"https:\/\/www.hms.cl\/index.php\/wp-json\/wp\/v2\/users\/1"}],"replies":[{"embeddable":true,"href":"https:\/\/www.hms.cl\/index.php\/wp-json\/wp\/v2\/comments?post=3946"}],"version-history":[{"count":6,"href":"https:\/\/www.hms.cl\/index.php\/wp-json\/wp\/v2\/pages\/3946\/revisions"}],"predecessor-version":[{"id":3975,"href":"https:\/\/www.hms.cl\/index.php\/wp-json\/wp\/v2\/pages\/3946\/revisions\/3975"}],"wp:attachment":[{"href":"https:\/\/www.hms.cl\/index.php\/wp-json\/wp\/v2\/media?parent=3946"}],"curies":[{"name":"wp","href":"https:\/\/api.w.org\/{rel}","templated":true}]}}