{"id":3917,"date":"2025-07-03T16:05:03","date_gmt":"2025-07-03T19:05:03","guid":{"rendered":"http:\/\/10.10.50.51\/?page_id=3917"},"modified":"2026-03-02T15:07:37","modified_gmt":"2026-03-02T19:07:37","slug":"kinesiologia-y-rehabilitacion","status":"publish","type":"page","link":"https:\/\/www.hms.cl\/index.php\/kinesiologia-y-rehabilitacion\/","title":{"rendered":"KINESIOLOG\u00cdA Y REHABILITACI\u00d3N"},"content":{"rendered":"\t\t<div data-elementor-type=\"wp-page\" data-elementor-id=\"3917\" class=\"elementor elementor-3917\" data-elementor-post-type=\"page\">\n\t\t\t\t<div class=\"elementor-element elementor-element-ff0137a e-flex e-con-boxed e-con e-parent\" data-id=\"ff0137a\" data-element_type=\"container\">\n\t\t\t\t\t<div class=\"e-con-inner\">\n\t\t\t\t\t<\/div>\n\t\t\t\t<\/div>\n\t\t<div class=\"elementor-element elementor-element-e222be9 e-flex e-con-boxed e-con e-parent\" data-id=\"e222be9\" data-element_type=\"container\">\n\t\t\t\t\t<div class=\"e-con-inner\">\n\t\t\t\t<div class=\"elementor-element elementor-element-9fa94fd elementor-tabs-view-vertical elementor-widget elementor-widget-tabs\" data-id=\"9fa94fd\" data-element_type=\"widget\" data-widget_type=\"tabs.default\">\n\t\t\t\t<div class=\"elementor-widget-container\">\n\t\t\t\t\t\t\t<div class=\"elementor-tabs\">\n\t\t\t<div class=\"elementor-tabs-wrapper\" role=\"tablist\" >\n\t\t\t\t\t\t\t\t\t<div id=\"elementor-tab-title-1671\" class=\"elementor-tab-title elementor-tab-desktop-title\" aria-selected=\"true\" data-tab=\"1\" role=\"tab\" tabindex=\"0\" aria-controls=\"elementor-tab-content-1671\" aria-expanded=\"false\">\u00bfQU\u00c9 ES LA KINESIOLOG\u00cdA Y REHABILITACI\u00d3N?<\/div>\n\t\t\t\t\t\t\t\t\t<div id=\"elementor-tab-title-1672\" class=\"elementor-tab-title elementor-tab-desktop-title\" aria-selected=\"false\" data-tab=\"2\" role=\"tab\" tabindex=\"-1\" aria-controls=\"elementor-tab-content-1672\" aria-expanded=\"false\">\u00bfCU\u00c1NDO DEBO ACUDIR?<\/div>\n\t\t\t\t\t\t\t\t\t<div id=\"elementor-tab-title-1673\" class=\"elementor-tab-title elementor-tab-desktop-title\" aria-selected=\"false\" data-tab=\"3\" role=\"tab\" tabindex=\"-1\" aria-controls=\"elementor-tab-content-1673\" aria-expanded=\"false\">ENFERMEDADES QUE TRATA<\/div>\n\t\t\t\t\t\t\t\t\t<div id=\"elementor-tab-title-1674\" class=\"elementor-tab-title elementor-tab-desktop-title\" aria-selected=\"false\" data-tab=\"4\" role=\"tab\" tabindex=\"-1\" aria-controls=\"elementor-tab-content-1674\" aria-expanded=\"false\">EQUIPOS M\u00c9DICOS<\/div>\n\t\t\t\t\t\t\t<\/div>\n\t\t\t<div class=\"elementor-tabs-content-wrapper\" role=\"tablist\" aria-orientation=\"vertical\">\n\t\t\t\t\t\t\t\t\t<div class=\"elementor-tab-title elementor-tab-mobile-title\" aria-selected=\"true\" data-tab=\"1\" role=\"tab\" tabindex=\"0\" aria-controls=\"elementor-tab-content-1671\" aria-expanded=\"false\">\u00bfQU\u00c9 ES LA KINESIOLOG\u00cdA Y REHABILITACI\u00d3N?<\/div>\n\t\t\t\t\t<div id=\"elementor-tab-content-1671\" class=\"elementor-tab-content elementor-clearfix\" data-tab=\"1\" role=\"tabpanel\" aria-labelledby=\"elementor-tab-title-1671\" tabindex=\"0\" hidden=\"false\"><p>La unidad de Kinesiolog\u00eda y Rehabilitaci\u00f3n del HMS se dedica a rehabilitar pacientes con problemas motrices o de movimiento.<\/p><p>El servicio est\u00e1 conformada por Equipos de Kinesi\u00f3logos de primer nivel, altamente capacitados, que re\u00fanen las diversas habilidades que se requieren para resolver problemas complejos y as\u00ed estar plenamente integrada a los diferentes Equipos Multidisciplinarios de nuestro Hospital, dedicados al estudio, tratamiento y rehabilitaci\u00f3n de pacientes afectados por diversas patolog\u00edas.<\/p><p>Es as\u00ed como asiste a todas las necesidades de apoyo kin\u00e9sico a pacientes ambulatorios (con un horario de 08:00 a 20:00 horas) y a pacientes hospitalizados, con cobertura las 24 horas. del d\u00eda. Adem\u00e1s cuenta con una moderna y amplia infraestructura f\u00edsica y con moderna tecnolog\u00eda<\/p><\/div>\n\t\t\t\t\t\t\t\t\t<div class=\"elementor-tab-title elementor-tab-mobile-title\" aria-selected=\"false\" data-tab=\"2\" role=\"tab\" tabindex=\"-1\" aria-controls=\"elementor-tab-content-1672\" aria-expanded=\"false\">\u00bfCU\u00c1NDO DEBO ACUDIR?<\/div>\n\t\t\t\t\t<div id=\"elementor-tab-content-1672\" class=\"elementor-tab-content elementor-clearfix\" data-tab=\"2\" role=\"tabpanel\" aria-labelledby=\"elementor-tab-title-1672\" tabindex=\"0\" hidden=\"hidden\"><p>Son derivados de diversas especialidades m\u00e9dicas y el motivo de una consulta puede ser un dolor relacionado con un traumatismo reciente, agudo e insoportable en intensidad. Un dolor que no cede al uso de analg\u00e9sicos, incluso luego de dos semanas. Asimismo, la p\u00e9rdida de fuerza o de sensibilidad en las extremidades inferiores.<\/p><p>Tambi\u00e9n, puede ser la p\u00e9rdida del control del esf\u00ednter y dolor en ni\u00f1os o personas mayores de 50 a\u00f1os.<\/p><\/div>\n\t\t\t\t\t\t\t\t\t<div class=\"elementor-tab-title elementor-tab-mobile-title\" aria-selected=\"false\" data-tab=\"3\" role=\"tab\" tabindex=\"-1\" aria-controls=\"elementor-tab-content-1673\" aria-expanded=\"false\">ENFERMEDADES QUE TRATA<\/div>\n\t\t\t\t\t<div id=\"elementor-tab-content-1673\" class=\"elementor-tab-content elementor-clearfix\" data-tab=\"3\" role=\"tabpanel\" aria-labelledby=\"elementor-tab-title-1673\" tabindex=\"0\" hidden=\"hidden\"><p>Esta especialidad se encarga de los tratamientos de patolog\u00edas del Sistema M\u00fasculo Esquel\u00e9tico, tales como:<\/p><ul><li>Lesiones musculares (desgarros, contracturas, contusiones, etc.)<\/li><li>Tendineas (Tendinosis, Tendinitis, roturas, etc.)<\/li><\/ul><\/div>\n\t\t\t\t\t\t\t\t\t<div class=\"elementor-tab-title elementor-tab-mobile-title\" aria-selected=\"false\" data-tab=\"4\" role=\"tab\" tabindex=\"-1\" aria-controls=\"elementor-tab-content-1674\" aria-expanded=\"false\">EQUIPOS M\u00c9DICOS<\/div>\n\t\t\t\t\t<div id=\"elementor-tab-content-1674\" class=\"elementor-tab-content elementor-clearfix\" data-tab=\"4\" role=\"tabpanel\" aria-labelledby=\"elementor-tab-title-1674\" tabindex=\"0\" hidden=\"hidden\"><table width=\"142\" cellspacing=\"3\" cellpadding=\"3\"><tbody><tr><td>\u00a0<\/td><td>\u00a0<\/td><td>\u00a0<\/td><\/tr><\/tbody><\/table><\/div>\n\t\t\t\t\t\t\t<\/div>\n\t\t<\/div>\n\t\t\t\t\t\t<\/div>\n\t\t\t\t<\/div>\n\t\t\t\t\t<\/div>\n\t\t\t\t<\/div>\n\t\t\t\t<\/div>\n\t\t","protected":false},"excerpt":{"rendered":"<p>La unidad de Kinesiolog\u00eda y Rehabilitaci\u00f3n del HMS se dedica a rehabilitar pacientes con problemas motrices o de movimiento<\/p>\n","protected":false},"author":1,"featured_media":0,"parent":0,"menu_order":0,"comment_status":"closed","ping_status":"closed","template":"","meta":{"footnotes":""},"class_list":["post-3917","page","type-page","status-publish","hentry"],"yoast_head":"<!-- This site is optimized with the Yoast SEO plugin v25.6 - https:\/\/yoast.com\/wordpress\/plugins\/seo\/ -->\n<title>KINESIOLOG\u00cdA Y REHABILITACI\u00d3N - Hospital Militar de Santiago<\/title>\n<meta name=\"robots\" content=\"index, follow, max-snippet:-1, max-image-preview:large, max-video-preview:-1\" \/>\n<link rel=\"canonical\" href=\"https:\/\/www.hms.cl\/index.php\/kinesiologia-y-rehabilitacion\/\" \/>\n<meta property=\"og:locale\" content=\"es_ES\" \/>\n<meta property=\"og:type\" content=\"article\" \/>\n<meta property=\"og:title\" content=\"KINESIOLOG\u00cdA Y REHABILITACI\u00d3N - Hospital Militar de Santiago\" \/>\n<meta property=\"og:description\" content=\"La unidad de Kinesiolog\u00eda y Rehabilitaci\u00f3n del HMS se dedica a rehabilitar pacientes con problemas motrices o de movimiento\" \/>\n<meta property=\"og:url\" content=\"https:\/\/www.hms.cl\/index.php\/kinesiologia-y-rehabilitacion\/\" \/>\n<meta property=\"og:site_name\" content=\"Hospital Militar de Santiago\" \/>\n<meta property=\"article:publisher\" content=\"https:\/\/www.facebook.com\/hospitalmilitardesantiago\" \/>\n<meta property=\"article:modified_time\" content=\"2026-03-02T19:07:37+00:00\" \/>\n<meta name=\"twitter:card\" content=\"summary_large_image\" \/>\n<meta name=\"twitter:site\" content=\"@HosMilSantiago\" \/>\n<meta name=\"twitter:label1\" content=\"Tiempo estimado de lectura\" \/>\n\t<meta name=\"twitter:data1\" content=\"2 minutos\" \/>\n<script type=\"application\/ld+json\" class=\"yoast-schema-graph\">{\"@context\":\"https:\/\/schema.org\",\"@graph\":[{\"@type\":\"WebPage\",\"@id\":\"https:\/\/www.hms.cl\/index.php\/kinesiologia-y-rehabilitacion\/\",\"url\":\"https:\/\/www.hms.cl\/index.php\/kinesiologia-y-rehabilitacion\/\",\"name\":\"KINESIOLOG\u00cdA Y REHABILITACI\u00d3N - Hospital Militar de Santiago\",\"isPartOf\":{\"@id\":\"https:\/\/www.hms.cl\/#website\"},\"datePublished\":\"2025-07-03T19:05:03+00:00\",\"dateModified\":\"2026-03-02T19:07:37+00:00\",\"breadcrumb\":{\"@id\":\"https:\/\/www.hms.cl\/index.php\/kinesiologia-y-rehabilitacion\/#breadcrumb\"},\"inLanguage\":\"es-CL\",\"potentialAction\":[{\"@type\":\"ReadAction\",\"target\":[\"https:\/\/www.hms.cl\/index.php\/kinesiologia-y-rehabilitacion\/\"]}]},{\"@type\":\"BreadcrumbList\",\"@id\":\"https:\/\/www.hms.cl\/index.php\/kinesiologia-y-rehabilitacion\/#breadcrumb\",\"itemListElement\":[{\"@type\":\"ListItem\",\"position\":1,\"name\":\"Home\",\"item\":\"https:\/\/www.hms.cl\/\"},{\"@type\":\"ListItem\",\"position\":2,\"name\":\"KINESIOLOG\u00cdA Y REHABILITACI\u00d3N\"}]},{\"@type\":\"WebSite\",\"@id\":\"https:\/\/www.hms.cl\/#website\",\"url\":\"https:\/\/www.hms.cl\/\",\"name\":\"Hospital Militar de Santiago\",\"description\":\"\",\"publisher\":{\"@id\":\"https:\/\/www.hms.cl\/#organization\"},\"potentialAction\":[{\"@type\":\"SearchAction\",\"target\":{\"@type\":\"EntryPoint\",\"urlTemplate\":\"https:\/\/www.hms.cl\/?s={search_term_string}\"},\"query-input\":{\"@type\":\"PropertyValueSpecification\",\"valueRequired\":true,\"valueName\":\"search_term_string\"}}],\"inLanguage\":\"es-CL\"},{\"@type\":\"Organization\",\"@id\":\"https:\/\/www.hms.cl\/#organization\",\"name\":\"Hospital Militar de Santiago\",\"url\":\"https:\/\/www.hms.cl\/\",\"logo\":{\"@type\":\"ImageObject\",\"inLanguage\":\"es-CL\",\"@id\":\"https:\/\/www.hms.cl\/#\/schema\/logo\/image\/\",\"url\":\"https:\/\/www.hms.cl\/wp-content\/uploads\/2025\/07\/Logo-Vertical-Mediano.png\",\"contentUrl\":\"https:\/\/www.hms.cl\/wp-content\/uploads\/2025\/07\/Logo-Vertical-Mediano.png\",\"width\":1280,\"height\":720,\"caption\":\"Hospital Militar de Santiago\"},\"image\":{\"@id\":\"https:\/\/www.hms.cl\/#\/schema\/logo\/image\/\"},\"sameAs\":[\"https:\/\/www.facebook.com\/hospitalmilitardesantiago\",\"https:\/\/x.com\/HosMilSantiago\",\"https:\/\/www.instagram.com\/hospitalmilitardesantiago\/\",\"https:\/\/www.linkedin.com\/company\/hospital-militar-de-santiago-hosmil\",\"https:\/\/www.youtube.com\/c\/HMSVIDEO\"]}]}<\/script>\n<!-- \/ Yoast SEO plugin. -->","yoast_head_json":{"title":"KINESIOLOG\u00cdA Y REHABILITACI\u00d3N - Hospital Militar de Santiago","robots":{"index":"index","follow":"follow","max-snippet":"max-snippet:-1","max-image-preview":"max-image-preview:large","max-video-preview":"max-video-preview:-1"},"canonical":"https:\/\/www.hms.cl\/index.php\/kinesiologia-y-rehabilitacion\/","og_locale":"es_ES","og_type":"article","og_title":"KINESIOLOG\u00cdA Y REHABILITACI\u00d3N - Hospital Militar de Santiago","og_description":"La unidad de Kinesiolog\u00eda y Rehabilitaci\u00f3n del HMS se dedica a rehabilitar pacientes con problemas motrices o de movimiento","og_url":"https:\/\/www.hms.cl\/index.php\/kinesiologia-y-rehabilitacion\/","og_site_name":"Hospital Militar de Santiago","article_publisher":"https:\/\/www.facebook.com\/hospitalmilitardesantiago","article_modified_time":"2026-03-02T19:07:37+00:00","twitter_card":"summary_large_image","twitter_site":"@HosMilSantiago","twitter_misc":{"Tiempo estimado de lectura":"2 minutos"},"schema":{"@context":"https:\/\/schema.org","@graph":[{"@type":"WebPage","@id":"https:\/\/www.hms.cl\/index.php\/kinesiologia-y-rehabilitacion\/","url":"https:\/\/www.hms.cl\/index.php\/kinesiologia-y-rehabilitacion\/","name":"KINESIOLOG\u00cdA Y REHABILITACI\u00d3N - Hospital Militar de Santiago","isPartOf":{"@id":"https:\/\/www.hms.cl\/#website"},"datePublished":"2025-07-03T19:05:03+00:00","dateModified":"2026-03-02T19:07:37+00:00","breadcrumb":{"@id":"https:\/\/www.hms.cl\/index.php\/kinesiologia-y-rehabilitacion\/#breadcrumb"},"inLanguage":"es-CL","potentialAction":[{"@type":"ReadAction","target":["https:\/\/www.hms.cl\/index.php\/kinesiologia-y-rehabilitacion\/"]}]},{"@type":"BreadcrumbList","@id":"https:\/\/www.hms.cl\/index.php\/kinesiologia-y-rehabilitacion\/#breadcrumb","itemListElement":[{"@type":"ListItem","position":1,"name":"Home","item":"https:\/\/www.hms.cl\/"},{"@type":"ListItem","position":2,"name":"KINESIOLOG\u00cdA Y REHABILITACI\u00d3N"}]},{"@type":"WebSite","@id":"https:\/\/www.hms.cl\/#website","url":"https:\/\/www.hms.cl\/","name":"Hospital Militar de Santiago","description":"","publisher":{"@id":"https:\/\/www.hms.cl\/#organization"},"potentialAction":[{"@type":"SearchAction","target":{"@type":"EntryPoint","urlTemplate":"https:\/\/www.hms.cl\/?s={search_term_string}"},"query-input":{"@type":"PropertyValueSpecification","valueRequired":true,"valueName":"search_term_string"}}],"inLanguage":"es-CL"},{"@type":"Organization","@id":"https:\/\/www.hms.cl\/#organization","name":"Hospital Militar de Santiago","url":"https:\/\/www.hms.cl\/","logo":{"@type":"ImageObject","inLanguage":"es-CL","@id":"https:\/\/www.hms.cl\/#\/schema\/logo\/image\/","url":"https:\/\/www.hms.cl\/wp-content\/uploads\/2025\/07\/Logo-Vertical-Mediano.png","contentUrl":"https:\/\/www.hms.cl\/wp-content\/uploads\/2025\/07\/Logo-Vertical-Mediano.png","width":1280,"height":720,"caption":"Hospital Militar de Santiago"},"image":{"@id":"https:\/\/www.hms.cl\/#\/schema\/logo\/image\/"},"sameAs":["https:\/\/www.facebook.com\/hospitalmilitardesantiago","https:\/\/x.com\/HosMilSantiago","https:\/\/www.instagram.com\/hospitalmilitardesantiago\/","https:\/\/www.linkedin.com\/company\/hospital-militar-de-santiago-hosmil","https:\/\/www.youtube.com\/c\/HMSVIDEO"]}]}},"_links":{"self":[{"href":"https:\/\/www.hms.cl\/index.php\/wp-json\/wp\/v2\/pages\/3917","targetHints":{"allow":["GET"]}}],"collection":[{"href":"https:\/\/www.hms.cl\/index.php\/wp-json\/wp\/v2\/pages"}],"about":[{"href":"https:\/\/www.hms.cl\/index.php\/wp-json\/wp\/v2\/types\/page"}],"author":[{"embeddable":true,"href":"https:\/\/www.hms.cl\/index.php\/wp-json\/wp\/v2\/users\/1"}],"replies":[{"embeddable":true,"href":"https:\/\/www.hms.cl\/index.php\/wp-json\/wp\/v2\/comments?post=3917"}],"version-history":[{"count":12,"href":"https:\/\/www.hms.cl\/index.php\/wp-json\/wp\/v2\/pages\/3917\/revisions"}],"predecessor-version":[{"id":10459,"href":"https:\/\/www.hms.cl\/index.php\/wp-json\/wp\/v2\/pages\/3917\/revisions\/10459"}],"wp:attachment":[{"href":"https:\/\/www.hms.cl\/index.php\/wp-json\/wp\/v2\/media?parent=3917"}],"curies":[{"name":"wp","href":"https:\/\/api.w.org\/{rel}","templated":true}]}}