{"id":3883,"date":"2025-07-03T15:54:01","date_gmt":"2025-07-03T18:54:01","guid":{"rendered":"http:\/\/10.10.50.51\/?page_id=3883"},"modified":"2026-04-13T15:24:29","modified_gmt":"2026-04-13T19:24:29","slug":"ginecologia","status":"publish","type":"page","link":"https:\/\/www.hms.cl\/index.php\/ginecologia\/","title":{"rendered":"GINECOLOG\u00cdA"},"content":{"rendered":"\t\t<div data-elementor-type=\"wp-page\" data-elementor-id=\"3883\" class=\"elementor elementor-3883\" data-elementor-post-type=\"page\">\n\t\t\t\t<div class=\"elementor-element elementor-element-e250e70 e-flex e-con-boxed e-con e-parent\" data-id=\"e250e70\" data-element_type=\"container\">\n\t\t\t\t\t<div class=\"e-con-inner\">\n\t\t\t\t\t<\/div>\n\t\t\t\t<\/div>\n\t\t<div class=\"elementor-element elementor-element-460910d e-flex e-con-boxed e-con e-parent\" data-id=\"460910d\" data-element_type=\"container\">\n\t\t\t\t\t<div class=\"e-con-inner\">\n\t\t\t\t<div class=\"elementor-element elementor-element-b084445 elementor-tabs-view-vertical elementor-widget elementor-widget-tabs\" data-id=\"b084445\" data-element_type=\"widget\" data-widget_type=\"tabs.default\">\n\t\t\t\t<div class=\"elementor-widget-container\">\n\t\t\t\t\t\t\t<div class=\"elementor-tabs\">\n\t\t\t<div class=\"elementor-tabs-wrapper\" role=\"tablist\" >\n\t\t\t\t\t\t\t\t\t<div id=\"elementor-tab-title-1851\" class=\"elementor-tab-title elementor-tab-desktop-title\" aria-selected=\"true\" data-tab=\"1\" role=\"tab\" tabindex=\"0\" aria-controls=\"elementor-tab-content-1851\" aria-expanded=\"false\">\u00bfQU\u00c9 ES LA GINECOLOG\u00cdA?<\/div>\n\t\t\t\t\t\t\t\t\t<div id=\"elementor-tab-title-1852\" class=\"elementor-tab-title elementor-tab-desktop-title\" aria-selected=\"false\" data-tab=\"2\" role=\"tab\" tabindex=\"-1\" aria-controls=\"elementor-tab-content-1852\" aria-expanded=\"false\">\u00bfCU\u00c1NDO DEBO ACUDIR?<\/div>\n\t\t\t\t\t\t\t\t\t<div id=\"elementor-tab-title-1853\" class=\"elementor-tab-title elementor-tab-desktop-title\" aria-selected=\"false\" data-tab=\"3\" role=\"tab\" tabindex=\"-1\" aria-controls=\"elementor-tab-content-1853\" aria-expanded=\"false\">ENFERMEDADES QUE TRATA<\/div>\n\t\t\t\t\t\t\t\t\t<div id=\"elementor-tab-title-1854\" class=\"elementor-tab-title elementor-tab-desktop-title\" aria-selected=\"false\" data-tab=\"4\" role=\"tab\" tabindex=\"-1\" aria-controls=\"elementor-tab-content-1854\" aria-expanded=\"false\">EQUIPOS M\u00c9DICOS<\/div>\n\t\t\t\t\t\t\t<\/div>\n\t\t\t<div class=\"elementor-tabs-content-wrapper\" role=\"tablist\" aria-orientation=\"vertical\">\n\t\t\t\t\t\t\t\t\t<div class=\"elementor-tab-title elementor-tab-mobile-title\" aria-selected=\"true\" data-tab=\"1\" role=\"tab\" tabindex=\"0\" aria-controls=\"elementor-tab-content-1851\" aria-expanded=\"false\">\u00bfQU\u00c9 ES LA GINECOLOG\u00cdA?<\/div>\n\t\t\t\t\t<div id=\"elementor-tab-content-1851\" class=\"elementor-tab-content elementor-clearfix\" data-tab=\"1\" role=\"tabpanel\" aria-labelledby=\"elementor-tab-title-1851\" tabindex=\"0\" hidden=\"false\"><p>La ginecolog\u00eda es la disciplina de la medicina que se centra en el estudio del sistema reproductor femenino. Es la especialidad que acompa\u00f1a a la mujer a lo largo de toda su vida, desde la menarqu\u00eda hasta la menopausia, para garantizar el buen funcionamiento de sus \u00f3rganos reproductivos.<\/p><p>Nuestras pacientes son atendidas por especialistas certificados que se dedican a incentivar la prevenci\u00f3n y fomento de la salud femenina, as\u00ed como la detecci\u00f3n de patolog\u00edas cervicales, asesor\u00eda en planificaci\u00f3n familiar y b\u00fasqueda de enfermedades ginecol\u00f3gicas espec\u00edficas que son derivadas y manejadas por los subespecialistas adecuados.<\/p><p>Adem\u00e1s, contamos con un equipo de nueve especialistas y una matrona, organizados en equipos de subespecialidades, que mantienen un alto nivel de desarrollo profesional para otorgar prestaciones de calidad, manteniendo nuestro sello de calidez.<\/p><\/div>\n\t\t\t\t\t\t\t\t\t<div class=\"elementor-tab-title elementor-tab-mobile-title\" aria-selected=\"false\" data-tab=\"2\" role=\"tab\" tabindex=\"-1\" aria-controls=\"elementor-tab-content-1852\" aria-expanded=\"false\">\u00bfCU\u00c1NDO DEBO ACUDIR?<\/div>\n\t\t\t\t\t<div id=\"elementor-tab-content-1852\" class=\"elementor-tab-content elementor-clearfix\" data-tab=\"2\" role=\"tabpanel\" aria-labelledby=\"elementor-tab-title-1852\" tabindex=\"0\" hidden=\"hidden\"><p>Desde que comienza la vida f\u00e9rtil de una mujer, es recomendable asistir al menos una vez al a\u00f1o para el Control Anual. Sin embargo, las circunstancias pueden variar dependiendo de cada mujer.<\/p><p>Debes acudir cuando existan alteraciones en el ciclo menstrual. Es decir, por intensos dolores o molestias tras la primera menstruaci\u00f3n. Por exceso o ausencia de sangrado. Cuando el per\u00edodo pasa de ser regular a irregular. Despu\u00e9s de empezar una vida sexual activa. Si existen dudas acerca de la utilizaci\u00f3n de anticonceptivos y para prevenir enfermedades de transmisi\u00f3n sexual.<\/p><p>Por otro lado, si experimentas ardor o picor en la zona genital. Si el flujo vaginal tiene un aspecto distinto en cuanto a consistencia y olor. Por presencia de verrugas, granos, manchas, enrojecimientos o bultos en la zona vaginal,\u00a0 ya que estos s\u00edntomas pueden ser se\u00f1al de una infecci\u00f3n.<\/p><p>Asimismo, tambi\u00e9n si detectas alguna anomal\u00eda en las mamas, expulsi\u00f3n de l\u00edquido a trav\u00e9s del pez\u00f3n o dolor en la zona.\u00a0<\/p><p>Y por \u00faltimo, puedes asistir a una consulta con un experto si deseas realizar una Planificaci\u00f3n Familiar o por tratamiento de Infertilidad.<\/p><\/div>\n\t\t\t\t\t\t\t\t\t<div class=\"elementor-tab-title elementor-tab-mobile-title\" aria-selected=\"false\" data-tab=\"3\" role=\"tab\" tabindex=\"-1\" aria-controls=\"elementor-tab-content-1853\" aria-expanded=\"false\">ENFERMEDADES QUE TRATA<\/div>\n\t\t\t\t\t<div id=\"elementor-tab-content-1853\" class=\"elementor-tab-content elementor-clearfix\" data-tab=\"3\" role=\"tabpanel\" aria-labelledby=\"elementor-tab-title-1853\" tabindex=\"0\" hidden=\"hidden\"><p>Entre los tratamientos por los cuales visitan m\u00e1s al ginec\u00f3logo se encuentran:<\/p><ul><li>Climaterio.<\/li><li>Esterilidad e Infertilidad.<\/li><li>Infecciones ginecol\u00f3gicas.<\/li><li>Menopausia.<\/li><li>S\u00edndrome del ovario poliqu\u00edstico (SOP).<\/li><li>Dismenorrea (dolor menstrual persistente).<\/li><li>Dispareunia (dolor con las relaciones sexuales).<\/li><li>Patolog\u00eda del Piso P\u00e9lvico (Prolapsos).<\/li><li>Incontinencia de Orina.<\/li><\/ul><\/div>\n\t\t\t\t\t\t\t\t\t<div class=\"elementor-tab-title elementor-tab-mobile-title\" aria-selected=\"false\" data-tab=\"4\" role=\"tab\" tabindex=\"-1\" aria-controls=\"elementor-tab-content-1854\" aria-expanded=\"false\">EQUIPOS M\u00c9DICOS<\/div>\n\t\t\t\t\t<div id=\"elementor-tab-content-1854\" class=\"elementor-tab-content elementor-clearfix\" data-tab=\"4\" role=\"tabpanel\" aria-labelledby=\"elementor-tab-title-1854\" tabindex=\"0\" hidden=\"hidden\"><table width=\"142\" cellspacing=\"3\" cellpadding=\"3\"><tbody><tr><td style=\"text-align: center;\"><img decoding=\"async\" class=\"aligncenter wp-image-5278 size-full\" src=\"https:\/\/www.hms.cl\/wp-content\/uploads\/2025\/08\/Dra.-Daniela-Pesse-e1755620534604.png\" alt=\"\" width=\"129\" height=\"190\" \/><br \/>Dra. Daniela Pesse<\/td><td style=\"text-align: center;\"><img decoding=\"async\" class=\"aligncenter wp-image-5271 size-full\" src=\"https:\/\/www.hms.cl\/wp-content\/uploads\/2025\/08\/Dr.-Alfredo-Nunez-e1755620671838.png\" alt=\"\" width=\"107\" height=\"190\" \/><br \/>Dr. Alfredo N\u00fa\u00f1ez<\/td><td style=\"text-align: center;\"><img decoding=\"async\" class=\"aligncenter wp-image-5273 size-full\" src=\"https:\/\/www.hms.cl\/wp-content\/uploads\/2025\/08\/Dr.-Gonzalo-Acuna-e1755620596117.png\" alt=\"\" width=\"107\" height=\"190\" \/><br \/>Dr. Gonzalo Acu\u00f1a<\/td><\/tr><\/tbody><\/table><table width=\"142\" cellspacing=\"3\" cellpadding=\"3\"><tbody><tr><td style=\"text-align: center;\"><p><img loading=\"lazy\" decoding=\"async\" class=\"alignnone size-full wp-image-5274\" src=\"https:\/\/www.hms.cl\/wp-content\/uploads\/2025\/08\/Dr.-Mario-Meneses.png\" alt=\"\" width=\"143\" height=\"190\" \/><\/p><p>Dr. Mario Meneses<\/p><\/td><td style=\"text-align: center;\"><p><img loading=\"lazy\" decoding=\"async\" class=\"aligncenter wp-image-5275 size-full\" src=\"https:\/\/www.hms.cl\/wp-content\/uploads\/2025\/08\/Dr.-Mario-Sepulveda-e1755620584223.png\" alt=\"\" width=\"107\" height=\"190\" \/><\/p><p>Dr. Mario Sep\u00falveda<\/p><\/td><td style=\"text-align: center;\"><img loading=\"lazy\" decoding=\"async\" class=\"alignnone size-full wp-image-5276\" src=\"https:\/\/www.hms.cl\/wp-content\/uploads\/2025\/08\/Dr.-Rodrigo-Rey.png\" alt=\"\" width=\"143\" height=\"190\" \/><br \/><br \/>Dr. Rodrigo Rey.<\/td><\/tr><\/tbody><\/table><table width=\"142\" cellspacing=\"3\" cellpadding=\"3\"><tbody><tr><td style=\"text-align: center;\"><img loading=\"lazy\" decoding=\"async\" class=\"wp-image-5272 size-full aligncenter\" src=\"https:\/\/www.hms.cl\/wp-content\/uploads\/2025\/08\/Dr.-Carlos-Lopez-e1755620658335.png\" alt=\"\" width=\"100\" height=\"190\" \/><br \/>Dr. Carlos L\u00f3pez<\/td><td style=\"text-align: center;\"><p><img loading=\"lazy\" decoding=\"async\" class=\"alignnone size-full wp-image-11385\" src=\"https:\/\/www.hms.cl\/wp-content\/uploads\/2026\/04\/Dr.-Mario-Meneses.jpg\" alt=\"\" width=\"143\" height=\"190\" \/><\/p><p>Dra. Nicolle Aausset<\/p><\/td><td><p><img loading=\"lazy\" decoding=\"async\" class=\"size-full wp-image-11384 aligncenter\" src=\"https:\/\/www.hms.cl\/wp-content\/uploads\/2026\/04\/Dr.-Mario-Meneses1.jpg\" alt=\"\" width=\"143\" height=\"190\" \/><\/p><p style=\"text-align: center;\">Dra. Marcela Machuca P<\/p><\/td><\/tr><\/tbody><\/table><p>\u00a0<\/p><\/div>\n\t\t\t\t\t\t\t<\/div>\n\t\t<\/div>\n\t\t\t\t\t\t<\/div>\n\t\t\t\t<\/div>\n\t\t\t\t\t<\/div>\n\t\t\t\t<\/div>\n\t\t\t\t<\/div>\n\t\t","protected":false},"excerpt":{"rendered":"<p>La ginecolog\u00eda es la disciplina de la medicina que se centra en el estudio del sistema reproductor femenino<\/p>\n","protected":false},"author":1,"featured_media":0,"parent":0,"menu_order":0,"comment_status":"closed","ping_status":"closed","template":"","meta":{"footnotes":""},"class_list":["post-3883","page","type-page","status-publish","hentry"],"yoast_head":"<!-- This site is optimized with the Yoast SEO plugin v25.6 - https:\/\/yoast.com\/wordpress\/plugins\/seo\/ -->\n<title>GINECOLOG\u00cdA - Hospital Militar de Santiago<\/title>\n<meta name=\"robots\" content=\"index, follow, max-snippet:-1, max-image-preview:large, max-video-preview:-1\" \/>\n<link rel=\"canonical\" href=\"https:\/\/www.hms.cl\/index.php\/ginecologia\/\" \/>\n<meta property=\"og:locale\" content=\"es_ES\" \/>\n<meta property=\"og:type\" content=\"article\" \/>\n<meta property=\"og:title\" content=\"GINECOLOG\u00cdA - Hospital Militar de Santiago\" \/>\n<meta property=\"og:description\" content=\"La ginecolog\u00eda es la disciplina de la medicina que se centra en el estudio del sistema reproductor femenino\" \/>\n<meta property=\"og:url\" content=\"https:\/\/www.hms.cl\/index.php\/ginecologia\/\" \/>\n<meta property=\"og:site_name\" content=\"Hospital Militar de Santiago\" \/>\n<meta property=\"article:publisher\" content=\"https:\/\/www.facebook.com\/hospitalmilitardesantiago\" \/>\n<meta property=\"article:modified_time\" content=\"2026-04-13T19:24:29+00:00\" \/>\n<meta property=\"og:image\" content=\"https:\/\/www.hms.cl\/wp-content\/uploads\/2025\/08\/Dra.-Daniela-Pesse-e1755620534604.png\" \/>\n\t<meta property=\"og:image:width\" content=\"129\" \/>\n\t<meta property=\"og:image:height\" content=\"190\" \/>\n\t<meta property=\"og:image:type\" content=\"image\/png\" \/>\n<meta name=\"twitter:card\" content=\"summary_large_image\" \/>\n<meta name=\"twitter:site\" content=\"@HosMilSantiago\" \/>\n<meta name=\"twitter:label1\" content=\"Tiempo estimado de lectura\" \/>\n\t<meta name=\"twitter:data1\" content=\"4 minutos\" \/>\n<script type=\"application\/ld+json\" class=\"yoast-schema-graph\">{\"@context\":\"https:\/\/schema.org\",\"@graph\":[{\"@type\":\"WebPage\",\"@id\":\"https:\/\/www.hms.cl\/index.php\/ginecologia\/\",\"url\":\"https:\/\/www.hms.cl\/index.php\/ginecologia\/\",\"name\":\"GINECOLOG\u00cdA - Hospital Militar de Santiago\",\"isPartOf\":{\"@id\":\"https:\/\/www.hms.cl\/#website\"},\"primaryImageOfPage\":{\"@id\":\"https:\/\/www.hms.cl\/index.php\/ginecologia\/#primaryimage\"},\"image\":{\"@id\":\"https:\/\/www.hms.cl\/index.php\/ginecologia\/#primaryimage\"},\"thumbnailUrl\":\"https:\/\/www.hms.cl\/wp-content\/uploads\/2025\/08\/Dra.-Daniela-Pesse-e1755620534604.png\",\"datePublished\":\"2025-07-03T18:54:01+00:00\",\"dateModified\":\"2026-04-13T19:24:29+00:00\",\"breadcrumb\":{\"@id\":\"https:\/\/www.hms.cl\/index.php\/ginecologia\/#breadcrumb\"},\"inLanguage\":\"es-CL\",\"potentialAction\":[{\"@type\":\"ReadAction\",\"target\":[\"https:\/\/www.hms.cl\/index.php\/ginecologia\/\"]}]},{\"@type\":\"ImageObject\",\"inLanguage\":\"es-CL\",\"@id\":\"https:\/\/www.hms.cl\/index.php\/ginecologia\/#primaryimage\",\"url\":\"https:\/\/www.hms.cl\/wp-content\/uploads\/2025\/08\/Dra.-Daniela-Pesse-e1755620534604.png\",\"contentUrl\":\"https:\/\/www.hms.cl\/wp-content\/uploads\/2025\/08\/Dra.-Daniela-Pesse-e1755620534604.png\",\"width\":129,\"height\":190},{\"@type\":\"BreadcrumbList\",\"@id\":\"https:\/\/www.hms.cl\/index.php\/ginecologia\/#breadcrumb\",\"itemListElement\":[{\"@type\":\"ListItem\",\"position\":1,\"name\":\"Home\",\"item\":\"https:\/\/www.hms.cl\/\"},{\"@type\":\"ListItem\",\"position\":2,\"name\":\"GINECOLOG\u00cdA\"}]},{\"@type\":\"WebSite\",\"@id\":\"https:\/\/www.hms.cl\/#website\",\"url\":\"https:\/\/www.hms.cl\/\",\"name\":\"Hospital Militar de Santiago\",\"description\":\"\",\"publisher\":{\"@id\":\"https:\/\/www.hms.cl\/#organization\"},\"potentialAction\":[{\"@type\":\"SearchAction\",\"target\":{\"@type\":\"EntryPoint\",\"urlTemplate\":\"https:\/\/www.hms.cl\/?s={search_term_string}\"},\"query-input\":{\"@type\":\"PropertyValueSpecification\",\"valueRequired\":true,\"valueName\":\"search_term_string\"}}],\"inLanguage\":\"es-CL\"},{\"@type\":\"Organization\",\"@id\":\"https:\/\/www.hms.cl\/#organization\",\"name\":\"Hospital Militar de Santiago\",\"url\":\"https:\/\/www.hms.cl\/\",\"logo\":{\"@type\":\"ImageObject\",\"inLanguage\":\"es-CL\",\"@id\":\"https:\/\/www.hms.cl\/#\/schema\/logo\/image\/\",\"url\":\"https:\/\/www.hms.cl\/wp-content\/uploads\/2025\/07\/Logo-Vertical-Mediano.png\",\"contentUrl\":\"https:\/\/www.hms.cl\/wp-content\/uploads\/2025\/07\/Logo-Vertical-Mediano.png\",\"width\":1280,\"height\":720,\"caption\":\"Hospital Militar de Santiago\"},\"image\":{\"@id\":\"https:\/\/www.hms.cl\/#\/schema\/logo\/image\/\"},\"sameAs\":[\"https:\/\/www.facebook.com\/hospitalmilitardesantiago\",\"https:\/\/x.com\/HosMilSantiago\",\"https:\/\/www.instagram.com\/hospitalmilitardesantiago\/\",\"https:\/\/www.linkedin.com\/company\/hospital-militar-de-santiago-hosmil\",\"https:\/\/www.youtube.com\/c\/HMSVIDEO\"]}]}<\/script>\n<!-- \/ Yoast SEO plugin. -->","yoast_head_json":{"title":"GINECOLOG\u00cdA - Hospital Militar de Santiago","robots":{"index":"index","follow":"follow","max-snippet":"max-snippet:-1","max-image-preview":"max-image-preview:large","max-video-preview":"max-video-preview:-1"},"canonical":"https:\/\/www.hms.cl\/index.php\/ginecologia\/","og_locale":"es_ES","og_type":"article","og_title":"GINECOLOG\u00cdA - Hospital Militar de Santiago","og_description":"La ginecolog\u00eda es la disciplina de la medicina que se centra en el estudio del sistema reproductor femenino","og_url":"https:\/\/www.hms.cl\/index.php\/ginecologia\/","og_site_name":"Hospital Militar de Santiago","article_publisher":"https:\/\/www.facebook.com\/hospitalmilitardesantiago","article_modified_time":"2026-04-13T19:24:29+00:00","og_image":[{"width":129,"height":190,"url":"https:\/\/www.hms.cl\/wp-content\/uploads\/2025\/08\/Dra.-Daniela-Pesse-e1755620534604.png","type":"image\/png"}],"twitter_card":"summary_large_image","twitter_site":"@HosMilSantiago","twitter_misc":{"Tiempo estimado de lectura":"4 minutos"},"schema":{"@context":"https:\/\/schema.org","@graph":[{"@type":"WebPage","@id":"https:\/\/www.hms.cl\/index.php\/ginecologia\/","url":"https:\/\/www.hms.cl\/index.php\/ginecologia\/","name":"GINECOLOG\u00cdA - Hospital Militar de Santiago","isPartOf":{"@id":"https:\/\/www.hms.cl\/#website"},"primaryImageOfPage":{"@id":"https:\/\/www.hms.cl\/index.php\/ginecologia\/#primaryimage"},"image":{"@id":"https:\/\/www.hms.cl\/index.php\/ginecologia\/#primaryimage"},"thumbnailUrl":"https:\/\/www.hms.cl\/wp-content\/uploads\/2025\/08\/Dra.-Daniela-Pesse-e1755620534604.png","datePublished":"2025-07-03T18:54:01+00:00","dateModified":"2026-04-13T19:24:29+00:00","breadcrumb":{"@id":"https:\/\/www.hms.cl\/index.php\/ginecologia\/#breadcrumb"},"inLanguage":"es-CL","potentialAction":[{"@type":"ReadAction","target":["https:\/\/www.hms.cl\/index.php\/ginecologia\/"]}]},{"@type":"ImageObject","inLanguage":"es-CL","@id":"https:\/\/www.hms.cl\/index.php\/ginecologia\/#primaryimage","url":"https:\/\/www.hms.cl\/wp-content\/uploads\/2025\/08\/Dra.-Daniela-Pesse-e1755620534604.png","contentUrl":"https:\/\/www.hms.cl\/wp-content\/uploads\/2025\/08\/Dra.-Daniela-Pesse-e1755620534604.png","width":129,"height":190},{"@type":"BreadcrumbList","@id":"https:\/\/www.hms.cl\/index.php\/ginecologia\/#breadcrumb","itemListElement":[{"@type":"ListItem","position":1,"name":"Home","item":"https:\/\/www.hms.cl\/"},{"@type":"ListItem","position":2,"name":"GINECOLOG\u00cdA"}]},{"@type":"WebSite","@id":"https:\/\/www.hms.cl\/#website","url":"https:\/\/www.hms.cl\/","name":"Hospital Militar de Santiago","description":"","publisher":{"@id":"https:\/\/www.hms.cl\/#organization"},"potentialAction":[{"@type":"SearchAction","target":{"@type":"EntryPoint","urlTemplate":"https:\/\/www.hms.cl\/?s={search_term_string}"},"query-input":{"@type":"PropertyValueSpecification","valueRequired":true,"valueName":"search_term_string"}}],"inLanguage":"es-CL"},{"@type":"Organization","@id":"https:\/\/www.hms.cl\/#organization","name":"Hospital Militar de Santiago","url":"https:\/\/www.hms.cl\/","logo":{"@type":"ImageObject","inLanguage":"es-CL","@id":"https:\/\/www.hms.cl\/#\/schema\/logo\/image\/","url":"https:\/\/www.hms.cl\/wp-content\/uploads\/2025\/07\/Logo-Vertical-Mediano.png","contentUrl":"https:\/\/www.hms.cl\/wp-content\/uploads\/2025\/07\/Logo-Vertical-Mediano.png","width":1280,"height":720,"caption":"Hospital Militar de Santiago"},"image":{"@id":"https:\/\/www.hms.cl\/#\/schema\/logo\/image\/"},"sameAs":["https:\/\/www.facebook.com\/hospitalmilitardesantiago","https:\/\/x.com\/HosMilSantiago","https:\/\/www.instagram.com\/hospitalmilitardesantiago\/","https:\/\/www.linkedin.com\/company\/hospital-militar-de-santiago-hosmil","https:\/\/www.youtube.com\/c\/HMSVIDEO"]}]}},"_links":{"self":[{"href":"https:\/\/www.hms.cl\/index.php\/wp-json\/wp\/v2\/pages\/3883","targetHints":{"allow":["GET"]}}],"collection":[{"href":"https:\/\/www.hms.cl\/index.php\/wp-json\/wp\/v2\/pages"}],"about":[{"href":"https:\/\/www.hms.cl\/index.php\/wp-json\/wp\/v2\/types\/page"}],"author":[{"embeddable":true,"href":"https:\/\/www.hms.cl\/index.php\/wp-json\/wp\/v2\/users\/1"}],"replies":[{"embeddable":true,"href":"https:\/\/www.hms.cl\/index.php\/wp-json\/wp\/v2\/comments?post=3883"}],"version-history":[{"count":21,"href":"https:\/\/www.hms.cl\/index.php\/wp-json\/wp\/v2\/pages\/3883\/revisions"}],"predecessor-version":[{"id":11388,"href":"https:\/\/www.hms.cl\/index.php\/wp-json\/wp\/v2\/pages\/3883\/revisions\/11388"}],"wp:attachment":[{"href":"https:\/\/www.hms.cl\/index.php\/wp-json\/wp\/v2\/media?parent=3883"}],"curies":[{"name":"wp","href":"https:\/\/api.w.org\/{rel}","templated":true}]}}