{"id":3834,"date":"2025-07-03T13:25:16","date_gmt":"2025-07-03T16:25:16","guid":{"rendered":"http:\/\/10.10.50.51\/?page_id=3834"},"modified":"2026-05-07T11:44:47","modified_gmt":"2026-05-07T15:44:47","slug":"dermatologia","status":"publish","type":"page","link":"https:\/\/www.hms.cl\/index.php\/dermatologia\/","title":{"rendered":"DERMATOLOG\u00cdA"},"content":{"rendered":"\t\t<div data-elementor-type=\"wp-page\" data-elementor-id=\"3834\" class=\"elementor elementor-3834\" data-elementor-post-type=\"page\">\n\t\t\t\t<div class=\"elementor-element elementor-element-38ab9de e-flex e-con-boxed e-con e-parent\" data-id=\"38ab9de\" data-element_type=\"container\">\n\t\t\t\t\t<div class=\"e-con-inner\">\n\t\t\t\t\t<\/div>\n\t\t\t\t<\/div>\n\t\t<div class=\"elementor-element elementor-element-9cd2dea e-flex e-con-boxed e-con e-parent\" data-id=\"9cd2dea\" data-element_type=\"container\">\n\t\t\t\t\t<div class=\"e-con-inner\">\n\t\t\t\t<div class=\"elementor-element elementor-element-3c320b2 elementor-tabs-view-vertical elementor-widget elementor-widget-tabs\" data-id=\"3c320b2\" data-element_type=\"widget\" data-widget_type=\"tabs.default\">\n\t\t\t\t<div class=\"elementor-widget-container\">\n\t\t\t\t\t\t\t<div class=\"elementor-tabs\">\n\t\t\t<div class=\"elementor-tabs-wrapper\" role=\"tablist\" >\n\t\t\t\t\t\t\t\t\t<div id=\"elementor-tab-title-6311\" class=\"elementor-tab-title elementor-tab-desktop-title\" aria-selected=\"true\" data-tab=\"1\" role=\"tab\" tabindex=\"0\" aria-controls=\"elementor-tab-content-6311\" aria-expanded=\"false\">\u00bfQU\u00c9 ES LA DERMATOLOG\u00cdA?<\/div>\n\t\t\t\t\t\t\t\t\t<div id=\"elementor-tab-title-6312\" class=\"elementor-tab-title elementor-tab-desktop-title\" aria-selected=\"false\" data-tab=\"2\" role=\"tab\" tabindex=\"-1\" aria-controls=\"elementor-tab-content-6312\" aria-expanded=\"false\">\u00bfCU\u00c1NDO DEBO ACUDIR?<\/div>\n\t\t\t\t\t\t\t\t\t<div id=\"elementor-tab-title-6313\" class=\"elementor-tab-title elementor-tab-desktop-title\" aria-selected=\"false\" data-tab=\"3\" role=\"tab\" tabindex=\"-1\" aria-controls=\"elementor-tab-content-6313\" aria-expanded=\"false\">ENFERMEDADES QUE TRATA<\/div>\n\t\t\t\t\t\t\t\t\t<div id=\"elementor-tab-title-6314\" class=\"elementor-tab-title elementor-tab-desktop-title\" aria-selected=\"false\" data-tab=\"4\" role=\"tab\" tabindex=\"-1\" aria-controls=\"elementor-tab-content-6314\" aria-expanded=\"false\">EQUIPOS M\u00c9DICOS<\/div>\n\t\t\t\t\t\t\t<\/div>\n\t\t\t<div class=\"elementor-tabs-content-wrapper\" role=\"tablist\" aria-orientation=\"vertical\">\n\t\t\t\t\t\t\t\t\t<div class=\"elementor-tab-title elementor-tab-mobile-title\" aria-selected=\"true\" data-tab=\"1\" role=\"tab\" tabindex=\"0\" aria-controls=\"elementor-tab-content-6311\" aria-expanded=\"false\">\u00bfQU\u00c9 ES LA DERMATOLOG\u00cdA?<\/div>\n\t\t\t\t\t<div id=\"elementor-tab-content-6311\" class=\"elementor-tab-content elementor-clearfix\" data-tab=\"1\" role=\"tabpanel\" aria-labelledby=\"elementor-tab-title-6311\" tabindex=\"0\" hidden=\"false\"><p>La especialidad de Dermatolog\u00eda del HMS est\u00e1 encargada del estudio de la estructura y funci\u00f3n de la piel, as\u00ed como de las enfermedades que le afectan y su prevenci\u00f3n. El servicio cuenta con sala de procedimientos especializados, nitr\u00f3geno l\u00edquido,\u00a0 dermatoscopio y sala de ex\u00e1menes.<\/p><p>Es necesario un dermat\u00f3logo con experiencia y con un alto grado de especializaci\u00f3n, tanto desde el punto de vista del diagn\u00f3stico como del tratamiento. El servicio de dermatolog\u00eda del Hospital Militar de Santiago ofrece los est\u00e1ndares m\u00e1s altos de calidad para los pacientes.<\/p><\/div>\n\t\t\t\t\t\t\t\t\t<div class=\"elementor-tab-title elementor-tab-mobile-title\" aria-selected=\"false\" data-tab=\"2\" role=\"tab\" tabindex=\"-1\" aria-controls=\"elementor-tab-content-6312\" aria-expanded=\"false\">\u00bfCU\u00c1NDO DEBO ACUDIR?<\/div>\n\t\t\t\t\t<div id=\"elementor-tab-content-6312\" class=\"elementor-tab-content elementor-clearfix\" data-tab=\"2\" role=\"tabpanel\" aria-labelledby=\"elementor-tab-title-6312\" tabindex=\"0\" hidden=\"hidden\"><p>En la extensi\u00f3n de la piel existen millones de c\u00e9lulas, terminaciones nerviosas, gl\u00e1ndulas seb\u00e1ceas y sudor\u00edparas, fol\u00edculos pilosos y vasos sangu\u00edneos. Es por esta raz\u00f3n que los especialistas aconsejan consultar a un dermat\u00f3logo por lo menos una vez al a\u00f1o. Esto, para que el m\u00e9dico tratante pueda examinar sus lunares, evaluar la calidad del cabello, e incluso para fines est\u00e9ticos.<\/p><p>De esta manera, llevar un tratamiento adecuado para cada paciente, ya que un diagn\u00f3stico oportuno puede ser vital para prevenir enfermedades m\u00e1s complejas como tumores o c\u00e1ncer a la piel.<\/p><\/div>\n\t\t\t\t\t\t\t\t\t<div class=\"elementor-tab-title elementor-tab-mobile-title\" aria-selected=\"false\" data-tab=\"3\" role=\"tab\" tabindex=\"-1\" aria-controls=\"elementor-tab-content-6313\" aria-expanded=\"false\">ENFERMEDADES QUE TRATA<\/div>\n\t\t\t\t\t<div id=\"elementor-tab-content-6313\" class=\"elementor-tab-content elementor-clearfix\" data-tab=\"3\" role=\"tabpanel\" aria-labelledby=\"elementor-tab-title-6313\" tabindex=\"0\" hidden=\"hidden\"><p>Entre las afecciones m\u00e1s comunes encontramos:<\/p><ul><li>Dermatitis at\u00f3pica.<\/li><li>Alergias y urticaria.<\/li><li>Infecciones en la piel por hongos o por levadura.<\/li><li>Vit\u00edligo.<\/li><li>Acn\u00e9.<\/li><li>Melanomas y distintos tipos de c\u00e1ncer de piel.<\/li><li>Hiperpigmentaci\u00f3n, ros\u00e1cea o angiomas.<\/li><li>Epiteliomas.<\/li><\/ul><\/div>\n\t\t\t\t\t\t\t\t\t<div class=\"elementor-tab-title elementor-tab-mobile-title\" aria-selected=\"false\" data-tab=\"4\" role=\"tab\" tabindex=\"-1\" aria-controls=\"elementor-tab-content-6314\" aria-expanded=\"false\">EQUIPOS M\u00c9DICOS<\/div>\n\t\t\t\t\t<div id=\"elementor-tab-content-6314\" class=\"elementor-tab-content elementor-clearfix\" data-tab=\"4\" role=\"tabpanel\" aria-labelledby=\"elementor-tab-title-6314\" tabindex=\"0\" hidden=\"hidden\"><table width=\"142\" cellspacing=\"3\" cellpadding=\"3\"><tbody><tr><td style=\"text-align: center;\"><p><img decoding=\"async\" class=\"alignnone size-full wp-image-11824\" src=\"https:\/\/www.hms.cl\/wp-content\/uploads\/2026\/05\/Dr.-Daniel-Pasmanik.jpg\" alt=\"\" width=\"143\" height=\"190\" \/><\/p><p>Dr. Daniel Pasmanik<\/p><\/td><td style=\"text-align: center;\"><p><img decoding=\"async\" class=\"alignnone size-full wp-image-11825\" src=\"https:\/\/www.hms.cl\/wp-content\/uploads\/2026\/05\/Dr.-Luis-Briceno.jpg\" alt=\"\" width=\"143\" height=\"190\" \/><\/p><p>Dr. Luis Brice\u00f1o<\/p><\/td><td style=\"text-align: center;\"><p><img decoding=\"async\" class=\"alignnone size-full wp-image-11826\" src=\"https:\/\/www.hms.cl\/wp-content\/uploads\/2026\/05\/Dr.-Luis-Parada-Iglesias.jpg\" alt=\"\" width=\"143\" height=\"190\" \/><\/p><p>Dr. Luis Parada<\/p><\/td><\/tr><\/tbody><\/table><table width=\"142\" cellspacing=\"3\" cellpadding=\"3\"><tbody><tr><td style=\"text-align: center;\"><p><img loading=\"lazy\" decoding=\"async\" class=\"alignnone size-full wp-image-11827\" src=\"https:\/\/www.hms.cl\/wp-content\/uploads\/2026\/05\/Dra.-Letty-Pincay.jpg\" alt=\"\" width=\"143\" height=\"190\" \/><\/p><p>Dra. Letty Pincay<\/p><\/td><td><p><img loading=\"lazy\" decoding=\"async\" class=\"size-full wp-image-11828 aligncenter\" src=\"https:\/\/www.hms.cl\/wp-content\/uploads\/2026\/05\/Dra.-Ma.-Gabriela-Smoje.jpg\" alt=\"\" width=\"143\" height=\"190\" \/><\/p><p style=\"text-align: center;\">Dra. Ma. Gabriela Smoje<\/p><\/td><td style=\"text-align: center;\"><p><img loading=\"lazy\" decoding=\"async\" class=\"alignnone size-full wp-image-11829\" src=\"https:\/\/www.hms.cl\/wp-content\/uploads\/2026\/05\/Dra.-Nicole-Jadue.jpg\" alt=\"\" width=\"143\" height=\"190\" \/><\/p><p>Dra. Nicole Jadue<\/p><\/td><\/tr><\/tbody><\/table><p>\u00a0<\/p><\/div>\n\t\t\t\t\t\t\t<\/div>\n\t\t<\/div>\n\t\t\t\t\t\t<\/div>\n\t\t\t\t<\/div>\n\t\t\t\t\t<\/div>\n\t\t\t\t<\/div>\n\t\t\t\t<\/div>\n\t\t","protected":false},"excerpt":{"rendered":"<p>La especialidad de Dermatolog\u00eda del HMS est\u00e1 encargada del estudio de la estructura y funci\u00f3n de la piel, as\u00ed como de las enfermedades que le afectan y su prevenci\u00f3n<\/p>\n","protected":false},"author":1,"featured_media":0,"parent":0,"menu_order":0,"comment_status":"closed","ping_status":"closed","template":"","meta":{"footnotes":""},"class_list":["post-3834","page","type-page","status-publish","hentry"],"yoast_head":"<!-- This site is optimized with the Yoast SEO plugin v25.6 - https:\/\/yoast.com\/wordpress\/plugins\/seo\/ -->\n<title>DERMATOLOG\u00cdA - Hospital Militar de Santiago<\/title>\n<meta name=\"robots\" content=\"index, follow, max-snippet:-1, max-image-preview:large, max-video-preview:-1\" \/>\n<link rel=\"canonical\" href=\"https:\/\/www.hms.cl\/index.php\/dermatologia\/\" \/>\n<meta property=\"og:locale\" content=\"es_ES\" \/>\n<meta property=\"og:type\" content=\"article\" \/>\n<meta property=\"og:title\" content=\"DERMATOLOG\u00cdA - Hospital Militar de Santiago\" \/>\n<meta property=\"og:description\" content=\"La especialidad de Dermatolog\u00eda del HMS est\u00e1 encargada del estudio de la estructura y funci\u00f3n de la piel, as\u00ed como de las enfermedades que le afectan y su prevenci\u00f3n\" \/>\n<meta property=\"og:url\" content=\"https:\/\/www.hms.cl\/index.php\/dermatologia\/\" \/>\n<meta property=\"og:site_name\" content=\"Hospital Militar de Santiago\" \/>\n<meta property=\"article:publisher\" content=\"https:\/\/www.facebook.com\/hospitalmilitardesantiago\" \/>\n<meta property=\"article:modified_time\" content=\"2026-05-07T15:44:47+00:00\" \/>\n<meta property=\"og:image\" content=\"https:\/\/www.hms.cl\/wp-content\/uploads\/2026\/05\/Dr.-Daniel-Pasmanik.jpg\" \/>\n<meta name=\"twitter:card\" content=\"summary_large_image\" \/>\n<meta name=\"twitter:site\" content=\"@HosMilSantiago\" \/>\n<meta name=\"twitter:label1\" content=\"Tiempo estimado de lectura\" \/>\n\t<meta name=\"twitter:data1\" content=\"3 minutos\" \/>\n<script type=\"application\/ld+json\" class=\"yoast-schema-graph\">{\"@context\":\"https:\/\/schema.org\",\"@graph\":[{\"@type\":\"WebPage\",\"@id\":\"https:\/\/www.hms.cl\/index.php\/dermatologia\/\",\"url\":\"https:\/\/www.hms.cl\/index.php\/dermatologia\/\",\"name\":\"DERMATOLOG\u00cdA - Hospital Militar de Santiago\",\"isPartOf\":{\"@id\":\"https:\/\/www.hms.cl\/#website\"},\"primaryImageOfPage\":{\"@id\":\"https:\/\/www.hms.cl\/index.php\/dermatologia\/#primaryimage\"},\"image\":{\"@id\":\"https:\/\/www.hms.cl\/index.php\/dermatologia\/#primaryimage\"},\"thumbnailUrl\":\"https:\/\/www.hms.cl\/wp-content\/uploads\/2026\/05\/Dr.-Daniel-Pasmanik.jpg\",\"datePublished\":\"2025-07-03T16:25:16+00:00\",\"dateModified\":\"2026-05-07T15:44:47+00:00\",\"breadcrumb\":{\"@id\":\"https:\/\/www.hms.cl\/index.php\/dermatologia\/#breadcrumb\"},\"inLanguage\":\"es-CL\",\"potentialAction\":[{\"@type\":\"ReadAction\",\"target\":[\"https:\/\/www.hms.cl\/index.php\/dermatologia\/\"]}]},{\"@type\":\"ImageObject\",\"inLanguage\":\"es-CL\",\"@id\":\"https:\/\/www.hms.cl\/index.php\/dermatologia\/#primaryimage\",\"url\":\"https:\/\/www.hms.cl\/wp-content\/uploads\/2026\/05\/Dr.-Daniel-Pasmanik.jpg\",\"contentUrl\":\"https:\/\/www.hms.cl\/wp-content\/uploads\/2026\/05\/Dr.-Daniel-Pasmanik.jpg\",\"width\":143,\"height\":190},{\"@type\":\"BreadcrumbList\",\"@id\":\"https:\/\/www.hms.cl\/index.php\/dermatologia\/#breadcrumb\",\"itemListElement\":[{\"@type\":\"ListItem\",\"position\":1,\"name\":\"Home\",\"item\":\"https:\/\/www.hms.cl\/\"},{\"@type\":\"ListItem\",\"position\":2,\"name\":\"DERMATOLOG\u00cdA\"}]},{\"@type\":\"WebSite\",\"@id\":\"https:\/\/www.hms.cl\/#website\",\"url\":\"https:\/\/www.hms.cl\/\",\"name\":\"Hospital Militar de Santiago\",\"description\":\"\",\"publisher\":{\"@id\":\"https:\/\/www.hms.cl\/#organization\"},\"potentialAction\":[{\"@type\":\"SearchAction\",\"target\":{\"@type\":\"EntryPoint\",\"urlTemplate\":\"https:\/\/www.hms.cl\/?s={search_term_string}\"},\"query-input\":{\"@type\":\"PropertyValueSpecification\",\"valueRequired\":true,\"valueName\":\"search_term_string\"}}],\"inLanguage\":\"es-CL\"},{\"@type\":\"Organization\",\"@id\":\"https:\/\/www.hms.cl\/#organization\",\"name\":\"Hospital Militar de Santiago\",\"url\":\"https:\/\/www.hms.cl\/\",\"logo\":{\"@type\":\"ImageObject\",\"inLanguage\":\"es-CL\",\"@id\":\"https:\/\/www.hms.cl\/#\/schema\/logo\/image\/\",\"url\":\"https:\/\/www.hms.cl\/wp-content\/uploads\/2025\/07\/Logo-Vertical-Mediano.png\",\"contentUrl\":\"https:\/\/www.hms.cl\/wp-content\/uploads\/2025\/07\/Logo-Vertical-Mediano.png\",\"width\":1280,\"height\":720,\"caption\":\"Hospital Militar de Santiago\"},\"image\":{\"@id\":\"https:\/\/www.hms.cl\/#\/schema\/logo\/image\/\"},\"sameAs\":[\"https:\/\/www.facebook.com\/hospitalmilitardesantiago\",\"https:\/\/x.com\/HosMilSantiago\",\"https:\/\/www.instagram.com\/hospitalmilitardesantiago\/\",\"https:\/\/www.linkedin.com\/company\/hospital-militar-de-santiago-hosmil\",\"https:\/\/www.youtube.com\/c\/HMSVIDEO\"]}]}<\/script>\n<!-- \/ Yoast SEO plugin. -->","yoast_head_json":{"title":"DERMATOLOG\u00cdA - Hospital Militar de Santiago","robots":{"index":"index","follow":"follow","max-snippet":"max-snippet:-1","max-image-preview":"max-image-preview:large","max-video-preview":"max-video-preview:-1"},"canonical":"https:\/\/www.hms.cl\/index.php\/dermatologia\/","og_locale":"es_ES","og_type":"article","og_title":"DERMATOLOG\u00cdA - Hospital Militar de Santiago","og_description":"La especialidad de Dermatolog\u00eda del HMS est\u00e1 encargada del estudio de la estructura y funci\u00f3n de la piel, as\u00ed como de las enfermedades que le afectan y su prevenci\u00f3n","og_url":"https:\/\/www.hms.cl\/index.php\/dermatologia\/","og_site_name":"Hospital Militar de Santiago","article_publisher":"https:\/\/www.facebook.com\/hospitalmilitardesantiago","article_modified_time":"2026-05-07T15:44:47+00:00","og_image":[{"url":"https:\/\/www.hms.cl\/wp-content\/uploads\/2026\/05\/Dr.-Daniel-Pasmanik.jpg","type":"","width":"","height":""}],"twitter_card":"summary_large_image","twitter_site":"@HosMilSantiago","twitter_misc":{"Tiempo estimado de lectura":"3 minutos"},"schema":{"@context":"https:\/\/schema.org","@graph":[{"@type":"WebPage","@id":"https:\/\/www.hms.cl\/index.php\/dermatologia\/","url":"https:\/\/www.hms.cl\/index.php\/dermatologia\/","name":"DERMATOLOG\u00cdA - Hospital Militar de Santiago","isPartOf":{"@id":"https:\/\/www.hms.cl\/#website"},"primaryImageOfPage":{"@id":"https:\/\/www.hms.cl\/index.php\/dermatologia\/#primaryimage"},"image":{"@id":"https:\/\/www.hms.cl\/index.php\/dermatologia\/#primaryimage"},"thumbnailUrl":"https:\/\/www.hms.cl\/wp-content\/uploads\/2026\/05\/Dr.-Daniel-Pasmanik.jpg","datePublished":"2025-07-03T16:25:16+00:00","dateModified":"2026-05-07T15:44:47+00:00","breadcrumb":{"@id":"https:\/\/www.hms.cl\/index.php\/dermatologia\/#breadcrumb"},"inLanguage":"es-CL","potentialAction":[{"@type":"ReadAction","target":["https:\/\/www.hms.cl\/index.php\/dermatologia\/"]}]},{"@type":"ImageObject","inLanguage":"es-CL","@id":"https:\/\/www.hms.cl\/index.php\/dermatologia\/#primaryimage","url":"https:\/\/www.hms.cl\/wp-content\/uploads\/2026\/05\/Dr.-Daniel-Pasmanik.jpg","contentUrl":"https:\/\/www.hms.cl\/wp-content\/uploads\/2026\/05\/Dr.-Daniel-Pasmanik.jpg","width":143,"height":190},{"@type":"BreadcrumbList","@id":"https:\/\/www.hms.cl\/index.php\/dermatologia\/#breadcrumb","itemListElement":[{"@type":"ListItem","position":1,"name":"Home","item":"https:\/\/www.hms.cl\/"},{"@type":"ListItem","position":2,"name":"DERMATOLOG\u00cdA"}]},{"@type":"WebSite","@id":"https:\/\/www.hms.cl\/#website","url":"https:\/\/www.hms.cl\/","name":"Hospital Militar de Santiago","description":"","publisher":{"@id":"https:\/\/www.hms.cl\/#organization"},"potentialAction":[{"@type":"SearchAction","target":{"@type":"EntryPoint","urlTemplate":"https:\/\/www.hms.cl\/?s={search_term_string}"},"query-input":{"@type":"PropertyValueSpecification","valueRequired":true,"valueName":"search_term_string"}}],"inLanguage":"es-CL"},{"@type":"Organization","@id":"https:\/\/www.hms.cl\/#organization","name":"Hospital Militar de Santiago","url":"https:\/\/www.hms.cl\/","logo":{"@type":"ImageObject","inLanguage":"es-CL","@id":"https:\/\/www.hms.cl\/#\/schema\/logo\/image\/","url":"https:\/\/www.hms.cl\/wp-content\/uploads\/2025\/07\/Logo-Vertical-Mediano.png","contentUrl":"https:\/\/www.hms.cl\/wp-content\/uploads\/2025\/07\/Logo-Vertical-Mediano.png","width":1280,"height":720,"caption":"Hospital Militar de Santiago"},"image":{"@id":"https:\/\/www.hms.cl\/#\/schema\/logo\/image\/"},"sameAs":["https:\/\/www.facebook.com\/hospitalmilitardesantiago","https:\/\/x.com\/HosMilSantiago","https:\/\/www.instagram.com\/hospitalmilitardesantiago\/","https:\/\/www.linkedin.com\/company\/hospital-militar-de-santiago-hosmil","https:\/\/www.youtube.com\/c\/HMSVIDEO"]}]}},"_links":{"self":[{"href":"https:\/\/www.hms.cl\/index.php\/wp-json\/wp\/v2\/pages\/3834","targetHints":{"allow":["GET"]}}],"collection":[{"href":"https:\/\/www.hms.cl\/index.php\/wp-json\/wp\/v2\/pages"}],"about":[{"href":"https:\/\/www.hms.cl\/index.php\/wp-json\/wp\/v2\/types\/page"}],"author":[{"embeddable":true,"href":"https:\/\/www.hms.cl\/index.php\/wp-json\/wp\/v2\/users\/1"}],"replies":[{"embeddable":true,"href":"https:\/\/www.hms.cl\/index.php\/wp-json\/wp\/v2\/comments?post=3834"}],"version-history":[{"count":12,"href":"https:\/\/www.hms.cl\/index.php\/wp-json\/wp\/v2\/pages\/3834\/revisions"}],"predecessor-version":[{"id":11832,"href":"https:\/\/www.hms.cl\/index.php\/wp-json\/wp\/v2\/pages\/3834\/revisions\/11832"}],"wp:attachment":[{"href":"https:\/\/www.hms.cl\/index.php\/wp-json\/wp\/v2\/media?parent=3834"}],"curies":[{"name":"wp","href":"https:\/\/api.w.org\/{rel}","templated":true}]}}