{"id":3767,"date":"2025-07-03T12:06:49","date_gmt":"2025-07-03T15:06:49","guid":{"rendered":"http:\/\/10.10.50.51\/?page_id=3767"},"modified":"2026-03-02T15:23:23","modified_gmt":"2026-03-02T19:23:23","slug":"acupuntura","status":"publish","type":"page","link":"https:\/\/www.hms.cl\/index.php\/acupuntura\/","title":{"rendered":"ACUPUNTURA"},"content":{"rendered":"\t\t<div data-elementor-type=\"wp-page\" data-elementor-id=\"3767\" class=\"elementor elementor-3767\" data-elementor-post-type=\"page\">\n\t\t\t\t<div class=\"elementor-element elementor-element-456f623 e-flex e-con-boxed e-con e-parent\" data-id=\"456f623\" data-element_type=\"container\">\n\t\t\t\t\t<div class=\"e-con-inner\">\n\t\t\t\t\t<\/div>\n\t\t\t\t<\/div>\n\t\t<div class=\"elementor-element elementor-element-08dcb93 e-flex e-con-boxed e-con e-parent\" data-id=\"08dcb93\" data-element_type=\"container\">\n\t\t\t\t\t<div class=\"e-con-inner\">\n\t\t\t\t<div class=\"elementor-element elementor-element-090395a elementor-tabs-view-vertical elementor-widget elementor-widget-tabs\" data-id=\"090395a\" data-element_type=\"widget\" data-widget_type=\"tabs.default\">\n\t\t\t\t<div class=\"elementor-widget-container\">\n\t\t\t\t\t\t\t<div class=\"elementor-tabs\">\n\t\t\t<div class=\"elementor-tabs-wrapper\" role=\"tablist\" >\n\t\t\t\t\t\t\t\t\t<div id=\"elementor-tab-title-9451\" class=\"elementor-tab-title elementor-tab-desktop-title\" aria-selected=\"true\" data-tab=\"1\" role=\"tab\" tabindex=\"0\" aria-controls=\"elementor-tab-content-9451\" aria-expanded=\"false\">\u00bfQU\u00c9 ES LA ACUPUNTURA?<\/div>\n\t\t\t\t\t\t\t\t\t<div id=\"elementor-tab-title-9452\" class=\"elementor-tab-title elementor-tab-desktop-title\" aria-selected=\"false\" data-tab=\"2\" role=\"tab\" tabindex=\"-1\" aria-controls=\"elementor-tab-content-9452\" aria-expanded=\"false\">\u00bfCU\u00c1NDO DEBO ACUDIR?<\/div>\n\t\t\t\t\t\t\t\t\t<div id=\"elementor-tab-title-9453\" class=\"elementor-tab-title elementor-tab-desktop-title\" aria-selected=\"false\" data-tab=\"3\" role=\"tab\" tabindex=\"-1\" aria-controls=\"elementor-tab-content-9453\" aria-expanded=\"false\">ENFERMEDADES QUE TRATA<\/div>\n\t\t\t\t\t\t\t\t\t<div id=\"elementor-tab-title-9454\" class=\"elementor-tab-title elementor-tab-desktop-title\" aria-selected=\"false\" data-tab=\"4\" role=\"tab\" tabindex=\"-1\" aria-controls=\"elementor-tab-content-9454\" aria-expanded=\"false\">EQUIPOS M\u00c9DICOS<\/div>\n\t\t\t\t\t\t\t<\/div>\n\t\t\t<div class=\"elementor-tabs-content-wrapper\" role=\"tablist\" aria-orientation=\"vertical\">\n\t\t\t\t\t\t\t\t\t<div class=\"elementor-tab-title elementor-tab-mobile-title\" aria-selected=\"true\" data-tab=\"1\" role=\"tab\" tabindex=\"0\" aria-controls=\"elementor-tab-content-9451\" aria-expanded=\"false\">\u00bfQU\u00c9 ES LA ACUPUNTURA?<\/div>\n\t\t\t\t\t<div id=\"elementor-tab-content-9451\" class=\"elementor-tab-content elementor-clearfix\" data-tab=\"1\" role=\"tabpanel\" aria-labelledby=\"elementor-tab-title-9451\" tabindex=\"0\" hidden=\"false\"><p>T\u00e9cnicamente la acupuntura es una pr\u00e1ctica de la medicina tradicional china y japonesa que consiste en punzar la piel con agujas en puntos anat\u00f3micos del cuerpo para aliviar s\u00edntomas asociados a ciertas enfermedades.<\/p><p>El m\u00e9todo act\u00faa\u00a0<b>aumentando las beta endorfinas en el l\u00edquido cefalorraqu\u00eddeo<\/b>, que son opi\u00e1ceos end\u00f3genos que tienen un efecto analg\u00e9sico potente a nivel del sistema nervioso central. Tambi\u00e9n, tiene un efecto antiinflamatorio a nivel perif\u00e9rico, y lo nuevo es que inactiva zonas cerebrales del sistema l\u00edmbico involucradas en la modulaci\u00f3n del dolor. De esta forma, se comprueba que la acupuntura tiene evidencia para explicar sus mecanismos de acci\u00f3n, y cuatro mil a\u00f1os de experiencia avalan su uso en China y ahora en nuestro pa\u00eds.<\/p><p>La unidad de Acupuntura del Hospital Militar, es una de las primeras del pa\u00eds que funciona sustentablemente dentro de una instituci\u00f3n de salud, y con resultados cl\u00ednicos favorables. Los cuales, han sido publicados en la Revista del Dolor de Chile a\u00f1o 2008, y presentados en congresos de Reumatolog\u00eda, Neurolog\u00eda, Congreso Latinoamericano de Cefalea, y con presencia en Curso de la Sociedad Chilena de Medicina Interna y Curso de Cefalea de la ASOLAC (Asociaci\u00f3n Latinoamericana de Cefalea).<\/p><\/div>\n\t\t\t\t\t\t\t\t\t<div class=\"elementor-tab-title elementor-tab-mobile-title\" aria-selected=\"false\" data-tab=\"2\" role=\"tab\" tabindex=\"-1\" aria-controls=\"elementor-tab-content-9452\" aria-expanded=\"false\">\u00bfCU\u00c1NDO DEBO ACUDIR?<\/div>\n\t\t\t\t\t<div id=\"elementor-tab-content-9452\" class=\"elementor-tab-content elementor-clearfix\" data-tab=\"2\" role=\"tabpanel\" aria-labelledby=\"elementor-tab-title-9452\" tabindex=\"0\" hidden=\"hidden\"><p>Se utiliza como terapia complementaria, que apoya el tratamiento ya iniciado por el m\u00e9dico tratante. El paciente es enviado v\u00eda interconsulta o como consulta espont\u00e1nea y es evaluado por el equipo de acupuntura. Se puede acudir principalmente para aliviar las molestias asociadas con distintas enfermedades y trastornos, entre ellos: N\u00e1useas y v\u00f3mitos inducidos por quimioterapia y postoperatorios. Dolor dental. Fibromialgia, entre otras enfermedades.<\/p><p>Un tratamiento de acupuntura puede ser aprox. Entre 5 a 12 sesiones, las que duran aprox. Entre 30 a 40 minutos<\/p><\/div>\n\t\t\t\t\t\t\t\t\t<div class=\"elementor-tab-title elementor-tab-mobile-title\" aria-selected=\"false\" data-tab=\"3\" role=\"tab\" tabindex=\"-1\" aria-controls=\"elementor-tab-content-9453\" aria-expanded=\"false\">ENFERMEDADES QUE TRATA<\/div>\n\t\t\t\t\t<div id=\"elementor-tab-content-9453\" class=\"elementor-tab-content elementor-clearfix\" data-tab=\"3\" role=\"tabpanel\" aria-labelledby=\"elementor-tab-title-9453\" tabindex=\"0\" hidden=\"hidden\"><p>Se reciben pacientes con patolog\u00edas como:<\/p><ul><li>Cefalea rebelde<\/li><li>Neuralgia del trig\u00e9mino<\/li><li>Neuralgia post herp\u00e9tica<\/li><li>Poli neuropat\u00eda diab\u00e9tica dolorosa<\/li><li>Dolores postraum\u00e1ticos<\/li><li>Dolor regional tipo I-II (distrofia simp\u00e1tico refleja)<\/li><li>Insomnio<\/li><li>Colon irritable<\/li><li>Depresi\u00f3n<\/li><li>Cervicalgia<\/li><li>Hombro doloroso<\/li><li>Lumbago<\/li><li>Alergias<\/li><li>entre otras.<\/li><\/ul><p>Es utilizada en pacientes con alergia a alg\u00fan medicamento, intolerancia g\u00e1strica y embarazo por contraindicaci\u00f3n de alguna terapia.<\/p><\/div>\n\t\t\t\t\t\t\t\t\t<div class=\"elementor-tab-title elementor-tab-mobile-title\" aria-selected=\"false\" data-tab=\"4\" role=\"tab\" tabindex=\"-1\" aria-controls=\"elementor-tab-content-9454\" aria-expanded=\"false\">EQUIPOS M\u00c9DICOS<\/div>\n\t\t\t\t\t<div id=\"elementor-tab-content-9454\" class=\"elementor-tab-content elementor-clearfix\" data-tab=\"4\" role=\"tabpanel\" aria-labelledby=\"elementor-tab-title-9454\" tabindex=\"0\" hidden=\"hidden\"><p>\u00a0<\/p><table width=\"142\" cellspacing=\"3\" cellpadding=\"3\"><tbody><tr><td><p><img fetchpriority=\"high\" decoding=\"async\" class=\"size-medium wp-image-10464 aligncenter\" src=\"https:\/\/www.hms.cl\/wp-content\/uploads\/2026\/03\/Sebastian-Chacon-Rojas-169x300.png\" alt=\"\" width=\"169\" height=\"300\" srcset=\"https:\/\/www.hms.cl\/wp-content\/uploads\/2026\/03\/Sebastian-Chacon-Rojas-169x300.png 169w, https:\/\/www.hms.cl\/wp-content\/uploads\/2026\/03\/Sebastian-Chacon-Rojas-576x1024.png 576w, https:\/\/www.hms.cl\/wp-content\/uploads\/2026\/03\/Sebastian-Chacon-Rojas-768x1365.png 768w, https:\/\/www.hms.cl\/wp-content\/uploads\/2026\/03\/Sebastian-Chacon-Rojas-864x1536.png 864w, https:\/\/www.hms.cl\/wp-content\/uploads\/2026\/03\/Sebastian-Chacon-Rojas.png 900w\" sizes=\"(max-width: 169px) 100vw, 169px\" \/><\/p><p style=\"text-align: center;\">Sebasti\u00e1n Chac\u00f3n Rojas<\/p><\/td><\/tr><\/tbody><\/table><\/div>\n\t\t\t\t\t\t\t<\/div>\n\t\t<\/div>\n\t\t\t\t\t\t<\/div>\n\t\t\t\t<\/div>\n\t\t\t\t\t<\/div>\n\t\t\t\t<\/div>\n\t\t\t\t<\/div>\n\t\t","protected":false},"excerpt":{"rendered":"<p>la acupuntura es una pr\u00e1ctica de la medicina tradicional china y japonesa que consiste en punzar la piel con agujas en puntos anat\u00f3micos del cuerpo<\/p>\n","protected":false},"author":1,"featured_media":0,"parent":0,"menu_order":0,"comment_status":"closed","ping_status":"closed","template":"","meta":{"footnotes":""},"class_list":["post-3767","page","type-page","status-publish","hentry"],"yoast_head":"<!-- This site is optimized with the Yoast SEO plugin v25.6 - https:\/\/yoast.com\/wordpress\/plugins\/seo\/ -->\n<title>ACUPUNTURA - Hospital Militar de Santiago<\/title>\n<meta name=\"robots\" content=\"index, follow, max-snippet:-1, max-image-preview:large, max-video-preview:-1\" \/>\n<link rel=\"canonical\" href=\"https:\/\/www.hms.cl\/index.php\/acupuntura\/\" \/>\n<meta property=\"og:locale\" content=\"es_ES\" \/>\n<meta property=\"og:type\" content=\"article\" \/>\n<meta property=\"og:title\" content=\"ACUPUNTURA - Hospital Militar de Santiago\" \/>\n<meta property=\"og:description\" content=\"la acupuntura es una pr\u00e1ctica de la medicina tradicional china y japonesa que consiste en punzar la piel con agujas en puntos anat\u00f3micos del cuerpo\" \/>\n<meta property=\"og:url\" content=\"https:\/\/www.hms.cl\/index.php\/acupuntura\/\" \/>\n<meta property=\"og:site_name\" content=\"Hospital Militar de Santiago\" \/>\n<meta property=\"article:publisher\" content=\"https:\/\/www.facebook.com\/hospitalmilitardesantiago\" \/>\n<meta property=\"article:modified_time\" content=\"2026-03-02T19:23:23+00:00\" \/>\n<meta property=\"og:image\" content=\"https:\/\/www.hms.cl\/wp-content\/uploads\/2026\/03\/Sebastian-Chacon-Rojas-169x300.png\" \/>\n<meta name=\"twitter:card\" content=\"summary_large_image\" \/>\n<meta name=\"twitter:site\" content=\"@HosMilSantiago\" \/>\n<meta name=\"twitter:label1\" content=\"Tiempo estimado de lectura\" \/>\n\t<meta name=\"twitter:data1\" content=\"2 minutos\" \/>\n<script type=\"application\/ld+json\" class=\"yoast-schema-graph\">{\"@context\":\"https:\/\/schema.org\",\"@graph\":[{\"@type\":\"WebPage\",\"@id\":\"https:\/\/www.hms.cl\/index.php\/acupuntura\/\",\"url\":\"https:\/\/www.hms.cl\/index.php\/acupuntura\/\",\"name\":\"ACUPUNTURA - Hospital Militar de Santiago\",\"isPartOf\":{\"@id\":\"https:\/\/www.hms.cl\/#website\"},\"primaryImageOfPage\":{\"@id\":\"https:\/\/www.hms.cl\/index.php\/acupuntura\/#primaryimage\"},\"image\":{\"@id\":\"https:\/\/www.hms.cl\/index.php\/acupuntura\/#primaryimage\"},\"thumbnailUrl\":\"https:\/\/www.hms.cl\/wp-content\/uploads\/2026\/03\/Sebastian-Chacon-Rojas-169x300.png\",\"datePublished\":\"2025-07-03T15:06:49+00:00\",\"dateModified\":\"2026-03-02T19:23:23+00:00\",\"breadcrumb\":{\"@id\":\"https:\/\/www.hms.cl\/index.php\/acupuntura\/#breadcrumb\"},\"inLanguage\":\"es-CL\",\"potentialAction\":[{\"@type\":\"ReadAction\",\"target\":[\"https:\/\/www.hms.cl\/index.php\/acupuntura\/\"]}]},{\"@type\":\"ImageObject\",\"inLanguage\":\"es-CL\",\"@id\":\"https:\/\/www.hms.cl\/index.php\/acupuntura\/#primaryimage\",\"url\":\"https:\/\/www.hms.cl\/wp-content\/uploads\/2026\/03\/Sebastian-Chacon-Rojas.png\",\"contentUrl\":\"https:\/\/www.hms.cl\/wp-content\/uploads\/2026\/03\/Sebastian-Chacon-Rojas.png\",\"width\":900,\"height\":1600},{\"@type\":\"BreadcrumbList\",\"@id\":\"https:\/\/www.hms.cl\/index.php\/acupuntura\/#breadcrumb\",\"itemListElement\":[{\"@type\":\"ListItem\",\"position\":1,\"name\":\"Home\",\"item\":\"https:\/\/www.hms.cl\/\"},{\"@type\":\"ListItem\",\"position\":2,\"name\":\"ACUPUNTURA\"}]},{\"@type\":\"WebSite\",\"@id\":\"https:\/\/www.hms.cl\/#website\",\"url\":\"https:\/\/www.hms.cl\/\",\"name\":\"Hospital Militar de Santiago\",\"description\":\"\",\"publisher\":{\"@id\":\"https:\/\/www.hms.cl\/#organization\"},\"potentialAction\":[{\"@type\":\"SearchAction\",\"target\":{\"@type\":\"EntryPoint\",\"urlTemplate\":\"https:\/\/www.hms.cl\/?s={search_term_string}\"},\"query-input\":{\"@type\":\"PropertyValueSpecification\",\"valueRequired\":true,\"valueName\":\"search_term_string\"}}],\"inLanguage\":\"es-CL\"},{\"@type\":\"Organization\",\"@id\":\"https:\/\/www.hms.cl\/#organization\",\"name\":\"Hospital Militar de Santiago\",\"url\":\"https:\/\/www.hms.cl\/\",\"logo\":{\"@type\":\"ImageObject\",\"inLanguage\":\"es-CL\",\"@id\":\"https:\/\/www.hms.cl\/#\/schema\/logo\/image\/\",\"url\":\"https:\/\/www.hms.cl\/wp-content\/uploads\/2025\/07\/Logo-Vertical-Mediano.png\",\"contentUrl\":\"https:\/\/www.hms.cl\/wp-content\/uploads\/2025\/07\/Logo-Vertical-Mediano.png\",\"width\":1280,\"height\":720,\"caption\":\"Hospital Militar de Santiago\"},\"image\":{\"@id\":\"https:\/\/www.hms.cl\/#\/schema\/logo\/image\/\"},\"sameAs\":[\"https:\/\/www.facebook.com\/hospitalmilitardesantiago\",\"https:\/\/x.com\/HosMilSantiago\",\"https:\/\/www.instagram.com\/hospitalmilitardesantiago\/\",\"https:\/\/www.linkedin.com\/company\/hospital-militar-de-santiago-hosmil\",\"https:\/\/www.youtube.com\/c\/HMSVIDEO\"]}]}<\/script>\n<!-- \/ Yoast SEO plugin. -->","yoast_head_json":{"title":"ACUPUNTURA - Hospital Militar de Santiago","robots":{"index":"index","follow":"follow","max-snippet":"max-snippet:-1","max-image-preview":"max-image-preview:large","max-video-preview":"max-video-preview:-1"},"canonical":"https:\/\/www.hms.cl\/index.php\/acupuntura\/","og_locale":"es_ES","og_type":"article","og_title":"ACUPUNTURA - Hospital Militar de Santiago","og_description":"la acupuntura es una pr\u00e1ctica de la medicina tradicional china y japonesa que consiste en punzar la piel con agujas en puntos anat\u00f3micos del cuerpo","og_url":"https:\/\/www.hms.cl\/index.php\/acupuntura\/","og_site_name":"Hospital Militar de Santiago","article_publisher":"https:\/\/www.facebook.com\/hospitalmilitardesantiago","article_modified_time":"2026-03-02T19:23:23+00:00","og_image":[{"url":"https:\/\/www.hms.cl\/wp-content\/uploads\/2026\/03\/Sebastian-Chacon-Rojas-169x300.png","type":"","width":"","height":""}],"twitter_card":"summary_large_image","twitter_site":"@HosMilSantiago","twitter_misc":{"Tiempo estimado de lectura":"2 minutos"},"schema":{"@context":"https:\/\/schema.org","@graph":[{"@type":"WebPage","@id":"https:\/\/www.hms.cl\/index.php\/acupuntura\/","url":"https:\/\/www.hms.cl\/index.php\/acupuntura\/","name":"ACUPUNTURA - Hospital Militar de Santiago","isPartOf":{"@id":"https:\/\/www.hms.cl\/#website"},"primaryImageOfPage":{"@id":"https:\/\/www.hms.cl\/index.php\/acupuntura\/#primaryimage"},"image":{"@id":"https:\/\/www.hms.cl\/index.php\/acupuntura\/#primaryimage"},"thumbnailUrl":"https:\/\/www.hms.cl\/wp-content\/uploads\/2026\/03\/Sebastian-Chacon-Rojas-169x300.png","datePublished":"2025-07-03T15:06:49+00:00","dateModified":"2026-03-02T19:23:23+00:00","breadcrumb":{"@id":"https:\/\/www.hms.cl\/index.php\/acupuntura\/#breadcrumb"},"inLanguage":"es-CL","potentialAction":[{"@type":"ReadAction","target":["https:\/\/www.hms.cl\/index.php\/acupuntura\/"]}]},{"@type":"ImageObject","inLanguage":"es-CL","@id":"https:\/\/www.hms.cl\/index.php\/acupuntura\/#primaryimage","url":"https:\/\/www.hms.cl\/wp-content\/uploads\/2026\/03\/Sebastian-Chacon-Rojas.png","contentUrl":"https:\/\/www.hms.cl\/wp-content\/uploads\/2026\/03\/Sebastian-Chacon-Rojas.png","width":900,"height":1600},{"@type":"BreadcrumbList","@id":"https:\/\/www.hms.cl\/index.php\/acupuntura\/#breadcrumb","itemListElement":[{"@type":"ListItem","position":1,"name":"Home","item":"https:\/\/www.hms.cl\/"},{"@type":"ListItem","position":2,"name":"ACUPUNTURA"}]},{"@type":"WebSite","@id":"https:\/\/www.hms.cl\/#website","url":"https:\/\/www.hms.cl\/","name":"Hospital Militar de Santiago","description":"","publisher":{"@id":"https:\/\/www.hms.cl\/#organization"},"potentialAction":[{"@type":"SearchAction","target":{"@type":"EntryPoint","urlTemplate":"https:\/\/www.hms.cl\/?s={search_term_string}"},"query-input":{"@type":"PropertyValueSpecification","valueRequired":true,"valueName":"search_term_string"}}],"inLanguage":"es-CL"},{"@type":"Organization","@id":"https:\/\/www.hms.cl\/#organization","name":"Hospital Militar de Santiago","url":"https:\/\/www.hms.cl\/","logo":{"@type":"ImageObject","inLanguage":"es-CL","@id":"https:\/\/www.hms.cl\/#\/schema\/logo\/image\/","url":"https:\/\/www.hms.cl\/wp-content\/uploads\/2025\/07\/Logo-Vertical-Mediano.png","contentUrl":"https:\/\/www.hms.cl\/wp-content\/uploads\/2025\/07\/Logo-Vertical-Mediano.png","width":1280,"height":720,"caption":"Hospital Militar de Santiago"},"image":{"@id":"https:\/\/www.hms.cl\/#\/schema\/logo\/image\/"},"sameAs":["https:\/\/www.facebook.com\/hospitalmilitardesantiago","https:\/\/x.com\/HosMilSantiago","https:\/\/www.instagram.com\/hospitalmilitardesantiago\/","https:\/\/www.linkedin.com\/company\/hospital-militar-de-santiago-hosmil","https:\/\/www.youtube.com\/c\/HMSVIDEO"]}]}},"_links":{"self":[{"href":"https:\/\/www.hms.cl\/index.php\/wp-json\/wp\/v2\/pages\/3767","targetHints":{"allow":["GET"]}}],"collection":[{"href":"https:\/\/www.hms.cl\/index.php\/wp-json\/wp\/v2\/pages"}],"about":[{"href":"https:\/\/www.hms.cl\/index.php\/wp-json\/wp\/v2\/types\/page"}],"author":[{"embeddable":true,"href":"https:\/\/www.hms.cl\/index.php\/wp-json\/wp\/v2\/users\/1"}],"replies":[{"embeddable":true,"href":"https:\/\/www.hms.cl\/index.php\/wp-json\/wp\/v2\/comments?post=3767"}],"version-history":[{"count":24,"href":"https:\/\/www.hms.cl\/index.php\/wp-json\/wp\/v2\/pages\/3767\/revisions"}],"predecessor-version":[{"id":10467,"href":"https:\/\/www.hms.cl\/index.php\/wp-json\/wp\/v2\/pages\/3767\/revisions\/10467"}],"wp:attachment":[{"href":"https:\/\/www.hms.cl\/index.php\/wp-json\/wp\/v2\/media?parent=3767"}],"curies":[{"name":"wp","href":"https:\/\/api.w.org\/{rel}","templated":true}]}}