{"id":10994,"date":"2026-03-24T15:58:28","date_gmt":"2026-03-24T19:58:28","guid":{"rendered":"https:\/\/www.hms.cl\/?page_id=10994"},"modified":"2026-04-27T14:54:55","modified_gmt":"2026-04-27T18:54:55","slug":"presupuesto-hospitalizacion-2","status":"publish","type":"page","link":"https:\/\/www.hms.cl\/index.php\/presupuesto-hospitalizacion-2\/","title":{"rendered":"Presupuesto &#8211; Hospitalizaci\u00f3n"},"content":{"rendered":"\t\t<div data-elementor-type=\"wp-page\" data-elementor-id=\"10994\" class=\"elementor elementor-10994\" data-elementor-post-type=\"page\">\n\t\t\t\t<div class=\"elementor-element elementor-element-d8b11cc e-flex e-con-boxed e-con e-parent\" data-id=\"d8b11cc\" data-element_type=\"container\">\n\t\t\t\t\t<div class=\"e-con-inner\">\n\t\t\t\t<div class=\"elementor-element elementor-element-8662ca0 elementor-widget elementor-widget-heading\" data-id=\"8662ca0\" data-element_type=\"widget\" data-widget_type=\"heading.default\">\n\t\t\t\t<div class=\"elementor-widget-container\">\n\t\t\t\t\t<h2 class=\"elementor-heading-title elementor-size-default\">Formulario Presupuesto de Hospitalizaci\u00f3n<\/h2>\t\t\t\t<\/div>\n\t\t\t\t<\/div>\n\t\t\t\t\t<\/div>\n\t\t\t\t<\/div>\n\t\t<div class=\"elementor-element elementor-element-4568c10 e-flex e-con-boxed e-con e-parent\" data-id=\"4568c10\" data-element_type=\"container\">\n\t\t\t\t\t<div class=\"e-con-inner\">\n\t\t\t\t<div class=\"elementor-element elementor-element-9929bef elementor-widget elementor-widget-formidable\" data-id=\"9929bef\" data-element_type=\"widget\" data-widget_type=\"formidable.default\">\n\t\t\t\t<div class=\"elementor-widget-container\">\n\t\t\t\t\t<div class=\"frm_forms  with_frm_style frm_style_formidable-style\" id=\"frm_form_4_container\" data-token=\"e7eae722f8c6551bbfb36fdc91d23fe6\">\n<form enctype=\"multipart\/form-data\" method=\"post\" class=\"frm-show-form \" id=\"form_presupuesto-hospitalizacion\" data-token=\"e7eae722f8c6551bbfb36fdc91d23fe6\">\n<div class=\"frm_form_fields \">\n<fieldset>\n<legend class=\"frm_screen_reader\">Presupuesto Hospitalizaci\u00f3n<\/legend>\r\n\r\n<div class=\"frm_fields_container\">\n<input type=\"hidden\" name=\"frm_action\" value=\"create\" \/>\n<input type=\"hidden\" name=\"form_id\" value=\"4\" \/>\n<input type=\"hidden\" name=\"frm_hide_fields_4\" id=\"frm_hide_fields_4\" value=\"\" \/>\n<input type=\"hidden\" name=\"form_key\" value=\"presupuesto-hospitalizacion\" \/>\n<input type=\"hidden\" name=\"item_meta[0]\" value=\"\" \/>\n<input type=\"hidden\" id=\"frm_submit_entry_4\" name=\"frm_submit_entry_4\" value=\"f4b095621d\" \/><input type=\"hidden\" name=\"_wp_http_referer\" value=\"\/index.php\/wp-json\/wp\/v2\/pages\/10994\" \/><div id=\"frm_field_38_container\" class=\"frm_form_field  frm_html_container form-field\">\n<div>\n<div>\n<h5><span style=\"color: #808080;\">Datos del Paciente<\/span><\/h5>\n<\/div>\n<\/div>\n<\/div>\n<div id=\"frm_field_22_container\" class=\"frm_form_field form-field  frm_required_field frm_top_container\">\r\n\t<label for=\"field_c7hsa\" id=\"field_c7hsa_label\" class=\"frm_primary_label\">Rut:\r\n\t\t<span class=\"frm_required\" aria-hidden=\"true\">*<\/span>\r\n\t<\/label>\r\n\t<input type=\"text\" id=\"field_c7hsa\" name=\"item_meta[22]\" value=\"\"  maxlength=\"10\" placeholder=\"Rur.: 12345678-9\" data-reqmsg=\"ESTE CAMPO NO PUEDE ESTAR VAC\u00cdO.\" aria-required=\"true\" data-invmsg=\"Rut: no es v\u00e1lido\" aria-invalid=\"false\"  \/>\r\n\t\r\n\t\r\n<\/div>\n<div id=\"frm_field_23_container\" class=\"frm_form_field form-field  frm_required_field frm_top_container\">\r\n\t<label for=\"field_k3b43\" id=\"field_k3b43_label\" class=\"frm_primary_label\">Nombres:\r\n\t\t<span class=\"frm_required\" aria-hidden=\"true\">*<\/span>\r\n\t<\/label>\r\n\t<input type=\"text\" id=\"field_k3b43\" name=\"item_meta[23]\" value=\"\"  placeholder=\"Ej.: Juan Ricardo\" data-reqmsg=\"ESTE CAMPO NO PUEDE ESTAR VAC\u00cdO.\" aria-required=\"true\" data-invmsg=\"Nombres: no es v\u00e1lido\" aria-invalid=\"false\"  \/>\r\n\t\r\n\t\r\n<\/div>\n<div id=\"frm_field_24_container\" class=\"frm_form_field form-field  frm_required_field frm_top_container\">\r\n\t<label for=\"field_4zill\" id=\"field_4zill_label\" class=\"frm_primary_label\">Apellido Paterno\r\n\t\t<span class=\"frm_required\" aria-hidden=\"true\">*<\/span>\r\n\t<\/label>\r\n\t<input type=\"text\" id=\"field_4zill\" name=\"item_meta[24]\" value=\"\"  placeholder=\"Ej: P\u00e9rez\" data-reqmsg=\"ESTE CAMPO NO PUEDE ESTAR VAC\u00cdO.\" aria-required=\"true\" data-invmsg=\"Apellido Paterno no es v\u00e1lido\" aria-invalid=\"false\"  \/>\r\n\t\r\n\t\r\n<\/div>\n<div id=\"frm_field_25_container\" class=\"frm_form_field form-field  frm_required_field frm_top_container\">\r\n\t<label for=\"field_u3q6c\" id=\"field_u3q6c_label\" class=\"frm_primary_label\">Apellido Materno:\r\n\t\t<span class=\"frm_required\" aria-hidden=\"true\">*<\/span>\r\n\t<\/label>\r\n\t<input type=\"text\" id=\"field_u3q6c\" name=\"item_meta[25]\" value=\"\"  placeholder=\"Ej: L\u00f3pez\" data-reqmsg=\"ESTE CAMPO NO PUEDE ESTAR VAC\u00cdO.\" aria-required=\"true\" data-invmsg=\"Apellido Materno: no es v\u00e1lido\" aria-invalid=\"false\"  \/>\r\n\t\r\n\t\r\n<\/div>\n<div id=\"frm_field_30_container\" class=\"frm_form_field form-field  frm_required_field frm_top_container\">\r\n\t<label for=\"field_xosoq\" id=\"field_xosoq_label\" class=\"frm_primary_label\">Fecha Nacimiento:\r\n\t\t<span class=\"frm_required\" aria-hidden=\"true\">*<\/span>\r\n\t<\/label>\r\n\t<input type=\"text\" id=\"field_xosoq\" name=\"item_meta[30]\" value=\"\"  placeholder=\"Ej: 07-10-1958\" data-reqmsg=\"ESTE CAMPO NO PUEDE ESTAR VAC\u00cdO.\" aria-required=\"true\" data-invmsg=\"Fecha Nacimiento: no es v\u00e1lido\" aria-invalid=\"false\"  \/>\r\n\t\r\n\t\r\n<\/div>\n<div id=\"frm_field_31_container\" class=\"frm_form_field form-field  frm_required_field frm_top_container\">\r\n\t<label for=\"field_vjnxo\" id=\"field_vjnxo_label\" class=\"frm_primary_label\">Email:\r\n\t\t<span class=\"frm_required\" aria-hidden=\"true\">*<\/span>\r\n\t<\/label>\r\n\t<input type=\"email\" id=\"field_vjnxo\" name=\"item_meta[31]\" value=\"\"  placeholder=\"Ej.: Juanperezlopez@gmail.com\" data-reqmsg=\"ESTE CAMPO NO PUEDE ESTAR VAC\u00cdO.\" aria-required=\"true\" data-invmsg=\"Email: no es v\u00e1lido\" aria-invalid=\"false\"  \/>\r\n\t\r\n\t\r\n<\/div>\n<div id=\"frm_field_32_container\" class=\"frm_form_field form-field  frm_required_field frm_top_container\">\r\n\t<label for=\"field_zyq02\" id=\"field_zyq02_label\" class=\"frm_primary_label\">Previsi\u00f3n:\r\n\t\t<span class=\"frm_required\" aria-hidden=\"true\">*<\/span>\r\n\t<\/label>\r\n\t<input type=\"text\" id=\"field_zyq02\" name=\"item_meta[32]\" value=\"\"  placeholder=\"Ej: Fonasa\" data-reqmsg=\"ESTE CAMPO NO PUEDE ESTAR VAC\u00cdO.\" aria-required=\"true\" data-invmsg=\"Previsi\u00f3n: no es v\u00e1lido\" aria-invalid=\"false\"  \/>\r\n\t\r\n\t\r\n<\/div>\n<div id=\"frm_field_33_container\" class=\"frm_form_field form-field  frm_required_field frm_top_container\">\r\n\t<label for=\"field_161mn\" id=\"field_161mn_label\" class=\"frm_primary_label\">Tel\u00e9fono\/Celular:\r\n\t\t<span class=\"frm_required\" aria-hidden=\"true\">*<\/span>\r\n\t<\/label>\r\n\t<input type=\"tel\" id=\"field_161mn\" name=\"item_meta[33]\" value=\"\"  placeholder=\"Ej.: 912345678\" data-reqmsg=\"ESTE CAMPO NO PUEDE ESTAR VAC\u00cdO.\" aria-required=\"true\" data-invmsg=\"Tel\u00e9fono\/Celular: no es v\u00e1lido\" aria-invalid=\"false\" pattern=\"((\\+\\d{1,3}(-|.| )?\\(?\\d\\)?(-| |.)?\\d{1,5})|(\\(?\\d{2,6}\\)?))(-|.| )?(\\d{3,4})(-|.| )?(\\d{4})(( x| ext)\\d{1,5}){0,1}$\"  \/>\r\n\t\r\n\t\r\n<\/div>\n<div id=\"frm_field_49_container\" class=\"frm_form_field  frm_html_container form-field\">\n<div>\n<div>\n<h5><span style=\"color: #808080;\">Datos de la Cirug\u00eda \/ Intervenci\u00f3n<\/span><\/h5>\n<\/div>\n<\/div>\n<\/div>\n<div id=\"frm_field_39_container\" class=\"frm_form_field form-field  frm_required_field frm_top_container\">\r\n\t<label for=\"field_ojfff\" id=\"field_ojfff_label\" class=\"frm_primary_label\">Diagnostico:\r\n\t\t<span class=\"frm_required\" aria-hidden=\"true\">*<\/span>\r\n\t<\/label>\r\n\t<textarea name=\"item_meta[39]\" id=\"field_ojfff\" rows=\"5\"  placeholder=\"Redacte el Diagn\u00f3stico\" data-reqmsg=\"ESTE CAMPO NO PUEDE ESTAR VAC\u00cdO.\" aria-required=\"true\" data-invmsg=\"Diagnostico: no es v\u00e1lido\" aria-invalid=\"false\"  ><\/textarea>\r\n\t\r\n\t\r\n<\/div>\n<div id=\"frm_field_40_container\" class=\"frm_form_field form-field  frm_required_field frm_top_container\">\r\n\t<label for=\"field_14zsq\" id=\"field_14zsq_label\" class=\"frm_primary_label\">C\u00f3digo de intervenci\u00f3n o Cirug\u00eda:\r\n\t\t<span class=\"frm_required\" aria-hidden=\"true\">*<\/span>\r\n\t<\/label>\r\n\t<input type=\"text\" id=\"field_14zsq\" name=\"item_meta[40]\" value=\"\"  data-reqmsg=\"ESTE CAMPO NO PUEDE ESTAR VAC\u00cdO.\" aria-required=\"true\" data-invmsg=\"C\u00f3digo de intervenci\u00f3n o Cirug\u00eda: no es v\u00e1lido\" aria-invalid=\"false\"  \/>\r\n\t\r\n\t\r\n<\/div>\n<div id=\"frm_field_41_container\" class=\"frm_form_field form-field  frm_required_field frm_top_container\">\r\n\t<label for=\"field_irnbc\" id=\"field_irnbc_label\" class=\"frm_primary_label\">Nombre de intervenci\u00f3n o Cirug\u00eda:\r\n\t\t<span class=\"frm_required\" aria-hidden=\"true\">*<\/span>\r\n\t<\/label>\r\n\t<input type=\"text\" id=\"field_irnbc\" name=\"item_meta[41]\" value=\"\"  placeholder=\"Ej: Cirug\u00eda G\u00e1strica\" data-reqmsg=\"ESTE CAMPO NO PUEDE ESTAR VAC\u00cdO.\" aria-required=\"true\" data-invmsg=\"Nombre de intervenci\u00f3n o Cirug\u00eda: no es v\u00e1lido\" aria-invalid=\"false\"  \/>\r\n\t\r\n\t\r\n<\/div>\n<div id=\"frm_field_42_container\" class=\"frm_form_field form-field  frm_required_field frm_top_container\">\r\n\t<label for=\"field_uec2r\" id=\"field_uec2r_label\" class=\"frm_primary_label\">Medico:\r\n\t\t<span class=\"frm_required\" aria-hidden=\"true\">*<\/span>\r\n\t<\/label>\r\n\t<input type=\"text\" id=\"field_uec2r\" name=\"item_meta[42]\" value=\"\"  data-reqmsg=\"ESTE CAMPO NO PUEDE ESTAR VAC\u00cdO.\" aria-required=\"true\" data-invmsg=\"Medico: no es v\u00e1lido\" aria-invalid=\"false\"  \/>\r\n\t\r\n\t\r\n<\/div>\n<div id=\"frm_field_43_container\" class=\"frm_form_field  frm_html_container form-field\">\n<div>\n<div>\n<h5><span style=\"color: #808080;\">N\u00b0 de D\u00edas de Hospitalizaci\u00f3n de requeridos<\/span><\/h5>\n<\/div>\n<\/div>\n<\/div>\n<div id=\"frm_field_45_container\" class=\"frm_form_field form-field  frm_top_container\">\r\n\t<label for=\"field_bumeo\" id=\"field_bumeo_label\" class=\"frm_primary_label\">D\u00edas de Hospitalizaci\u00f3n Transitoria (Cirug\u00eda con Hospitalizaci\u00f3n de d\u00eda o Ambulatoria)\r\n\t\t<span class=\"frm_required\" aria-hidden=\"true\"><\/span>\r\n\t<\/label>\r\n\t<input type=\"number\" id=\"field_bumeo\" name=\"item_meta[45]\" value=\"\"  placeholder=\"Ej: 5\" data-invmsg=\"D\u00edas de Hospitalizaci\u00f3n Transitoria (Cirug\u00eda con Hospitalizaci\u00f3n de d\u00eda o Ambulatoria) no es v\u00e1lido\" aria-invalid=\"false\"   min=\"0\" max=\"500\" step=\"any\"\/>\r\n\t\r\n\t\r\n<\/div>\n<div id=\"frm_field_46_container\" class=\"frm_form_field form-field  frm_top_container\">\r\n\t<label for=\"field_l1cp5\" id=\"field_l1cp5_label\" class=\"frm_primary_label\">D\u00edas de Hospitalizaci\u00f3n (Cirug\u00eda que requiere permanec\u00eda durante la noche)\r\n\t\t<span class=\"frm_required\" aria-hidden=\"true\"><\/span>\r\n\t<\/label>\r\n\t<input type=\"number\" id=\"field_l1cp5\" name=\"item_meta[46]\" value=\"\"  placeholder=\"Ej: 2\" data-invmsg=\"D\u00edas de Hospitalizaci\u00f3n (Cirug\u00eda que requiere permanec\u00eda durante la noche) no es v\u00e1lido\" aria-invalid=\"false\"   min=\"0\" max=\"500\" step=\"any\"\/>\r\n\t\r\n\t\r\n<\/div>\n<div id=\"frm_field_47_container\" class=\"frm_form_field form-field  frm_top_container\">\r\n\t<label for=\"field_dhx0v\" id=\"field_dhx0v_label\" class=\"frm_primary_label\">D\u00edas de Unidad de Tratamiento Intensivo (UTI)\r\n\t\t<span class=\"frm_required\" aria-hidden=\"true\"><\/span>\r\n\t<\/label>\r\n\t<input type=\"number\" id=\"field_dhx0v\" name=\"item_meta[47]\" value=\"\"  placeholder=\"Ej: 5\" data-invmsg=\"D\u00edas de Unidad de Tratamiento Intensivo (UTI) no es v\u00e1lido\" aria-invalid=\"false\"   min=\"0\" max=\"500\" step=\"any\"\/>\r\n\t\r\n\t\r\n<\/div>\n<div id=\"frm_field_48_container\" class=\"frm_form_field form-field  frm_required_field frm_top_container\">\r\n\t<label for=\"field_75ksk\" id=\"field_75ksk_label\" class=\"frm_primary_label\">Modalidad Atenci\u00f3n:\r\n\t\t<span class=\"frm_required\" aria-hidden=\"true\">*<\/span>\r\n\t<\/label>\r\n\t\t\t<select name=\"item_meta[48]\" id=\"field_75ksk\"  data-frmval=\"Seleccione Atenci\u00f3n\" data-frmplaceholder=\"Seleccione Atenci\u00f3n\" placeholder=\"Seleccione Atenci\u00f3n\" data-reqmsg=\"ESTE CAMPO NO PUEDE ESTAR VAC\u00cdO.\" aria-required=\"true\" data-invmsg=\"Modalidad Atenci\u00f3n: no es v\u00e1lido\" aria-invalid=\"false\"  >\n\t\t<option  class=\"frm-select-placeholder\" value=\"\" data-placeholder=\"true\">Seleccione Atenci\u00f3n<\/option><option  value=\"privados\">privados<\/option><option  value=\"institucionales\">institucionales<\/option>\t<\/select>\n\t\r\n\t\r\n\t\r\n<\/div>\n<div id=\"frm_field_21_container\" class=\"frm_form_field form-field \">\r\n\t<div class=\"frm_submit frm_flex\">\r\n<button class=\"frm_button_submit\" type=\"submit\"  >Enviar<\/button>\r\n\r\n\r\n\r\n<\/div>\r\n<\/div>\n\t<input type=\"hidden\" name=\"item_key\" value=\"\" \/>\n\t\t\t<div id=\"frm_field_50_container\">\n\t\t\t<label for=\"field_sos6s\" >\n\t\t\t\tSi eres humano, deja este campo en blanco.\t\t\t<\/label>\n\t\t\t<input  id=\"field_sos6s\" type=\"text\" class=\"frm_form_field form-field frm_verify\" name=\"item_meta[50]\" value=\"\"  \/>\n\t\t<\/div>\n\t\t<input name=\"frm_state\" type=\"hidden\" value=\"Kv8+SbiClvC8At7krr3HUDAferZI1yUnP+8VcY+CBHg=\" \/><\/div>\n<\/fieldset>\n<\/div>\n\n<\/form>\n<\/div>\n\t\t\t\t<\/div>\n\t\t\t\t<\/div>\n\t\t\t\t\t<\/div>\n\t\t\t\t<\/div>\n\t\t\t\t<\/div>\n\t\t","protected":false},"excerpt":{"rendered":"<p>Formulario Presupuesto de Hospitalizaci\u00f3n Presupuesto Hospitalizaci\u00f3n Datos del Paciente Rut: * Nombres: * Apellido Paterno * Apellido Materno: Fecha Nacimiento: Email: Previsi\u00f3n: Tel\u00e9fono\/Celular: Datos de la Cirug\u00eda \/ Intervenci\u00f3n Diagnostico: C\u00f3digo de intervenci\u00f3n o Cirug\u00eda: Nombre de intervenci\u00f3n o Cirug\u00eda: Medico: N\u00b0 de D\u00edas de Hospitalizaci\u00f3n de requeridos Hospitalizaci\u00f3n Transitoria (Cirug\u00eda con Hospitalizaci\u00f3n de d\u00eda [&hellip;]<\/p>\n","protected":false},"author":1,"featured_media":0,"parent":0,"menu_order":0,"comment_status":"closed","ping_status":"closed","template":"","meta":{"footnotes":""},"class_list":["post-10994","page","type-page","status-publish","hentry"],"yoast_head":"<!-- This site is optimized with the Yoast SEO plugin v25.6 - https:\/\/yoast.com\/wordpress\/plugins\/seo\/ -->\n<title>Presupuesto - Hospitalizaci\u00f3n - Hospital Militar de Santiago<\/title>\n<meta name=\"robots\" content=\"index, follow, max-snippet:-1, max-image-preview:large, max-video-preview:-1\" \/>\n<link rel=\"canonical\" href=\"https:\/\/www.hms.cl\/index.php\/presupuesto-hospitalizacion-2\/\" \/>\n<meta property=\"og:locale\" content=\"es_ES\" \/>\n<meta property=\"og:type\" content=\"article\" \/>\n<meta property=\"og:title\" content=\"Presupuesto - Hospitalizaci\u00f3n - Hospital Militar de Santiago\" \/>\n<meta property=\"og:description\" content=\"Formulario Presupuesto de Hospitalizaci\u00f3n Presupuesto Hospitalizaci\u00f3n Datos del Paciente Rut: * Nombres: * Apellido Paterno * Apellido Materno: Fecha Nacimiento: Email: Previsi\u00f3n: Tel\u00e9fono\/Celular: Datos de la Cirug\u00eda \/ Intervenci\u00f3n Diagnostico: C\u00f3digo de intervenci\u00f3n o Cirug\u00eda: Nombre de intervenci\u00f3n o Cirug\u00eda: Medico: N\u00b0 de D\u00edas de Hospitalizaci\u00f3n de requeridos Hospitalizaci\u00f3n Transitoria (Cirug\u00eda con Hospitalizaci\u00f3n de d\u00eda [&hellip;]\" \/>\n<meta property=\"og:url\" content=\"https:\/\/www.hms.cl\/index.php\/presupuesto-hospitalizacion-2\/\" \/>\n<meta property=\"og:site_name\" content=\"Hospital Militar de Santiago\" \/>\n<meta property=\"article:publisher\" content=\"https:\/\/www.facebook.com\/hospitalmilitardesantiago\" \/>\n<meta property=\"article:modified_time\" content=\"2026-04-27T18:54:55+00:00\" \/>\n<meta name=\"twitter:card\" content=\"summary_large_image\" \/>\n<meta name=\"twitter:site\" content=\"@HosMilSantiago\" \/>\n<meta name=\"twitter:label1\" content=\"Tiempo estimado de lectura\" \/>\n\t<meta name=\"twitter:data1\" content=\"1 minuto\" \/>\n<script type=\"application\/ld+json\" class=\"yoast-schema-graph\">{\"@context\":\"https:\/\/schema.org\",\"@graph\":[{\"@type\":\"WebPage\",\"@id\":\"https:\/\/www.hms.cl\/index.php\/presupuesto-hospitalizacion-2\/\",\"url\":\"https:\/\/www.hms.cl\/index.php\/presupuesto-hospitalizacion-2\/\",\"name\":\"Presupuesto - Hospitalizaci\u00f3n - Hospital Militar de Santiago\",\"isPartOf\":{\"@id\":\"https:\/\/www.hms.cl\/#website\"},\"datePublished\":\"2026-03-24T19:58:28+00:00\",\"dateModified\":\"2026-04-27T18:54:55+00:00\",\"breadcrumb\":{\"@id\":\"https:\/\/www.hms.cl\/index.php\/presupuesto-hospitalizacion-2\/#breadcrumb\"},\"inLanguage\":\"es-CL\",\"potentialAction\":[{\"@type\":\"ReadAction\",\"target\":[\"https:\/\/www.hms.cl\/index.php\/presupuesto-hospitalizacion-2\/\"]}]},{\"@type\":\"BreadcrumbList\",\"@id\":\"https:\/\/www.hms.cl\/index.php\/presupuesto-hospitalizacion-2\/#breadcrumb\",\"itemListElement\":[{\"@type\":\"ListItem\",\"position\":1,\"name\":\"Home\",\"item\":\"https:\/\/www.hms.cl\/\"},{\"@type\":\"ListItem\",\"position\":2,\"name\":\"Presupuesto &#8211; Hospitalizaci\u00f3n\"}]},{\"@type\":\"WebSite\",\"@id\":\"https:\/\/www.hms.cl\/#website\",\"url\":\"https:\/\/www.hms.cl\/\",\"name\":\"Hospital Militar de Santiago\",\"description\":\"\",\"publisher\":{\"@id\":\"https:\/\/www.hms.cl\/#organization\"},\"potentialAction\":[{\"@type\":\"SearchAction\",\"target\":{\"@type\":\"EntryPoint\",\"urlTemplate\":\"https:\/\/www.hms.cl\/?s={search_term_string}\"},\"query-input\":{\"@type\":\"PropertyValueSpecification\",\"valueRequired\":true,\"valueName\":\"search_term_string\"}}],\"inLanguage\":\"es-CL\"},{\"@type\":\"Organization\",\"@id\":\"https:\/\/www.hms.cl\/#organization\",\"name\":\"Hospital Militar de Santiago\",\"url\":\"https:\/\/www.hms.cl\/\",\"logo\":{\"@type\":\"ImageObject\",\"inLanguage\":\"es-CL\",\"@id\":\"https:\/\/www.hms.cl\/#\/schema\/logo\/image\/\",\"url\":\"https:\/\/www.hms.cl\/wp-content\/uploads\/2025\/07\/Logo-Vertical-Mediano.png\",\"contentUrl\":\"https:\/\/www.hms.cl\/wp-content\/uploads\/2025\/07\/Logo-Vertical-Mediano.png\",\"width\":1280,\"height\":720,\"caption\":\"Hospital Militar de Santiago\"},\"image\":{\"@id\":\"https:\/\/www.hms.cl\/#\/schema\/logo\/image\/\"},\"sameAs\":[\"https:\/\/www.facebook.com\/hospitalmilitardesantiago\",\"https:\/\/x.com\/HosMilSantiago\",\"https:\/\/www.instagram.com\/hospitalmilitardesantiago\/\",\"https:\/\/www.linkedin.com\/company\/hospital-militar-de-santiago-hosmil\",\"https:\/\/www.youtube.com\/c\/HMSVIDEO\"]}]}<\/script>\n<!-- \/ Yoast SEO plugin. -->","yoast_head_json":{"title":"Presupuesto - Hospitalizaci\u00f3n - Hospital Militar de Santiago","robots":{"index":"index","follow":"follow","max-snippet":"max-snippet:-1","max-image-preview":"max-image-preview:large","max-video-preview":"max-video-preview:-1"},"canonical":"https:\/\/www.hms.cl\/index.php\/presupuesto-hospitalizacion-2\/","og_locale":"es_ES","og_type":"article","og_title":"Presupuesto - Hospitalizaci\u00f3n - Hospital Militar de Santiago","og_description":"Formulario Presupuesto de Hospitalizaci\u00f3n Presupuesto Hospitalizaci\u00f3n Datos del Paciente Rut: * Nombres: * Apellido Paterno * Apellido Materno: Fecha Nacimiento: Email: Previsi\u00f3n: Tel\u00e9fono\/Celular: Datos de la Cirug\u00eda \/ Intervenci\u00f3n Diagnostico: C\u00f3digo de intervenci\u00f3n o Cirug\u00eda: Nombre de intervenci\u00f3n o Cirug\u00eda: Medico: N\u00b0 de D\u00edas de Hospitalizaci\u00f3n de requeridos Hospitalizaci\u00f3n Transitoria (Cirug\u00eda con Hospitalizaci\u00f3n de d\u00eda [&hellip;]","og_url":"https:\/\/www.hms.cl\/index.php\/presupuesto-hospitalizacion-2\/","og_site_name":"Hospital Militar de Santiago","article_publisher":"https:\/\/www.facebook.com\/hospitalmilitardesantiago","article_modified_time":"2026-04-27T18:54:55+00:00","twitter_card":"summary_large_image","twitter_site":"@HosMilSantiago","twitter_misc":{"Tiempo estimado de lectura":"1 minuto"},"schema":{"@context":"https:\/\/schema.org","@graph":[{"@type":"WebPage","@id":"https:\/\/www.hms.cl\/index.php\/presupuesto-hospitalizacion-2\/","url":"https:\/\/www.hms.cl\/index.php\/presupuesto-hospitalizacion-2\/","name":"Presupuesto - Hospitalizaci\u00f3n - Hospital Militar de Santiago","isPartOf":{"@id":"https:\/\/www.hms.cl\/#website"},"datePublished":"2026-03-24T19:58:28+00:00","dateModified":"2026-04-27T18:54:55+00:00","breadcrumb":{"@id":"https:\/\/www.hms.cl\/index.php\/presupuesto-hospitalizacion-2\/#breadcrumb"},"inLanguage":"es-CL","potentialAction":[{"@type":"ReadAction","target":["https:\/\/www.hms.cl\/index.php\/presupuesto-hospitalizacion-2\/"]}]},{"@type":"BreadcrumbList","@id":"https:\/\/www.hms.cl\/index.php\/presupuesto-hospitalizacion-2\/#breadcrumb","itemListElement":[{"@type":"ListItem","position":1,"name":"Home","item":"https:\/\/www.hms.cl\/"},{"@type":"ListItem","position":2,"name":"Presupuesto &#8211; Hospitalizaci\u00f3n"}]},{"@type":"WebSite","@id":"https:\/\/www.hms.cl\/#website","url":"https:\/\/www.hms.cl\/","name":"Hospital Militar de Santiago","description":"","publisher":{"@id":"https:\/\/www.hms.cl\/#organization"},"potentialAction":[{"@type":"SearchAction","target":{"@type":"EntryPoint","urlTemplate":"https:\/\/www.hms.cl\/?s={search_term_string}"},"query-input":{"@type":"PropertyValueSpecification","valueRequired":true,"valueName":"search_term_string"}}],"inLanguage":"es-CL"},{"@type":"Organization","@id":"https:\/\/www.hms.cl\/#organization","name":"Hospital Militar de Santiago","url":"https:\/\/www.hms.cl\/","logo":{"@type":"ImageObject","inLanguage":"es-CL","@id":"https:\/\/www.hms.cl\/#\/schema\/logo\/image\/","url":"https:\/\/www.hms.cl\/wp-content\/uploads\/2025\/07\/Logo-Vertical-Mediano.png","contentUrl":"https:\/\/www.hms.cl\/wp-content\/uploads\/2025\/07\/Logo-Vertical-Mediano.png","width":1280,"height":720,"caption":"Hospital Militar de Santiago"},"image":{"@id":"https:\/\/www.hms.cl\/#\/schema\/logo\/image\/"},"sameAs":["https:\/\/www.facebook.com\/hospitalmilitardesantiago","https:\/\/x.com\/HosMilSantiago","https:\/\/www.instagram.com\/hospitalmilitardesantiago\/","https:\/\/www.linkedin.com\/company\/hospital-militar-de-santiago-hosmil","https:\/\/www.youtube.com\/c\/HMSVIDEO"]}]}},"_links":{"self":[{"href":"https:\/\/www.hms.cl\/index.php\/wp-json\/wp\/v2\/pages\/10994","targetHints":{"allow":["GET"]}}],"collection":[{"href":"https:\/\/www.hms.cl\/index.php\/wp-json\/wp\/v2\/pages"}],"about":[{"href":"https:\/\/www.hms.cl\/index.php\/wp-json\/wp\/v2\/types\/page"}],"author":[{"embeddable":true,"href":"https:\/\/www.hms.cl\/index.php\/wp-json\/wp\/v2\/users\/1"}],"replies":[{"embeddable":true,"href":"https:\/\/www.hms.cl\/index.php\/wp-json\/wp\/v2\/comments?post=10994"}],"version-history":[{"count":15,"href":"https:\/\/www.hms.cl\/index.php\/wp-json\/wp\/v2\/pages\/10994\/revisions"}],"predecessor-version":[{"id":11012,"href":"https:\/\/www.hms.cl\/index.php\/wp-json\/wp\/v2\/pages\/10994\/revisions\/11012"}],"wp:attachment":[{"href":"https:\/\/www.hms.cl\/index.php\/wp-json\/wp\/v2\/media?parent=10994"}],"curies":[{"name":"wp","href":"https:\/\/api.w.org\/{rel}","templated":true}]}}